{"id":3809,"date":"2020-02-25T03:16:52","date_gmt":"2020-02-25T02:16:52","guid":{"rendered":"http:\/\/15.188.244.8.xip.io\/storia\/carmen-hernandez\/"},"modified":"2021-08-10T10:56:23","modified_gmt":"2021-08-10T09:56:23","slug":"carmen-hernandez","status":"publish","type":"page","link":"https:\/\/neocatechumenaleiter.org\/it\/storia\/carmen-hernandez\/","title":{"rendered":"Carmen Hern\u00e1ndez"},"content":{"rendered":"\n<h1 class=\"wp-block-heading\"><strong>Carmen Hern\u00e1ndez<\/strong><\/h1>\n\n<div class=\"wp-block-image is-style-default\"><figure class=\"alignleft size-medium\"><img loading=\"lazy\" decoding=\"async\" width=\"245\" height=\"300\" src=\"https:\/\/neocatechumenaleiter.org\/wp-content\/uploads\/2020\/02\/Camino_Neocatecumenal_Carmen_Hernandez_psg-245x300.jpg\" alt=\"Carmen Hern&#xE1;ndez\" class=\"wp-image-225\" srcset=\"https:\/\/neocatechumenaleiter.org\/wp-content\/uploads\/2020\/02\/Camino_Neocatecumenal_Carmen_Hernandez_psg-245x300.jpg 245w, https:\/\/neocatechumenaleiter.org\/wp-content\/uploads\/2020\/02\/Camino_Neocatecumenal_Carmen_Hernandez_psg.jpg 327w\" sizes=\"auto, (max-width: 245px) 100vw, 245px\" \/><\/figure><\/div>\n\n<h4 class=\"wp-block-heading\">24 novembre 1930, \u2020 Madrid, 19 luglio 2016<\/h4>\n\n<p>Carmen \u00e8 stata insieme a Kiko, iniziatrice del Cammino. \u00c8 nata a \u00d3lvega (Soria, Spagna) il 24 novembre 1930, quintogenita di nove fratelli \u2013 quattro uomini e cinque donne \u2013 , vive la sua infanzia a Tudela (Navarra, Spagna).<\/p>\n\n<p>A Tudela studia nella Compagnia di Maria ed ha contatto con la Compagnia di Ges\u00f9 (Gesuiti). Influenzata dallo spirito missionario di San Francesco Javier, fin da molto giovane sente la vocazione di partire missionaria in India. Per volont\u00e0 del padre, nel 1948 inizia a studiare Chimica a Madrid, dove si laurea con il massimo dei voti nel 1954.<\/p>\n\n<p>Per un certo periodo lavora con il padre nell&#8217;industria alimentare in una fabbrica che la sua famiglia possedeva a And\u00fajar (Ja\u00e9n), ma decide di lasciare il lavoro per trasferirsi a Javier (Navarra) dove entra a far parte di un nuovo istituto missionario: le Missionarie di Cristo Ges\u00f9. Dopo il noviziato, studia Teologia nella casa di formazione teologica per religiosi a Valencia. Nel 1960 \u00e8 destinata all&#8217;India. Per questa missione dove prepararsi a Londra (in quel periodo il paese asiatico apparteneva al Commonwealth), dove rimane un anno. In questo tempo, si d\u00e0 un cambio nella direzione nelle Missionarie di Cristo Ges\u00f9 che limita la sua apertura alla missione, per cui Carmen ritorna da Londra a Barcellona. L\u00ec conosce il padre Pedro Farnes Scherer che aveva appena terminato gli studi presso l\u2019Istituto di Liturgia di Parigi, poco prima del Concilio Vaticano II e che, in seguito partecip\u00f2 attivamente nel <em>Consilium<\/em> per la sua realizzazione.<\/p>\n\n<p>Nelle sue lezioni, il P. Farn\u00e9s presentava le fonti pasquali dell\u2019Eucaristia e un\u2019ecclesiologia rinnovata che mostrava la Chiesa come luce delle nazioni. Il vivo contatto di Carmen con gli autori di questo rinnovamento conciliare avr\u00e0 una grande influenza, pi\u00f9 tardi, nella formazione delle catechesi del Cammino neocatecumenale.<\/p>\n\n<p>Tra 1963 e 1964 Carmen percorre Terra Santa per un anno con la sua Bibbia conoscendo i luoghi santi. Al suo ritorno a Madrid inizia a lavorare nelle baracche di periferia pensando di andare missionaria in Bolivia con altri laici celibi. Tuttavia, l\u00ec conosce Kiko Arg\u00fcello, che viveva nelle baracche di Palomeras Altas, e decide di rimanere nella sua stessa zona. In mezzo ai poveri, entrambi scoprono la forza del Mistero Pasquale e della predicazione del Kerigma (la Buona Notizia di Cristo morto e risorto) e vedono nascere la prima comunit\u00e0. Grazie alla approvazione di questa nuova realt\u00e0 da parte dell\u2019allora arcivescovo di Madrid, Mons. Casimiro Morcillo, Carmen collabora con Kiko portando alle parrocchie \u2013 prima a Madrid, dopo a Roma e a partire da allora ad altre citt\u00e0 e nazioni \u2013 quest\u2019opera di rinnovamento della Chiesa.<\/p>\n\n<p>Carmen Hern\u00e1ndez muore il 19 luglio 2016 a Madrid. Durante il suo funerale, presieduto dal Cardinale di Madrid Mons Carlos Osoro Sierra, e al quale hanno partecipato migliaia di persone, P. Mario Pezzi ha sottolinato che con il Cammino \u00e8 \u201cla prima volta nella storia che una realt\u00e0 ecclesiale \u00e8 fondata da un uomo e una donna che hanno collaborato costantemente e insieme per pi\u00f9 di 50 anni\u201d. Il Papa ha inviato un messaggio nel quale afferma di ricevere \u201ccon emozione\u201d la notizia della morte di Carmen e evidenzia in lei \u201cuna lunga esperienza marcata dal suo amore a Ges\u00f9 e da un grande entusiasmo missionario\u201d. \u201cRendo grazie al Signore per la testimonianza di questa donna, spinta da un sincero amore alla Chiesa, che ha speso la sua vita nell\u2019annuncio della Buona Notizia in ogni luogo, anche in quelli pi\u00f9 lontani, senza dimenticare le persone pi\u00f9 emarginate\u201d, ha scritto inoltre Papa Francesco.<\/p>\n","protected":false},"excerpt":{"rendered":"<p>Carmen Hern\u00e1ndez 24 novembre 1930, \u2020 Madrid, 19 luglio 2016 Carmen \u00e8 stata insieme a Kiko, iniziatrice del Cammino. \u00c8 nata a \u00d3lvega (Soria, Spagna) il 24 novembre 1930, quintogenita di nove fratelli \u2013 quattro uomini e cinque donne \u2013 , vive la sua infanzia a Tudela (Navarra, Spagna). A Tudela studia nella Compagnia di Maria ed ha contatto con la Compagnia di Ges\u00f9 (Gesuiti). Influenzata dallo spirito missionario di<\/p>\n<div class=\"read-more\"><a class=\"btn read-more-btn\" href=\"https:\/\/neocatechumenaleiter.org\/it\/storia\/carmen-hernandez\/\">Leggi tutto<\/a><\/div>\n","protected":false},"author":2,"featured_media":0,"parent":3179,"menu_order":0,"comment_status":"closed","ping_status":"closed","template":"","meta":{"footnotes":""},"class_list":["post-3809","page","type-page","status-publish","hentry"],"_links":{"self":[{"href":"https:\/\/neocatechumenaleiter.org\/it\/wp-json\/wp\/v2\/pages\/3809","targetHints":{"allow":["GET"]}}],"collection":[{"href":"https:\/\/neocatechumenaleiter.org\/it\/wp-json\/wp\/v2\/pages"}],"about":[{"href":"https:\/\/neocatechumenaleiter.org\/it\/wp-json\/wp\/v2\/types\/page"}],"author":[{"embeddable":true,"href":"https:\/\/neocatechumenaleiter.org\/it\/wp-json\/wp\/v2\/users\/2"}],"replies":[{"embeddable":true,"href":"https:\/\/neocatechumenaleiter.org\/it\/wp-json\/wp\/v2\/comments?post=3809"}],"version-history":[{"count":15,"href":"https:\/\/neocatechumenaleiter.org\/it\/wp-json\/wp\/v2\/pages\/3809\/revisions"}],"predecessor-version":[{"id":22585,"href":"https:\/\/neocatechumenaleiter.org\/it\/wp-json\/wp\/v2\/pages\/3809\/revisions\/22585"}],"up":[{"embeddable":true,"href":"https:\/\/neocatechumenaleiter.org\/it\/wp-json\/wp\/v2\/pages\/3179"}],"wp:attachment":[{"href":"https:\/\/neocatechumenaleiter.org\/it\/wp-json\/wp\/v2\/media?parent=3809"}],"curies":[{"name":"wp","href":"https:\/\/api.w.org\/{rel}","templated":true}]}}