{"id":3813,"date":"2020-02-25T03:18:03","date_gmt":"2020-02-25T02:18:03","guid":{"rendered":"http:\/\/15.188.244.8.xip.io\/storia\/mario-pezzi\/"},"modified":"2021-08-10T10:56:29","modified_gmt":"2021-08-10T09:56:29","slug":"mario-pezzi","status":"publish","type":"page","link":"https:\/\/neocatechumenaleiter.org\/it\/storia\/mario-pezzi\/","title":{"rendered":"Mario Pezzi"},"content":{"rendered":"\n<h1 class=\"wp-block-heading\"><strong>Mario Pezzi<\/strong><\/h1>\n\n<div class=\"wp-block-image is-style-circle-mask\"><figure class=\"alignleft size-medium\"><img loading=\"lazy\" decoding=\"async\" width=\"245\" height=\"300\" src=\"https:\/\/neocatechumenaleiter.org\/wp-content\/uploads\/2020\/02\/Camino_Neocatecumenal_Mario_Pezzi-245x300.jpg\" alt=\"Mario Pezzi\" class=\"wp-image-230\" srcset=\"https:\/\/neocatechumenaleiter.org\/wp-content\/uploads\/2020\/02\/Camino_Neocatecumenal_Mario_Pezzi-245x300.jpg 245w, https:\/\/neocatechumenaleiter.org\/wp-content\/uploads\/2020\/02\/Camino_Neocatecumenal_Mario_Pezzi-837x1024.jpg 837w, https:\/\/neocatechumenaleiter.org\/wp-content\/uploads\/2020\/02\/Camino_Neocatecumenal_Mario_Pezzi-768x940.jpg 768w, https:\/\/neocatechumenaleiter.org\/wp-content\/uploads\/2020\/02\/Camino_Neocatecumenal_Mario_Pezzi.jpg 994w\" sizes=\"auto, (max-width: 245px) 100vw, 245px\" \/><\/figure><\/div>\n\n<p>Mario Pezzi nasce a Gottolengo (Brescia, Italia), il 19 settembre 1942, terzo di cinque fratelli. Entra nel seminario dei Missionari Comboniani a 10 anni. Dopo il Noviziato \u00e8 inviato dai Superiori a studiare a Roma allo Scolasticato Internazionale e l\u00ec studia Teologia presso la Pontificia Universit\u00e0 Urbaniana. Riceve l\u2019ordinazione sacerdotale il 19 marzo 1969 e inizia il dottorato in Teolog\u00eda Dogmatica presso la Pontificia Universit\u00e0 Gregoriana con il Professor Padre Zoltan Alszeghy.<\/p>\n\n<p>In questo stesso anno conosce Kiko e Carmen, iniziatori del Cammino Neocatecumenale e ascolta le ultime catechesi nella parrocchia della Nativit\u00e0 di Roma. Nel gennaio 1970, ascolta nuovamente le catechesi nella parrocchia di San Giovanni di Dio dove svolgeva il suo servizio pastorale, ed entra a far parte della prima comunit\u00e0 neocatecumenale di questa parrocchia. Vedendo nel Cammino una speranza per il catecumenato nelle missioni in Africa, soprattutto dopo la tragica esperienza dei massacri tra cristiani in Burundi, ottiene il permesso dei suoi Superiori di fare un\u2019esperienza come itinerante del Camino in prospettiva della missione in Africa. Nel settembre 1970 interrompe gli studi di Dottorato ed \u00e8 inviato da Kiko e Carmen ad aprire il Cammino in due diocesi di Brescia e di Milano, e nel gennaio 1971 nella parrocchia di San Leone a Catania.<\/p>\n\n<p>Nel giugno 1971, \u00e8 invitato da Kiko e Carmen per sostituire D. Francesco Cuppini, il presbitero che li aveva accompagnati fin dal 1968, formando cos\u00ec parte della loro equipe nei periodi in cui evangelizzavano in Italia, soprattutto a Roma, Firenze e Ivrea. Quando si trovavano in Spagna, Kiko e Carmen erano accompagnati dal P. Jes\u00fas Bl\u00e1zquez come presbitero, e il P. Mario fu inviato a evangelizzare in Lombardia e dopo in Portogallo. Nel dicembre 1981, con una lettera del Superiore Generale dei Comboniani, viene inviato come comboniano itinerante a iniziare il Cammino a Khartoum (Sudan), cuore delle missioni comboniane e in seguito, nel marzo 1982 a Kampala (Uganda). A partire da quegli anni realizza diversi viaggi in Africa: visitando vari Vescovi in Kenya, le famiglie in missione del Cammino in Costa d\u2019Avorio, Camerun, Zambia, e i Seminari Redemptoris Mater di Kitwe (Zambia), Douala (Camerun), Dar es Salaam (Tanzania), Goma (Congo), y Morondava (Madagascar). Visita inoltre vari vescovi prima in Angola e in seguito in Mozambico per aprire il Cammino. \u00c8 stato anche a Bangui (Repubblica Centroafricana) e a Bujumbura (Burundi).<\/p>\n\n<p>Dal 1982 \u00e8 stato chiamato a formar parte dell\u2019equipe responsabile del Cammino Neocatecumenale insieme a Kiko e Carmen, a tempo pieno, accompagnandoli nella relazioni con i Papi, la Santa Sede, i Vescovi, nei passaggi, nelle convivenze mondiali di itineranti, nei viaggi e incontri internazionali, fino al giorno d\u2019oggi. Nel 1992, la Nuova Direzione dei Comboniani, lo ha invitato a reincorporarsi nuovamente all\u2019Istituto o a incardinarsi nella Diocesi di Roma. Lasciato l\u2019Istituto, il Cardinal Vicario, Monsignor Camillo Ruini, lo ha accolto come Presbitero Catechista Itinerante.<\/p>\n\n<p>Con l\u2019approvazione degli Statuti nel 2002 ad experimentum, e nel 2008 in modo definitivo, \u00e8 stato nominato dalla Santa Sede, presbitero dell\u2019Equipe Internazionale insieme e a Kiko e Carmen (prima della sua morte).<\/p>\n","protected":false},"excerpt":{"rendered":"<p>Mario Pezzi Mario Pezzi nasce a Gottolengo (Brescia, Italia), il 19 settembre 1942, terzo di cinque fratelli. Entra nel seminario dei Missionari Comboniani a 10 anni. Dopo il Noviziato \u00e8 inviato dai Superiori a studiare a Roma allo Scolasticato Internazionale e l\u00ec studia Teologia presso la Pontificia Universit\u00e0 Urbaniana. Riceve l\u2019ordinazione sacerdotale il 19 marzo 1969 e inizia il dottorato in Teolog\u00eda Dogmatica presso la Pontificia Universit\u00e0 Gregoriana con il<\/p>\n<div class=\"read-more\"><a class=\"btn read-more-btn\" href=\"https:\/\/neocatechumenaleiter.org\/it\/storia\/mario-pezzi\/\">Leggi tutto<\/a><\/div>\n","protected":false},"author":2,"featured_media":0,"parent":3179,"menu_order":0,"comment_status":"closed","ping_status":"closed","template":"","meta":{"footnotes":""},"class_list":["post-3813","page","type-page","status-publish","hentry"],"_links":{"self":[{"href":"https:\/\/neocatechumenaleiter.org\/it\/wp-json\/wp\/v2\/pages\/3813","targetHints":{"allow":["GET"]}}],"collection":[{"href":"https:\/\/neocatechumenaleiter.org\/it\/wp-json\/wp\/v2\/pages"}],"about":[{"href":"https:\/\/neocatechumenaleiter.org\/it\/wp-json\/wp\/v2\/types\/page"}],"author":[{"embeddable":true,"href":"https:\/\/neocatechumenaleiter.org\/it\/wp-json\/wp\/v2\/users\/2"}],"replies":[{"embeddable":true,"href":"https:\/\/neocatechumenaleiter.org\/it\/wp-json\/wp\/v2\/comments?post=3813"}],"version-history":[{"count":11,"href":"https:\/\/neocatechumenaleiter.org\/it\/wp-json\/wp\/v2\/pages\/3813\/revisions"}],"predecessor-version":[{"id":9892,"href":"https:\/\/neocatechumenaleiter.org\/it\/wp-json\/wp\/v2\/pages\/3813\/revisions\/9892"}],"up":[{"embeddable":true,"href":"https:\/\/neocatechumenaleiter.org\/it\/wp-json\/wp\/v2\/pages\/3179"}],"wp:attachment":[{"href":"https:\/\/neocatechumenaleiter.org\/it\/wp-json\/wp\/v2\/media?parent=3813"}],"curies":[{"name":"wp","href":"https:\/\/api.w.org\/{rel}","templated":true}]}}