{"id":3817,"date":"2020-02-25T03:20:35","date_gmt":"2020-02-25T02:20:35","guid":{"rendered":"http:\/\/15.188.244.8.xip.io\/storia\/maria-ascension\/"},"modified":"2026-03-12T16:51:26","modified_gmt":"2026-03-12T15:51:26","slug":"maria-ascension","status":"publish","type":"page","link":"https:\/\/neocatechumenaleiter.org\/it\/storia\/maria-ascension\/","title":{"rendered":"Mar\u00eda Ascensi\u00f3n"},"content":{"rendered":"\n<h1 class=\"wp-block-heading\"><strong>Mar\u00eda Ascensi\u00f3n Romero<\/strong><\/h1>\n<div class=\"wp-block-image is-style-circle-mask\">\n<figure class=\"alignleft size-medium\"><img loading=\"lazy\" decoding=\"async\" width=\"245\" height=\"300\" src=\"https:\/\/neocatechumenaleiter.org\/wp-content\/uploads\/2020\/02\/Camino_Neocatecumenal_Maria_Ascension_Romero-245x300.jpg\" alt=\"Mar&#xED;a Ascensi&#xF3;n Romero\" class=\"wp-image-235\" srcset=\"https:\/\/neocatechumenaleiter.org\/wp-content\/uploads\/2020\/02\/Camino_Neocatecumenal_Maria_Ascension_Romero-245x300.jpg 245w, https:\/\/neocatechumenaleiter.org\/wp-content\/uploads\/2020\/02\/Camino_Neocatecumenal_Maria_Ascension_Romero-837x1024.jpg 837w, https:\/\/neocatechumenaleiter.org\/wp-content\/uploads\/2020\/02\/Camino_Neocatecumenal_Maria_Ascension_Romero-768x940.jpg 768w, https:\/\/neocatechumenaleiter.org\/wp-content\/uploads\/2020\/02\/Camino_Neocatecumenal_Maria_Ascension_Romero.jpg 994w\" sizes=\"auto, (max-width: 245px) 100vw, 245px\" \/><\/figure><\/div>\n<p>Mar\u00eda Ascensi\u00f3n Romero Ant\u00f3n \u00e8 stata inserita nell\u2019equipe internazionale del Cammino Neocatecumenale nel gennaio 2018, dietro richiesta del Dicastero per i Laici, la Famiglia e la Vita della Santa Sede, come stabiliscono gli Statuti del Cammino.<\/p>\n\n<p>Mar\u00eda Ascensi\u00f3n \u00e8 nata il 27 maggio 1960 a Tudela, Navarra (Spagna). \u00c8 la terza di quattro fratelli e ha studiato nel collegio della Compagnia di Maria (lo stesso nel quale si era formata Carmen Hern\u00e1ndez). In seguito si \u00e8 traferita a Soria per studiare Magistero e l\u00ec, a 19 anni ha conosciuto il Cammino Neocatecumenale.<\/p>\n\n<p>Ha camminato molti anni in una Comunit\u00e0 Neocatecumenale di Tudela fino a quando si \u00e8 trasferita a Madrid per lavorare come maestra e l\u00ec ha continuato il Cammino nella parrocchia di Santa Caterina da Siena. <\/p>\n\n<p>Nella GMG di Santiago di Compostela con San Giovanni Paolo II ha sentito la chiamata all\u2019evangelizzazione che ha confermato nell\u2019incontro vocazionale di Zaragoza con gli iniziatori del Cammino.<\/p>\n\n<p>Nel 1991 ha compiuto la sua prima missione itinerante nella diocesi di Ciudad Real (Spagna). Nel 1992 \u00e8 partita per la missione nella ex Urss, dove \u00e8 rimasta 25 anni evangelizzando in diversi paesi: Bielorussia, Kazakistan y Russia.<\/p>\n\n<p>Il 2 febbraio 2018 \u00e8 stata nominata ufficialmente membro dell\u2019Equipe Internazionale del Cammino Neocatecumenale.<\/p>\n","protected":false},"excerpt":{"rendered":"<p>Mar\u00eda Ascensi\u00f3n Romero Mar\u00eda Ascensi\u00f3n Romero Ant\u00f3n \u00e8 stata inserita nell\u2019equipe internazionale del Cammino Neocatecumenale nel gennaio 2018, dietro richiesta del Dicastero per i Laici, la Famiglia e la Vita della Santa Sede, come stabiliscono gli Statuti del Cammino. Mar\u00eda Ascensi\u00f3n \u00e8 nata il 27 maggio 1960 a Tudela, Navarra (Spagna). \u00c8 la terza di quattro fratelli e ha studiato nel collegio della Compagnia di Maria (lo stesso nel quale<\/p>\n<div class=\"read-more\"><a class=\"btn read-more-btn\" href=\"https:\/\/neocatechumenaleiter.org\/it\/storia\/maria-ascension\/\">Leggi tutto<\/a><\/div>\n","protected":false},"author":2,"featured_media":0,"parent":3179,"menu_order":0,"comment_status":"closed","ping_status":"closed","template":"","meta":{"footnotes":""},"class_list":["post-3817","page","type-page","status-publish","hentry"],"_links":{"self":[{"href":"https:\/\/neocatechumenaleiter.org\/it\/wp-json\/wp\/v2\/pages\/3817","targetHints":{"allow":["GET"]}}],"collection":[{"href":"https:\/\/neocatechumenaleiter.org\/it\/wp-json\/wp\/v2\/pages"}],"about":[{"href":"https:\/\/neocatechumenaleiter.org\/it\/wp-json\/wp\/v2\/types\/page"}],"author":[{"embeddable":true,"href":"https:\/\/neocatechumenaleiter.org\/it\/wp-json\/wp\/v2\/users\/2"}],"replies":[{"embeddable":true,"href":"https:\/\/neocatechumenaleiter.org\/it\/wp-json\/wp\/v2\/comments?post=3817"}],"version-history":[{"count":6,"href":"https:\/\/neocatechumenaleiter.org\/it\/wp-json\/wp\/v2\/pages\/3817\/revisions"}],"predecessor-version":[{"id":48084,"href":"https:\/\/neocatechumenaleiter.org\/it\/wp-json\/wp\/v2\/pages\/3817\/revisions\/48084"}],"up":[{"embeddable":true,"href":"https:\/\/neocatechumenaleiter.org\/it\/wp-json\/wp\/v2\/pages\/3179"}],"wp:attachment":[{"href":"https:\/\/neocatechumenaleiter.org\/it\/wp-json\/wp\/v2\/media?parent=3817"}],"curies":[{"name":"wp","href":"https:\/\/api.w.org\/{rel}","templated":true}]}}