{"id":3912,"date":"2020-02-28T15:35:08","date_gmt":"2020-02-28T14:35:08","guid":{"rendered":"http:\/\/15.188.244.8.xip.io\/discorsi-dei-papi\/s-paolo-vi\/udienza-generale-8-v-1974\/"},"modified":"2021-08-10T10:58:58","modified_gmt":"2021-08-10T09:58:58","slug":"udienza-generale-8-v-1974","status":"publish","type":"page","link":"https:\/\/neocatechumenaleiter.org\/it\/discorsi-dei-papi\/s-paolo-vi\/udienza-generale-8-v-1974\/","title":{"rendered":"Udienza generale 8-V-1974"},"content":{"rendered":"\n<h1 class=\"has-text-align-center wp-block-heading\">Udienza generale 8-V-1974 <\/h1>\n\n<div style=\"height:20px\" aria-hidden=\"true\" class=\"wp-block-spacer\"><\/div>\n\n<h4 class=\"has-text-align-center wp-block-heading\">S. Paolo VI<\/h4>\n\n<div style=\"height:20px\" aria-hidden=\"true\" class=\"wp-block-spacer\"><\/div>\n\n<p><em>L&#8217;8 Maggio 1974, a conclusione di un incontro internazionale nella &#8220;Domus Mariae&#8221; a Roma, circa 500 partecipanti, presbiteri e laici provenienti da diversi paesi d&#8217;Europa, hanno assistito all&#8217;Udienza Pontificia. Paolo VI si \u00e8 rivolto a loro con queste parole:<\/em><\/p>\n\n<p>Salutiamo il gruppo di sacerdoti e di laici che rappresentano il movimento \u2013 ecco le cose post-conciliari! \u2013 delle <em>Comunit\u00e0 Neocatecumenali<\/em>, convenuti a Roma da molte diocesi d\u2019Italia e di altri Paesi per un convegno sul tema della evangelizzazione nel mondo contemporaneo, lo stesso che sar\u00e0 preso in esame dalla prossima Assemblea del Sinodo dei Vescovi.&#13;\n&#13;\nQuanta gioia e quanta speranza ci date con la vostra presenza e con la vostra attivit\u00e0!<\/p>\n\n<p>Sappiamo che nelle vostre comunit\u00e0 voi vi adoperate insieme a comprendere e a sviluppare le ricchezze del vostro Battesimo e le conseguenze della vostra appartenenza a Cristo. Tale impegno vi porta a rendervi conto che la vita cristiana non \u00e8 altro che una coerenza, un dinamismo permanente che derivano dall\u2019aver accettato di essere con Cristo e di prolungare la Sua presenza e la Sua missione nel mondo.<\/p>\n\n<p>Questo proposito, mentre per voi \u00e8 un modo consapevole e autentico di vivere la vocazione cristiana, si traduce anche in una testimonianza efficace per gli altri \u2013 fate dell\u2019apostolato solo perch\u00e9 siete quello che siete \u2013 in uno stimolo alla riscoperta e al recupero di valori cristiani veri, autentici, effettivi che potrebbero altrimenti restare quasi nascosti, sopiti e quasi diluiti nella vita ordinaria.<\/p>\n\n<p>No! Voi li mettete in evidenza, in emergenza e date loro uno splendore morale veramente esemplare proprio perch\u00e9, cos\u00ec, con questo spirito cristiano, voi vivete questa Comunit\u00e0 Neocatecumenale.<\/p>\n\n<p>Vivere e promuovere questo risveglio \u00e8 quanto voi chiamate una forma di \u00abdopo Battesimo\u00bb che potr\u00e0 rinnovare nelle odierne comunit\u00e0 cristiane quegli effetti di maturit\u00e0 e di approfondimento, che nella Chiesa primitiva erano realizzati nel periodo di preparazione al Battesimo.<\/p>\n\n<p>Voi lo portate dopo: il prima o dopo, direi, \u00e8 secondario. Il fatto \u00e8 che voi mirate all\u2019autenticit\u00e0, alla pienezza, alla coerenza, alla sincerit\u00e0 della vita cristiana. E questo \u00e8 merito grandissimo, ripeto, che ci consola enormemente e ci suggerisce e ci ispira gli auguri, i voti e le benedizioni pi\u00f9 copiose per voi, per quanti vi assistono e per quanti voi potete col vostro saluto e col vostro messaggio salutare da parte nostra.<\/p>\n\n<p>Siamo lieti di sapervi animatori di queste riprese di coscienza in tante parrocchie. Siamo lieti in modo particolare di sapere che in ogni vostra iniziativa siete sommamente attenti alla dipendenza dai vostri pastori e alla comunione con tutti i fratelli. Per questa sensibilit\u00e0 ecclesiale \u2013 che \u00e8 sempre garanzia della presenza edificatrice dello Spirito \u2013 vi rivolgiamo il nostro incoraggiamento.&#13;\n<br\/><br\/><em>(*) Il testo e l\u2019introduzione sono tratti dalla rivista \u201cNotitiae&#8221; (Organo ufficiale della Congregazione per il Culto Divino, N. 95-96, luglio-agosto 1974, pag. 230) con alcune aggiunte tratte dalla registrazione.<\/em><\/p>\n","protected":false},"excerpt":{"rendered":"<p>Udienza generale 8-V-1974 S. Paolo VI L&#8217;8 Maggio 1974, a conclusione di un incontro internazionale nella &#8220;Domus Mariae&#8221; a Roma, circa 500 partecipanti, presbiteri e laici provenienti da diversi paesi d&#8217;Europa, hanno assistito all&#8217;Udienza Pontificia. Paolo VI si \u00e8 rivolto a loro con queste parole: Salutiamo il gruppo di sacerdoti e di laici che rappresentano il movimento \u2013 ecco le cose post-conciliari! \u2013 delle Comunit\u00e0 Neocatecumenali, convenuti a Roma da<\/p>\n<div class=\"read-more\"><a class=\"btn read-more-btn\" href=\"https:\/\/neocatechumenaleiter.org\/it\/discorsi-dei-papi\/s-paolo-vi\/udienza-generale-8-v-1974\/\">Leggi tutto<\/a><\/div>\n","protected":false},"author":2,"featured_media":0,"parent":3712,"menu_order":0,"comment_status":"closed","ping_status":"closed","template":"","meta":{"footnotes":""},"class_list":["post-3912","page","type-page","status-publish","hentry"],"_links":{"self":[{"href":"https:\/\/neocatechumenaleiter.org\/it\/wp-json\/wp\/v2\/pages\/3912","targetHints":{"allow":["GET"]}}],"collection":[{"href":"https:\/\/neocatechumenaleiter.org\/it\/wp-json\/wp\/v2\/pages"}],"about":[{"href":"https:\/\/neocatechumenaleiter.org\/it\/wp-json\/wp\/v2\/types\/page"}],"author":[{"embeddable":true,"href":"https:\/\/neocatechumenaleiter.org\/it\/wp-json\/wp\/v2\/users\/2"}],"replies":[{"embeddable":true,"href":"https:\/\/neocatechumenaleiter.org\/it\/wp-json\/wp\/v2\/comments?post=3912"}],"version-history":[{"count":8,"href":"https:\/\/neocatechumenaleiter.org\/it\/wp-json\/wp\/v2\/pages\/3912\/revisions"}],"predecessor-version":[{"id":23916,"href":"https:\/\/neocatechumenaleiter.org\/it\/wp-json\/wp\/v2\/pages\/3912\/revisions\/23916"}],"up":[{"embeddable":true,"href":"https:\/\/neocatechumenaleiter.org\/it\/wp-json\/wp\/v2\/pages\/3712"}],"wp:attachment":[{"href":"https:\/\/neocatechumenaleiter.org\/it\/wp-json\/wp\/v2\/media?parent=3912"}],"curies":[{"name":"wp","href":"https:\/\/api.w.org\/{rel}","templated":true}]}}