{"id":4520,"date":"2020-03-21T22:45:34","date_gmt":"2020-03-21T21:45:34","guid":{"rendered":"https:\/\/neocatechumenaleiter.org\/discorsi-dei-papi\/s-giovanni-paolo-ii\/visita-alla-parrocchia-di-s-basilio-10-iii-1979\/"},"modified":"2020-03-21T23:26:58","modified_gmt":"2020-03-21T22:26:58","slug":"visita-alla-parrocchia-di-s-basilio-10-iii-1979","status":"publish","type":"page","link":"https:\/\/neocatechumenaleiter.org\/it\/discorsi-dei-papi\/s-giovanni-paolo-ii\/visita-alla-parrocchia-di-s-basilio-10-iii-1979\/","title":{"rendered":"Visita alla parrocchia di S. Basilio 10-III-1979"},"content":{"rendered":"\n<h1 class=\"has-text-align-center wp-block-heading\">Visita alla parrocchia di S. Basilio 10-III-1979<\/h1>\n\n<div style=\"height:20px\" aria-hidden=\"true\" class=\"wp-block-spacer\"><\/div>\n\n<h4 class=\"has-text-align-center wp-block-heading\">S. Giovanni Paolo II<\/h4>\n\n<div style=\"height:20px\" aria-hidden=\"true\" class=\"wp-block-spacer\"><\/div>\n\n<p><strong>Roma, 10 marzo 1979<\/strong><\/p>\n\n<p><em>Presentazione del parroco don Carmelo:<\/em>&#13;\n&#13;\nSanto Padre, qui trova riunite quattro Comunit\u00e0 Neocatecumenali. Le comunit\u00e0 sono fondate su un tripode: l\u2019ascolto della Parola di Dio, che viene fatta al mercoled\u00ec e la celebrazione eucaristica al sabato. La celebrazione della Parola viene preparata in gruppi. Poi si fonda sul secondo pilastro che \u00e8 l\u2019Eucaristia, dopo catechesi approfondite sul mistero eucaristico. Il terzo pilastro \u00e8 la vita comunitaria, nelle convivenze; arrivare a vivere nella comunit\u00e0 una vita comunitaria, non solamente comune. Di queste quattro comunit\u00e0, la prima \u00e8 nata quattro anni fa e poi anno dopo anno sono nate le altre. Qui presente c\u2019\u00e8 il catechista che \u00e8 venuto per la prima volta, Gioacchino.<\/p>\n\n<p><em>Gioacchino rivolgendosi al Santo Padre ha detto:<\/em>&#13;\n&#13;\nPadre santo, noi tutti qui riuniti, siamo contenti di averLa in mezzo a noi, di accoglierLa \u201cnel nome del Signore\u201d, come \u201ccolui che viene nel nome del Signore\u201d. Vogliamo esprimerle, io a nome di tutti questi fratelli, la gioia grande di poter scoprire in questo Cammino Neocatecumenale la Chiesa come nostra madre, che ci sta portando piano piano a riscoprire il nostro Battesimo. Noi sentiamo una gratitudine immensa al Signore e alla Chiesa perch\u00e9 questo cammino ci sta aiutando moltissimo a sentire il Signore Ges\u00f9 Cristo vivo e presente nella nostra vita e a creare la comunione fraterna. Noi ringraziamo la Chiesa \u2013 e Lei oggi in mezzo a noi la rende particolarmente presente e viva \u2013 che ci sta facendo questo grande dono di riscoprire il nostro Battesimo. Adesso, come Lei ci invita a fare, cantiamo con Lei&#8230;<\/p>\n\n<p><strong>Perci\u00f2 noi cantiamo: La morte \u00e8 sconfitta dalla vittoria!<\/strong><\/p>\n\n<p><em>Queste le parole pronunciate a braccio dal Papa:<\/em><\/p>\n\n<div class=\"wp-block-image is-style-default\"><figure class=\"alignleft size-large\"><img loading=\"lazy\" decoding=\"async\" width=\"400\" height=\"321\" src=\"https:\/\/neocatechumenaleiter.org\/wp-content\/uploads\/2020\/03\/Camino_Neocatecumenal_Juan_Pablo_II_visita_parroquia_San_Basilio_1979.jpg\" alt=\"\" class=\"wp-image-1279\" srcset=\"https:\/\/neocatechumenaleiter.org\/wp-content\/uploads\/2020\/03\/Camino_Neocatecumenal_Juan_Pablo_II_visita_parroquia_San_Basilio_1979.jpg 400w, https:\/\/neocatechumenaleiter.org\/wp-content\/uploads\/2020\/03\/Camino_Neocatecumenal_Juan_Pablo_II_visita_parroquia_San_Basilio_1979-300x241.jpg 300w\" sizes=\"auto, (max-width: 400px) 100vw, 400px\" \/><\/figure><\/div>\n\n<p>Di tutte le parole che lei ha detto, la pi\u00f9 importante \u00e8 quella di riscoprire. Molti pensano che si sa tutto: la Chiesa, Cristo, il Vangelo, Dio; si sa tutto, si sa tutto, niente da scoprire. Ci hanno insegnato nella scuola, basta la scuola; poi dimenticato, ma si sa tutto. Invece \u00e8 tutto da scoprire, \u00e8 tutto da riscoprire. Solamente la fede che sa scoprire se stessa, il suo contenuto, il suo atteggiamento fondamentale, \u00e8 la fede di- namica, \u00e8 la fede dinamica. E per la Chiesa, per il popolo di Dio ci vuole quella fede dinamica, che cerca di scoprire, che sa scoprire se stessa.&#13;\n<\/p>\n\n<p>Allora vi auguro di andare avanti per la strada che avete cominciato, di scoprire sempre di pi\u00f9 il mistero della Chiesa, il mistero di Cristo, il mistero di Dio. Quindi questa scoperta porta anche a se stessi: poich\u00e9 il mistero di Cristo, il mistero della Chiesa finalmente ci spiega noi stessi. E io non posso vivere senza la Chiesa, senza comprendere che cosa sono io, senza comprendere me stesso. C\u2019e uno sforzo molto felice, molto positivo e vi auguro di perseverare.&#13;\n&#13;\n(*) Cfr. \u00abL&#8217;Osservatore Romano\u00bb, 11-12 marzo 1979.<\/p>\n","protected":false},"excerpt":{"rendered":"<p>Visita alla parrocchia di S. Basilio 10-III-1979 S. Giovanni Paolo II Roma, 10 marzo 1979 Presentazione del parroco don Carmelo:&#13; &#13; Santo Padre, qui trova riunite quattro Comunit\u00e0 Neocatecumenali. Le comunit\u00e0 sono fondate su un tripode: l\u2019ascolto della Parola di Dio, che viene fatta al mercoled\u00ec e la celebrazione eucaristica al sabato. La celebrazione della Parola viene preparata in gruppi. Poi si fonda sul secondo pilastro che \u00e8 l\u2019Eucaristia, dopo<\/p>\n<div class=\"read-more\"><a class=\"btn read-more-btn\" href=\"https:\/\/neocatechumenaleiter.org\/it\/discorsi-dei-papi\/s-giovanni-paolo-ii\/visita-alla-parrocchia-di-s-basilio-10-iii-1979\/\">Leggi tutto<\/a><\/div>\n","protected":false},"author":2,"featured_media":0,"parent":3717,"menu_order":0,"comment_status":"closed","ping_status":"closed","template":"","meta":{"footnotes":""},"class_list":["post-4520","page","type-page","status-publish","hentry"],"_links":{"self":[{"href":"https:\/\/neocatechumenaleiter.org\/it\/wp-json\/wp\/v2\/pages\/4520","targetHints":{"allow":["GET"]}}],"collection":[{"href":"https:\/\/neocatechumenaleiter.org\/it\/wp-json\/wp\/v2\/pages"}],"about":[{"href":"https:\/\/neocatechumenaleiter.org\/it\/wp-json\/wp\/v2\/types\/page"}],"author":[{"embeddable":true,"href":"https:\/\/neocatechumenaleiter.org\/it\/wp-json\/wp\/v2\/users\/2"}],"replies":[{"embeddable":true,"href":"https:\/\/neocatechumenaleiter.org\/it\/wp-json\/wp\/v2\/comments?post=4520"}],"version-history":[{"count":5,"href":"https:\/\/neocatechumenaleiter.org\/it\/wp-json\/wp\/v2\/pages\/4520\/revisions"}],"predecessor-version":[{"id":4543,"href":"https:\/\/neocatechumenaleiter.org\/it\/wp-json\/wp\/v2\/pages\/4520\/revisions\/4543"}],"up":[{"embeddable":true,"href":"https:\/\/neocatechumenaleiter.org\/it\/wp-json\/wp\/v2\/pages\/3717"}],"wp:attachment":[{"href":"https:\/\/neocatechumenaleiter.org\/it\/wp-json\/wp\/v2\/media?parent=4520"}],"curies":[{"name":"wp","href":"https:\/\/api.w.org\/{rel}","templated":true}]}}