{"id":4526,"date":"2020-03-21T22:58:31","date_gmt":"2020-03-21T21:58:31","guid":{"rendered":"https:\/\/neocatechumenaleiter.org\/discorsi-dei-papi\/s-giovanni-paolo-ii\/visita-alla-parrocchia-di-s-antonio-a-piazza-asti-6-v-1979\/"},"modified":"2020-06-08T18:16:00","modified_gmt":"2020-06-08T17:16:00","slug":"visita-alla-parrocchia-di-s-antonio-a-piazza-asti-6-v-1979","status":"publish","type":"page","link":"https:\/\/neocatechumenaleiter.org\/it\/discorsi-dei-papi\/s-giovanni-paolo-ii\/visita-alla-parrocchia-di-s-antonio-a-piazza-asti-6-v-1979\/","title":{"rendered":"Visita alla parrocchia di S. Antonio a Piazza Asti 6-V-1979"},"content":{"rendered":"\n<h1 class=\"has-text-align-center wp-block-heading\">Visita alla parrocchia di S. Antonio a Piazza Asti 6-V-1979<\/h1>\n\n<div style=\"height:20px\" aria-hidden=\"true\" class=\"wp-block-spacer\"><\/div>\n\n<h4 class=\"has-text-align-center wp-block-heading\">S. Giovanni Paolo II<\/h4>\n\n<div style=\"height:20px\" aria-hidden=\"true\" class=\"wp-block-spacer\"><\/div>\n\n<p><strong>Roma, 6 mayo 1979 *<\/strong><\/p>\n\n<p><em>Il Papa domenica 6 maggio 1979, nella giornata dedicata alle vocazioni, ha visitato la parrocchia di S. Antonio a Piazza Asti (al Tuscolano) dove, dopo aver celebrato alle ore 17,30 la Santa Messa, si \u00e8 incontrato separatamente con i vari gruppi della parrocchia e con le due Comunit\u00e0 Neocatecumenali, che sono in cammino rispettivamente da due anni e mezzo e da sei mesi, presenti i loro Catechisti, provenienti dalla seconda Comunit\u00e0 di S. Francesca Cabrini di Roma.<\/em>&#13;\n&#13;\n<em>Il Papa, accompagnato dal Cardinale Poletti e dal Vescovo di zona Mons. Salimei, \u00e8 stato accolto con il canto &#8220;Gerusalemme, Gerusalemme, Gerusalemme, riedificata&#8221; (dal cantico di Tobia); mentre i fratelli cantavano, Giovanni Paolo II, in un rapido giro di saluto, ha rivolto a ciascuno una parola, soffermandosi alla fine a cantare l\u2019Alleluja insieme ai cantori.<\/em>&#13;\n&#13;\n<em>Terminato il canto, il parroco ha cos\u00ec presentato al Papa il Cammino:<\/em><\/p>\n\n<p>Santit\u00e0, sono due Comunit\u00e0 queste che vengono chiamate Neocatecumenali e con que- sto nome vogliono intendere il cammino di conversione che essi hanno iniziato per la riscoperta della Fede che hanno ricevuto nel Battesimo: Fede per\u00f2 che \u00e8 rimasta, forse, nello stato di embrione per cui attraverso questo Cammino di Fede, con l\u2019ascolto della Parola di Dio questa Fede deve incubarsi e quindi diventare grande, adulta. \u00c8 la via, diciamo cos\u00ec, per chiamare i pi\u00f9 lontani, coloro che sono peccatori, che non hanno mai sentito parlare di conversione, e poi \u2013 si capisce \u2013 arrivare a quella testimonianza che \u00e8 l\u2019amore verso Iddio e verso il prossimo. Ecco, questo \u00e8 tutto.<\/p>\n\n<p><em>Il Papa ha cos\u00ec, subito dopo, detto:<\/em><\/p>\n\n<p>E tutto questo lo spiegate con la vostra Comunit\u00e0, con la vostra comunione fraterna e con la vostra gioia, anche con il vostro canto, certamente con la preghiera: perch\u00e9 quando si scopre la vera realt\u00e0 del Battesimo, della Grazia di Dio, della nostra figliolanza divina, quando tutto questo si scopre allora si entra nella gioia profonda e poi anche nella gioia comunicabile; vuol dire che si cerca di comunicare questa scoperta e questa gioia agli altri. Io penso invero che quello che era lo Spirito dei gruppi dei Catecumeni della Chiesa Primitiva \u00e8 quello anche lo Spirito dei gruppi Neocatecumenali, nella Chiesa contemporanea.&#13;\n&#13;\n\u00a0<\/p>\n\n<p>Vi auguro di proseguire ed anche di pregare qualche volta per il Papa.<\/p>\n\n<p><em>(*) Cfr. \u00abL\u2019Osservatore Romano\u00bb, 7-8 mayo 1979.<\/em><\/p>\n","protected":false},"excerpt":{"rendered":"<p>Visita alla parrocchia di S. Antonio a Piazza Asti 6-V-1979 S. Giovanni Paolo II Roma, 6 mayo 1979 * Il Papa domenica 6 maggio 1979, nella giornata dedicata alle vocazioni, ha visitato la parrocchia di S. Antonio a Piazza Asti (al Tuscolano) dove, dopo aver celebrato alle ore 17,30 la Santa Messa, si \u00e8 incontrato separatamente con i vari gruppi della parrocchia e con le due Comunit\u00e0 Neocatecumenali, che sono<\/p>\n<div class=\"read-more\"><a class=\"btn read-more-btn\" href=\"https:\/\/neocatechumenaleiter.org\/it\/discorsi-dei-papi\/s-giovanni-paolo-ii\/visita-alla-parrocchia-di-s-antonio-a-piazza-asti-6-v-1979\/\">Leggi tutto<\/a><\/div>\n","protected":false},"author":2,"featured_media":0,"parent":3717,"menu_order":1,"comment_status":"closed","ping_status":"closed","template":"","meta":{"footnotes":""},"class_list":["post-4526","page","type-page","status-publish","hentry"],"_links":{"self":[{"href":"https:\/\/neocatechumenaleiter.org\/it\/wp-json\/wp\/v2\/pages\/4526","targetHints":{"allow":["GET"]}}],"collection":[{"href":"https:\/\/neocatechumenaleiter.org\/it\/wp-json\/wp\/v2\/pages"}],"about":[{"href":"https:\/\/neocatechumenaleiter.org\/it\/wp-json\/wp\/v2\/types\/page"}],"author":[{"embeddable":true,"href":"https:\/\/neocatechumenaleiter.org\/it\/wp-json\/wp\/v2\/users\/2"}],"replies":[{"embeddable":true,"href":"https:\/\/neocatechumenaleiter.org\/it\/wp-json\/wp\/v2\/comments?post=4526"}],"version-history":[{"count":6,"href":"https:\/\/neocatechumenaleiter.org\/it\/wp-json\/wp\/v2\/pages\/4526\/revisions"}],"predecessor-version":[{"id":14146,"href":"https:\/\/neocatechumenaleiter.org\/it\/wp-json\/wp\/v2\/pages\/4526\/revisions\/14146"}],"up":[{"embeddable":true,"href":"https:\/\/neocatechumenaleiter.org\/it\/wp-json\/wp\/v2\/pages\/3717"}],"wp:attachment":[{"href":"https:\/\/neocatechumenaleiter.org\/it\/wp-json\/wp\/v2\/media?parent=4526"}],"curies":[{"name":"wp","href":"https:\/\/api.w.org\/{rel}","templated":true}]}}