{"id":4534,"date":"2020-03-01T02:52:20","date_gmt":"2020-03-01T01:52:20","guid":{"rendered":"https:\/\/neocatechumenaleiter.org\/discorsi-dei-papi\/s-giovanni-paolo-ii\/visita-del-papa-giovanni-paolo-ii-alla-parrocchia-di-san-luca-evangelista-4-xi-1979\/"},"modified":"2021-08-10T11:00:27","modified_gmt":"2021-08-10T10:00:27","slug":"visita-del-papa-giovanni-paolo-ii-alla-parrocchia-di-san-luca-evangelista-4-xi-1979","status":"publish","type":"page","link":"https:\/\/neocatechumenaleiter.org\/it\/discorsi-dei-papi\/s-giovanni-paolo-ii\/visita-del-papa-giovanni-paolo-ii-alla-parrocchia-di-san-luca-evangelista-4-xi-1979\/","title":{"rendered":"Visita del Papa Giovanni Paolo II alla Parrocchia di San Luca Evangelista 4-XI-1979"},"content":{"rendered":"\n<h1 class=\"has-text-align-center wp-block-heading\">Visita alla Parrocchia di San Luca Evangelista 4-XI-1979<\/h1>\n\n<div style=\"height:20px\" aria-hidden=\"true\" class=\"wp-block-spacer\"><\/div>\n\n<h4 class=\"has-text-align-center wp-block-heading\">S. Giovanni Paolo II<\/h4>\n\n<div style=\"height:20px\" aria-hidden=\"true\" class=\"wp-block-spacer\"><\/div>\n\n<p><strong>Roma, 4 novembre 1979 *<\/strong><\/p>\n\n<p><em>Particolarmente significativo l\u2019incontro con le cinque Comunit\u00e0 Neocatecumenali che\u00a0 hanno cominciato la loro attivit\u00e0 nella parrocchia sette anni orsono (nel 1972).<\/em><br\/><em>Il Santo Padre ha intrecciato un colloquio con i rappresentanti di queste comunit\u00e0 che Gli hanno rivolto alcune parole di saluto e di presentazione; tra l\u2019altro il catechista Franco Voltaggio ha detto:<\/em><\/p>\n\n<p>Volevamo aggiungere qualcosa anche noi, come catechisti di questa parrocchia. Santo Padre, \u00e8 la nostra felicit\u00e0 ed anche la nostra ammirazione nel leggere, ancora non l\u2019abbiamo approfondito, quel meraviglioso documento Catechesi Tradend\u00e6. Per noi \u00e8 stata veramente una gioia immensa il vedere come, contemporaneamente a questi documenti che escono dal Magistero della Chiesa, c\u2019\u00e8 una realt\u00e0. In quel documento Lei diceva che occorre che ci sia una crescita nella fede, perch\u00e9 ci siano delle persone che possano accogliere soprattutto i lontani, i dispersi. Ecco qui, per meraviglia del Signore, abbiamo una realt\u00e0 che sta crescendo. E quindi noi siamo contentissimi, anche di queste visite che Lei fa! A noi piacciono molto gli itineranti, Lei veramente, Santo Padre, \u00e8 un Papa itinerante che va portando il Kerygma, questo annun- zio di Ges\u00f9 Cristo Risorto dalla morte, che a noi ha tratto dalla nostra morte.<\/p>\n\n<p><em>Il Santo Padre ha quindi pronunciato il seguente discorso:<\/em><\/p>\n\n<p>Allora hanno parlato molto, molto bene, il vostro assistente sacerdote, che porta la barba, don Giancarlo, e anche Franco (Franco \u00e8 uno di voi, mi sembra, il vostro portavoce), esattamente ci ha spiegato ottimamente lo Spirito, l\u2019atmosfera, tutto questo che costituisce il vostro gruppo; per- ch\u00e9 gruppo non \u00e8 solamente un numero: \u00e8 uno Spirito. Il gruppo o piuttosto la Comunit\u00e0 si costituisce sempre da dentro, interiormente, e interiormente anche ci tocca lo Spirito Santo, tocca ciascuno di noi, quello che ciascuno di noi \u00e8, la sua intimit\u00e0 personale, la sua intimit\u00e0 spirituale, ma non tocca nessuno di noi separatamente, individualmente, perch\u00e9 <strong>ci ha creato per essere comunit\u00e0<\/strong>, per vivere nella comunione, tocca ciascuno di noi per ricostruirci nella comunione, e cos\u00ec si spiegano anche tutte queste Comunit\u00e0 nella comunione cristiana, come la vostra, come tutte le vostre, perch\u00e9 sono cinque Comunit\u00e0.<\/p>\n\n<p>Io penso che c\u2019\u00e8 una regola, una regola semplice: per dare si deve avere qualche cosa. Non nel senso materiale certamente, si deve dare qualche cosa, ma nel senso spirituale; per dare si deve avere qualcosa dentro che \u00e8 immateriale, spirituale, e questa cosa invisibile si deve scoprire. <\/p>\n\n<div class=\"wp-block-image is-style-default\"><figure class=\"alignright size-large\"><img loading=\"lazy\" decoding=\"async\" width=\"400\" height=\"322\" src=\"https:\/\/neocatechumenaleiter.org\/wp-content\/uploads\/2020\/03\/Camino_Neocatecumenal_Juan_Pablo_II_visita_parroquia_Luca_Evangelista_1979.jpg\" alt=\"\" class=\"wp-image-1302\" srcset=\"https:\/\/neocatechumenaleiter.org\/wp-content\/uploads\/2020\/03\/Camino_Neocatecumenal_Juan_Pablo_II_visita_parroquia_Luca_Evangelista_1979.jpg 400w, https:\/\/neocatechumenaleiter.org\/wp-content\/uploads\/2020\/03\/Camino_Neocatecumenal_Juan_Pablo_II_visita_parroquia_Luca_Evangelista_1979-300x242.jpg 300w\" sizes=\"auto, (max-width: 400px) 100vw, 400px\" \/><\/figure><\/div>\n\n<p>Ecco, io penso che \u00e8 la regola del vostro Movimento Neocatecumenale: si tratta di scoprire, di riscoprire questo che c\u2019\u00e8 dentro. Tanti sono i cristiani battezzati, ma non hanno scoperto forse il loro Battesimo, hanno quasi dimenticato il loro Battesimo. Sono battezzati, il loro Battesimo \u00e8 negli atti, si trova nei registri, \u00e8 registrato nella par- rocchia, registrato anche nel loro cuore, ma questo registro interiore rimane quasi morto, quasi non svegliato. Si deve scoprire!&#13;\nQuando si scopre si ha, poi si deve dare. Quando si \u00e8 scoperto non si pu\u00f2 non dare, perch\u00e9 questo che si scopre ci spinge a dare. Cos\u00ec, sono nati tutti gli Apostoli, tutti gli Apostoli sono nati cos\u00ec. Io penso che se adesso ci sono catechisti itineranti, se anche il Papa \u00e8 diventato itinerante, questo \u00e8 anche un frutto che Lui ha scoperto. Se si \u00e8 scoperta una volta quella ricchezza, quel mistero, quel mistero di Cristo, quel mistero che costituisce la nostra identit\u00e0 personale, spirituale, cristiana, non si pu\u00f2 non cercare di dare agli altri. Penso che abbiamo pi\u00f9 o meno parlato uno, due, tre, abbiamo un po\u2019 spiegato tutto.&#13;\n<\/p>\n\n<p>Sono molto contento di questo incontro, vi auguro di continuare. Continuare vuol dire seguire lo Spirito Santo e seguire anche la vostra vocazione perch\u00e9 scoprendo quel mistero di Cristo vivente in noi, si scopre la nostra vocazione. E adesso d\u00f2 a voi tutti la mia benedizione. E sono molto grato per quest\u2019incontro e specialmente perch\u00e9 siete venuti anche con i bambini e sono tanto lieto che questi bambini crescano in un ambiente, in un\u2019atmosfera in Cristo.<\/p>\n\n<p><em> (*) Cfr. \u00abL&#8217;Osservatore Romano\u00bb, 5-6 novembre 1979.<\/em><\/p>\n","protected":false},"excerpt":{"rendered":"<p>Visita alla Parrocchia di San Luca Evangelista 4-XI-1979 S. Giovanni Paolo II Roma, 4 novembre 1979 * Particolarmente significativo l\u2019incontro con le cinque Comunit\u00e0 Neocatecumenali che\u00a0 hanno cominciato la loro attivit\u00e0 nella parrocchia sette anni orsono (nel 1972).Il Santo Padre ha intrecciato un colloquio con i rappresentanti di queste comunit\u00e0 che Gli hanno rivolto alcune parole di saluto e di presentazione; tra l\u2019altro il catechista Franco Voltaggio ha detto: Volevamo<\/p>\n<div class=\"read-more\"><a class=\"btn read-more-btn\" href=\"https:\/\/neocatechumenaleiter.org\/it\/discorsi-dei-papi\/s-giovanni-paolo-ii\/visita-del-papa-giovanni-paolo-ii-alla-parrocchia-di-san-luca-evangelista-4-xi-1979\/\">Leggi tutto<\/a><\/div>\n","protected":false},"author":2,"featured_media":0,"parent":3717,"menu_order":3,"comment_status":"closed","ping_status":"closed","template":"","meta":{"footnotes":""},"class_list":["post-4534","page","type-page","status-publish","hentry"],"_links":{"self":[{"href":"https:\/\/neocatechumenaleiter.org\/it\/wp-json\/wp\/v2\/pages\/4534","targetHints":{"allow":["GET"]}}],"collection":[{"href":"https:\/\/neocatechumenaleiter.org\/it\/wp-json\/wp\/v2\/pages"}],"about":[{"href":"https:\/\/neocatechumenaleiter.org\/it\/wp-json\/wp\/v2\/types\/page"}],"author":[{"embeddable":true,"href":"https:\/\/neocatechumenaleiter.org\/it\/wp-json\/wp\/v2\/users\/2"}],"replies":[{"embeddable":true,"href":"https:\/\/neocatechumenaleiter.org\/it\/wp-json\/wp\/v2\/comments?post=4534"}],"version-history":[{"count":2,"href":"https:\/\/neocatechumenaleiter.org\/it\/wp-json\/wp\/v2\/pages\/4534\/revisions"}],"predecessor-version":[{"id":14642,"href":"https:\/\/neocatechumenaleiter.org\/it\/wp-json\/wp\/v2\/pages\/4534\/revisions\/14642"}],"up":[{"embeddable":true,"href":"https:\/\/neocatechumenaleiter.org\/it\/wp-json\/wp\/v2\/pages\/3717"}],"wp:attachment":[{"href":"https:\/\/neocatechumenaleiter.org\/it\/wp-json\/wp\/v2\/media?parent=4534"}],"curies":[{"name":"wp","href":"https:\/\/api.w.org\/{rel}","templated":true}]}}