{"id":4544,"date":"2020-03-01T02:55:09","date_gmt":"2020-03-01T01:55:09","guid":{"rendered":"https:\/\/neocatechumenaleiter.org\/discorsi-dei-papi\/s-giovanni-paolo-ii\/visita-del-papa-giovanni-paolo-ii-alla-parrocchia-di-san-giovanni-evangelista-a-spinaceto-18-xi-1979\/"},"modified":"2021-08-10T11:00:33","modified_gmt":"2021-08-10T10:00:33","slug":"visita-del-papa-giovanni-paolo-ii-alla-parrocchia-di-san-giovanni-evangelista-a-spinaceto-18-xi-1979","status":"publish","type":"page","link":"https:\/\/neocatechumenaleiter.org\/it\/discorsi-dei-papi\/s-giovanni-paolo-ii\/visita-del-papa-giovanni-paolo-ii-alla-parrocchia-di-san-giovanni-evangelista-a-spinaceto-18-xi-1979\/","title":{"rendered":"Visita del Papa Giovanni Paolo II alla Parrocchia di San Giovanni Evangelista a Spinaceto 18-XI-1979"},"content":{"rendered":"\n<h1 class=\"has-text-align-center wp-block-heading\">Visita alla Parrocchia di San Giovanni Evangelista a Spinaceto 18-XI-1979<\/h1>\n\n<div style=\"height:20px\" aria-hidden=\"true\" class=\"wp-block-spacer\"><\/div>\n\n<h4 class=\"has-text-align-center wp-block-heading\">S. Giovanni Paolo II<\/h4>\n\n<div style=\"height:20px\" aria-hidden=\"true\" class=\"wp-block-spacer\"><\/div>\n\n<p><strong>Roma, 18 novembre 1979 *<\/strong><\/p>\n\n<p><em>Particolarmente intenso il colloquio che il Santo Padre ha intrecciato con i rappresentanti dei gruppi Neocatecumenali che compiono il loro cammino di fede accanto alla gente di Spinaceto. Anche qui a San Giovanni Evangelista, come nella parrocchia di San Luca, visitata due domeniche fa dal Santo Padre, sono stati i Neocatecumeni della parrocchia dei Martiri Canadesi a introdurre il Cammino di fede. Una famiglia di catechisti itineranti, Giampiero Donnini con la moglie Anna e la figlia Debora, \u00e8 venuta a Spinaceto per aiutare questa comunit\u00e0 ancora in rodaggio a ripercorrere la strada del loro essere cristiani.<\/em>&#13;\n&#13;\n<em>Giampiero Donnini ha parlato al Papa a nome di tutti:<\/em><br\/><br\/>&#13;\n&#13;\nSanto Padre noi siamo veramente felici e ringrazio il Signore della Sua presenza qui perch\u00e9 queste comunit\u00e0, che stanno camminando dal 1974 in questa parrocchia, stanno aprendo un cammino di evangelizzazione, come lei ha detto nell\u2019Esortazione Apostolica <em>Catechesi Tradendae<\/em>. Stanno facendo un doppio servizio, all\u2019interno della parrocchia perch\u00e9 la parrocchia possa rinnovarsi per accogliere i lontani, per accogliere soprattutto i marxisti, gli atei, i drogati, gente che si trova, come ha detto stasera nell\u2019omelia, disperata, vuota, per la quale non ha senso la vita. Noi, Padre, stiamo riscoprendo che Ges\u00f9 Cristo \u00e8 vivo ed \u00e8 risorto: che Ges\u00f9 Cristo vivo e risorto si trova nella sua Chiesa, con il potere di vincere in noi la morte. Noi vediamo, Padre, dai nostri matrimoni, che il Signore ha veramente ricostruito dal nulla: noi eravamo divisi e il Signore ci ha dato modo di capire che la conversione, come lei ha ricordato ai Cardinali nel Suo discorso recentemente, \u00e8 l\u2019opera fondamentale della Chiesa: una conversione alla luce del Concilio Vaticano II. Ecco, Padre, noi stiamo lavorando per questo, aiutiamo questo parroco che ci ha chiamati nel 1974 per servire la parrocchia, non per un movimento, ma perch\u00e9 essa possa prepararsi ad accogliere i lontani, questa gente che non ha pi\u00f9 la speranza e che si domanda il perch\u00e9 della vita. Perch\u00e9 possano riscoprire cos\u00ec il loro Battesimo: perch\u00e9 possano vedere che non \u00e8 solo la registrazione anagrafica, ma \u00e8 la forza di Dio che ci rigenera a una nuova vita, la vita dei figli, come Lei pi\u00f9 volte ha detto, questo cambiamento di natura.<\/p>\n\n<p>Per noi, Padre, \u00e8 una gioia grande il documento che Lei ha pubblicato. Veramente ci \u00e8 sembrato un dono dello Spirito Santo. Tanto che i nostri catechisti \u2013 Kiko e Carmen \u2013 hanno pensato di chiederLe un\u2019udienza qui in Roma per i cinquemila catechisti per adulti, di cui ottocento della Sua diocesi, che stanno portando avanti nelle parrocchie questo rinnovamento, affinch\u00e9 l\u2019eco di questo documento possa giungere ai parroci, e non vada perduto, perch\u00e9 veramente noi vediamo che \u00e8 un dono che lo Spirito Santo fa alla sua Chiesa attraverso Lei.&#13;\n&#13;\nUn\u2019altra cosa, Padre. Noi ci troviamo, come Lei dice nell\u2019Esortazione Apostolica <em>Catechesi Tradendae<\/em>, in un servizio molto importante. La diocesi di Roma \u2013 parlo della Sua diocesi come Vescovo e ringraziamo il Cardinale Vicario, che \u00e8 qui \u2013 attualmente sta portando avanti questo rinnovamento: Dio ha suscitato le vocazioni itineranti. Sono pi\u00f9 di cento fra coppie di sposi con figli \u2013 anche Lei ne ha incontrati a S. Luca \u2013 presbiteri, giovani, ragazzi che stanno dedicando la loro vita al Vangelo in tutto il mondo, proprio per aiutare le parrocchie in questo rinnovamento. In questo momento \u00e8 importantissima la liturgia come momento di catechesi, di evangelizzazione, perch\u00e9 senza la liturgia l\u2019evangelizzazione rimane morta e la comunit\u00e0 non cresce. Come fa a crescere una Chiesa senza l\u2019Eucaristia? Come fa a crescere una Chiesa, se non c\u2019\u00e8 un momento in cui ci possiamo mettere di fronte a Ges\u00f9 Cristo, e fare Pasqua con lui? Avere cio\u00e8 la possibilit\u00e0 che Lui venga a sollevarmi dalla mia situazione di morte e di peccato, per portarmi al Padre. Ecco perch\u00e9 noi, Padre, avremmo bisogno di poter avere un\u2019udienza particolare \u2013 se Lei ce lo consente, diciamo i cinque che portano avanti questo cammino in Italia \u2013 per sottometterLe questa esperienza di evangelizzazione, per parteciparLe la gioia, per parteciparLe anche i problemi che s\u2019incontrano inevitabilmente, e proprio per poter godere della Sua comunione e della Sua benedizione.<\/p>\n\n<p><em>Dopo aver ringraziato per le parole rivoltegli da Giampiero Donnini, il Santo Padre ha voluto sottolineare il grande contenuto spirituale ed evangelico del lavoro svolto in questo senso nella parrocchia:<\/em><\/p>\n\n<div class=\"wp-block-image is-style-default\"><figure class=\"alignleft size-large\"><img loading=\"lazy\" decoding=\"async\" width=\"400\" height=\"319\" src=\"https:\/\/neocatechumenaleiter.org\/wp-content\/uploads\/2020\/03\/Camino_Neocatecumenal_Juan_Pablo_II_visita_parroquia_San_Juan_Evangelista_19791.jpg\" alt=\"\" class=\"wp-image-1312\" srcset=\"https:\/\/neocatechumenaleiter.org\/wp-content\/uploads\/2020\/03\/Camino_Neocatecumenal_Juan_Pablo_II_visita_parroquia_San_Juan_Evangelista_19791.jpg 400w, https:\/\/neocatechumenaleiter.org\/wp-content\/uploads\/2020\/03\/Camino_Neocatecumenal_Juan_Pablo_II_visita_parroquia_San_Juan_Evangelista_19791-300x239.jpg 300w\" sizes=\"auto, (max-width: 400px) 100vw, 400px\" \/><\/figure><\/div>\n\n<p>Io devo dirvi che qui sta un signore de L\u2019Osservatore Romano e ha scritto tutto quello che lei ha detto e adesso scriver\u00e0 tutto quello che io dir\u00f2 &#8230; e poi ci pubblicheranno ambedue e io penso che se pubblicheranno tutto sar\u00e0 anche, direi, un profitto, un successo perch\u00e9 cosa che lei ha detto \u00e8 giusta, \u00e8 buona, \u00e8 evangelica e ci d\u00e0 una consolazione a tutti noi, a me stesso d\u00e1 una consolazione perch\u00e9 dimostra, tutto quello che lei ha detto, che la Chiesa nella vostra parrocchia, e cos\u00ec anche in tutta Roma, la Chiesa romana, tramite le vostre comunit\u00e0, \u00e8 una Chiesa vivente, e non \u00e8 solamente una realt\u00e0 amministrativa, anche se di grandissime tradizioni, ma ha una realt\u00e0 vivente. Questa realt\u00e0 vivente si costituisce tramite ciascuno di noi quando \u00e8 illuminato con la grazia della fede. La fede: tanti possiedono la fede. Io penso che sono pochi nel mondo quelli che non hanno niente della fede. Qualche cosa hanno sempre. Ma ci sono i gradi dell\u2019intensit\u00e0 della fede, delle sue radici nella nostra personalit\u00e0. Allora dobbiamo far s\u00ec che queste radici della nostra fede, della nostra personalit\u00e0, della nostra coscienza, nella nostra anima siano sempre pi\u00f9 profonde. E cos\u00ec la fede, costruita in ciascuno di noi, cos\u00ec forte in ciascuno di noi, cos\u00ec consapevole, cos\u00ec personale, diventi poi apostolica. E penso che il senso vitale delle vostre Comunit\u00e0 Neocatecumenali \u00e8 tale.<\/p>\n\n<p><strong>\u00c8 bello anche il nome: neocatecumenale, Comunit\u00e0 Neocatecumenali. Perch\u00e9 quel nome ci fa pensare ai Catecumeni che si preparavano una volta al Battesimo <\/strong>e anche per lungo tempo, per mesi e anni, specialmente durante la quaresima. Poi, preparati cos\u00ec, ricevevano il Battesimo con grande fervore, con grandissima gioia. Sono quelle tradizioni della <em>domenica in Albis<\/em>, la <em>domenica bianca<\/em>. Indossavano le vesti catecumenali. Adesso questo ci manca in un certo senso perch\u00e9 i cristiani vengono battezzati piccoli, quando hanno una settimana, un mese, dipende dai genitori.&#13;\n&#13;\nManca un po\u2019 quella istituzione della Chiesa primitiva, cio\u00e8 quella della preparazione che ci impegna nel Battesimo. Il Battesimo diventa una cosa fatta, ma non una cosa maturata. Allora i Movimenti Neocatecumenali cercano di completare, di compiere un po&#8217; quello che ci manca. Uomini e donne come voi gi\u00e0 maturi, tornano indietro verso il momento del loro Battesimo e lo fanno per vivere di nuovo, preparare di nuovo ci\u00f2 che esiste gi\u00e0 in ognuno di noi. Noi siamo battezzati, la realt\u00e0 del Battesimo esiste in ognuno di noi, ma <strong>bisogna vedere di nuovo che cosa \u00e8 quel Battesimo<\/strong>, qual \u00e8 la sua vera dimensione soprannaturale, divina, sacramentale, con tutte le sue ricchezze e le sue conseguenze. <strong>Penso che sia una buona strada! Una buona strada!<\/strong>&#13;\n&#13;\nVoi inoltre lo fate nelle comunit\u00e0, lo vivete nelle comunit\u00e0.<\/p>\n\n<div class=\"wp-block-image is-style-default\"><figure class=\"alignright size-large\"><img loading=\"lazy\" decoding=\"async\" width=\"400\" height=\"325\" src=\"https:\/\/neocatechumenaleiter.org\/wp-content\/uploads\/2020\/03\/Camino_Neocatecumenal_Juan_Pablo_II_visita_parroquia_San_Juan_Evangelista_19792.jpg\" alt=\"\" class=\"wp-image-1319\" srcset=\"https:\/\/neocatechumenaleiter.org\/wp-content\/uploads\/2020\/03\/Camino_Neocatecumenal_Juan_Pablo_II_visita_parroquia_San_Juan_Evangelista_19792.jpg 400w, https:\/\/neocatechumenaleiter.org\/wp-content\/uploads\/2020\/03\/Camino_Neocatecumenal_Juan_Pablo_II_visita_parroquia_San_Juan_Evangelista_19792-300x244.jpg 300w\" sizes=\"auto, (max-width: 400px) 100vw, 400px\" \/><\/figure><\/div>\n\n<p>Non \u00e8 un processo solitario, \u00e8 un processo della comunit\u00e0, un processo d\u2019insieme. Vivete con la gioia di riscoprire il Battesimo, il suo vero significato, la sua piena realt\u00e0: insieme, insieme!&#13;\n&#13;\nE cos\u00ec lo spirito che anima ciascuno di noi si trasmette agli altri e c\u2019\u00e8 uno scambio delle esperienze, del fervore, della gioia. Ci\u00f2 si esprime&#13;\n&#13;\nanche nella preghiera, anche nei canti; queste comunit\u00e0 cantano, e come cantano!&#13;\n&#13;\nE poi certamente per una parrocchia una tale comunit\u00e0, un tale gruppo \u00e8 veramente un lievito, perch\u00e9 come lei ha detto, veramente ci sono tanti che sono venuti da lontano, ma anche tanti che vivono lontano, viventi nelle diverse ideologie, nelle diverse preoccupazioni.<\/p>\n\n<p>\u00c8 necessario che altri, consapevoli del significato del Battesimo, gli vivano accanto per orientarli a capire. Anche loro sono battezzati, in grandissima maggioranza. Non penso che ci fossero molti non battezzati in questa parrocchia. Ma una volta battezzati, quel Battesimo \u00e8 diventato pi\u00f9 o meno morto, \u00e8 come morto! Ci vogliono altri, conparrocchiani, che vengono e fanno rivivere quel Battesimo nei loro amici, nei loro vicini, ecc. Allora questo \u00e8 veramente lievito. E il lievito deve permeare la massa, come dice Cristo nel Vangelo.&#13;\n&#13;\nBene, pensiamo che pu\u00f2 scrivere tutto il nostro&#8230; lasciamolo scrivere su <em>L\u2019Osservatore Romano<\/em>. Bene, una benedizione con tutto il cuore: a ciascuno di voi, alle vostre famiglie e alle vostre comunit\u00e0.<\/p>\n\n<p><em>(*) Cfr. \u00abL&#8217;Osservatore Romano\u00bb, 19-20 novembre 1979, con integrazioni dalla registrazione.<\/em><\/p>\n","protected":false},"excerpt":{"rendered":"<p>Visita alla Parrocchia di San Giovanni Evangelista a Spinaceto 18-XI-1979 S. Giovanni Paolo II Roma, 18 novembre 1979 * Particolarmente intenso il colloquio che il Santo Padre ha intrecciato con i rappresentanti dei gruppi Neocatecumenali che compiono il loro cammino di fede accanto alla gente di Spinaceto. Anche qui a San Giovanni Evangelista, come nella parrocchia di San Luca, visitata due domeniche fa dal Santo Padre, sono stati i Neocatecumeni<\/p>\n<div class=\"read-more\"><a class=\"btn read-more-btn\" href=\"https:\/\/neocatechumenaleiter.org\/it\/discorsi-dei-papi\/s-giovanni-paolo-ii\/visita-del-papa-giovanni-paolo-ii-alla-parrocchia-di-san-giovanni-evangelista-a-spinaceto-18-xi-1979\/\">Leggi tutto<\/a><\/div>\n","protected":false},"author":2,"featured_media":0,"parent":3717,"menu_order":4,"comment_status":"closed","ping_status":"closed","template":"","meta":{"footnotes":""},"class_list":["post-4544","page","type-page","status-publish","hentry"],"_links":{"self":[{"href":"https:\/\/neocatechumenaleiter.org\/it\/wp-json\/wp\/v2\/pages\/4544","targetHints":{"allow":["GET"]}}],"collection":[{"href":"https:\/\/neocatechumenaleiter.org\/it\/wp-json\/wp\/v2\/pages"}],"about":[{"href":"https:\/\/neocatechumenaleiter.org\/it\/wp-json\/wp\/v2\/types\/page"}],"author":[{"embeddable":true,"href":"https:\/\/neocatechumenaleiter.org\/it\/wp-json\/wp\/v2\/users\/2"}],"replies":[{"embeddable":true,"href":"https:\/\/neocatechumenaleiter.org\/it\/wp-json\/wp\/v2\/comments?post=4544"}],"version-history":[{"count":8,"href":"https:\/\/neocatechumenaleiter.org\/it\/wp-json\/wp\/v2\/pages\/4544\/revisions"}],"predecessor-version":[{"id":14730,"href":"https:\/\/neocatechumenaleiter.org\/it\/wp-json\/wp\/v2\/pages\/4544\/revisions\/14730"}],"up":[{"embeddable":true,"href":"https:\/\/neocatechumenaleiter.org\/it\/wp-json\/wp\/v2\/pages\/3717"}],"wp:attachment":[{"href":"https:\/\/neocatechumenaleiter.org\/it\/wp-json\/wp\/v2\/media?parent=4544"}],"curies":[{"name":"wp","href":"https:\/\/api.w.org\/{rel}","templated":true}]}}