{"id":4568,"date":"2020-03-22T01:01:52","date_gmt":"2020-03-22T00:01:52","guid":{"rendered":"https:\/\/neocatechumenaleiter.org\/discorsi-dei-papi\/benedetto-xvi\/udienza-privata-agli-iniziatori-del-cammino-19-xi-2005\/"},"modified":"2020-06-14T03:10:25","modified_gmt":"2020-06-14T02:10:25","slug":"udienza-privata-agli-iniziatori-del-cammino-19-xi-2005","status":"publish","type":"page","link":"https:\/\/neocatechumenaleiter.org\/it\/discorsi-dei-papi\/benedetto-xvi\/udienza-privata-agli-iniziatori-del-cammino-19-xi-2005\/","title":{"rendered":"Udienza privata agli iniziatori del Cammino 19-XI-2005"},"content":{"rendered":"\n<h1 class=\"has-text-align-center wp-block-heading\">Udienza privata agli iniziatori del Cammino 19-XI-2005<\/h1>\n\n<div style=\"height:20px\" aria-hidden=\"true\" class=\"wp-block-spacer\"><\/div>\n\n<h4 class=\"has-text-align-center wp-block-heading\">Benedetto XVI<\/h4>\n\n<div style=\"height:20px\" aria-hidden=\"true\" class=\"wp-block-spacer\"><\/div>\n\n<p><strong>Citt\u00e0 del Vaticano, 19 novembre 2005<\/strong><\/p>\n\n<p><em>Il 19 novembre 2005 il Santo Padre, Benedetto XVI, ha ricevuto in udienza privata, per la prima volta gli Iniziatori del Cammino Neocatecumenale.<\/em><br\/><br\/><em>Kiko ha descritto l\u2019incontro in questo modo:<\/em><\/p>\n\n<p>\u00ab\u00c8 stato un incontro meraviglioso. Abbiamo chiesto un\u2019udienza al Papa, pur sapendo che \u00e8 difficilissimo, e ci \u00e8 stata concessa. Lo scorso maggio abbiamo fatto una convivenza con le famiglie, e ne abbiamo inviate 200. Abbiamo chiesto al Papa Benedetto XVI se poteva, come ha fatto Giovanni Paolo II inviando pi\u00f9 di 400 famiglie in tutto il mondo, consegnare il crocifisso a queste nuove famiglie e fare una foto con loro per mostrare, l\u00ec dove vanno, che sono cattoliche, perch\u00e9 andranno in ambienti molto difficili dell\u2019America e del Nord Europa. Ci hanno comunicato che il 12 gennaio il Papa \u00e8 lieto di inviare queste 200 famiglie a tutto il mondo. \u00c8 un incontro importantissimo! Sar\u00e0 la prima volta che il Papa Benedetto XVI dir\u00e0 una parola sul Cammino Neocatecumenale davanti a tutta la Chiesa. Stanno tutti aspettando.<\/p>\n\n<p>L&#8217;udienza privata che abbiamo avuto il 19 novembre \u00e8 stata bellissima: io ho parlato un po\u2019 del piano di evangelizzazione che avevamo presentato a Giovanni Paolo II, con una implantatio Ecclesiae con le famiglie in missione, un po\u2019 come faceva S. Benedetto; ho mostrato al Papa una mappa in cui si vedono i 27 seminari d\u2019Europa e dove sono le famiglie in missione\u2026 Bene, quando gi\u00e0 mancavano 5 minuti alla fine dell\u2019udienza, il Papa ha detto: \u201cVa bene, adesso parliamo della liturgia. Ieri ho parlato con il Card. Arinze e abbiamo concordato alcune cose\u201d. Ci ha detto che possiamo fare delle brevi monizioni alle letture, qualche risonanza alla Parola: 3 o 4, che chiaramente non si sostituiscano all\u2019omelia. La pace resta dove la facciamo; e per la comunione sotto le due specie possiamo continuare per un tempo a farla come l\u2019abbiamo fatta finora, poi si vedr\u00e0&#8230;\u00bb.<\/p>\n\n<div class=\"wp-block-image is-style-default\"><figure class=\"aligncenter size-large\"><img loading=\"lazy\" decoding=\"async\" width=\"614\" height=\"406\" src=\"https:\/\/neocatechumenaleiter.org\/wp-content\/uploads\/2020\/02\/Camino_Neocatecumenal_Benedicto_XVI_Kiko_Carmen_Mario_audiencia.jpg\" alt=\"\" class=\"wp-image-1099\" srcset=\"https:\/\/neocatechumenaleiter.org\/wp-content\/uploads\/2020\/02\/Camino_Neocatecumenal_Benedicto_XVI_Kiko_Carmen_Mario_audiencia.jpg 614w, https:\/\/neocatechumenaleiter.org\/wp-content\/uploads\/2020\/02\/Camino_Neocatecumenal_Benedicto_XVI_Kiko_Carmen_Mario_audiencia-300x198.jpg 300w\" sizes=\"auto, (max-width: 614px) 100vw, 614px\" \/><\/figure><\/div>\n","protected":false},"excerpt":{"rendered":"<p>Udienza privata agli iniziatori del Cammino 19-XI-2005 Benedetto XVI Citt\u00e0 del Vaticano, 19 novembre 2005 Il 19 novembre 2005 il Santo Padre, Benedetto XVI, ha ricevuto in udienza privata, per la prima volta gli Iniziatori del Cammino Neocatecumenale. Kiko ha descritto l\u2019incontro in questo modo: \u00ab\u00c8 stato un incontro meraviglioso. Abbiamo chiesto un\u2019udienza al Papa, pur sapendo che \u00e8 difficilissimo, e ci \u00e8 stata concessa. Lo scorso maggio abbiamo fatto<\/p>\n<div class=\"read-more\"><a class=\"btn read-more-btn\" href=\"https:\/\/neocatechumenaleiter.org\/it\/discorsi-dei-papi\/benedetto-xvi\/udienza-privata-agli-iniziatori-del-cammino-19-xi-2005\/\">Leggi tutto<\/a><\/div>\n","protected":false},"author":2,"featured_media":0,"parent":3174,"menu_order":0,"comment_status":"closed","ping_status":"closed","template":"","meta":{"footnotes":""},"class_list":["post-4568","page","type-page","status-publish","hentry"],"_links":{"self":[{"href":"https:\/\/neocatechumenaleiter.org\/it\/wp-json\/wp\/v2\/pages\/4568","targetHints":{"allow":["GET"]}}],"collection":[{"href":"https:\/\/neocatechumenaleiter.org\/it\/wp-json\/wp\/v2\/pages"}],"about":[{"href":"https:\/\/neocatechumenaleiter.org\/it\/wp-json\/wp\/v2\/types\/page"}],"author":[{"embeddable":true,"href":"https:\/\/neocatechumenaleiter.org\/it\/wp-json\/wp\/v2\/users\/2"}],"replies":[{"embeddable":true,"href":"https:\/\/neocatechumenaleiter.org\/it\/wp-json\/wp\/v2\/comments?post=4568"}],"version-history":[{"count":6,"href":"https:\/\/neocatechumenaleiter.org\/it\/wp-json\/wp\/v2\/pages\/4568\/revisions"}],"predecessor-version":[{"id":15844,"href":"https:\/\/neocatechumenaleiter.org\/it\/wp-json\/wp\/v2\/pages\/4568\/revisions\/15844"}],"up":[{"embeddable":true,"href":"https:\/\/neocatechumenaleiter.org\/it\/wp-json\/wp\/v2\/pages\/3174"}],"wp:attachment":[{"href":"https:\/\/neocatechumenaleiter.org\/it\/wp-json\/wp\/v2\/media?parent=4568"}],"curies":[{"name":"wp","href":"https:\/\/api.w.org\/{rel}","templated":true}]}}