{"id":4572,"date":"2020-02-29T04:17:59","date_gmt":"2020-02-29T03:17:59","guid":{"rendered":"https:\/\/neocatechumenaleiter.org\/discorsi-dei-papi\/francesco\/angelus-saluto-alle-comunita-neocatecumenali-di-roma-in-missione-nelle-piazze-7-iv-2013\/"},"modified":"2021-08-10T10:59:18","modified_gmt":"2021-08-10T09:59:18","slug":"angelus-saluto-alle-comunita-neocatecumenali-di-roma-in-missione-nelle-piazze-7-iv-2013","status":"publish","type":"page","link":"https:\/\/neocatechumenaleiter.org\/it\/discorsi-dei-papi\/francesco\/angelus-saluto-alle-comunita-neocatecumenali-di-roma-in-missione-nelle-piazze-7-iv-2013\/","title":{"rendered":"Angelus: saluto alle Comunit\u00e0 Neocatecumenali di Roma in missione nelle piazze 7-IV-2013"},"content":{"rendered":"\n<h1 class=\"has-text-align-center wp-block-heading\">Angelus: saluto alle Comunit\u00e0 Neocatecumenali di Roma in missione nelle piazze 7-IV-2013<\/h1>\n\n<div style=\"height:20px\" aria-hidden=\"true\" class=\"wp-block-spacer\"><\/div>\n\n<h4 class=\"has-text-align-center wp-block-heading\">Francesco<\/h4>\n\n<div style=\"height:20px\" aria-hidden=\"true\" class=\"wp-block-spacer\"><\/div>\n\n<p><strong>Saluto durante L\u2019\u201cAngelus\u201d alle Comunit\u00e0 Neocatecumenali&#13;\nin Missione nelle Piazze, Piazza San Pietro, 7 aprile 2013<\/strong><\/p>\n\n<p><em>Il santo Padre Francesco, dopo aver salutato i fedeli convenuti in Piazza San Pietro per la recita dell\u2019<\/em>Angelus, <em>cos\u00ec si \u00e8 rivolto alle Comunit\u00e0 Neocatecumenali che iniziano la missione in 100 piazze di Roma:<\/em>&#13;\n&#13;\n<em>\u00a0<\/em>&#8230; Sono lieto di salutare i numerosi membri di Movimenti e Associazioni presenti a questo nostro momento di preghiera, in particolare le Comunit\u00e0 Neocatecumenali di Roma, che iniziano oggi una speciale missione nelle piazze della Citt\u00e0. Invito tutti a portare la Buona Notizia, in ogni ambiente di vita, \u00abcon dolcezza e rispetto\u00bb (1 Pt 3,16)! Andate nelle piazze e annunciate Ges\u00f9 Cristo, il Nostro Salvatore&#8230;&#13;\n&#13;\n<em>(*) Cfr. \u00abL\u2019Osservatore Romano\u00bb, 8 aprile 2013.<\/em><\/p>\n\n<div class=\"wp-block-image is-style-default\"><figure class=\"aligncenter size-large\"><img loading=\"lazy\" decoding=\"async\" width=\"400\" height=\"274\" src=\"https:\/\/neocatechumenaleiter.org\/wp-content\/uploads\/2020\/02\/Camino_Neocatecumenal_Papa_Francisco_Kiko_Arguello_Carmen_Hernandez_Mario_Pezzi_audiencia.jpg\" alt=\"\" class=\"wp-image-998\" srcset=\"https:\/\/neocatechumenaleiter.org\/wp-content\/uploads\/2020\/02\/Camino_Neocatecumenal_Papa_Francisco_Kiko_Arguello_Carmen_Hernandez_Mario_Pezzi_audiencia.jpg 400w, https:\/\/neocatechumenaleiter.org\/wp-content\/uploads\/2020\/02\/Camino_Neocatecumenal_Papa_Francisco_Kiko_Arguello_Carmen_Hernandez_Mario_Pezzi_audiencia-300x206.jpg 300w\" sizes=\"auto, (max-width: 400px) 100vw, 400px\" \/><\/figure><\/div>\n","protected":false},"excerpt":{"rendered":"<p>Angelus: saluto alle Comunit\u00e0 Neocatecumenali di Roma in missione nelle piazze 7-IV-2013 Francesco Saluto durante L\u2019\u201cAngelus\u201d alle Comunit\u00e0 Neocatecumenali&#13; in Missione nelle Piazze, Piazza San Pietro, 7 aprile 2013 Il santo Padre Francesco, dopo aver salutato i fedeli convenuti in Piazza San Pietro per la recita dell\u2019Angelus, cos\u00ec si \u00e8 rivolto alle Comunit\u00e0 Neocatecumenali che iniziano la missione in 100 piazze di Roma:&#13; &#13; \u00a0&#8230; Sono lieto di salutare i<\/p>\n<div class=\"read-more\"><a class=\"btn read-more-btn\" href=\"https:\/\/neocatechumenaleiter.org\/it\/discorsi-dei-papi\/francesco\/angelus-saluto-alle-comunita-neocatecumenali-di-roma-in-missione-nelle-piazze-7-iv-2013\/\">Leggi tutto<\/a><\/div>\n","protected":false},"author":2,"featured_media":0,"parent":3721,"menu_order":0,"comment_status":"closed","ping_status":"closed","template":"","meta":{"footnotes":""},"class_list":["post-4572","page","type-page","status-publish","hentry"],"_links":{"self":[{"href":"https:\/\/neocatechumenaleiter.org\/it\/wp-json\/wp\/v2\/pages\/4572","targetHints":{"allow":["GET"]}}],"collection":[{"href":"https:\/\/neocatechumenaleiter.org\/it\/wp-json\/wp\/v2\/pages"}],"about":[{"href":"https:\/\/neocatechumenaleiter.org\/it\/wp-json\/wp\/v2\/types\/page"}],"author":[{"embeddable":true,"href":"https:\/\/neocatechumenaleiter.org\/it\/wp-json\/wp\/v2\/users\/2"}],"replies":[{"embeddable":true,"href":"https:\/\/neocatechumenaleiter.org\/it\/wp-json\/wp\/v2\/comments?post=4572"}],"version-history":[{"count":4,"href":"https:\/\/neocatechumenaleiter.org\/it\/wp-json\/wp\/v2\/pages\/4572\/revisions"}],"predecessor-version":[{"id":23940,"href":"https:\/\/neocatechumenaleiter.org\/it\/wp-json\/wp\/v2\/pages\/4572\/revisions\/23940"}],"up":[{"embeddable":true,"href":"https:\/\/neocatechumenaleiter.org\/it\/wp-json\/wp\/v2\/pages\/3721"}],"wp:attachment":[{"href":"https:\/\/neocatechumenaleiter.org\/it\/wp-json\/wp\/v2\/media?parent=4572"}],"curies":[{"name":"wp","href":"https:\/\/api.w.org\/{rel}","templated":true}]}}