{"id":4578,"date":"2020-02-29T04:22:16","date_gmt":"2020-02-29T03:22:16","guid":{"rendered":"https:\/\/neocatechumenaleiter.org\/discorsi-dei-papi\/francesco\/discorso-alle-comunita-del-cammino-neocatecumenale-1-ii-2014\/"},"modified":"2021-08-10T10:59:23","modified_gmt":"2021-08-10T09:59:23","slug":"discorso-alle-comunita-del-cammino-neocatecumenale-1-ii-2014","status":"publish","type":"page","link":"https:\/\/neocatechumenaleiter.org\/it\/discorsi-dei-papi\/francesco\/discorso-alle-comunita-del-cammino-neocatecumenale-1-ii-2014\/","title":{"rendered":"Discorso alle Comunit\u00e0 del Cammino Neocatecumenale 1-II-2014"},"content":{"rendered":"\n<h1 class=\"has-text-align-center wp-block-heading\">Discorso alle Comunit\u00e0 del Cammino Neocatecumenale 1-II-2014<\/h1>\n\n<div style=\"height:20px\" aria-hidden=\"true\" class=\"wp-block-spacer\"><\/div>\n\n<h4 class=\"has-text-align-center wp-block-heading\">Francesco<\/h4>\n\n<div style=\"height:20px\" aria-hidden=\"true\" class=\"wp-block-spacer\"><\/div>\n\n<p><em>Cari fratelli e sorelle,<\/em><\/p>\n\n<p>ringrazio il Signore per la gioia della vostra fede e per l\u2019ardore della vostra testimonianza cristiana, grazie a Dio! Vi saluto tutti cordialmente, ad iniziare dall\u2019\u00e9quipe responsabile internazionale del Cammino Neocatecumenale, insieme ai sacerdoti, ai seminaristi e ai catechisti. Un saluto pieno di affetto rivolgo ai bambini, presenti qui in gran numero. Il mio pensiero va in modo speciale alle famiglie, che si recheranno in diverse parti del mondo per annunciare e testimoniare il Vangelo. La Chiesa vi \u00e8 grata per la vostra generosit\u00e0! Vi ringrazio per tutto quello che fate nella Chiesa e nel mondo.<\/p>\n\n<p>E proprio a nome della Chiesa, nostra Madre \u2013 la nostra Santa Madre Chiesa, gerarchica come piaceva dire a Sant\u2019Ignazio di Loyola\u2013 a nome della Chiesa vorrei proporvi alcune semplici raccomandazioni. La prima \u00e8 quella di avere la massima cura per costruire e conservare la comunione all\u2019interno delle Chiese particolari nelle quali andrete ad operare. <strong>Il Cammino ha un proprio carisma, una propria dinamica, un dono che come tutti i doni dello Spirito ha una profonda dimensione ecclesiale; <\/strong>questo significa mettersi in ascolto della vita delle Chiese nelle quali i vostri responsabili vi inviano, a valorizzarne le ricchezze, a soffrire per le debolezze se necessario, e a camminare insieme, come unico gregge, sotto la guida dei Pastori delle Chiese locali. La comunione \u00e8 essenziale: a volte pu\u00f2 essere meglio rinunciare a vivere in tutti i dettagli ci\u00f2 che il vostro itinerario esigerebbe, pur di garantire l\u2019unit\u00e0 tra i fratelli che formano l\u2019unica comunit\u00e0 ecclesiale, della quale dovete sempre sentirvi parte.<\/p>\n\n<p>Un\u2019altra indicazione: dovunque andiate, vi far\u00e0 bene pensare che lo Spirito di Dio arriva sempre prima di noi. Questo \u00e8 importante: <strong>il Signore sempre ci precede! <\/strong>Pensate a Filippo, quando il Signore lo invia per quella strada dove incontra un amministratore seduto sul suo carro (cfr. At 8,27-28).&#13;\n&#13;\nLo Spirito \u00e8 arrivato prima: lui leggeva il profeta Isaia e non capiva, ma il cuore ardeva. Cos\u00ec, quando Filippo gli si avvicina, egli \u00e8 preparato per la catechesi e per il Battesimo. Lo Spirito sempre ci precede; Dio arriva sempre prima di noi! Anche nei posti pi\u00f9 lontani, anche nelle culture pi\u00f9 diverse, Dio sparge dovunque i semi del suo Verbo. Da qui scaturisce la necessit\u00e0 di una speciale <em>attenzione al contesto culturale <\/em>nel quale voi famiglie andrete ad differente da quello da cui provenite. Molti di voi faranno la fatica di imparare la lingua locale, a volte difficile, e questo sforzo \u00e8 apprezzabile. Tanto pi\u00f9 importante sar\u00e0 il vostro impegno ad \u201cimparare\u201d le culture che incontrerete, sapendo riconoscere il bisogno di operare: si tratta di un ambiente spesso molto differente Vangelo che \u00e8 presente ovunque, ma anche quell\u2019azione che lo Spirito Santo ha compiuto nella vita e nella storia di ogni popolo.<\/p>\n\n<p>E infine, vi esorto ad avere cura con amore gli uni degli altri, in particolar modo dei pi\u00f9 deboli.&#13;\n&#13;\nIl Cammino Neocatecumenale, in quanto itinerario di scoperta del proprio Battesimo, \u00e8 una strada esigente, lungo la quale un fratello o una sorella possono trovare delle difficolt\u00e0 impreviste. In questi casi l\u2019esercizio della pazienza e della misericordia da parte della comunit\u00e0 \u00e8 segno di maturit\u00e0 nella fede. La libert\u00e0 di ciascuno non deve essere forzata, e si deve rispettare anche la eventuale scelta di chi decidesse di cercare, fuori dal Cammino, altre forme di vita cristiana che lo aiutino a crescere nella risposta alla chiamata del Signore.<\/p>\n\n<p>Care famiglie, cari fratelli e sorelle, vi incoraggio a portare dovunque, anche negli ambienti pi\u00f9 scristianizzati, specialmente nelle periferie esistenziali, il Vangelo di Ges\u00f9 Cristo. Evangelizzate con amore, portate a tutti l\u2019amore di Dio. Dite a quanti incontrerete sulle strade della vostra missione che Dio ama l\u2019uomo cos\u00ec com\u2019\u00e8, anche con i suoi limiti, con i suoi sbagli, anche con i suoi peccati. Per questo ha inviato suo Figlio, perch\u00e9 Lui prendesse i nostri peccati su di s\u00e9. Siate messaggeri e testimoni dell\u2019infinita bont\u00e0 e dell\u2019inesauribile misericordia del Padre.<\/p>\n\n<p>Vi affido alla nostra Madre, Maria, affinch\u00e9 ispiri e sostenga sempre il vostro apostolato. Alla scuola di questa tenera Madre siate missionari zelanti e gioiosi.&#13;\nNon perdete la gioia, avanti!<\/p>\n","protected":false},"excerpt":{"rendered":"<p>Discorso alle Comunit\u00e0 del Cammino Neocatecumenale 1-II-2014 Francesco Cari fratelli e sorelle, ringrazio il Signore per la gioia della vostra fede e per l\u2019ardore della vostra testimonianza cristiana, grazie a Dio! Vi saluto tutti cordialmente, ad iniziare dall\u2019\u00e9quipe responsabile internazionale del Cammino Neocatecumenale, insieme ai sacerdoti, ai seminaristi e ai catechisti. Un saluto pieno di affetto rivolgo ai bambini, presenti qui in gran numero. Il mio pensiero va in modo<\/p>\n<div class=\"read-more\"><a class=\"btn read-more-btn\" href=\"https:\/\/neocatechumenaleiter.org\/it\/discorsi-dei-papi\/francesco\/discorso-alle-comunita-del-cammino-neocatecumenale-1-ii-2014\/\">Leggi tutto<\/a><\/div>\n","protected":false},"author":2,"featured_media":0,"parent":3721,"menu_order":1,"comment_status":"closed","ping_status":"closed","template":"","meta":{"footnotes":""},"class_list":["post-4578","page","type-page","status-publish","hentry"],"_links":{"self":[{"href":"https:\/\/neocatechumenaleiter.org\/it\/wp-json\/wp\/v2\/pages\/4578","targetHints":{"allow":["GET"]}}],"collection":[{"href":"https:\/\/neocatechumenaleiter.org\/it\/wp-json\/wp\/v2\/pages"}],"about":[{"href":"https:\/\/neocatechumenaleiter.org\/it\/wp-json\/wp\/v2\/types\/page"}],"author":[{"embeddable":true,"href":"https:\/\/neocatechumenaleiter.org\/it\/wp-json\/wp\/v2\/users\/2"}],"replies":[{"embeddable":true,"href":"https:\/\/neocatechumenaleiter.org\/it\/wp-json\/wp\/v2\/comments?post=4578"}],"version-history":[{"count":1,"href":"https:\/\/neocatechumenaleiter.org\/it\/wp-json\/wp\/v2\/pages\/4578\/revisions"}],"predecessor-version":[{"id":4579,"href":"https:\/\/neocatechumenaleiter.org\/it\/wp-json\/wp\/v2\/pages\/4578\/revisions\/4579"}],"up":[{"embeddable":true,"href":"https:\/\/neocatechumenaleiter.org\/it\/wp-json\/wp\/v2\/pages\/3721"}],"wp:attachment":[{"href":"https:\/\/neocatechumenaleiter.org\/it\/wp-json\/wp\/v2\/media?parent=4578"}],"curies":[{"name":"wp","href":"https:\/\/api.w.org\/{rel}","templated":true}]}}