{"id":4581,"date":"2020-03-22T03:04:31","date_gmt":"2020-03-22T02:04:31","guid":{"rendered":"https:\/\/neocatechumenaleiter.org\/discorsi-dei-papi\/francesco\/udienza-al-cammino-neocatecumenale-6-iii-2015\/"},"modified":"2020-04-26T19:42:27","modified_gmt":"2020-04-26T18:42:27","slug":"udienza-al-cammino-neocatecumenale-6-iii-2015","status":"publish","type":"page","link":"https:\/\/neocatechumenaleiter.org\/it\/discorsi-dei-papi\/francesco\/udienza-al-cammino-neocatecumenale-6-iii-2015\/","title":{"rendered":"Udienza al Cammino Neocatecumenale 6-III-2015"},"content":{"rendered":"\n<h1 class=\"has-text-align-center wp-block-heading\">Udienza al Cammino Neocatecumenale 6-III-2015<\/h1>\n\n<div style=\"height:20px\" aria-hidden=\"true\" class=\"wp-block-spacer\"><\/div>\n\n<h4 class=\"has-text-align-center wp-block-heading\">Francesco<\/h4>\n\n<div style=\"height:20px\" aria-hidden=\"true\" class=\"wp-block-spacer\"><\/div>\n\n<div class=\"wp-block-image is-style-default\"><figure class=\"alignleft size-large\"><img loading=\"lazy\" decoding=\"async\" width=\"400\" height=\"276\" src=\"https:\/\/neocatechumenaleiter.org\/wp-content\/uploads\/2020\/02\/Camino_Neocatecumenal_Papa_Francisco_Kiko_Arguello_audiencia1.jpg\" alt=\"\" class=\"wp-image-1014\" srcset=\"https:\/\/neocatechumenaleiter.org\/wp-content\/uploads\/2020\/02\/Camino_Neocatecumenal_Papa_Francisco_Kiko_Arguello_audiencia1.jpg 400w, https:\/\/neocatechumenaleiter.org\/wp-content\/uploads\/2020\/02\/Camino_Neocatecumenal_Papa_Francisco_Kiko_Arguello_audiencia1-300x207.jpg 300w\" sizes=\"auto, (max-width: 400px) 100vw, 400px\" \/><\/figure><\/div>\n\n<p><strong>Citt\u00e0 del Vaticano &#8211; Aula Paolo VI, 6 marzo 2015 <\/strong><\/p>\n\n<p>Cari fratelli e sorelle, buongiorno a tutti! E grazie, grazie tante per essere venuti a questo incontro. Il compito del Papa, il compito di Pietro, \u00e8 quello di confermare i fratelli nella fede. Cos\u00ec anche voi avete voluto con questo gesto chiedere al Successore di Pietro di confermare la vostra chiamata, di sostenere la vostra missione, di benedire il vostro carisma. <\/p>\n\n<p>E io oggi confermo la vostra chiamata, sostengo la vostra missione e benedico il vostro carisma. Lo faccio non perch\u00e9 lui [indica Kiko] mi ha pagato, no! Lo faccio perch\u00e9 voglio farlo. Andrete in nome di Cristo in tutto il mondo a portare il suo Vangelo: Cristo vi preceda, Cristo vi accompagni, Cristo porti a compimento quella salvezza di cui siete portatori!<\/p>\n\n<p> Insieme con voi saluto tutti i Cardinali e i Vescovi che vi accompagnano oggi e che nelle loro diocesi appoggiano la vostra missione. In particolare saluto gli iniziatori del Cammino Neocatecumenale, Kiko Arg\u00fcello e Carmen Hern\u00e1ndez, insieme a Padre Mario Pezzi: anche a loro esprimo il mio apprezzamento e il mio incoraggiamento per quanto, attraverso il Cammino, stanno facendo a beneficio della Chiesa. Io dico sempre che il Cammino Neocatecumenale fa un grande bene nella Chiesa.<\/p>\n\n<div class=\"wp-block-image is-style-circle-mask\"><figure class=\"alignleft size-large\"><img loading=\"lazy\" decoding=\"async\" width=\"400\" height=\"272\" src=\"https:\/\/neocatechumenaleiter.org\/wp-content\/uploads\/2020\/02\/Camino_Neocatecumenal_Papa_Francisco_Carmen_Hernandez_audiencia1.jpg\" alt=\"\" class=\"wp-image-1020\" srcset=\"https:\/\/neocatechumenaleiter.org\/wp-content\/uploads\/2020\/02\/Camino_Neocatecumenal_Papa_Francisco_Carmen_Hernandez_audiencia1.jpg 400w, https:\/\/neocatechumenaleiter.org\/wp-content\/uploads\/2020\/02\/Camino_Neocatecumenal_Papa_Francisco_Carmen_Hernandez_audiencia1-300x204.jpg 300w\" sizes=\"auto, (max-width: 400px) 100vw, 400px\" \/><\/figure><\/div>\n\n<p>Come ha detto Kiko, il nostro incontro odierno \u00e8 un <em>invio missionario<\/em>, in obbedienza a quanto Cristo ci ha chiesto e abbiamo sentito nel Vangelo. <strong>E sono particolarmente contento che questa vostra missione si svolga grazie a famiglie cristiane che, riunite in una comunit\u00e0, hanno la missione di dare i segni della fede che attirano gli uomini alla bellezza del Vangelo<\/strong>, secondo le parole di Cristo: \u201cAmatevi come io vi ho amato; da questo amore conosceranno che siete miei discepoli\u201d (cfr. Gv 13,34), e \u201csiate una cosa sola e il mondo creder\u00e0\u201d (cfr. Gv 17,21).<\/p>\n\n<div class=\"wp-block-image is-style-default\"><figure class=\"alignright size-large\"><img loading=\"lazy\" decoding=\"async\" width=\"400\" height=\"271\" src=\"https:\/\/neocatechumenaleiter.org\/wp-content\/uploads\/2020\/02\/Camino_Neocatecumenal_Audiencia_Papa_Francisco_envio_misionero.jpg\" alt=\"\" class=\"wp-image-1026\" srcset=\"https:\/\/neocatechumenaleiter.org\/wp-content\/uploads\/2020\/02\/Camino_Neocatecumenal_Audiencia_Papa_Francisco_envio_misionero.jpg 400w, https:\/\/neocatechumenaleiter.org\/wp-content\/uploads\/2020\/02\/Camino_Neocatecumenal_Audiencia_Papa_Francisco_envio_misionero-300x203.jpg 300w\" sizes=\"auto, (max-width: 400px) 100vw, 400px\" \/><\/figure><\/div>\n\n<p>Queste comunit\u00e0, chiamate dai Vescovi, sono formate da un presbitero e da quattro o cinque famiglie, con figli anche grandi, e costituiscono una \u201cmissio ad gentes\u201d, con un mandato per evangelizzare i non cristiani. I non cristiani che non hanno mai sentito parlare di Ges\u00f9 Cristo, e i tanti non cristiani che hanno dimenticato chi era Ges\u00f9 Cristo, chi \u00e8 Ges\u00f9 Cristo: non cristiani battezzati, ma ai quali la secolarizzazione, la mondanit\u00e0 e tante altre cose hanno fatto dimenticare la fede. Svegliate quella fede!<\/p>\n\n<p>Dunque, prima ancora che con la parola, \u00e8 con la vostra testimonianza di vita che manifestate il cuore della rivelazione di Cristo: che Dio ama l\u2019uomo fino a consegnarsi alla morte per lui e che \u00e8 stato risuscitato dal Padre per darci la grazia di donare la nostra vita agli altri. Di questo grande messaggio il mondo di oggi ha estremo bisogno. Quanta solitudine, quanta sofferenza, quanta lontananza da Dio in tante periferie dell\u2019Europa e dell\u2019America e in tante citt\u00e0 dell\u2019Asia! Quanto bisogno ha l\u2019uomo di oggi, in ogni latitudine, di sentire che Dio lo ama e che l\u2019amore \u00e8 possibile! Queste comunit\u00e0 cristiane, grazie a voi famiglie missionarie, hanno il compito essenziale di rendere visibile questo messaggio. E qual \u00e8 il messaggio? \u201cCristo \u00e8 risorto, Cristo vive! Cristo \u00e8 vivo tra noi!\u201d.<\/p>\n\n<div class=\"wp-block-image is-style-default\"><figure class=\"alignleft size-large\"><img loading=\"lazy\" decoding=\"async\" width=\"400\" height=\"277\" src=\"https:\/\/neocatechumenaleiter.org\/wp-content\/uploads\/2020\/02\/Camino_Neocatecumenal_Papa_Francisco_envio_familias.jpg\" alt=\"\" class=\"wp-image-1032\" srcset=\"https:\/\/neocatechumenaleiter.org\/wp-content\/uploads\/2020\/02\/Camino_Neocatecumenal_Papa_Francisco_envio_familias.jpg 400w, https:\/\/neocatechumenaleiter.org\/wp-content\/uploads\/2020\/02\/Camino_Neocatecumenal_Papa_Francisco_envio_familias-300x208.jpg 300w\" sizes=\"auto, (max-width: 400px) 100vw, 400px\" \/><\/figure><\/div>\n\n<p>Voi avete ricevuto la forza di lasciare tutto e di partire per terre lontane grazie a un cammino di iniziazione cristiana, vissuto in piccole comunit\u00e0, dove avete riscoperto le immense ricchezze del vostro Battesimo.&#13;\nQuesto \u00e8 il <em>Cammino Neocatecumenale<\/em>, un vero dono della Provvidenza alla Chiesa dei nostri tempi, come hanno gi\u00e0 affermato i miei Predecessori; soprattutto san Giovanni Paolo II quando vi ha detto:&#13;\n&#13;\n\u00abRiconosco il Cammino Neocatecumenale come un itinerario di formazione cattolica, valido per la societ\u00e0 e per i tempi odierni\u00bb (Epist. <em>Ogniqualvolta<\/em>, 30 agosto 1990: AAS 82 [1990], 1515).<\/p>\n\n<p>Il Cammino poggia su quelle tre dimensioni della Chiesa che sono la Parola, la Liturgia e la Comunit\u00e0.&#13;\n&#13;\nPerci\u00f2 l\u2019ascolto obbediente e costante della Parola di Dio; la celebrazione eucaristica in piccole comunit\u00e0 dopo i primi vespri della domenica, la celebrazione delle lodi in famiglia nel giorno di domenica con tutti i figli e la condivisione della propria fede con altri fratelli sono all\u2019origine dei tanti doni che il Signore ha elargito a voi, cos\u00ec come le numerose vocazioni al presbiterato e alla vita consacrata. <strong>Vedere tutto <\/strong><strong>questo \u00e8 una consolazione, perch\u00e9 conferma che lo Spirito di Dio \u00e8 vivo e operante nella sua Chiesa, anche oggi, e che risponde ai bisogni dell\u2019uomo moderno.<\/strong>&#13;\n&#13;\nIn diverse occasioni ho insistito sulla necessit\u00e0 che la Chiesa ha di passare da una pastorale di semplice conservazione a una pastorale decisamente missionaria (cfr Esort. ap. <em>Evangelii gaudium<\/em>, 15). Quante volte, nella Chiesa, abbiamo Ges\u00f9 dentro e non lo lasciamo uscire\u2026 Quante volte! Questa \u00e8 la cosa pi\u00f9 importante da fare se non vogliamo che le acque ristagnino nella Chiesa.<\/p>\n\n<div class=\"wp-block-image is-style-default\"><figure class=\"alignright size-large\"><img loading=\"lazy\" decoding=\"async\" width=\"400\" height=\"289\" src=\"https:\/\/neocatechumenaleiter.org\/wp-content\/uploads\/2020\/02\/Camino_Neocatecumenal_Papa_Francisco_Kiko_Carmen_Mario_audiencia_envio_misioneros.jpg\" alt=\"\" class=\"wp-image-1038\" srcset=\"https:\/\/neocatechumenaleiter.org\/wp-content\/uploads\/2020\/02\/Camino_Neocatecumenal_Papa_Francisco_Kiko_Carmen_Mario_audiencia_envio_misioneros.jpg 400w, https:\/\/neocatechumenaleiter.org\/wp-content\/uploads\/2020\/02\/Camino_Neocatecumenal_Papa_Francisco_Kiko_Carmen_Mario_audiencia_envio_misioneros-300x217.jpg 300w\" sizes=\"auto, (max-width: 400px) 100vw, 400px\" \/><\/figure><\/div>\n\n<p><strong>Il Cammino da anni sta realizzando queste \u201cmissio ad gentes\u201d in mezzo ai non cristiani<\/strong>, per una <em>implantatio Ecclesiae<\/em>, una nuova presenza di Chiesa, l\u00e0 dove la Chiesa non esiste o non \u00e8 pi\u00f9 in grado di raggiungere le persone. \u00abQuanta gioia ci date con la vostra presenza e con la vostra attivit\u00e0!\u00bb \u2013 vi ha detto il beato Papa Paolo VI nella prima udienza con voi (8 maggio 1974: <em>Insegnamenti di Paolo VI<\/em>, XII [1974], 407). Anch\u2019io faccio mie queste parole e vi incoraggio ad andare avanti, affidandovi alla Santa Vergine Maria che ha ispirato il Cammino Neocatecumenale. Lei intercede per voi davanti al suo Figlio divino.<\/p>\n\n<p>Carissimi, che il Signore vi accompagni. Andate, con la mia Benedizione! (*) Cfr. \u00abL\u2019Osservatore Romano\u00bb, 7 marzo 2015.<\/p>\n","protected":false},"excerpt":{"rendered":"<p>Udienza al Cammino Neocatecumenale 6-III-2015 Francesco Citt\u00e0 del Vaticano &#8211; Aula Paolo VI, 6 marzo 2015 Cari fratelli e sorelle, buongiorno a tutti! E grazie, grazie tante per essere venuti a questo incontro. Il compito del Papa, il compito di Pietro, \u00e8 quello di confermare i fratelli nella fede. Cos\u00ec anche voi avete voluto con questo gesto chiedere al Successore di Pietro di confermare la vostra chiamata, di sostenere la<\/p>\n<div class=\"read-more\"><a class=\"btn read-more-btn\" href=\"https:\/\/neocatechumenaleiter.org\/it\/discorsi-dei-papi\/francesco\/udienza-al-cammino-neocatecumenale-6-iii-2015\/\">Leggi tutto<\/a><\/div>\n","protected":false},"author":2,"featured_media":0,"parent":3721,"menu_order":3,"comment_status":"closed","ping_status":"closed","template":"","meta":{"footnotes":""},"class_list":["post-4581","page","type-page","status-publish","hentry"],"_links":{"self":[{"href":"https:\/\/neocatechumenaleiter.org\/it\/wp-json\/wp\/v2\/pages\/4581","targetHints":{"allow":["GET"]}}],"collection":[{"href":"https:\/\/neocatechumenaleiter.org\/it\/wp-json\/wp\/v2\/pages"}],"about":[{"href":"https:\/\/neocatechumenaleiter.org\/it\/wp-json\/wp\/v2\/types\/page"}],"author":[{"embeddable":true,"href":"https:\/\/neocatechumenaleiter.org\/it\/wp-json\/wp\/v2\/users\/2"}],"replies":[{"embeddable":true,"href":"https:\/\/neocatechumenaleiter.org\/it\/wp-json\/wp\/v2\/comments?post=4581"}],"version-history":[{"count":5,"href":"https:\/\/neocatechumenaleiter.org\/it\/wp-json\/wp\/v2\/pages\/4581\/revisions"}],"predecessor-version":[{"id":8665,"href":"https:\/\/neocatechumenaleiter.org\/it\/wp-json\/wp\/v2\/pages\/4581\/revisions\/8665"}],"up":[{"embeddable":true,"href":"https:\/\/neocatechumenaleiter.org\/it\/wp-json\/wp\/v2\/pages\/3721"}],"wp:attachment":[{"href":"https:\/\/neocatechumenaleiter.org\/it\/wp-json\/wp\/v2\/media?parent=4581"}],"curies":[{"name":"wp","href":"https:\/\/api.w.org\/{rel}","templated":true}]}}