{"id":4598,"date":"2020-03-22T03:35:16","date_gmt":"2020-03-22T02:35:16","guid":{"rendered":"https:\/\/neocatechumenaleiter.org\/discorsi-dei-papi\/francesco\/udienza-al-cammino-neocatecumenale-18-iii-2016\/"},"modified":"2020-04-26T19:06:12","modified_gmt":"2020-04-26T18:06:12","slug":"udienza-al-cammino-neocatecumenale-18-iii-2016","status":"publish","type":"page","link":"https:\/\/neocatechumenaleiter.org\/it\/discorsi-dei-papi\/francesco\/udienza-al-cammino-neocatecumenale-18-iii-2016\/","title":{"rendered":"Udienza al Cammino Neocatecumenale 18-III-2016"},"content":{"rendered":"\n<h1 class=\"has-text-align-center wp-block-heading\">Udienza al Cammino Neocatecumenale 18-III-2016<\/h1>\n\n<div style=\"height:20px\" aria-hidden=\"true\" class=\"wp-block-spacer\"><\/div>\n\n<h4 class=\"has-text-align-center wp-block-heading\">Francesco<\/h4>\n\n<div style=\"height:20px\" aria-hidden=\"true\" class=\"wp-block-spacer\"><\/div>\n\n<p>Cari fratelli e sorelle, buongiorno!<\/p>\n\n<p>Sono contento di incontrarvi e vi ringrazio, perch\u00e9 siete venuti cos\u00ec numerosi. Un saluto speciale a quelli che stanno per partire! Avete accolto la chiamata ad evangelizzare: benedico il Signore per questo, per il dono del Cammino e per il dono di ciascuno di voi. Vorrei sottolineare tre parole che il Vangelo vi ha appena consegnato, come un mandato per la missione: <em>unit\u00e0<\/em>, <em>gloria <\/em>e <em>mondo<\/em>.<\/p>\n\n<p><em>Unit\u00e0<\/em>. Ges\u00f9 prega il Padre perch\u00e9 i suoi siano \u00abperfetti nell\u2019unit\u00e0\u00bb (Gv 17,23): vuole che siano tra loro \u00abuna sola cosa\u00bb (v. 22), come Lui e il Padre. \u00c8 la sua ultima richiesta prima della Passione, la pi\u00f9 accorata: che ci sia comunione nella Chiesa. <strong>La comunione \u00e8 essenziale. <\/strong>Il nemico di Dio e dell\u2019uomo, il diavolo, non pu\u00f2 nulla contro il Vangelo, contro l\u2019umile forza della preghiera e dei Sacramenti, ma pu\u00f2 fare molto male alla Chiesa tentando la nostra umanit\u00e0. Provoca la presunzione, il giudizio sugli altri, le chiusure, le divisioni. Lui stesso \u00e8 \u201cil divisore\u201d e comincia spesso col farci credere che siamo buoni, magari migliori degli altri: cos\u00ec ha il terreno pronto per seminare zizzania. \u00c8 la tentazione di tutte le comunit\u00e0 e si pu\u00f2 insinuare anche nei carismi pi\u00f9 belli della Chiesa.<\/p>\n\n<p><strong>Voi <\/strong><strong>avete ricevuto <\/strong><strong>un grande carisma, per il rinnovamento battesimale della vita; <\/strong>infatti si entra nella Chiesa attraverso il Battesimo. Ogni carisma \u00e8 una grazia di Dio per accrescere la comunione. Ma il carisma pu\u00f2 deteriorarsi quando ci si chiude o ci si vanta, quando ci si vuole distinguere dagli altri. Perci\u00f2 bisogna custodirlo. <strong>Custodite il vostro carisma! <\/strong>Come? Seguendo la via maestra: l\u2019<em>unit\u00e0 umile <\/em>e <em>obbediente<\/em>. Se c\u2019\u00e8 questa, lo Spirito Santo continua a operare, come ha fatto in Maria, aperta, umile e obbediente. \u00c8 sempre necessario vigilare sul carisma, purificando gli eventuali eccessi umani mediante la ricerca dell\u2019unit\u00e0 con tutti e l\u2019obbedienza alla Chiesa. Cos\u00ec <em>si respira nella Chiesa e con la Chiesa<\/em>; cos\u00ec si rimane figli docili della \u00abSanta Madre Chiesa Gerarchica\u00bb, con \u00abl\u2019animo apparecchiato e pronto\u00bb per la missione (cfr S. Ignazio di Loyola, <em>Esercizi spirituali<\/em>, 353).<\/p>\n\n<p>Sottolineo questo aspetto: la Chiesa \u00e8 nostra Madre. Come i figli portano impressa nel volto la somiglianza con la mamma, cos\u00ec tutti noi assomigliamo alla nostra Madre, la Chiesa. <strong>Dopo <\/strong><strong>il Battesimo <\/strong>non viviamo pi\u00f9 come individui isolati, <strong>ma siamo diventati uomini e donne di comunione, chiamati ad essere operatori di comunione nel mondo. <\/strong>Perch\u00e9 Ges\u00f9 non solo <em>ha fondato la Chiesa per noi<\/em>, ma <em>ha fondato noi come Chiesa<\/em>. La Chiesa non \u00e8 uno strumento per noi: noi siamo Chiesa. Da lei siamo rinati, da lei veniamo nutriti con il Pane di vita, da lei riceviamo parole di vita, siamo perdonati e accompagnati a casa. Questa \u00e8 la fecondit\u00e0 della Chiesa, che \u00e8 Madre: non \u00e8 una organizzazione che cerca adepti, o un gruppo che va avanti seguendo la logica delle sue idee, ma \u00e8 una Madre che trasmette la vita ricevuta da Ges\u00f9.<\/p>\n\n<p>Questa fecondit\u00e0 si esprime attraverso il ministero e la guida dei Pastori. Anche l\u2019istituzione \u00e8 infatti un carisma, perch\u00e9 affonda le radici nella stessa sorgente, che \u00e8 lo Spirito Santo. Lui \u00e8 l\u2019acqua viva, ma l\u2019acqua pu\u00f2 continuare a dare vita solo se la pianta viene ben curata e potata. Dissetatevi alla fonte dell\u2019amore, lo Spirito, e prendetevi cura, con delicatezza e rispetto, dell\u2019intero organismo ecclesiale, specialmente delle parti pi\u00f9 fragili, perch\u00e9 cresca tutto insieme, armonioso e fecondo.<\/p>\n\n<p><em>Gloria. <\/em>Prima della sua Passione, Ges\u00f9 preannuncia che <strong>sar\u00e0 <\/strong><strong>\u00abglorificato\u00bb sulla croce: l\u00ec apparir\u00e0 la sua gloria <\/strong>(cfr. Gv 17,5). Ma \u00e8 una gloria nuova: la gloria mondana si manifesta quando si \u00e8 importanti, ammirati, quando si hanno beni e successo. Invece la gloria di Dio si rivela sulla croce: \u00e8 l\u2019amore, che l\u00ec risplende e si diffonde. \u00c8 una gloria paradossale: senza fragore, senza guadagno e senza applausi. Ma solo questa gloria rende il Vangelo fecondo. Cos\u00ec anche la Madre Chiesa \u00e8 feconda quando imita l\u2019amore misericordioso di Dio, che si propone e mai si impone. Esso \u00e8 umile, agisce come la pioggia nella terra, come l\u2019aria che si respira, come un piccolo seme che porta frutto nel silenzio. Chi annuncia l\u2019amore non pu\u00f2 che farlo con lo stesso stile di amore.<\/p>\n\n<p><em>Mondo. <\/em>\u00abDio ha tanto amato il mondo\u00bb da inviare Ges\u00f9 (cfr. Gv 3,16). Chi ama non sta lontano, ma va incontro. Voi andrete incontro a tante citt\u00e0, a tanti Paesi. <strong>Dio <\/strong>non \u00e8 attirato dalla mondanit\u00e0, anzi, la de- testa; ma <strong>ama il mondo <\/strong>che ha creato, e <strong>ama i suoi figli nel mondo <\/strong>cos\u00ec come sono, l\u00e0 dove vivono, anche se sono \u201clontani\u201d. Non sar\u00e0 facile per voi la vita in Paesi lontani, in altre culture, non vi sar\u00e0 facile. Ma \u00e8 la vostra missione. E questo lo fate per amore, per amore alla Madre Chiesa, all\u2019unit\u00e0 di questa madre feconda; lo fate perch\u00e9 la Chiesa sia madre e feconda. Mostrate ai figli lo sguardo tenero del Padre e considerate un dono le realt\u00e0 che incontrerete; familiarizzate con le culture, le lingue e gli usi locali, rispettandoli e riconoscendo i semi di grazia che lo Spirito ha gi\u00e0 sparso. Senza cedere alla tentazione di trapiantare modelli acquisiti, seminate il <em>primo annuncio<\/em>: \u00abci\u00f2 che \u00e8 pi\u00f9 bello, pi\u00f9 grande, pi\u00f9 attraente e allo stesso tempo pi\u00f9 necessario\u00bb (Esort. ap. <em>Evangelii gaudium<\/em>, 35). <strong>\u00c8 la buona notizia che deve sempre tornare<\/strong>, altrimenti la fede rischia di diventare una dottrina fredda e senza vita. Evangelizzare come famiglie, poi, vivendo l\u2019unit\u00e0 e la semplicit\u00e0, \u00e8 gi\u00e0 un annuncio di vita, una bella testimonianza, di cui vi ringrazio tanto. E vi ringrazio, a nome mio, ma anche a nome di tutta la Chiesa per questo gesto di andare, andare verso l\u2019ignoto e anche soffrire. Perch\u00e9 ci sar\u00e0 sofferenza, ma ci sar\u00e0 anche la gioia della gloria di Dio, la gloria che \u00e8 sulla Croce. Vi accompagno e vi incoraggio, e vi chiedo, per favore, di non dimenticarvi di pregare per me. Io rimango qui, ma col cuore vengo con voi.&#013;\n&#013;\n<em>(*) Cfr. \u201cL\u2019Osservatore Romano\u201d,19 marzo 2016<\/em><\/p>\n","protected":false},"excerpt":{"rendered":"<p>Udienza al Cammino Neocatecumenale 18-III-2016 Francesco Cari fratelli e sorelle, buongiorno! Sono contento di incontrarvi e vi ringrazio, perch\u00e9 siete venuti cos\u00ec numerosi. Un saluto speciale a quelli che stanno per partire! Avete accolto la chiamata ad evangelizzare: benedico il Signore per questo, per il dono del Cammino e per il dono di ciascuno di voi. Vorrei sottolineare tre parole che il Vangelo vi ha appena consegnato, come un mandato<\/p>\n<div class=\"read-more\"><a class=\"btn read-more-btn\" href=\"https:\/\/neocatechumenaleiter.org\/it\/discorsi-dei-papi\/francesco\/udienza-al-cammino-neocatecumenale-18-iii-2016\/\">Leggi tutto<\/a><\/div>\n","protected":false},"author":2,"featured_media":0,"parent":3721,"menu_order":4,"comment_status":"closed","ping_status":"closed","template":"","meta":{"footnotes":""},"class_list":["post-4598","page","type-page","status-publish","hentry"],"_links":{"self":[{"href":"https:\/\/neocatechumenaleiter.org\/it\/wp-json\/wp\/v2\/pages\/4598","targetHints":{"allow":["GET"]}}],"collection":[{"href":"https:\/\/neocatechumenaleiter.org\/it\/wp-json\/wp\/v2\/pages"}],"about":[{"href":"https:\/\/neocatechumenaleiter.org\/it\/wp-json\/wp\/v2\/types\/page"}],"author":[{"embeddable":true,"href":"https:\/\/neocatechumenaleiter.org\/it\/wp-json\/wp\/v2\/users\/2"}],"replies":[{"embeddable":true,"href":"https:\/\/neocatechumenaleiter.org\/it\/wp-json\/wp\/v2\/comments?post=4598"}],"version-history":[{"count":3,"href":"https:\/\/neocatechumenaleiter.org\/it\/wp-json\/wp\/v2\/pages\/4598\/revisions"}],"predecessor-version":[{"id":8659,"href":"https:\/\/neocatechumenaleiter.org\/it\/wp-json\/wp\/v2\/pages\/4598\/revisions\/8659"}],"up":[{"embeddable":true,"href":"https:\/\/neocatechumenaleiter.org\/it\/wp-json\/wp\/v2\/pages\/3721"}],"wp:attachment":[{"href":"https:\/\/neocatechumenaleiter.org\/it\/wp-json\/wp\/v2\/media?parent=4598"}],"curies":[{"name":"wp","href":"https:\/\/api.w.org\/{rel}","templated":true}]}}