{"id":4604,"date":"2020-03-22T16:28:54","date_gmt":"2020-03-22T15:28:54","guid":{"rendered":"https:\/\/neocatechumenaleiter.org\/discorsi-dei-papi\/francesco\/regina-coeli-in-piazza-san-pietro-grazie-per-il-vostro-lavoro-di-evangelizzazione-6-v-2018\/"},"modified":"2020-03-22T16:28:57","modified_gmt":"2020-03-22T15:28:57","slug":"regina-coeli-in-piazza-san-pietro-grazie-per-il-vostro-lavoro-di-evangelizzazione-6-v-2018","status":"publish","type":"page","link":"https:\/\/neocatechumenaleiter.org\/it\/discorsi-dei-papi\/francesco\/regina-coeli-in-piazza-san-pietro-grazie-per-il-vostro-lavoro-di-evangelizzazione-6-v-2018\/","title":{"rendered":"\u00abRegina Coeli\u00bb In Piazza San Pietro: \u201cGrazie Per Il Vostro Lavoro Di Evangelizzazione&#8221; 6-V-2018"},"content":{"rendered":"\n<h1 class=\"has-text-align-center wp-block-heading\">\u00abRegina Coeli\u00bb In Piazza San Pietro: \u201cGrazie Per Il Vostro Lavoro Di Evangelizzazione&#8221; 6-V-2018<\/h1>\n\n<div style=\"height:20px\" aria-hidden=\"true\" class=\"wp-block-spacer\"><\/div>\n\n<h4 class=\"has-text-align-center wp-block-heading\">Francesco<\/h4>\n\n<div style=\"height:20px\" aria-hidden=\"true\" class=\"wp-block-spacer\"><\/div>\n\n<p><strong><em>Piazza San Pietro &#8211; Roma, 6 maggio 2018<\/em><\/strong><\/p>\n\n<p>Cari fratelli e sorelle, buongiorno!<\/p>\n\n<p>In questo tempo pasquale la Parola di Dio continua a indicarci <i>stili di vita<\/i> coerenti per essere <i>la comunit\u00e0 del Risorto<\/i>. Tra questi, il Vangelo di oggi presenta la consegna di Ges\u00f9: \u00ab<i>Rimanete nel mio amore<\/i>\u00bb (<i>Gv<\/i> 15,9): rimanere nell\u2019amore di Ges\u00f9. Abitare nella corrente dell\u2019amore di Dio, prendervi stabile dimora, \u00e8 la condizione per far s\u00ec che il nostro amore non perda per strada il suo ardore e la sua audacia. Anche noi, come Ges\u00f9 e in Lui, dobbiamo accogliere con gratitudine l\u2019amore che viene dal Padre e rimanere in questo amore, cercando di non separarcene con l\u2019egoismo e con il peccato. E\u2019 un programma impegnativo ma non impossibile.<\/p>\n\n<p>Anzitutto \u00e8 importante prendere coscienza che l\u2019amore di Cristo non \u00e8 un sentimento superficiale, no, \u00e8 un atteggiamento fondamentale del cuore, che si manifesta nel vivere come Lui vuole. Ges\u00f9 infatti afferma: \u00abSe osserverete i miei comandamenti, rimarrete nel mio amore, come io ho osservato i comandamenti del Padre mio e rimango nel suo amore\u00bb (v. 10). L\u2019amore si realizza nella vita di ogni giorno, negli atteggiamenti, nelle azioni; altrimenti \u00e8 soltanto qualcosa di illusorio. Sono parole, parole, parole: quello non \u00e8 l\u2019amore. L\u2019amore \u00e8 concreto, ogni giorno. Ges\u00f9 ci chiede di osservare i suoi comandamenti, che si riassumono in questo: \u00abche vi amiate gli uni gli altri come io ho amato voi\u00bb (v. 12).<\/p>\n\n<p>Come fare perch\u00e9 questo amore che il Signore risorto ci dona possa essere condiviso dagli altri? Pi\u00f9 volte Ges\u00f9 ha indicato chi \u00e8 l\u2019altro da amare, non a parole ma con i fatti. \u00c8 colui che incontro sulla mia strada e che, con il suo volto e la sua storia, mi interpella; \u00e8 colui che, con la sua stessa presenza, mi spinge a uscire dai miei interessi e dalle mie sicurezze; \u00e8 colui che attende la mia disponibilit\u00e0 ad ascoltare e a fare un pezzo di strada insieme. Disponibilit\u00e0 verso ogni fratello e sorella, chiunque sia e in qualunque situazione si trovi, incominciando da chi mi \u00e8 vicino in famiglia, nella comunit\u00e0, al lavoro, a scuola\u2026 In questo modo, se io rimango unito a Ges\u00f9, il suo amore pu\u00f2 raggiungere l\u2019altro e attirarlo a s\u00e9, alla sua amicizia.&#13;\n&#13;\nE questo amore per gli altri non pu\u00f2 essere riservato a momenti eccezionali, ma deve diventare la costante della nostra esistenza. Ecco perch\u00e9 siamo chiamati, per esempio, a custodire gli anziani come un tesoro prezioso e con amore, anche se creano problemi economici e disagi, ma dobbiamo custodirli. Ecco perch\u00e9 ai malati, anche se nell\u2019ultimo stadio, dobbiamo dare tutta l\u2019assistenza possibile. Ecco perch\u00e9 i nascituri vanno sempre accolti; ecco perch\u00e9, in definitiva, la vita va sempre tutelata e amata dal concepimento al suo naturale tramonto. E questo \u00e8 amore.&#13;\n&#13;\nNoi siamo amati da Dio in Ges\u00f9 Cristo, che ci chiede di amarci come Lui ci ama. Ma questo non possiamo farlo se non abbiamo in noi il suo stesso Cuore.<\/p>\n\n<p>L\u2019Eucaristia, alla quale siamo chiamati a partecipare ogni domenica, ha lo scopo di formare in noi il Cuore di Cristo, cos\u00ec che tutta la nostra vita sia guidata dai suoi atteggiamenti generosi. La Vergine Maria ci aiuti a rimanere nell\u2019amore di Ges\u00f9 e a crescere nell\u2019amore verso tutti, specialmente i pi\u00f9 deboli, per corrispondere pienamente alla nostra vocazione cristiana.<\/p>\n\n<hr class=\"wp-block-separator\"\/>\n\n<p><b>Dopo il Regina Coeli:<\/b><\/p>\n\n<p>Cari fratelli e sorelle,<\/p>\n\n<p>ieri, ad Aquisgrana (Germania), \u00e8 stata proclamata Beata Chiara Fey, fondatrice delle Suore del Povero Bambino Ges\u00f9, vissuta nella seconda met\u00e0 del diciannovesimo secolo. Rendiamo grazie a Dio per questa zelante testimone del Vangelo, premurosa educatrice della giovent\u00f9 disagiata.<\/p>\n\n<p>Invito a pregare per la popolazione della Repubblica Centrafricana, Paese che ho avuto la gioia di visitare e che porto nel cuore, e dove nei giorni scorsi sono avvenute gravi violenze con numerosi morti e feriti, tra cui un sacerdote. Il Signore, per intercessione della Vergine Maria, aiuti tutti a dire no alla violenza e alla vendetta, per costruire insieme la pace.<\/p>\n\n<p>Saluto tutti voi, romani e pellegrini, in particolare quelli provenienti da Oviedo (Spagna), gli studenti di Vrbov\u00e9 (Slovacchia) e i chierichetti di Berna. Un saluto speciale va alle nuove Guardie Svizzere, ai loro familiari e amici, nel giorno della festa di questo storico e benemerito Corpo. Un applauso a loro!<\/p>\n\n<p>Saluto i rappresentanti dell\u2019Associazione <i>Meter<\/i>, che incoraggio a continuare nell\u2019impegno in favore dei bambini vittime della violenza; come pure i fedeli di Piacenza e Borgoricco e le atlete ginnaste di Castelfranco Emilia.&#13;\n&#13;\nHo sentito anche alcuni canti dei Neocatecumenali\u2026 Eccoli! Grazie! Grazie per il vostro lavoro di evangelizzazione. Siete dappertutto, grazie!<\/p>\n\n<p>Saluto anche tutti i detenuti della casa circondariale di Latina che sono in questo momento uniti a noi spiritualmente.<\/p>\n\n<p>A tutti auguro una buona domenica. E per favore non dimenticate di pregare per me. Buon pranzo e arrivederci!<\/p>\n","protected":false},"excerpt":{"rendered":"<p>\u00abRegina Coeli\u00bb In Piazza San Pietro: \u201cGrazie Per Il Vostro Lavoro Di Evangelizzazione&#8221; 6-V-2018 Francesco Piazza San Pietro &#8211; Roma, 6 maggio 2018 Cari fratelli e sorelle, buongiorno! In questo tempo pasquale la Parola di Dio continua a indicarci stili di vita coerenti per essere la comunit\u00e0 del Risorto. Tra questi, il Vangelo di oggi presenta la consegna di Ges\u00f9: \u00abRimanete nel mio amore\u00bb (Gv 15,9): rimanere nell\u2019amore di Ges\u00f9.<\/p>\n<div class=\"read-more\"><a class=\"btn read-more-btn\" href=\"https:\/\/neocatechumenaleiter.org\/it\/discorsi-dei-papi\/francesco\/regina-coeli-in-piazza-san-pietro-grazie-per-il-vostro-lavoro-di-evangelizzazione-6-v-2018\/\">Leggi tutto<\/a><\/div>\n","protected":false},"author":2,"featured_media":0,"parent":3721,"menu_order":7,"comment_status":"closed","ping_status":"closed","template":"","meta":{"footnotes":""},"class_list":["post-4604","page","type-page","status-publish","hentry"],"_links":{"self":[{"href":"https:\/\/neocatechumenaleiter.org\/it\/wp-json\/wp\/v2\/pages\/4604","targetHints":{"allow":["GET"]}}],"collection":[{"href":"https:\/\/neocatechumenaleiter.org\/it\/wp-json\/wp\/v2\/pages"}],"about":[{"href":"https:\/\/neocatechumenaleiter.org\/it\/wp-json\/wp\/v2\/types\/page"}],"author":[{"embeddable":true,"href":"https:\/\/neocatechumenaleiter.org\/it\/wp-json\/wp\/v2\/users\/2"}],"replies":[{"embeddable":true,"href":"https:\/\/neocatechumenaleiter.org\/it\/wp-json\/wp\/v2\/comments?post=4604"}],"version-history":[{"count":3,"href":"https:\/\/neocatechumenaleiter.org\/it\/wp-json\/wp\/v2\/pages\/4604\/revisions"}],"predecessor-version":[{"id":4607,"href":"https:\/\/neocatechumenaleiter.org\/it\/wp-json\/wp\/v2\/pages\/4604\/revisions\/4607"}],"up":[{"embeddable":true,"href":"https:\/\/neocatechumenaleiter.org\/it\/wp-json\/wp\/v2\/pages\/3721"}],"wp:attachment":[{"href":"https:\/\/neocatechumenaleiter.org\/it\/wp-json\/wp\/v2\/media?parent=4604"}],"curies":[{"name":"wp","href":"https:\/\/api.w.org\/{rel}","templated":true}]}}