{"id":4608,"date":"2020-02-29T04:25:36","date_gmt":"2020-02-29T03:25:36","guid":{"rendered":"https:\/\/neocatechumenaleiter.org\/discorsi-dei-papi\/francesco\/regina-coeli-papa-francisco-11-v-2014\/"},"modified":"2020-03-22T16:35:38","modified_gmt":"2020-03-22T15:35:38","slug":"regina-coeli-papa-francisco-11-v-2014","status":"publish","type":"page","link":"https:\/\/neocatechumenaleiter.org\/it\/discorsi-dei-papi\/francesco\/regina-coeli-papa-francisco-11-v-2014\/","title":{"rendered":"\u00abRegina Coeli\u00bb Papa Francesco 11-V-2014"},"content":{"rendered":"\n<h1 class=\"has-text-align-center wp-block-heading\">\u00abRegina Coeli\u00bb Papa Francesco 11-V-2014<\/h1>\n\n<div style=\"height:20px\" aria-hidden=\"true\" class=\"wp-block-spacer\"><\/div>\n\n<h4 class=\"has-text-align-center wp-block-heading\">Francesco<\/h4>\n\n<div style=\"height:20px\" aria-hidden=\"true\" class=\"wp-block-spacer\"><\/div>\n\n<p>Cari fratelli e sorelle, buongiorno!<\/p>\n\n<p>L\u2019evangelista Giovanni ci presenta, in questa IV domenica del tempo pasquale, l\u2019immagine di Ges\u00f9 Buon Pastore. Contemplando questa pagina del Vangelo, possiamo comprendere il tipo di rapporto che Ges\u00f9 aveva con i suoi discepoli: un rapporto basato sulla tenerezza, sull\u2019amore, sulla reciproca conoscenza e sulla promessa di un dono incommensurabile: \u00abIo sono venuto \u2013 dice Ges\u00f9 \u2013 perch\u00e9 abbiano la vita e l\u2019abbiano in abbondanza\u00bb (<i>Gv<\/i> 10,10). Tale rapporto \u00e8 il modello delle relazioni tra i cristiani e delle relazioni umane.<\/p>\n\n<p>Molti anche oggi, come ai tempi di Ges\u00f9, si propongono come \u201cpastori\u201d delle nostre esistenze; ma solo il Risorto \u00e8 il vero Pastore, che ci d\u00e0 la vita in abbondanza. Invito tutti ad avere fiducia nel Signore che ci guida. Ma non solo ci guida: egli ci accompagna, cammina con noi. Ascoltiamo con mente e cuore aperti la sua Parola, per alimentare la nostra fede, illuminare la nostra coscienza e seguire gli insegnamenti del Vangelo.<\/p>\n\n<p>In questa domenica preghiamo per i Pastori della Chiesa, per tutti i Vescovi, compreso il Vescovo di Roma, per tutti i sacerdoti, per tutti! In particolare preghiamo per i nuovi sacerdoti della Diocesi di Roma, che ho ordinato poco fa, nella Basilica di San Pietro. Un saluto a questi 13 sacerdoti!  Il Signore aiuti noi pastori ad essere sempre fedeli al Maestro e guide sagge e illuminate del popolo di Dio a noi affidato. Anche a voi, per favore, chiedo di aiutarci: aiutarci ad essere buoni pastori. Una volta ho letto una cosa bellissima di come il popolo di Dio aiuta i vescovi e i sacerdoti ad essere buoni pastori. E\u2019 uno scritto di San Cesario di Arles, un padre dei primi secoli della Chiesa. Lui spiegava come il popolo di Dio deve aiutare il pastore, e faceva questo esempio: quando il vitellino ha fame va dalla mucca, dalla madre, a prendere il latte. La mucca, per\u00f2, non lo d\u00e0 subito: sembra che se lo trattenga per s\u00e9. E cosa fa il vitellino? Bussa col suo naso alla mammella della mucca, perch\u00e9 venga il latte. E\u2019 bella l\u2019immagine! \u201cCos\u00ec voi \u2013 dice questo santo \u2013 dovete essere con i pastori: bussare sempre alla loro porta, al loro cuore, perch\u00e9 vi diano il latte della dottrina, il latte della grazia e il latte della guida\u201d. E vi chiedo, per favore, di importunare i pastori, di disturbare i pastori, tutti noi pastori, perch\u00e9 possiamo dare a voi il latte della grazia, della dottrina e della guida. Importunare! Pensate a quella bella immagine del vitellino, come importuna la mamma perch\u00e9 gli dia da mangiare.<\/p>\n\n<p>Ad imitazione di Ges\u00f9, ogni Pastore \u00aba volte si porr\u00e0 davanti per indicare la strada e sostenere la speranza del popolo \u2013 il pastore deve essere avanti a volte \u2013 altre volte star\u00e0 semplicemente in mezzo a tutti con la sua vicinanza semplice e misericordiosa, e in alcune circostanze dovr\u00e0 camminare dietro al popolo, per aiutare coloro che sono rimasti indietro\u00bb (Esort. ap. <a href=\"http:\/\/w2.vatican.va\/content\/francesco\/it\/apost_exhortations\/documents\/papa-francesco_esortazione-ap_20131124_evangelii-gaudium.html#II._Pastorale_in_conversione\"> <i>Evangelii gaudium<\/i>, 31<\/a>). Che tutti i Pastori siano cos\u00ec! Ma voi importunate i pastori, perch\u00e9 diano la guida della dottrina e della grazia.<\/p>\n\n<p>In questa domenica ricorre la <i>Giornata mondiale di preghiera per le vocazioni<\/i>. Nel <a href=\"http:\/\/w2.vatican.va\/content\/francesco\/it\/messages\/vocations\/documents\/papa-francesco_20140115_51-messaggio-giornata-mondiale-vocazioni.html\"> <i>Messaggio<\/i> di quest\u2019anno<\/a> ho ricordato che \u00abogni vocazione richiede in ogni caso un esodo da s\u00e9 stessi per centrare la propria esistenza su Cristo e sul suo Vangelo\u00bb (n. 2). Per questo la chiamata a seguire Ges\u00f9 \u00e8 nello stesso tempo entusiasmante e impegnativa. Perch\u00e9 si realizzi, \u00e8 necessario sempre entrare in profonda amicizia con il Signore per poter vivere di Lui e per Lui.<\/p>\n\n<p>Preghiamo perch\u00e9 anche in questo tempo, tanti giovani sentano la voce del Signore, che ha sempre il rischio di venire come soffocata da tante altre voci. Preghiamo per i giovani: forse qui in Piazza c\u2019\u00e8 qualcuno che sente questa voce del Signore che lo chiama al sacerdozio; preghiamo per lui, se \u00e8 qui, e per tutti i giovani che sono chiamati.<\/p>\n\n<hr class=\"wp-block-separator\"\/>\n\n<p><b>Dopo il Regina Coeli:<\/b><\/p>\n\n<p><em>Cari fratelli e sorelle,<\/em><\/p>\n\n<p>saluto tutti voi, famiglie, gruppi parrocchiali, associazioni e singoli fedeli provenienti dall\u2019Italia e da tanti Paesi, in particolare quelli delle diocesi di Campo Grande e Dourados (Brasile), di New York, di Las Palmas (Canarie), e gli studenti di Miranda Do Corvo in Portogallo e i ragazzi della scuola \u201cCuore di Maria\u201d, nel quartiere Alta Cordoba, Argentina.<\/p>\n\n<p>Saluto le Comunit\u00e0 Neocatecumenali che in queste domeniche del tempo di Pasqua portano l\u2019annuncio di Ges\u00f9 risorto in 100 piazze di Roma e in tante citt\u00e0 del mondo. Il Signore vi doni la gioia del Vangelo! E andate avanti, voi, che siete bravi! <\/p>\n\n<p>Una benedizione speciale per i bambini e i ragazzi che hanno ricevuto o stanno per ricevere la Prima Comunione e la Cresima. E anche per i familiari e gli amici dei nuovi sacerdoti della diocesi di Roma che ho ordinato questa mattina. <\/p>\n\n<p>Saluto il Corpo Forestale dello Stato, che organizza la festa nazionale delle Riserve Naturali; e i soci della \u201cGiovane Montagna\u201d, giunti a Roma lungo la Via Francigena; il Network Italiano di Cure di Supporto in Oncologia, incoraggiando il loro impegno con gli ammalati e i familiari; la Protezione Civile Viggi\u00f9-Clivio; i motociclisti di San Marino e dell\u2019Abruzzo. &#13;\n&#13;\nE oggi vi invito a dedicare un bel ricordo e una preghiera a tutte le mamme. Salutiamo le mamme! Affidandole alla mamma di Ges\u00f9, preghiamo la Madonna per le nostre mamme e per tutte le mamme: \u201cAve Maria\u2026.\u201d. <\/p>\n\n<p>Un grande saluto alle mamme: un grande saluto! <\/p>\n\n<p>Buona domenica a tutti! Buon pranzo e arrivederci!<\/p>\n","protected":false},"excerpt":{"rendered":"<p>\u00abRegina Coeli\u00bb Papa Francesco 11-V-2014 Francesco Cari fratelli e sorelle, buongiorno! L\u2019evangelista Giovanni ci presenta, in questa IV domenica del tempo pasquale, l\u2019immagine di Ges\u00f9 Buon Pastore. Contemplando questa pagina del Vangelo, possiamo comprendere il tipo di rapporto che Ges\u00f9 aveva con i suoi discepoli: un rapporto basato sulla tenerezza, sull\u2019amore, sulla reciproca conoscenza e sulla promessa di un dono incommensurabile: \u00abIo sono venuto \u2013 dice Ges\u00f9 \u2013 perch\u00e9 abbiano<\/p>\n<div class=\"read-more\"><a class=\"btn read-more-btn\" href=\"https:\/\/neocatechumenaleiter.org\/it\/discorsi-dei-papi\/francesco\/regina-coeli-papa-francisco-11-v-2014\/\">Leggi tutto<\/a><\/div>\n","protected":false},"author":2,"featured_media":0,"parent":3721,"menu_order":2,"comment_status":"closed","ping_status":"closed","template":"","meta":{"footnotes":""},"class_list":["post-4608","page","type-page","status-publish","hentry"],"_links":{"self":[{"href":"https:\/\/neocatechumenaleiter.org\/it\/wp-json\/wp\/v2\/pages\/4608","targetHints":{"allow":["GET"]}}],"collection":[{"href":"https:\/\/neocatechumenaleiter.org\/it\/wp-json\/wp\/v2\/pages"}],"about":[{"href":"https:\/\/neocatechumenaleiter.org\/it\/wp-json\/wp\/v2\/types\/page"}],"author":[{"embeddable":true,"href":"https:\/\/neocatechumenaleiter.org\/it\/wp-json\/wp\/v2\/users\/2"}],"replies":[{"embeddable":true,"href":"https:\/\/neocatechumenaleiter.org\/it\/wp-json\/wp\/v2\/comments?post=4608"}],"version-history":[{"count":5,"href":"https:\/\/neocatechumenaleiter.org\/it\/wp-json\/wp\/v2\/pages\/4608\/revisions"}],"predecessor-version":[{"id":4613,"href":"https:\/\/neocatechumenaleiter.org\/it\/wp-json\/wp\/v2\/pages\/4608\/revisions\/4613"}],"up":[{"embeddable":true,"href":"https:\/\/neocatechumenaleiter.org\/it\/wp-json\/wp\/v2\/pages\/3721"}],"wp:attachment":[{"href":"https:\/\/neocatechumenaleiter.org\/it\/wp-json\/wp\/v2\/media?parent=4608"}],"curies":[{"name":"wp","href":"https:\/\/api.w.org\/{rel}","templated":true}]}}