{"id":4623,"date":"2020-03-22T19:52:18","date_gmt":"2020-03-22T18:52:18","guid":{"rendered":"https:\/\/neocatechumenaleiter.org\/discorsi-dei-papi\/benedetto-xvi\/discorso-del-papa-benedetto-xvi-al-cammino-neocatecumenale-12-i-2006\/"},"modified":"2020-06-13T14:29:29","modified_gmt":"2020-06-13T13:29:29","slug":"discorso-del-papa-benedetto-xvi-al-cammino-neocatecumenale-12-i-2006","status":"publish","type":"page","link":"https:\/\/neocatechumenaleiter.org\/it\/discorsi-dei-papi\/benedetto-xvi\/discorso-del-papa-benedetto-xvi-al-cammino-neocatecumenale-12-i-2006\/","title":{"rendered":"Discorso del Papa Benedetto XVI al Cammino Neocatecumenale 12-I-2006"},"content":{"rendered":"\n<h1 class=\"has-text-align-center wp-block-heading\">Discorso del Papa Benedetto XVI al Cammino Neocatecumenale 12-I-2006<\/h1>\n\n<div style=\"height:20px\" aria-hidden=\"true\" class=\"wp-block-spacer\"><\/div>\n\n<h4 class=\"has-text-align-center wp-block-heading\">Benedetto XVI<\/h4>\n\n<div style=\"height:20px\" aria-hidden=\"true\" class=\"wp-block-spacer\"><\/div>\n\n<p><strong>Citt\u00e0 del Vaticano &#8211; Aula Paolo VI, 12 gennaio 2006 *<\/strong><\/p>\n\n<p><em>\u00ab<\/em><strong>Grazie all\u2019adesione fedele ad ogni direttiva della Chiesa voi renderete ancor pi\u00f9 efficace il vostro apostolato<\/strong><em>\u00bb: \u00e8 l\u2019esortazione rivolta da Benedetto XVI al Cammino Neocatecumenale in occasione dell\u2019udienza svoltasi nella mattina di gioved\u00ec 12 gennaio, nell\u2019Aula Paolo VI.<\/em>&#13;\n&#13;\n<em>\u00a0<\/em><em>Questo \u00e8 il testo del discorso pronunciato dal Santo Padre:<\/em><\/p>\n\n<p><p align=\"left\"><i>Cari fratelli e sorelle! <\/i><\/p>&#13;\n<p align=\"left\">Grazie di cuore per questa vostra visita, che mi offre l&#8217;opportunit\u00e0 di inviare uno speciale saluto anche agli altri membri del Cammino Neocatecumenale disseminato in tante parti del mondo. Rivolgo il mio pensiero a ciascuno dei presenti, ad iniziare dai venerati Cardinali, Vescovi e sacerdoti. Saluto i responsabili del Cammino Neocatecumenale: il Signor Kiko Arg\u00fcello, che ringrazio per le parole che mi ha indirizzato a vostro nome, la Signora Carmen Hern\u00e1ndez e Padre Mario Pezzi. Saluto i seminaristi, i giovani e specialmente le famiglie che si apprestano a ricevere uno speciale &#8220;invio&#8221; missionario per recarsi in varie nazioni, soprattutto in America Latina.<\/p><\/p>\n\n<div class=\"wp-block-image is-style-default\"><figure class=\"alignleft size-large\"><img loading=\"lazy\" decoding=\"async\" width=\"400\" height=\"266\" src=\"https:\/\/neocatechumenaleiter.org\/wp-content\/uploads\/2020\/02\/Camino_Neocatecumenal_Audiencia_Papa_Benedicto_XVI_2006.jpg\" alt=\"\" class=\"wp-image-1110\" srcset=\"https:\/\/neocatechumenaleiter.org\/wp-content\/uploads\/2020\/02\/Camino_Neocatecumenal_Audiencia_Papa_Benedicto_XVI_2006.jpg 400w, https:\/\/neocatechumenaleiter.org\/wp-content\/uploads\/2020\/02\/Camino_Neocatecumenal_Audiencia_Papa_Benedicto_XVI_2006-300x200.jpg 300w\" sizes=\"auto, (max-width: 400px) 100vw, 400px\" \/><\/figure><\/div>\n\n<p>\u00c8 un compito, questo, che si colloca nel contesto della nuova evangelizzazione, nella quale gioca un ruolo quanto mai importante proprio la famiglia. Voi avete chiesto che a conferirlo fosse il Successore di Pietro, come gi\u00e0 avvenne con il mio venerato Predecessore Giovanni Paolo II il 12 dicembre del 1994, perch\u00e9 la vostra azione apostolica intende collocarsi nel cuore della Chiesa, in totale sintonia con le sue direttive e in comunione con le Chiese particolari in cui andrete ad operare, valorizzando appieno la ricchezza dei carismi che il Signore ha suscitato attraverso gli iniziatori del Cammino. Care famiglie, il crocifisso che riceverete sar\u00e0 vostro inseparabile compagno di cammino, mentre proclamerete con la vostra azione missionaria che solo in Ges\u00f9 Cristo, morto e risorto, c&#8217;\u00e8 salvezza. Di Lui sarete testimoni miti e gioiosi percorrendo in semplicit\u00e0 e povert\u00e0 le strade d&#8217;ogni continente, sostenuti da incessante preghiera ed ascolto della parola di Dio e nutriti dalla partecipazione alla vita liturgica delle Chiese particolari a cui siete inviati. <\/p>\n\n<p>L&#8217;importanza della liturgia e, in particolare, della Santa Messa nell&#8217;evangelizzazione \u00e8 stata a pi\u00f9 riprese posta in evidenza dai miei Predecessori, e la vostra lunga esperienza pu\u00f2 bene confermare come la centralit\u00e0 del mistero di Cristo celebrato nei riti liturgici costituisce una via privilegiata e indispensabile per costruire comunit\u00e0 cristiane vive e perseveranti. Proprio per aiutare il Cammino Neocatecumenale a rendere ancor pi\u00f9 incisiva la propria azione evangelizzatrice in comunione con tutto il Popolo di Dio, di recente la Congregazione per il Culto Divino e la Disciplina dei Sacramenti vi ha impartito a mio nome alcune norme concernenti la Celebrazione eucaristica, dopo il periodo di esperienza che aveva concesso il Servo di Dio Giovanni Paolo II. Sono certo che queste norme, che riprendono quanto \u00e8 previsto nei libri liturgici approvati dalla Chiesa, saranno da voi attentamente osservate. Grazie all&#8217;adesione fedele ad ogni direttiva della Chiesa, voi renderete ancor pi\u00f9 efficace il vostro apostolato in sintonia e comunione piena con il Papa e i Pastori di ogni Diocesi. E cos\u00ec facendo il Signore continuer\u00e0 a benedirvi con abbondanti frutti pastorali. <\/p>\n\n<div class=\"wp-block-image is-style-default\"><figure class=\"alignright size-large\"><img loading=\"lazy\" decoding=\"async\" width=\"400\" height=\"256\" src=\"https:\/\/neocatechumenaleiter.org\/wp-content\/uploads\/2020\/02\/Camino_Neocatecumenal_Audiencia_Papa_Benedicto_XVI_2006_familias-en-mision.jpg\" alt=\"\" class=\"wp-image-1117\" srcset=\"https:\/\/neocatechumenaleiter.org\/wp-content\/uploads\/2020\/02\/Camino_Neocatecumenal_Audiencia_Papa_Benedicto_XVI_2006_familias-en-mision.jpg 400w, https:\/\/neocatechumenaleiter.org\/wp-content\/uploads\/2020\/02\/Camino_Neocatecumenal_Audiencia_Papa_Benedicto_XVI_2006_familias-en-mision-300x192.jpg 300w\" sizes=\"auto, (max-width: 400px) 100vw, 400px\" \/><\/figure><\/div>\n\n<p>In effetti, in questi anni molto voi avete potuto realizzare, e numerose vocazioni al sacerdozio e alla vita consacrata sono nate all&#8217;interno delle vostre comunit\u00e0. Oggi tuttavia \u00e8 particolarmente alle famiglie che si rivolge la nostra attenzione. Oltre 200 di esse stanno per essere inviate in missione; sono famiglie che partono senza grandi appoggi umani, ma contando prima di tutto sul sostegno della Provvidenza divina. <\/p>\n\n<p>Care famiglie, voi potete testimoniare con la vostra storia che il Signore non abbandona quanti a Lui si affidano. Continuate a diffondere il vangelo della vita. Dovunque vi conduce la vostra missione, lasciatevi illuminare dalla consolante parola di Ges\u00f9: &#8220;Cercate prima il regno di Dio e la sua giustizia, e tutte queste cose vi saranno date in aggiunta&#8221;, ed ancora: &#8220;Non affannatevi dunque per il domani, perch\u00e9 il domani avr\u00e0 gi\u00e0 le sue inquietudini&#8221; (<i>Mt 6, 33-34<\/i>). In un mondo che cerca certezze umane e terrene sicurezze, mostrate che Cristo \u00e8 la salda roccia su cui costruire l&#8217;edificio della propria esistenza e che la fiducia in lui riposta non \u00e8 mai vana. La santa Famiglia di Nazaret vi protegga e sia vostro modello. Io assicuro la mia preghiera per voi e per tutti i membri del Cammino Neocatecumenale, mentre con affetto imparto a ciascuno l&#8217;Apostolica Benedizione.&#13;\n<br\/><br\/><em>(*) Cfr L\u2019\u00abOsservatore Romano\u00bb, 13 gennaio 2006.<\/em><\/p>\n","protected":false},"excerpt":{"rendered":"<p>Discorso del Papa Benedetto XVI al Cammino Neocatecumenale 12-I-2006 Benedetto XVI Citt\u00e0 del Vaticano &#8211; Aula Paolo VI, 12 gennaio 2006 * \u00abGrazie all\u2019adesione fedele ad ogni direttiva della Chiesa voi renderete ancor pi\u00f9 efficace il vostro apostolato\u00bb: \u00e8 l\u2019esortazione rivolta da Benedetto XVI al Cammino Neocatecumenale in occasione dell\u2019udienza svoltasi nella mattina di gioved\u00ec 12 gennaio, nell\u2019Aula Paolo VI.&#13; &#13; \u00a0Questo \u00e8 il testo del discorso pronunciato dal Santo<\/p>\n<div class=\"read-more\"><a class=\"btn read-more-btn\" href=\"https:\/\/neocatechumenaleiter.org\/it\/discorsi-dei-papi\/benedetto-xvi\/discorso-del-papa-benedetto-xvi-al-cammino-neocatecumenale-12-i-2006\/\">Leggi tutto<\/a><\/div>\n","protected":false},"author":2,"featured_media":0,"parent":3174,"menu_order":1,"comment_status":"closed","ping_status":"closed","template":"","meta":{"footnotes":""},"class_list":["post-4623","page","type-page","status-publish","hentry"],"_links":{"self":[{"href":"https:\/\/neocatechumenaleiter.org\/it\/wp-json\/wp\/v2\/pages\/4623","targetHints":{"allow":["GET"]}}],"collection":[{"href":"https:\/\/neocatechumenaleiter.org\/it\/wp-json\/wp\/v2\/pages"}],"about":[{"href":"https:\/\/neocatechumenaleiter.org\/it\/wp-json\/wp\/v2\/types\/page"}],"author":[{"embeddable":true,"href":"https:\/\/neocatechumenaleiter.org\/it\/wp-json\/wp\/v2\/users\/2"}],"replies":[{"embeddable":true,"href":"https:\/\/neocatechumenaleiter.org\/it\/wp-json\/wp\/v2\/comments?post=4623"}],"version-history":[{"count":5,"href":"https:\/\/neocatechumenaleiter.org\/it\/wp-json\/wp\/v2\/pages\/4623\/revisions"}],"predecessor-version":[{"id":15839,"href":"https:\/\/neocatechumenaleiter.org\/it\/wp-json\/wp\/v2\/pages\/4623\/revisions\/15839"}],"up":[{"embeddable":true,"href":"https:\/\/neocatechumenaleiter.org\/it\/wp-json\/wp\/v2\/pages\/3174"}],"wp:attachment":[{"href":"https:\/\/neocatechumenaleiter.org\/it\/wp-json\/wp\/v2\/media?parent=4623"}],"curies":[{"name":"wp","href":"https:\/\/api.w.org\/{rel}","templated":true}]}}