{"id":4629,"date":"2020-03-22T19:59:41","date_gmt":"2020-03-22T18:59:41","guid":{"rendered":"https:\/\/neocatechumenaleiter.org\/discorsi-dei-papi\/benedetto-xvi\/benedetto-xvivi-allangelus-un-cammino-di-riscoperta-della-fede-29-x-2006\/"},"modified":"2020-04-26T15:54:24","modified_gmt":"2020-04-26T14:54:24","slug":"benedetto-xvivi-allangelus-un-cammino-di-riscoperta-della-fede-29-x-2006","status":"publish","type":"page","link":"https:\/\/neocatechumenaleiter.org\/it\/discorsi-dei-papi\/benedetto-xvi\/benedetto-xvivi-allangelus-un-cammino-di-riscoperta-della-fede-29-x-2006\/","title":{"rendered":"Benedetto XVI all\u2019\u201cAngelus\u201d: Un Cammino di riscoperta della fede 29-X-2006"},"content":{"rendered":"\n<h1 class=\"has-text-align-center wp-block-heading\">Benedetto XVI all\u2019\u201cAngelus\u201d: Un Cammino di riscoperta della fede 29-X-2006<\/h1>\n\n<div style=\"height:20px\" aria-hidden=\"true\" class=\"wp-block-spacer\"><\/div>\n\n<h4 class=\"has-text-align-center wp-block-heading\">Benedetto XVI<\/h4>\n\n<div style=\"height:20px\" aria-hidden=\"true\" class=\"wp-block-spacer\"><\/div>\n\n<p><strong>Piazza S. Pietro, 29 ottobre 2006 <\/strong><\/p>\n\n<p><em>Nell\u2019 <\/em><em>\u201cAngelus\u201d odierno <\/em><em>il <\/em><em>Papa <\/em><em>Benedetto <\/em><em>XVI, pur senza <\/em><em>nominare direttamente <\/em><em>il<\/em> <em>Cammino Neocatecumenale,<\/em> <em>parla<\/em> <em>di<\/em> <em>\u201cesperienze<\/em> <em>di<\/em> <em>catechesi\u201d<\/em> <em>proposte<\/em> <em>a giovani ed \u201cadulti che permettono di percorrere un cammino di riscoperta della fede in modo maturo e consapevole, per assumere poi un coerente impegno di testimonianza\u201d ed afferma che questo lavoro \u00e8 molto importante oggi.<\/em>&#013;\n&#013;\n<em>Queste le parole di Benedetto XVI:<\/em><\/p>\n\n<p><p align=\"left\"><i>Cari fratelli e sorelle,<\/i><\/p>&#013;\n<p align=\"left\">nel Vangelo di questa Domenica (<i>Mc<\/i> 10, 46-52) leggiamo che, mentre il Signore passa per le vie di Gerico, un cieco di nome Bartimeo si rivolge verso di Lui gridando forte: &#8220;Figlio di Davide, Ges\u00f9, abbi piet\u00e0 di me!&#8221;. Questa preghiera tocca il cuore di Cristo, che si ferma, lo fa chiamare e lo guarisce. Il momento decisivo \u00e8 stato l&#8217;incontro personale, diretto, tra il Signore e quell&#8217;uomo sofferente. Si trovano l&#8217;uno di fronte all&#8217;altro: Dio con la sua volont\u00e0 di guarire e l&#8217;uomo con il suo desiderio di essere guarito. Due libert\u00e0, due volont\u00e0 convergenti: &#8220;Che vuoi che io ti faccia?&#8221;, gli chiede il Signore. &#8220;Che io riabbia la vista!&#8221;, risponde il cieco. &#8220;Va&#8217;, la tua fede ti ha salvato&#8221;. Con queste parole si compie il miracolo. Gioia di Dio, gioia dell&#8217;uomo. E Bartimeo, venuto alla luce &#8211; narra il Vangelo &#8211; &#8220;prese a seguirlo per la strada&#8221;: diventa cio\u00e8 un suo discepolo e sale col Maestro a Gerusalemme, per partecipare con Lui al grande mistero della salvezza. Questo racconto, nell&#8217;essenzialit\u00e0 dei suoi passaggi, evoca l&#8217;itinerario del catecumeno verso il sacramento del Battesimo, che nella Chiesa antica era chiamato anche &#8220;Illuminazione&#8221;.<\/p>&#013;\n<p align=\"left\">La fede \u00e8 un cammino di illuminazione: parte dall&#8217;umilt\u00e0 di riconoscersi bisognosi di salvezza e giunge all&#8217;incontro personale con Cristo, che chiama a seguirlo sulla via dell&#8217;amore. Su questo modello sono impostati nella Chiesa gli itinerari di iniziazione cristiana, che preparano ai sacramenti del Battesimo, della Confermazione (o Cresima) e dell&#8217;Eucaristia. Nei luoghi di antica evangelizzazione, dove \u00e8 diffuso il Battesimo dei bambini, vengono proposte ai giovani e agli adulti esperienze di catechesi e di spiritualit\u00e0 che permettono di percorrere un cammino di riscoperta della fede in modo maturo e consapevole, per assumere poi un coerente impegno di testimonianza.<\/p><\/p>\n\n<p><p align=\"left\">Quanto \u00e8 importante il lavoro che i Pastori e i catechisti compiono in questo campo! La riscoperta del valore del proprio Battesimo \u00e8 alla base dell&#8217;impegno missionario di ogni cristiano, perch\u00e9 vediamo nel Vangelo che chi si lascia affascinare da Cristo non pu\u00f2 fare a meno di testimoniare la gioia di seguire le sue orme. In questo mese di ottobre, particolarmente dedicato alla missione, comprendiamo ancor pi\u00f9 che, proprio in forza del Battesimo, possediamo una connaturale vocazione missionaria.<\/p>&#013;\n<p align=\"left\">Invochiamo l&#8217;intercessione della Vergine Maria, affinch\u00e9 si moltiplichino i missionari del Vangelo. Intimamente unito al Signore, possa ogni battezzato sentire di essere chiamato ad annunciare a tutti l&#8217;amore di Dio, con la testimonianza della propria vita.<\/p>&#013;\n<em>(*) Cfr. \u00abL\u2019Osservatore Romano\u00bb, 30-31 ottobre 2006.<\/em><\/p>\n","protected":false},"excerpt":{"rendered":"<p>Benedetto XVI all\u2019\u201cAngelus\u201d: Un Cammino di riscoperta della fede 29-X-2006 Benedetto XVI Piazza S. Pietro, 29 ottobre 2006 Nell\u2019 \u201cAngelus\u201d odierno il Papa Benedetto XVI, pur senza nominare direttamente il Cammino Neocatecumenale, parla di \u201cesperienze di catechesi\u201d proposte a giovani ed \u201cadulti che permettono di percorrere un cammino di riscoperta della fede in modo maturo e consapevole, per assumere poi un coerente impegno di testimonianza\u201d ed afferma che questo lavoro<\/p>\n<div class=\"read-more\"><a class=\"btn read-more-btn\" href=\"https:\/\/neocatechumenaleiter.org\/it\/discorsi-dei-papi\/benedetto-xvi\/benedetto-xvivi-allangelus-un-cammino-di-riscoperta-della-fede-29-x-2006\/\">Leggi tutto<\/a><\/div>\n","protected":false},"author":2,"featured_media":0,"parent":3174,"menu_order":2,"comment_status":"closed","ping_status":"closed","template":"","meta":{"footnotes":""},"class_list":["post-4629","page","type-page","status-publish","hentry"],"_links":{"self":[{"href":"https:\/\/neocatechumenaleiter.org\/it\/wp-json\/wp\/v2\/pages\/4629","targetHints":{"allow":["GET"]}}],"collection":[{"href":"https:\/\/neocatechumenaleiter.org\/it\/wp-json\/wp\/v2\/pages"}],"about":[{"href":"https:\/\/neocatechumenaleiter.org\/it\/wp-json\/wp\/v2\/types\/page"}],"author":[{"embeddable":true,"href":"https:\/\/neocatechumenaleiter.org\/it\/wp-json\/wp\/v2\/users\/2"}],"replies":[{"embeddable":true,"href":"https:\/\/neocatechumenaleiter.org\/it\/wp-json\/wp\/v2\/comments?post=4629"}],"version-history":[{"count":5,"href":"https:\/\/neocatechumenaleiter.org\/it\/wp-json\/wp\/v2\/pages\/4629\/revisions"}],"predecessor-version":[{"id":8541,"href":"https:\/\/neocatechumenaleiter.org\/it\/wp-json\/wp\/v2\/pages\/4629\/revisions\/8541"}],"up":[{"embeddable":true,"href":"https:\/\/neocatechumenaleiter.org\/it\/wp-json\/wp\/v2\/pages\/3174"}],"wp:attachment":[{"href":"https:\/\/neocatechumenaleiter.org\/it\/wp-json\/wp\/v2\/media?parent=4629"}],"curies":[{"name":"wp","href":"https:\/\/api.w.org\/{rel}","templated":true}]}}