{"id":4635,"date":"2020-03-22T20:10:15","date_gmt":"2020-03-22T19:10:15","guid":{"rendered":"https:\/\/neocatechumenaleiter.org\/discorsi-dei-papi\/benedetto-xvi\/convivenza-di-vescovi-dellasia-e-dellaustralia-domus-galilaeae-18-xi-2006\/"},"modified":"2020-06-16T19:20:56","modified_gmt":"2020-06-16T18:20:56","slug":"convivenza-di-vescovi-dellasia-e-dellaustralia-domus-galilaeae-18-xi-2006","status":"publish","type":"page","link":"https:\/\/neocatechumenaleiter.org\/it\/discorsi-dei-papi\/benedetto-xvi\/convivenza-di-vescovi-dellasia-e-dellaustralia-domus-galilaeae-18-xi-2006\/","title":{"rendered":"Convivenza di vescovi dell\u2019Asia e dell\u2019Australia Domus Galilaeae 18-XI-2006"},"content":{"rendered":"\n<h1 class=\"has-text-align-center wp-block-heading\">Convivenza di vescovi dell\u2019Asia e dell\u2019Australia &#8211; Domus Galilaeae 18-XI-2006<\/h1>\n\n<div style=\"height:20px\" aria-hidden=\"true\" class=\"wp-block-spacer\"><\/div>\n\n<h4 class=\"has-text-align-center wp-block-heading\">Benedetto XVI<\/h4>\n\n<div style=\"height:20px\" aria-hidden=\"true\" class=\"wp-block-spacer\"><\/div>\n\n<p><strong>Domus Galilaeae, 18-24 novembre 2006<\/strong><\/p>\n\n<p><em>Dal 18 al 26 novembre 2006 si \u00e8 celebrata una convivenza di 126 Vescovi dell\u2019Asia (e alcuni dell\u2019Australia) di cui 65 provenienti dall\u2019India insieme al Card. Telesphore Toppo, arcivescovo di Ranchi e presidente della Conferenza Episcopale dell\u2019India. Nel suo saluto a conclusione della convivenza, il Cardinale ha avuto parole particolarmente significative sull\u2019opera del Cammino Neocatecumenale. Riportiamo due brevi passi:<\/em><\/p>\n\n<p>\u201c&#8230; Riguardo al Cammino Neocatecumenale la cosa fondamentale \u00e8 ci\u00f2 che abbiamo vissuto in questi giorni e le esperienze delle visite ai luoghi santi. Non sapevo che tre Vescovi di Roma \u2013 Paolo VI, Giovanni Paolo II e l\u2019attuale Papa \u2013 fossero tanto coinvolti con il Cammino Neocatecumenale&#8230;&#13;\n&#13;\nAvrei molte cose da dire: questa non \u00e8 opera di Kiko, non \u00e8 opera di Carmen o di noi che siamo stati scelti e portati qui \u2013 loro sono certamente i vasi prescelti, ci credete, vero?\u2013 ma questa \u00e8 l\u2019opera di Dio stesso per la Chiesa, perch\u00e9 Egli ama la Chiesa. Attraverso i tempi suscita persone, come ha fatto nel passato cos\u00ec fa anche oggi. \u00c8 realmente un\u2019opera di Dio&#8230;<\/p>\n\n<p>Anche se \u00e8 la prima volta che vengo in contatto con il Cammino Neocatecumenale, io dico che questo Cammino \u00e8 la necessit\u00e0 di questo momento e se non prendiamo questo seriamente non saremo capaci di evangelizzare ad gentes e perderemo anche quelli che chiamiamo cristiani battezzati. Per questo, se siamo veramente cristiani, abbiamo bisogno di essere evangelizzati, se vogliamo evangelizzare gli altri.&#13;\nDebbo dire un\u2019altra cosa. Questo non pu\u00f2 essere opera di questi laici o di questi itineranti o di altri: questa \u00e8 l\u2019opera della Chiesa. Questi itineranti, questi missionari hanno bisogno del ministero della Chiesa: questa \u00e8 l\u2019opera del Corpo di Cristo. E noi dobbiamo stare insieme e lavorare insieme. Non possiamo passare la mano ai laici lasciandoli evangelizzare da soli: se il Signore suscita laici pieni di zelo, i vescovi e i presbiteri devono stare completamente con loro, tutta la Chiesa. La Chiesa \u00e8 per natura missionaria: la Chiesa deve evangelizzare, la Chiesa deve proclamare Ges\u00f9, se no non siamo la Chiesa. Per questo io sono veramente felice\u201d.<\/p>\n\n<p>Riportiamo il telegramma che il Santo Padre ha inviato ai Cardinali, ai Vescovi e a tutti i partecipanti alla convivenza:<\/p>\n\n<p>Occasione incontro di Vescovi presbiteri et fedeli laici di Asia et Australia per riflettere su sfide et urgenze missionarie Sommo Pontefice rivolge at partecipanti beneaugurante saluto et mentre auspica che provvida iniziativa sia momento di comune riflessione et condivisione della fede suscitando rinnovato impegno di annunciare Cristo con testimonianza della propria vita invoca larga effusione favori celesti et invia implorata benedizione apostolica.<\/p>\n\n<p><em>Cardinale Tarcisio Bertone<br\/>Segretario di Stato di Sua Santit\u00e0 Benedetto XVI<\/em>.<\/p>\n","protected":false},"excerpt":{"rendered":"<p>Convivenza di vescovi dell\u2019Asia e dell\u2019Australia &#8211; Domus Galilaeae 18-XI-2006 Benedetto XVI Domus Galilaeae, 18-24 novembre 2006 Dal 18 al 26 novembre 2006 si \u00e8 celebrata una convivenza di 126 Vescovi dell\u2019Asia (e alcuni dell\u2019Australia) di cui 65 provenienti dall\u2019India insieme al Card. Telesphore Toppo, arcivescovo di Ranchi e presidente della Conferenza Episcopale dell\u2019India. Nel suo saluto a conclusione della convivenza, il Cardinale ha avuto parole particolarmente significative sull\u2019opera del<\/p>\n<div class=\"read-more\"><a class=\"btn read-more-btn\" href=\"https:\/\/neocatechumenaleiter.org\/it\/discorsi-dei-papi\/benedetto-xvi\/convivenza-di-vescovi-dellasia-e-dellaustralia-domus-galilaeae-18-xi-2006\/\">Leggi tutto<\/a><\/div>\n","protected":false},"author":2,"featured_media":0,"parent":3174,"menu_order":3,"comment_status":"closed","ping_status":"closed","template":"","meta":{"footnotes":""},"class_list":["post-4635","page","type-page","status-publish","hentry"],"_links":{"self":[{"href":"https:\/\/neocatechumenaleiter.org\/it\/wp-json\/wp\/v2\/pages\/4635","targetHints":{"allow":["GET"]}}],"collection":[{"href":"https:\/\/neocatechumenaleiter.org\/it\/wp-json\/wp\/v2\/pages"}],"about":[{"href":"https:\/\/neocatechumenaleiter.org\/it\/wp-json\/wp\/v2\/types\/page"}],"author":[{"embeddable":true,"href":"https:\/\/neocatechumenaleiter.org\/it\/wp-json\/wp\/v2\/users\/2"}],"replies":[{"embeddable":true,"href":"https:\/\/neocatechumenaleiter.org\/it\/wp-json\/wp\/v2\/comments?post=4635"}],"version-history":[{"count":4,"href":"https:\/\/neocatechumenaleiter.org\/it\/wp-json\/wp\/v2\/pages\/4635\/revisions"}],"predecessor-version":[{"id":15948,"href":"https:\/\/neocatechumenaleiter.org\/it\/wp-json\/wp\/v2\/pages\/4635\/revisions\/15948"}],"up":[{"embeddable":true,"href":"https:\/\/neocatechumenaleiter.org\/it\/wp-json\/wp\/v2\/pages\/3174"}],"wp:attachment":[{"href":"https:\/\/neocatechumenaleiter.org\/it\/wp-json\/wp\/v2\/media?parent=4635"}],"curies":[{"name":"wp","href":"https:\/\/api.w.org\/{rel}","templated":true}]}}