{"id":4637,"date":"2020-03-22T20:28:52","date_gmt":"2020-03-22T19:28:52","guid":{"rendered":"https:\/\/neocatechumenaleiter.org\/discorsi-dei-papi\/benedetto-xvi\/incontro-di-benedetto-xvi-con-i-parroci-e-il-clero-della-diocesi-di-roma-22-ii-2007\/"},"modified":"2020-06-14T03:23:43","modified_gmt":"2020-06-14T02:23:43","slug":"incontro-di-benedetto-xvi-con-i-parroci-e-il-clero-della-diocesi-di-roma-22-ii-2007","status":"publish","type":"page","link":"https:\/\/neocatechumenaleiter.org\/it\/discorsi-dei-papi\/benedetto-xvi\/incontro-di-benedetto-xvi-con-i-parroci-e-il-clero-della-diocesi-di-roma-22-ii-2007\/","title":{"rendered":"Incontro di Benedetto XVI con i parroci e il clero della diocesi di Roma 22-II-2007"},"content":{"rendered":"\n<h1 class=\"has-text-align-center wp-block-heading\">Incontro di Benedetto XVI con i parroci e il clero della diocesi di Roma 22-II-2007<\/h1>\n\n<div style=\"height:20px\" aria-hidden=\"true\" class=\"wp-block-spacer\"><\/div>\n\n<h4 class=\"has-text-align-center wp-block-heading\">Benedetto XVI<\/h4>\n\n<div style=\"height:20px\" aria-hidden=\"true\" class=\"wp-block-spacer\"><\/div>\n\n<p><strong>Vaticano &#8211; Aula delle Benedizioni, 22 febbraio 2007 *<\/strong><\/p>\n\n<p><em>Durante l\u2019annuale incontro del Santo Padre Benedetto XVI con il Clero della sua Diocesi di Roma, dove si d\u00e0 la possibilit\u00e0 ad alcuni Parroci di porre delle domande e di avere dal Papa una risposta, ad un Parroco che poneva una domanda su come inserirsi per sviluppare un ministero di unit\u00e0 nella Chiesa universale, il Papa ha risposto parlando anche del Cammino Neocatecumenale, della conoscenza che ne ha personalmente e del suo Statuto.<\/em>&#13;\n&#13;\n<em>Il tema dei Movimenti Ecclesiali e delle Nuove Comunit\u00e0, come dono provvidenziale per i nostri tempi, \u00e8 stato proposto da Padre Gerardo Raul Carcar, appartenente alla Comunit\u00e0 dei Padri di Sch\u00f6nstatt, arrivato a Roma nel mese di settembre 2006 dall&#8217;Argentina e oggi vicario cooperatore della parrocchia di San Girolamo a Corviale. Si tratta di realt\u00e0 che hanno uno slancio creativo, vivono la fede e cercano nuove forme di vita per trovare una giusta collocazione missionaria nella Chiesa. Al Papa il religioso ha chiesto un consiglio su come inserirsi per sviluppare realmente un ministero di unit\u00e0 nella Chiesa universale.<\/em><\/p>\n\n<div class=\"wp-block-image is-style-default\"><figure class=\"alignleft size-large\"><img loading=\"lazy\" decoding=\"async\" width=\"400\" height=\"270\" src=\"https:\/\/neocatechumenaleiter.org\/wp-content\/uploads\/2020\/02\/Camino_Neocatecumenal_Benedicto_XVI_Encuentro_parrocos_Roma_2007.jpg\" alt=\"\" class=\"wp-image-1134\" srcset=\"https:\/\/neocatechumenaleiter.org\/wp-content\/uploads\/2020\/02\/Camino_Neocatecumenal_Benedicto_XVI_Encuentro_parrocos_Roma_2007.jpg 400w, https:\/\/neocatechumenaleiter.org\/wp-content\/uploads\/2020\/02\/Camino_Neocatecumenal_Benedicto_XVI_Encuentro_parrocos_Roma_2007-300x203.jpg 300w\" sizes=\"auto, (max-width: 400px) 100vw, 400px\" \/><\/figure><\/div>\n\n<p><em>Risposta del Papa:<\/em><br\/><p align=\"left\">Dunque, vedo che devo essere pi\u00f9 breve. Grazie per questa domanda. Mi sembra che Lei abbia citato le fonti essenziali di quanto posso dire sui Movimenti. In questo senso la sua domanda \u00e8 anche una risposta.<\/p>&#13;\n<p align=\"left\">Vorrei subito precisare che in questi mesi ricevo i Vescovi italiani in visita \u00abad limina\u00bb e cos\u00ec posso un po&#8217; meglio imparare la geografia della fede in Italia. Vedo tante belle cose insieme con i problemi che conosciamo tutti. Vedo soprattutto come la fede sia ancora profondamente radicata nel cuore italiano, anche se, naturalmente, in molti modi \u00e8 minacciata nelle odierne situazioni. I Movimenti accettano anche bene la mia funzione paterna di Pastore. Altri sono pi\u00f9 critici e dicono che i Movimenti non si inseriscono. Penso che realmente le situazioni sono diverse, dipende tutto dalle persone in questione.<\/p><\/p>\n\n<p>Mi sembra che abbiamo due regole fondamentali, delle quali Lei ha parlato. La prima regola ce l&#8217;ha dato San Paolo nella Prima Lettera ai Tessalonicesi:  non spegnere i carismi. Se il Signore ci d\u00e0 nuovi doni dobbiamo essere grati, anche se a volte sono scomodi.  Ed \u00e8 una bella cosa che, senza iniziativa della gerarchia, con una iniziativa dal basso, come si dice, ma con una iniziativa anche realmente dall&#8217;Alto, cio\u00e8 come dono dello Spirito Santo, nascono nuove forme di vita nella Chiesa,  come del resto  sono nate in tutti i secoli. <\/p>\n\n<p><p align=\"left\">Inizialmente erano sempre scomode: anche San Francesco era molto scomodo e per il Papa era molto difficile dare, finalmente, una forma canonica ad una realt\u00e0 che era molto pi\u00f9 grande dei regolamenti giuridici. Per San Francesco era un grandissimo sacrificio lasciarsi incastrare in questo scheletro giuridico, ma alla fine \u00e8 nata cos\u00ec una realt\u00e0 che vive ancor oggi e che vivr\u00e0 in futuro: essa d\u00e0 forza e nuovi elementi alla vita della Chiesa.<\/p>&#13;\n<p align=\"left\">Voglio solo dire questo: in tutti i secoli sono nati Movimenti. Anche San Benedetto, inizialmente, era un Movimento. Si inseriscono nella vita della Chiesa non senza sofferenze, non senza difficolt\u00e0. San Benedetto stesso ha dovuto correggere l\u2019iniziale direzione del monachesimo. E cos\u00ec anche nel nostro secolo il Signore, lo Spirito Santo, ci ha dato nuove iniziative con nuovi aspetti della vita cristiana: vissuti da persone umane con i loro limiti, esse creano anche difficolt\u00e0.<\/p><\/p>\n\n<p><p align=\"left\">Prima regola dunque:\u00a0 non spegnere i carismi, essere grati anche se sono scomodi. La seconda regola \u00e8 questa:\u00a0 la Chiesa \u00e8 una; se i Movimenti sono realmente doni dello Spirito Santo, si inseriscono e servono la Chiesa e nel dialogo paziente tra Pastori e Movimenti nasce una forma feconda dove questi elementi diventano elementi edificanti per la Chiesa di oggi e di domani.<\/p>&#13;\n<p align=\"left\">Questo dialogo \u00e8 a tutti i livelli. Cominciando dal parroco, dal Vescovo e dal Successore di Pietro \u00e8 in corso la ricerca delle opportune strutture: in molti casi la ricerca\u00a0 ha gi\u00e0 dato i suoi frutti. In altri si sta ancora studiando. Ad esempio, ci si domanda se dopo cinque anni di esperimento, si debbano confermare in modo definitivo gli Statuti per il Cammino Neocatecumenale o se ancora ci voglia un tempo di esperimento o se si debbano forse un po&#8217; ritoccare alcuni elementi di questa struttura.<\/p>&#13;\n<p align=\"left\">In ogni caso, io ho conosciuto i Neocatecumenali dall&#8217;inizio. E\u2019 stato un Cammino lungo, con molte complicazioni che esistono anche oggi, ma abbiamo trovato una forma ecclesiale che ha gi\u00e0 molto migliorato il rapporto tra il Pastore e il Cammino. E andiamo avanti cos\u00ec! Lo stesso vale per gli altri Movimenti.<\/p><\/p>\n\n<p>Adesso come sintesi delle due regole fondamentali direi: gratitudine, pazienza e accettazione anche delle sofferenze che sono inevitabili. Anche in un matrimonio ci sono sempre sofferenze e tensioni. E tuttavia vanno avanti e cos\u00ec matura il vero amore. Lo stesso avviene nella comunit\u00e0 della Chiesa: abbiamo pazienza insieme. Anche i diversi livelli della gerarchia &#8211; dal parroco, al Vescovo, al Sommo Pontefice &#8211; devono avere insieme un continuo scambio di idee, devono promuovere il colloquio per trovare insieme la strada migliore. Le esperienze dei parroci sono fondamentali, ma poi anche le esperienze del Vescovo e, diciamo, la prospettiva universale del Papa hanno un proprio luogo teologico e pastorale nella Chiesa. <\/p>\n\n<div class=\"wp-block-image is-style-default\"><figure class=\"alignright size-large\"><img loading=\"lazy\" decoding=\"async\" width=\"400\" height=\"270\" src=\"https:\/\/neocatechumenaleiter.org\/wp-content\/uploads\/2020\/02\/Camino_Neocatecumenal_Benedicto_XVI_Encuentro_parrocos_Roma_20072.jpg\" alt=\"\" class=\"wp-image-1141\" srcset=\"https:\/\/neocatechumenaleiter.org\/wp-content\/uploads\/2020\/02\/Camino_Neocatecumenal_Benedicto_XVI_Encuentro_parrocos_Roma_20072.jpg 400w, https:\/\/neocatechumenaleiter.org\/wp-content\/uploads\/2020\/02\/Camino_Neocatecumenal_Benedicto_XVI_Encuentro_parrocos_Roma_20072-300x203.jpg 300w\" sizes=\"auto, (max-width: 400px) 100vw, 400px\" \/><\/figure><\/div>\n\n<p>Quindi, da una parte, questo insieme di diversi livelli della gerarchia; dall&#8217;altra, l&#8217;insieme vissuto nelle parrocchie, con pazienza e apertura, in obbedienza al Signore, crea realmente la vitalit\u00e0 nuova della Chiesa. <\/p>\n\n<p>Siamo grati allo Spirito Santo  per i doni che ci ha dato. Siamo obbedienti alla voce dello Spirito, ma siamo anche chiari nell&#8217;integrare questi elementi nella vita: questo criterio serve, alla fine, la Chiesa concreta e cos\u00ec con pazienza, con coraggio e con generosit\u00e0 certamente il Signore ci guider\u00e0 e ci aiuter\u00e0. <\/p>\n\n<p><em>(*) Cfr. \u00abL\u2019Osservatore Romano\u00bb, 24 febbraio 2007.<\/em><\/p>\n","protected":false},"excerpt":{"rendered":"<p>Incontro di Benedetto XVI con i parroci e il clero della diocesi di Roma 22-II-2007 Benedetto XVI Vaticano &#8211; Aula delle Benedizioni, 22 febbraio 2007 * Durante l\u2019annuale incontro del Santo Padre Benedetto XVI con il Clero della sua Diocesi di Roma, dove si d\u00e0 la possibilit\u00e0 ad alcuni Parroci di porre delle domande e di avere dal Papa una risposta, ad un Parroco che poneva una domanda su come<\/p>\n<div class=\"read-more\"><a class=\"btn read-more-btn\" href=\"https:\/\/neocatechumenaleiter.org\/it\/discorsi-dei-papi\/benedetto-xvi\/incontro-di-benedetto-xvi-con-i-parroci-e-il-clero-della-diocesi-di-roma-22-ii-2007\/\">Leggi tutto<\/a><\/div>\n","protected":false},"author":2,"featured_media":0,"parent":3174,"menu_order":4,"comment_status":"closed","ping_status":"closed","template":"","meta":{"footnotes":""},"class_list":["post-4637","page","type-page","status-publish","hentry"],"_links":{"self":[{"href":"https:\/\/neocatechumenaleiter.org\/it\/wp-json\/wp\/v2\/pages\/4637","targetHints":{"allow":["GET"]}}],"collection":[{"href":"https:\/\/neocatechumenaleiter.org\/it\/wp-json\/wp\/v2\/pages"}],"about":[{"href":"https:\/\/neocatechumenaleiter.org\/it\/wp-json\/wp\/v2\/types\/page"}],"author":[{"embeddable":true,"href":"https:\/\/neocatechumenaleiter.org\/it\/wp-json\/wp\/v2\/users\/2"}],"replies":[{"embeddable":true,"href":"https:\/\/neocatechumenaleiter.org\/it\/wp-json\/wp\/v2\/comments?post=4637"}],"version-history":[{"count":6,"href":"https:\/\/neocatechumenaleiter.org\/it\/wp-json\/wp\/v2\/pages\/4637\/revisions"}],"predecessor-version":[{"id":15854,"href":"https:\/\/neocatechumenaleiter.org\/it\/wp-json\/wp\/v2\/pages\/4637\/revisions\/15854"}],"up":[{"embeddable":true,"href":"https:\/\/neocatechumenaleiter.org\/it\/wp-json\/wp\/v2\/pages\/3174"}],"wp:attachment":[{"href":"https:\/\/neocatechumenaleiter.org\/it\/wp-json\/wp\/v2\/media?parent=4637"}],"curies":[{"name":"wp","href":"https:\/\/api.w.org\/{rel}","templated":true}]}}