{"id":4671,"date":"2020-03-22T20:55:34","date_gmt":"2020-03-22T19:55:34","guid":{"rendered":"https:\/\/neocatechumenaleiter.org\/discorsi-dei-papi\/benedetto-xvi\/discorso-del-santo-padre-benedetto-xvi-nella-ricorrenza-dei-quarantanni-dagli-inizi-del-cammino-neocatecumenale-a-roma-10-i-2009\/"},"modified":"2020-06-06T20:12:04","modified_gmt":"2020-06-06T19:12:04","slug":"discorso-del-santo-padre-benedetto-xvi-nella-ricorrenza-dei-quarantanni-dagli-inizi-del-cammino-neocatecumenale-a-roma-10-i-2009","status":"publish","type":"page","link":"https:\/\/neocatechumenaleiter.org\/it\/discorsi-dei-papi\/benedetto-xvi\/discorso-del-santo-padre-benedetto-xvi-nella-ricorrenza-dei-quarantanni-dagli-inizi-del-cammino-neocatecumenale-a-roma-10-i-2009\/","title":{"rendered":"Discorso del Santo Padre Benedetto XVI nella ricorrenza dei quarant\u2019anni dagli inizi del Cammino Neocatecumenale a Roma 10-I-2009"},"content":{"rendered":"\n<h1 class=\"has-text-align-center wp-block-heading\">Discorso del Santo Padre Benedetto XVI nella ricorrenza dei quarant\u2019anni dagli inizi del Cammino Neocatecumenale a Roma 10-I-2009<\/h1>\n\n<div style=\"height:20px\" aria-hidden=\"true\" class=\"wp-block-spacer\"><\/div>\n\n<h4 class=\"has-text-align-center wp-block-heading\">Benedetto XVI<\/h4>\n\n<div style=\"height:20px\" aria-hidden=\"true\" class=\"wp-block-spacer\"><\/div>\n\n<div class=\"wp-block-image is-style-circle-mask\"><figure class=\"alignleft size-large\"><img loading=\"lazy\" decoding=\"async\" width=\"400\" height=\"281\" src=\"https:\/\/neocatechumenaleiter.org\/wp-content\/uploads\/2020\/02\/Camino_Neocatecumenal_Benedicto_XVI_Celebracion_40_aniversario_Roma.jpg\" alt=\"\" class=\"wp-image-1188\" srcset=\"https:\/\/neocatechumenaleiter.org\/wp-content\/uploads\/2020\/02\/Camino_Neocatecumenal_Benedicto_XVI_Celebracion_40_aniversario_Roma.jpg 400w, https:\/\/neocatechumenaleiter.org\/wp-content\/uploads\/2020\/02\/Camino_Neocatecumenal_Benedicto_XVI_Celebracion_40_aniversario_Roma-300x211.jpg 300w\" sizes=\"auto, (max-width: 400px) 100vw, 400px\" \/><\/figure><\/div>\n\n<p><strong>Basilica Vaticana, 10 gennaio 2009 <\/strong><\/p>\n\n<p><em>Il 10 gennaio 2009, nella Basilica di San Pietro, traboccante di fratelli delle Comunit\u00e0, con un breve ma solenne atto si sono celebrati i 40 anni del Cammino Neocatecumenale nella Diocesi di Roma. Il Santo Padre era accompagnato dal Card. Vicario Agostino Vallini e dal Card. Stanis\u0142aw Ry\u0142ko, Presidente del Pontificio Consiglio per i Laici. In Basilica, tra gli altri, c\u2019era il nuovo Prefetto del Culto, Card. Antonio Ca\u00f1izares.<\/em>&#13;\n&#13;\n<em>All\u2019inizio dell\u2019atto, presieduto dal Santo Padre Benedetto XVI, Kiko ha presentato tutti i presenti \u2013 la prima comunit\u00e0 della Parrocchia di Nostra Signora del SS.mo Sacramento e Ss. Martiri Canadesi che compie 40 anni di Cammino, \u2013 la prima comunit\u00e0 della Bonne Nouvelle di Parigi \u2013 le 14 \u201ccommunitates in missionem\u201d di Roma che partono per le periferie pi\u00f9 difficili della diocesi \u2013 le 14 \u201cMissio ad gentes\u201d ai 5 Continenti, le 200 nuove famiglie che partono in missione in diverse parti del mondo \u2013 i 700 catechisti itineranti responsabili del Cammino Neocatecumenale nelle Nazioni \u2013 le 500 comunit\u00e0 presenti in 103 parrocchie della diocesi di <\/em><em>Roma.<\/em>&#13;\n&#13;\n<em>C\u2019\u00e8 stata poi la solenne proclamazione del Vangelo di Mt 10,5-42, fatta da padre Mario a cui ha fatto seguito il discorso del Papa.<\/em>&#13;\n&#13;\n<em>Dopo il discorso, il Santo Padre ha benedetto e consegnato il crocifisso a coloro che partivano. Dopo la preghiera del Padre Nostro e una monizione di Carmen Hern\u00e1ndez che ha voluto ricordare i Papi che hanno segnato la storia del Cammino \u2013 da Pio XII, per la rinnovazione liturgica, a Giovanni XXIII per il Concilio, a Paolo VI, Giovanni Paolo I e Giovanni Paolo II \u2013 insieme alle Congregazioni che ci hanno seguito maggiormente e i Card. Paul Cordes e Stanis\u0142aw Ry\u0142ko, tutta l\u2019assemblea ha cantato solennemente il \u201cTe Deum\u201d di ringraziamento.<\/em><\/p>\n\n<p><em>Il Papa si \u00e8 rivolto ai presenti con le seguenti parole:<\/em><\/p>\n\n<div class=\"wp-block-image is-style-default\"><figure class=\"alignright size-large\"><img decoding=\"async\" src=\"https:\/\/neocatechumenaleiter.org\/wp-content\/uploads\/2020\/02\/Camino_Neocatecumenal_Benedicto_XVI_Kiko_Arguello_envio_misiones_ad_gentes_vaticano.jpg\" alt=\"Invio delle Missio Ad Gentes da San Pedro\" class=\"wp-image-205\"\/><\/figure><\/div>\n\n<p><i>Cari fratelli e sorelle!<\/i>&#13;\n&#13;\nCon grande gioia vi accolgo quest\u2019oggi cos\u00ec numerosi, in occasione del 40\u00b0 anniversario dell\u2019inizio del Cammino Neocatecumenale a Roma, che conta attualmente ben 500 comunit\u00e0. A voi tutti il mio cordiale saluto. In special modo saluto il Cardinale Vicario, Agostino Vallini, come anche il Cardinale Stanis\u0142aw Ry\u0142ko, Presidente del <a href=\"http:\/\/www.vatican.va\/roman_curia\/pontifical_councils\/laity\/laity_it\/index_it.htm\">Pontificio Consiglio per i Laici<\/a>, che con dedizione vi ha seguiti nell\u2019iter di approvazione dei vostri Statuti. Saluto i responsabili del Cammino Neocatecumenale: il Signor Kiko Arg\u00fcello, che ringrazio cordialmente per le parole entusiaste ed entusiasmanti con cui si \u00e8 fatto interprete dei sentimenti di tutti voi. Saluto la Signora Carmen Hern\u00e1ndez e Padre Mario Pezzi. Saluto le comunit\u00e0 che partono in missione verso le periferie pi\u00f9 bisognose di Roma, quelle che vanno in &#8220;<i>missio ad gentes<\/i>&#8221; nei cinque continenti, le 200 nuove famiglie itineranti, e i 700 catechisti itineranti responsabili del Cammino Neocatecumenale nelle varie Nazioni. Grazie a voi tutti. Il Signore vi accompagni.<\/p>\n\n<p>Questo nostro incontro si svolge significativamente nella Basilica Vaticana costruita sul sepolcro dell\u2019Apostolo Pietro. Fu proprio lui, il Principe degli Apostoli che, rispondendo alla domanda con cui Ges\u00f9 interpellava i Dodici sulla sua identit\u00e0, confess\u00f2 con slancio: &#8220;Tu sei il Cristo, il Figlio del Dio vivente&#8221; (Mt 16,16). Voi oggi siete qui riuniti per rinnovare questa stessa professione di fede. La vostra presenza, cos\u00ec folta ed animata, sta a testimoniare i prodigi operati dal Signore nei trascorsi 4 decenni; essa indica anche l\u2019impegno con cui intendete proseguire il cammino iniziato, un cammino di fedele sequela di Cristo e di coraggiosa testimonianza del suo Vangelo, non solo qui a Roma ma dovunque la Provvidenza vi conduca; un cammino di docile adesione alle direttive dei Pastori e di comunione con tutte le altre componenti del Popolo di Dio. Voi questo intendete fare, ben consapevoli che aiutare gli uomini di questo nostro tempo ad incontrare Ges\u00f9 Cristo, Redentore dell\u2019uomo, costituisce la missione della Chiesa e di ogni battezzato. Il &#8220;Cammino neocatecumenale&#8221; si inserisce in questa missione ecclesiale come una delle tante vie suscitate dallo Spirito Santo con il Concilio Vaticano II per la nuova evangelizzazione.<\/p>\n\n<div class=\"wp-block-image is-style-default\"><figure class=\"alignleft size-large\"><img loading=\"lazy\" decoding=\"async\" width=\"400\" height=\"265\" src=\"https:\/\/neocatechumenaleiter.org\/wp-content\/uploads\/2020\/02\/Camino_Neocatecumenal_responsables_comunidades_roma.jpg\" alt=\"\" class=\"wp-image-1195\" srcset=\"https:\/\/neocatechumenaleiter.org\/wp-content\/uploads\/2020\/02\/Camino_Neocatecumenal_responsables_comunidades_roma.jpg 400w, https:\/\/neocatechumenaleiter.org\/wp-content\/uploads\/2020\/02\/Camino_Neocatecumenal_responsables_comunidades_roma-300x199.jpg 300w\" sizes=\"auto, (max-width: 400px) 100vw, 400px\" \/><\/figure><\/div>\n\n<p>Tutto ebbe inizio qui a Roma, quarant\u2019anni or sono, quando nella Parrocchia dei Santi Martiri Canadesi si costituirono le prime comunit\u00e0 del Cammino neocatecumenale. Come non benedire il Signore per i frutti spirituali che, attraverso il metodo di evangelizzazione da voi attuato, si sono potuti raccogliere in questi anni? Quante fresche energie apostoliche sono state suscitate sia tra i sacerdoti che tra i laici! Quanti uomini e donne, e quante famiglie, che si erano allontanate dalla comunit\u00e0 ecclesiale o avevano abbandonato la pratica della vita cristiana, attraverso l\u2019annuncio del kerygma e l\u2019itinerario di riscoperta del Battesimo, sono state aiutate a ritrovare la gioia della fede e l\u2019entusiasmo della testimonianza evangelica! La recente approvazione degli Statuti del &#8220;Cammino&#8221; da parte del Pontificio Consiglio per i Laici \u00e8 venuta a suggellare la stima e la benevolenza con cui la Santa Sede segue l\u2019opera che il Signore ha suscitato attraverso i vostri Iniziatori. Il Papa, Vescovo di Roma, vi ringrazia per il generoso servizio che rendete all\u2019evangelizzazione di questa Citt\u00e0 e per la dedizione con cui vi prodigate per recare l\u2019annuncio cristiano in ogni suo ambiente. Grazie a tutti voi.<\/p>\n\n<div class=\"wp-block-image is-style-default\"><figure class=\"alignright size-large\"><img loading=\"lazy\" decoding=\"async\" width=\"400\" height=\"267\" src=\"https:\/\/neocatechumenaleiter.org\/wp-content\/uploads\/2020\/02\/Camino_Neocatecumenal_Benedicto_XVI_Kiko_Arguello_presenta_comunidades.jpg\" alt=\"\" class=\"wp-image-1202\" srcset=\"https:\/\/neocatechumenaleiter.org\/wp-content\/uploads\/2020\/02\/Camino_Neocatecumenal_Benedicto_XVI_Kiko_Arguello_presenta_comunidades.jpg 400w, https:\/\/neocatechumenaleiter.org\/wp-content\/uploads\/2020\/02\/Camino_Neocatecumenal_Benedicto_XVI_Kiko_Arguello_presenta_comunidades-300x200.jpg 300w\" sizes=\"auto, (max-width: 400px) 100vw, 400px\" \/><\/figure><\/div>\n\n<p>La vostra gi\u00e0 tanto benemerita azione apostolica sar\u00e0 ancor pi\u00f9 efficace nella misura in cui vi sforzerete di coltivare costantemente quell\u2019anelito verso l\u2019unit\u00e0 che Ges\u00f9 ha comunicato ai Dodici durante l\u2019Ultima Cena. Abbiamo sentito il canto: prima della Passione, infatti, il nostro Redentore preg\u00f2 intensamente perch\u00e9 i suoi discepoli fossero una cosa sola in modo che il mondo fosse spinto a credere in Lui (cfr Gv 17,21), perch\u00e9 tale unit\u00e0 pu\u00f2 venire solo dalla forza di Dio. E\u2019 questa unit\u00e0, dono dello Spirito Santo e incessante ricerca dei credenti, a fare di ogni comunit\u00e0 un\u2019articolazione viva e ben inserita nel Corpo mistico di Cristo. L\u2019unit\u00e0 dei discepoli del Signore appartiene all\u2019essenza della Chiesa ed \u00e8 condizione indispensabile perch\u00e9 la sua azione evangelizzatrice risulti feconda e credibile. So con quanto zelo stiano operando le comunit\u00e0 del Cammino Neocatecumenale in ben 103 parrocchie di Roma. Mentre vi incoraggio a proseguire in questo impegno, vi esorto ad intensificare la vostra adesione a tutte le direttive del Cardinale Vicario, mio diretto collaboratore nel governo pastorale della Diocesi. Grazie per il vostro \u00abs\u00ec\u00bb che viene ovviamente dal cuore. L\u2019inserimento organico del &#8220;Cammino&#8221; nella pastorale diocesana e la sua unit\u00e0 con le altre realt\u00e0 ecclesiali torneranno a beneficio dell\u2019intero popolo cristiano, e renderanno pi\u00f9 proficuo lo sforzo della Diocesi teso a un rinnovato annuncio del Vangelo in questa nostra Citt\u00e0. In effetti, c\u2019\u00e8 bisogno oggi di una vasta azione missionaria che coinvolga le diverse realt\u00e0 ecclesiali, le quali, pur conservando ciascuna l\u2019originalit\u00e0 del proprio carisma, operino concordemente cercando di realizzare quella &#8220;pastorale integrata&#8221; che ha gi\u00e0 permesso di conseguire significativi risultati. E voi, ponendovi con piena disponibilit\u00e0 al servizio del Vescovo, come ricordano i vostri Statuti, potrete essere di esempio per tante Chiese locali, che guardano giustamente a quella di Roma come al modello a cui fare riferimento.<\/p>\n\n<div class=\"wp-block-image is-style-circle-mask\"><figure class=\"alignleft size-large\"><img loading=\"lazy\" decoding=\"async\" width=\"400\" height=\"262\" src=\"https:\/\/neocatechumenaleiter.org\/wp-content\/uploads\/2020\/02\/Camino_Neocatecumenal_Benedicto_XVI_Carmen_Hernandez.jpg\" alt=\"\" class=\"wp-image-1209\" srcset=\"https:\/\/neocatechumenaleiter.org\/wp-content\/uploads\/2020\/02\/Camino_Neocatecumenal_Benedicto_XVI_Carmen_Hernandez.jpg 400w, https:\/\/neocatechumenaleiter.org\/wp-content\/uploads\/2020\/02\/Camino_Neocatecumenal_Benedicto_XVI_Carmen_Hernandez-300x197.jpg 300w\" sizes=\"auto, (max-width: 400px) 100vw, 400px\" \/><\/figure><\/div>\n\n<p>C\u2019\u00e8 un altro frutto spirituale maturato in questi quarant\u2019anni, per il quale vorrei ringraziare insieme con voi la Provvidenza divina: \u00e8 il grande numero di sacerdoti e di persone consacrate che il Signore &#8211; Kiko ce ne ha parlato &#8211; ha suscitato nelle vostre comunit\u00e0. Tanti sacerdoti sono impegnati nelle parrocchie e in altri campi di apostolato diocesano, tanti sono missionari itineranti in varie Nazioni: essi rendono un generoso servizio alla Chiesa di Roma, e la Chiesa di Roma offre un prezioso servizio all\u2019evangelizzazione nel mondo. E\u2019 una vera &#8220;primavera di speranza&#8221; per la comunit\u00e0 diocesana di Roma e per la Chiesa universale! Ringrazio il Rettore e i suoi collaboratori del Seminario Redemptoris Mater di Roma per l\u2019opera educativa che essi svolgono. Sappiamo tutti che il loro compito non \u00e8 facile, ma molto importante per il futuro della Chiesa. Li incoraggio pertanto a proseguire in questa missione, adottando gli indirizzi formativi proposti tanto dalla Santa Sede quanto dalla Diocesi. L\u2019obiettivo a cui occorre mirare da parte di tutti i formatori \u00e8 quello di preparare presbiteri ben inseriti nel presbiterio diocesano e nella pastorale sia parrocchiale che diocesana.<\/p>\n\n<p>Cari fratelli e sorelle, la pagina evangelica che \u00e8 stata proclamata, ci ha richiamato le esigenze e le condizioni della missione apostolica. Le parole di Ges\u00f9, riferiteci dall\u2019evangelista san Matteo, risuonano come un invito a non scoraggiarci dinanzi alle difficolt\u00e0, a non ricercare umani successi, a non temere incomprensioni e persino persecuzioni. Incoraggiano piuttosto a porre la fiducia unicamente nella potenza di Cristo, a prendere la &#8220;propria croce&#8221; e a seguire le orme del nostro Redentore che, in questo tempo natalizio ormai al termine, ci \u00e8 apparso nell\u2019umilt\u00e0 e nella povert\u00e0 di Betlemme. La Vergine Santa, modello di ogni discepolo di Cristo e &#8220;casa di benedizione&#8221; come avete cantato, vi aiuti a realizzare con gioia e fedelt\u00e0 il mandato che la Chiesa con fiducia vi affida. Mentre vi ringrazio per il servizio che rendete nella Chiesa di Roma, vi assicuro la mia preghiera e di cuore benedico voi qui presenti e tutte le comunit\u00e0 del Cammino Neocatecumenale sparse in tutto il mondo.&#13;\n&#13;\n<\/p>\n","protected":false},"excerpt":{"rendered":"<p>Discorso del Santo Padre Benedetto XVI nella ricorrenza dei quarant\u2019anni dagli inizi del Cammino Neocatecumenale a Roma 10-I-2009 Benedetto XVI Basilica Vaticana, 10 gennaio 2009 Il 10 gennaio 2009, nella Basilica di San Pietro, traboccante di fratelli delle Comunit\u00e0, con un breve ma solenne atto si sono celebrati i 40 anni del Cammino Neocatecumenale nella Diocesi di Roma. Il Santo Padre era accompagnato dal Card. Vicario Agostino Vallini e dal<\/p>\n<div class=\"read-more\"><a class=\"btn read-more-btn\" href=\"https:\/\/neocatechumenaleiter.org\/it\/discorsi-dei-papi\/benedetto-xvi\/discorso-del-santo-padre-benedetto-xvi-nella-ricorrenza-dei-quarantanni-dagli-inizi-del-cammino-neocatecumenale-a-roma-10-i-2009\/\">Leggi tutto<\/a><\/div>\n","protected":false},"author":2,"featured_media":0,"parent":3174,"menu_order":7,"comment_status":"closed","ping_status":"closed","template":"","meta":{"footnotes":""},"class_list":["post-4671","page","type-page","status-publish","hentry"],"_links":{"self":[{"href":"https:\/\/neocatechumenaleiter.org\/it\/wp-json\/wp\/v2\/pages\/4671","targetHints":{"allow":["GET"]}}],"collection":[{"href":"https:\/\/neocatechumenaleiter.org\/it\/wp-json\/wp\/v2\/pages"}],"about":[{"href":"https:\/\/neocatechumenaleiter.org\/it\/wp-json\/wp\/v2\/types\/page"}],"author":[{"embeddable":true,"href":"https:\/\/neocatechumenaleiter.org\/it\/wp-json\/wp\/v2\/users\/2"}],"replies":[{"embeddable":true,"href":"https:\/\/neocatechumenaleiter.org\/it\/wp-json\/wp\/v2\/comments?post=4671"}],"version-history":[{"count":8,"href":"https:\/\/neocatechumenaleiter.org\/it\/wp-json\/wp\/v2\/pages\/4671\/revisions"}],"predecessor-version":[{"id":13961,"href":"https:\/\/neocatechumenaleiter.org\/it\/wp-json\/wp\/v2\/pages\/4671\/revisions\/13961"}],"up":[{"embeddable":true,"href":"https:\/\/neocatechumenaleiter.org\/it\/wp-json\/wp\/v2\/pages\/3174"}],"wp:attachment":[{"href":"https:\/\/neocatechumenaleiter.org\/it\/wp-json\/wp\/v2\/media?parent=4671"}],"curies":[{"name":"wp","href":"https:\/\/api.w.org\/{rel}","templated":true}]}}