{"id":4693,"date":"2020-03-22T21:22:46","date_gmt":"2020-03-22T20:22:46","guid":{"rendered":"https:\/\/neocatechumenaleiter.org\/discorsi-dei-papi\/benedetto-xvi\/udienza-al-cammino-neocatecumenale-ed-invio-di-oltre-200-famiglie-in-missione-e-di-13-missio-ad-gentes-17-i-2011\/"},"modified":"2020-04-26T16:04:47","modified_gmt":"2020-04-26T15:04:47","slug":"udienza-al-cammino-neocatecumenale-ed-invio-di-oltre-200-famiglie-in-missione-e-di-13-missio-ad-gentes-17-i-2011","status":"publish","type":"page","link":"https:\/\/neocatechumenaleiter.org\/it\/discorsi-dei-papi\/benedetto-xvi\/udienza-al-cammino-neocatecumenale-ed-invio-di-oltre-200-famiglie-in-missione-e-di-13-missio-ad-gentes-17-i-2011\/","title":{"rendered":"Udienza al Cammino Neocatecumenale ed Invio di oltre 200 Famiglie in missione e di 13 \u00abMissio Ad Gentes\u00bb 17-I-2011"},"content":{"rendered":"\n<h1 class=\"has-text-align-center wp-block-heading\">Udienza al Cammino Neocatecumenale ed Invio di oltre 200 Famiglie in missione e di 13 \u00abMissio Ad Gentes\u00bb 17-I-2011<\/h1>\n\n<div style=\"height:20px\" aria-hidden=\"true\" class=\"wp-block-spacer\"><\/div>\n\n<h4 class=\"has-text-align-center wp-block-heading\">Benedetto XVI<\/h4>\n\n<div style=\"height:20px\" aria-hidden=\"true\" class=\"wp-block-spacer\"><\/div>\n\n<div class=\"wp-block-image is-style-default\"><figure class=\"alignleft size-large\"><img loading=\"lazy\" decoding=\"async\" width=\"400\" height=\"267\" src=\"https:\/\/neocatechumenaleiter.org\/wp-content\/uploads\/2020\/02\/Camino_Neocatecumenal_Benedicto_XVI_audiencia_familias_mision_ad_gentes_2011.jpg\" alt=\"\" class=\"wp-image-1237\" srcset=\"https:\/\/neocatechumenaleiter.org\/wp-content\/uploads\/2020\/02\/Camino_Neocatecumenal_Benedicto_XVI_audiencia_familias_mision_ad_gentes_2011.jpg 400w, https:\/\/neocatechumenaleiter.org\/wp-content\/uploads\/2020\/02\/Camino_Neocatecumenal_Benedicto_XVI_audiencia_familias_mision_ad_gentes_2011-300x200.jpg 300w\" sizes=\"auto, (max-width: 400px) 100vw, 400px\" \/><\/figure><\/div>\n\n<p><strong>Citt\u00e0 del Vaticano &#8211; Aula Paolo VI, 17 gennaio 2011<\/strong><\/p>\n\n<p><em>L\u2019annuncio del Vangelo \u00e8 \u201cun impegno di tutti i cristiani, come conseguenza del Battesimo\u201d: lo ha ricordato il Papa ai membri del Cammino Neocatecumenale, ricevuti in udienza luned\u00ec mattina, 17 gennaio, nell\u2019Aula Paolo VI.<\/em><\/p>\n\n<p><em>Riportiamo qui di seguito il discorso pronunciato da Benedetto XVI:<\/em><\/p>\n\n<p>Cari amici!&#013;\n&#013;\nSono lieto di accogliervi e di darvi il mio cordiale benvenuto. Saluto in particolare Kiko Arg\u00fcello e Carmen Hern\u00e1ndez, iniziatori del Cammino Neocatecumenale, e Don Mario Pezzi, ringraziandoli per le parole di saluto e di presentazione che mi hanno rivolto. Con vivo affetto saluto tutti voi qui presenti: sacerdoti, seminaristi, famiglie e membri del Cammino. Ringrazio il Signore perch\u00e9 ci offre l\u2019opportunit\u00e0 di questo incontro, nel quale voi rinnovate il vostro legame con il Successore di Pietro, accogliendo nuovamente il mandato che Cristo risorto diede ai discepoli: \u201cAndate in tutto il mondo e proclamate il Vangelo ad ogni creatura\u201d (Mc 16,15).<\/p>\n\n<p><strong>Da oltre quarant\u2019anni il Cammino Neocatecumenale contribuisce a ravvivare e consolidare nelle diocesi e nelle parrocchie l\u2019Iniziazione cristiana, favorendo una graduale e radicale riscoperta delle ricchezze del Battesimo<\/strong>, aiutando ad assaporare la vita divina, la vita celeste che il Signore ha inaugurato con la sua incarnazione, venendo in mezzo a noi, nascendo come uno di noi. Questo dono di Dio per la sua Chiesa si pone \u201cal servizio del Vescovo come una delle modalit\u00e0 di attuazione diocesana dell\u2019iniziazione cristiana e dell\u2019educazione permanente nella fede\u201d (<em>Statuto<\/em>, art. 1 \u00a7 2). Tale servizio, come vi ricordava il mio predecessore, il Servo di Dio Paolo VI, nel primo incontro avuto con voi nel 1974, \u201cpotr\u00e0 rinnovare nelle odierne comunit\u00e0 cristiane quegli effetti di maturit\u00e0 e di approfondimento, che nella Chiesa primitiva erano realizzati dal periodo di preparazione al battesimo\u201d (<em>Insegnamenti di Paolo VI<\/em>, XII [1974], 406).<\/p>\n\n<div class=\"wp-block-image is-style-default\"><figure class=\"alignright size-large\"><img loading=\"lazy\" decoding=\"async\" width=\"400\" height=\"270\" src=\"https:\/\/neocatechumenaleiter.org\/wp-content\/uploads\/2020\/02\/Camino_Neocatecumenal_Benedicto_XVI_audiencia_familias_mision_ad_gentes_2011_orquesta.jpg\" alt=\"\" class=\"wp-image-1244\" srcset=\"https:\/\/neocatechumenaleiter.org\/wp-content\/uploads\/2020\/02\/Camino_Neocatecumenal_Benedicto_XVI_audiencia_familias_mision_ad_gentes_2011_orquesta.jpg 400w, https:\/\/neocatechumenaleiter.org\/wp-content\/uploads\/2020\/02\/Camino_Neocatecumenal_Benedicto_XVI_audiencia_familias_mision_ad_gentes_2011_orquesta-300x203.jpg 300w\" sizes=\"auto, (max-width: 400px) 100vw, 400px\" \/><\/figure><\/div>\n\n<p>Negli ultimi anni \u00e8 stato percorso con profitto il processo di redazione dello Statuto del Cammino Neocatecumenale che, dopo un congruo periodo di validit\u00e0 \u201cad experimentum\u201c, ha avuto la sua  approvazione definitiva nel giugno 2008. Un altro passo significativo si \u00e8 compiuto in questi giorni, con l\u2019approvazione, ad opera dei competenti Dicasteri della Santa Sede, del \u201cDirettorio catechetico del Cammino Neocatecumenale\u201d. Con questi sigilli ecclesiali, il Signore conferma oggi e vi affida nuovamente questo strumento prezioso che \u00e8 il Cammino, in modo che possiate, in filiale obbedienza alla Santa Sede e ai Pastori della Chiesa, contribuire, con nuovo slancio e ardore, alla riscoperta radicale e gioiosa del dono del Battesimo ed offrire il vostro originale contributo alla causa della nuova evangelizzazione. La Chiesa ha riconosciuto nel Cammino Neocatecumenale un particolare dono suscitato dallo Spirito Santo: come tale, esso tende naturalmente ad inserirsi nella grande armonia del Corpo ecclesiale. In questa luce, vi esorto a ricercare sempre una profonda comunione con i Pastori e con tutte le componenti delle Chiese particolari e dei contesti ecclesiali, assai diversi, nei quali siete chiamati ad operare. La comunione fraterna tra i discepoli di Ges\u00f9 \u00e8, infatti, la prima e pi\u00f9 grande testimonianza al nome di Ges\u00f9 Cristo.<\/p>\n\n<p>Sono particolarmente lieto di poter inviare oggi, in diverse parti del mondo, pi\u00f9 di 200 nuove famiglie, che si sono rese disponibili con grande generosit\u00e0 e partono per la missione, unendosi idealmente alle circa 600 che gi\u00e0 operano nei cinque Continenti. Care famiglie, la fede che avete ricevuto in dono sia quella luce posta sul candelabro, capace di indicare agli uomini la via del Cielo. Con lo stesso sentimento, invier\u00f2 13 nuove \u201cmissiones ad gentes\u201d, che saranno chiamate a realizzare una nuova presenza ecclesiale in ambienti molto secolarizzati di vari Paesi, o in luoghi nei quali il messaggio di Cristo non \u00e8 ancora giunto. Possiate sempre sentire accanto a voi la presenza viva del Signore Risorto e l\u2019accompagnamento di tanti fratelli, cos\u00ec come la preghiera del Papa, che \u00e8 con voi!<\/p>\n\n<p>Saluto con affetto i Presbiteri, provenienti dai Seminari diocesani \u201c<em>Redemptoris Mater<\/em>\u201c d\u2019Europa, e gli oltre duemila Seminaristi qui presenti. Carissimi, <strong>voi siete un segno speciale ed eloquente dei frutti di bene che possono nascere dalla riscoperta della grazia del proprio Battesimo. <\/strong>A voi guardiamo con particolare speranza: siate sacerdoti innamorati di Cristo e della sua Chiesa, capaci di trasmettere al mondo la gioia di avere incontrato il Signore e di poter essere al suo servizio. Saluto anche i catechisti itineranti e quelli delle Comunit\u00e0 neocatecumenali di Roma e del Lazio e, con affetto speciale, le \u201c<em>communitates<\/em><em> in missionem<\/em>\u201c. Avete abbandonato, per cos\u00ec dire, le sicurezze delle vostre comunit\u00e0 di origine per andare in luoghi pi\u00f9 lontani e scomodi, accettando di essere inviati per aiutare parrocchie in difficolt\u00e0 e per ricercare la pecora perduta e riportarla all\u2019ovile di Cristo. Nelle sofferenze o aridit\u00e0 che potete sperimentare, sentitevi uniti alla sofferenza di Cristo sulla croce, e al suo desiderio di raggiungere tanti fratelli lontani dalla fede e dalla verit\u00e0, per riportarli alla casa del Padre.<\/p>\n\n<div class=\"wp-block-image is-style-circle-mask\"><figure class=\"alignright size-large\"><img loading=\"lazy\" decoding=\"async\" width=\"400\" height=\"268\" src=\"https:\/\/neocatechumenaleiter.org\/wp-content\/uploads\/2020\/02\/Camino_Neocatecumenal_Benedicto_XVI_audiencia_familias_mision_ad_gentes_20112.jpg\" alt=\"\" class=\"wp-image-1251\" srcset=\"https:\/\/neocatechumenaleiter.org\/wp-content\/uploads\/2020\/02\/Camino_Neocatecumenal_Benedicto_XVI_audiencia_familias_mision_ad_gentes_20112.jpg 400w, https:\/\/neocatechumenaleiter.org\/wp-content\/uploads\/2020\/02\/Camino_Neocatecumenal_Benedicto_XVI_audiencia_familias_mision_ad_gentes_20112-300x201.jpg 300w\" sizes=\"auto, (max-width: 400px) 100vw, 400px\" \/><\/figure><\/div>\n\n<p>Come ho scritto nell\u2019Esortazione apostolica <em>Verbum Domini<\/em>: \u201cla missione della Chiesa non pu\u00f2 essere considerata come realt\u00e0 facoltativa o aggiuntiva della vita ecclesiale. Si tratta di lasciare che lo Spirito Santo ci assimili a Cristo stesso [\u2026] in modo da comunicare la Parola con tutta la vita\u201d (n. 93). <strong>Tutto il Popolo di Dio \u00e8 un popolo \u201cinviato\u201d e l\u2019annuncio del Vangelo \u00e8 un impegno di tutti i cristiani, come conseguenza del Battesimo <\/strong>(cfr <em>ibid.<\/em>, 94). Vi invito a soffermarvi sull\u2019Esortazione <em>Verbum Domini<\/em>, riflettendo, in modo particolare, dove, nella terza parte del Documento, si parla de \u201cLa missione della Chiesa: annunciare la Parola di Dio al mondo\u201d (n. 90-98). Cari amici, <strong>sentiamoci partecipi dell\u2019ansia di salvezza del Signore Ges\u00f9, della missione che Egli affida a tutta la Chiesa<\/strong>. La Beata Vergine Maria, che ha ispirato il vostro Cammino e che vi ha dato la famiglia di Nazareth come modello delle vostre comunit\u00e0, vi conceda di vivere la vostra fede in umilt\u00e0, semplicit\u00e0 e lode, interceda per tutti voi e vi accompagni nella vostra missione. Vi sostenga anche la mia Benedizione, che di cuore imparto a voi e a tutti i membri del Cammino Neocatecumenale sparsi nel mondo.&#013;\n&#013;\n\u00a0&#013;\n&#013;\n<em>(*) Cfr. \u00abL\u2019Osservatore Romano\u00bb, 17-18 gennaio 2011.<\/em><\/p>\n","protected":false},"excerpt":{"rendered":"<p>Udienza al Cammino Neocatecumenale ed Invio di oltre 200 Famiglie in missione e di 13 \u00abMissio Ad Gentes\u00bb 17-I-2011 Benedetto XVI Citt\u00e0 del Vaticano &#8211; Aula Paolo VI, 17 gennaio 2011 L\u2019annuncio del Vangelo \u00e8 \u201cun impegno di tutti i cristiani, come conseguenza del Battesimo\u201d: lo ha ricordato il Papa ai membri del Cammino Neocatecumenale, ricevuti in udienza luned\u00ec mattina, 17 gennaio, nell\u2019Aula Paolo VI. Riportiamo qui di seguito il<\/p>\n<div class=\"read-more\"><a class=\"btn read-more-btn\" href=\"https:\/\/neocatechumenaleiter.org\/it\/discorsi-dei-papi\/benedetto-xvi\/udienza-al-cammino-neocatecumenale-ed-invio-di-oltre-200-famiglie-in-missione-e-di-13-missio-ad-gentes-17-i-2011\/\">Leggi tutto<\/a><\/div>\n","protected":false},"author":2,"featured_media":0,"parent":3174,"menu_order":9,"comment_status":"closed","ping_status":"closed","template":"","meta":{"footnotes":""},"class_list":["post-4693","page","type-page","status-publish","hentry"],"_links":{"self":[{"href":"https:\/\/neocatechumenaleiter.org\/it\/wp-json\/wp\/v2\/pages\/4693","targetHints":{"allow":["GET"]}}],"collection":[{"href":"https:\/\/neocatechumenaleiter.org\/it\/wp-json\/wp\/v2\/pages"}],"about":[{"href":"https:\/\/neocatechumenaleiter.org\/it\/wp-json\/wp\/v2\/types\/page"}],"author":[{"embeddable":true,"href":"https:\/\/neocatechumenaleiter.org\/it\/wp-json\/wp\/v2\/users\/2"}],"replies":[{"embeddable":true,"href":"https:\/\/neocatechumenaleiter.org\/it\/wp-json\/wp\/v2\/comments?post=4693"}],"version-history":[{"count":5,"href":"https:\/\/neocatechumenaleiter.org\/it\/wp-json\/wp\/v2\/pages\/4693\/revisions"}],"predecessor-version":[{"id":8618,"href":"https:\/\/neocatechumenaleiter.org\/it\/wp-json\/wp\/v2\/pages\/4693\/revisions\/8618"}],"up":[{"embeddable":true,"href":"https:\/\/neocatechumenaleiter.org\/it\/wp-json\/wp\/v2\/pages\/3174"}],"wp:attachment":[{"href":"https:\/\/neocatechumenaleiter.org\/it\/wp-json\/wp\/v2\/media?parent=4693"}],"curies":[{"name":"wp","href":"https:\/\/api.w.org\/{rel}","templated":true}]}}