{"id":4703,"date":"2020-03-22T21:26:08","date_gmt":"2020-03-22T20:26:08","guid":{"rendered":"https:\/\/neocatechumenaleiter.org\/discorsi-dei-papi\/benedetto-xvi\/regina-coeli-in-occasione-della-visita-pastorale-ad-aquileia-e-venezia-8-v-2011\/"},"modified":"2020-03-22T21:26:13","modified_gmt":"2020-03-22T20:26:13","slug":"regina-coeli-in-occasione-della-visita-pastorale-ad-aquileia-e-venezia-8-v-2011","status":"publish","type":"page","link":"https:\/\/neocatechumenaleiter.org\/it\/discorsi-dei-papi\/benedetto-xvi\/regina-coeli-in-occasione-della-visita-pastorale-ad-aquileia-e-venezia-8-v-2011\/","title":{"rendered":"\u00abRegina Coeli\u00bb in occasione della visita pastorale ad Aquileia e Venezia 8-V-2011"},"content":{"rendered":"\n<h1 class=\"has-text-align-center wp-block-heading\">\u00abRegina Coeli\u00bb in occasione della visita pastorale ad Aquileia e Venezia 8-V-2011<\/h1>\n\n<div style=\"height:20px\" aria-hidden=\"true\" class=\"wp-block-spacer\"><\/div>\n\n<h4 class=\"has-text-align-center wp-block-heading\">Benedetto XVI<\/h4>\n\n<div style=\"height:20px\" aria-hidden=\"true\" class=\"wp-block-spacer\"><\/div>\n\n<p><strong>Parco San Giuliano &#8211; Mestre, 8 Maggio 2011 <\/strong><\/p>\n\n<p><em>Durante la visita pastorale ad Aquileia e Venezia, prima della recita del \u201cRegina Coeli\u201d, Benedetto XVI ha chiesto di invocare la Vergine affinch\u00e9 sostenga e \u201crafforzi l\u2019opera dei numerosi laici, che collaborano attivamente alla nuova evangelizzazione\u201d e tra questi ha ricordato il Cammino Neocatecumenale.<\/em><\/p>\n\n<p><i>Cari fratelli e sorelle!<\/i>&#13;\n&#13;\nAl termine di questa <a href=\"http:\/\/w2.vatican.va\/content\/benedict-xvi\/it\/homilies\/2011\/documents\/hf_ben-xvi_hom_20110508_mestre.html\">solenne Celebrazione eucaristica<\/a>, volgiamo lo sguardo a Maria, <i>Regina Caeli<\/i>. All\u2019alba della Pasqua, Ella divenne la Madre del Risorto e la sua unione con Lui \u00e8 cos\u00ec profonda che l\u00e0 dove il Figlio \u00e8 presente non pu\u00f2 mancare la Madre. In questi vostri splendidi luoghi, dono e segno della bellezza di Dio, quanti Santuari, chiese e cappelle sono dedicati a Maria! In Lei si riflette il volto luminoso di Cristo. Se la seguiamo docilmente, la Vergine ci conduce a Lui. In questi giorni del Tempo pasquale, lasciamoci conquistare dal Cristo risorto. In Lui ha inizio il mondo nuovo di amore e di pace che costituisce la profonda aspirazione di ogni cuore umano. Il Signore conceda a voi, abitanti di queste Terre ricche di una lunga storia cristiana, di vivere il Vangelo sul modello della Chiesa nascente, nella quale \u201cla moltitudine di coloro che erano venuti alla fede aveva un cuor solo e un\u2019anima sola\u201d (<i>At<\/i> 4,32). Invochiamo Maria Santissima, che ha sostenuto i primi testimoni del suo Figlio nella predicazione della Buona Novella, affinch\u00e9 sostenga anche oggi le fatiche apostoliche dei Sacerdoti; renda feconda la testimonianza dei Religiosi e delle Religiose; animi la quotidiana opera dei genitori nella prima trasmissione della fede ai loro figli; illumini la strada dei giovani perch\u00e9 camminino fiduciosi sulla via tracciata dalla fede dei padri; colmi di ferma speranza i cuori degli anziani; conforti con la sua vicinanza gli ammalati e tutti i sofferenti; rafforzi l\u2019opera dei numerosi laici che collaborano attivamente alla nuova evangelizzazione, nelle Parrocchie, nelle Associazioni, come gli scout e l\u2019Azione Cattolica, cos\u00ec radicata e presente in queste Terre, nei Movimenti, che, con la variet\u00e0 dei loro carismi e della loro azione, sono un segno della ricchezza del tessuto ecclesiale \u2013 penso a realt\u00e0 come il Movimento dei Focolari, Comunione e Liberazione o il Cammino Neocatecumenale, per citarne solo alcune. Tutti incoraggio a lavorare con vero spirito di comunione in questa grande vigna nella quale il Signore ci ha chiamati ad operare. Maria, Madre del Risorto e della Chiesa, prega per noi!&#13;\n&#13;\n\u00a0&#13;\n&#13;\n<em>(*) Cfr. \u00abL\u2019Osservatore Romano\u00bb, 9-10 Maggio 2011.<\/em><\/p>\n","protected":false},"excerpt":{"rendered":"<p>\u00abRegina Coeli\u00bb in occasione della visita pastorale ad Aquileia e Venezia 8-V-2011 Benedetto XVI Parco San Giuliano &#8211; Mestre, 8 Maggio 2011 Durante la visita pastorale ad Aquileia e Venezia, prima della recita del \u201cRegina Coeli\u201d, Benedetto XVI ha chiesto di invocare la Vergine affinch\u00e9 sostenga e \u201crafforzi l\u2019opera dei numerosi laici, che collaborano attivamente alla nuova evangelizzazione\u201d e tra questi ha ricordato il Cammino Neocatecumenale. Cari fratelli e sorelle!&#13;<\/p>\n<div class=\"read-more\"><a class=\"btn read-more-btn\" href=\"https:\/\/neocatechumenaleiter.org\/it\/discorsi-dei-papi\/benedetto-xvi\/regina-coeli-in-occasione-della-visita-pastorale-ad-aquileia-e-venezia-8-v-2011\/\">Leggi tutto<\/a><\/div>\n","protected":false},"author":2,"featured_media":0,"parent":3174,"menu_order":10,"comment_status":"closed","ping_status":"closed","template":"","meta":{"footnotes":""},"class_list":["post-4703","page","type-page","status-publish","hentry"],"_links":{"self":[{"href":"https:\/\/neocatechumenaleiter.org\/it\/wp-json\/wp\/v2\/pages\/4703","targetHints":{"allow":["GET"]}}],"collection":[{"href":"https:\/\/neocatechumenaleiter.org\/it\/wp-json\/wp\/v2\/pages"}],"about":[{"href":"https:\/\/neocatechumenaleiter.org\/it\/wp-json\/wp\/v2\/types\/page"}],"author":[{"embeddable":true,"href":"https:\/\/neocatechumenaleiter.org\/it\/wp-json\/wp\/v2\/users\/2"}],"replies":[{"embeddable":true,"href":"https:\/\/neocatechumenaleiter.org\/it\/wp-json\/wp\/v2\/comments?post=4703"}],"version-history":[{"count":3,"href":"https:\/\/neocatechumenaleiter.org\/it\/wp-json\/wp\/v2\/pages\/4703\/revisions"}],"predecessor-version":[{"id":4706,"href":"https:\/\/neocatechumenaleiter.org\/it\/wp-json\/wp\/v2\/pages\/4703\/revisions\/4706"}],"up":[{"embeddable":true,"href":"https:\/\/neocatechumenaleiter.org\/it\/wp-json\/wp\/v2\/pages\/3174"}],"wp:attachment":[{"href":"https:\/\/neocatechumenaleiter.org\/it\/wp-json\/wp\/v2\/media?parent=4703"}],"curies":[{"name":"wp","href":"https:\/\/api.w.org\/{rel}","templated":true}]}}