{"id":4709,"date":"2020-03-22T21:39:14","date_gmt":"2020-03-22T20:39:14","guid":{"rendered":"https:\/\/neocatechumenaleiter.org\/discorsi-dei-papi\/benedetto-xvi\/udienza-ed-invio-di-15-missio-ad-gentes-20-i-2012\/"},"modified":"2020-06-09T21:02:14","modified_gmt":"2020-06-09T20:02:14","slug":"udienza-ed-invio-di-15-missio-ad-gentes-20-i-2012","status":"publish","type":"page","link":"https:\/\/neocatechumenaleiter.org\/it\/discorsi-dei-papi\/benedetto-xvi\/udienza-ed-invio-di-15-missio-ad-gentes-20-i-2012\/","title":{"rendered":"Udienza ed invio di 15 \u00abMissio Ad Gentes\u00bb 20-I-2012"},"content":{"rendered":"\n<h1 class=\"has-text-align-center wp-block-heading\">Udienza ed invio di 15 \u00abMissio Ad Gentes\u00bb 20-I-2012<\/h1>\n\n<div style=\"height:20px\" aria-hidden=\"true\" class=\"wp-block-spacer\"><\/div>\n\n<h4 class=\"has-text-align-center wp-block-heading\">Benedetto XVI<\/h4>\n\n<div style=\"height:20px\" aria-hidden=\"true\" class=\"wp-block-spacer\"><\/div>\n\n<p><strong>Citt\u00e0 del Vaticano &#8211; Aula Paolo VI, 20 gennaio 2012 *<\/strong><\/p>\n\n<p><em>Il 20 gennaio 2012, in occasione della pubblicazione del \u201cDecreto\u201d con cui vengono approvate le celebrazione presenti nel Direttorio Catechetico del Cammino Neocatecumenale, il Santo Padre Benedetto XVI ha rivolto ai presenti il discorso che qui di seguito riportiamo.<\/em>&#13;\n&#13;\n<em>All\u2019importante atto, <\/em><em>con cui <\/em><em>si conclude l\u2019iter di approvazione del Cammino Neocatecumenale (2008: Statuto; 2010: Decreto di approvazione del Direttorio Catechetico del Cammino Neocatecumenale; 2012: Decreto di approvazione delle celebrazioni che accompagnano le varie fasi del cammino di Iniziazione Cristiana.), erano presenti gli Iniziatori: Kiko, Carmen e Padre Mario, tutti gli Itineranti del mondo, le Famiglie in Missione, le \u201cMissio ad gentes\u201d gi\u00e0 inviate e le 15 nuove \u201cMissio ad gentes\u201d che il Papa ha inviato in questa occasione. Erano inoltre presenti i Responsabili delle Comunit\u00e0 che hanno concluso l\u2019itinerario neocatecumenale, i Presbiteri dei \u201cRedemptoris Mater\u201d d\u2019Europa, i Seminaristi, i Catechisti e le \u201cCommunitates in missionem\u201d di Roma.<\/em><\/p>\n\n<p><i>Cari fratelli e sorelle,<\/i>&#13;\n&#13;\nanche quest\u2019anno ho la gioia di potervi incontrare e condividere con voi questo momento di invio per la missione. Un saluto particolare a Kiko Arg\u00fcello, a Carmen Hern\u00e1ndez e a Don Mario Pezzi, e un affettuoso saluto a tutti voi: sacerdoti, seminaristi, famiglie, formatori e membri del Cammino Neocatecumenale. La vostra presenza oggi \u00e8 una testimonianza visibile del vostro gioioso impegno di vivere la fede, in comunione con tutta la Chiesa e con il Successore di Pietro, e di essere coraggiosi annunciatori del Vangelo.<\/p>\n\n<div class=\"wp-block-image is-style-default\"><figure class=\"alignright size-large\"><img loading=\"lazy\" decoding=\"async\" width=\"400\" height=\"267\" src=\"https:\/\/neocatechumenaleiter.org\/wp-content\/uploads\/2020\/02\/Camino_Neocatecumenal_Benedicto_XVI_envio_misiones_ad_gentes_2012.jpg\" alt=\"\" class=\"wp-image-1265\" srcset=\"https:\/\/neocatechumenaleiter.org\/wp-content\/uploads\/2020\/02\/Camino_Neocatecumenal_Benedicto_XVI_envio_misiones_ad_gentes_2012.jpg 400w, https:\/\/neocatechumenaleiter.org\/wp-content\/uploads\/2020\/02\/Camino_Neocatecumenal_Benedicto_XVI_envio_misiones_ad_gentes_2012-300x200.jpg 300w\" sizes=\"auto, (max-width: 400px) 100vw, 400px\" \/><\/figure><\/div>\n\n<p>Nel brano di san Matteo che abbiamo ascoltato, gli Apostoli ricevono un preciso mandato di Ges\u00f9: \u201cAndate dunque e fate discepoli tutti i popoli\u201d (<i>Mt<\/i> 28, 19). Inizialmente avevano dubitato, nel loro cuore c\u2019era ancora l\u2019incertezza, lo stupore di fronte all\u2019evento della risurrezione. Ed \u00e8 Ges\u00f9 stesso, il Risorto \u2013 sottolinea l\u2019Evangelista \u2013 che si avvicina a loro, fa sentire la sua presenza, li invia ad insegnare tutto ci\u00f2 che ha comunicato loro, donando una certezza che accompagna ogni annunciatore di Cristo: \u201cEd ecco, io sono con voi tutti i giorni, fino alla fine del mondo\u201d (<i>Mt<\/i> 28, 20). Sono parole che risuonano forti nel vostro cuore. Avete cantato <i>Resurrexit<\/i>, che esprime la fede nel Vivente, in Colui che, in un supremo atto di amore, ha vinto il peccato e la morte e dona all\u2019uomo, a noi, il calore dell\u2019amore di Dio, la speranza di essere salvati, un futuro di eternit\u00e0.&#13;\n&#13;\nIn questi decenni di vita del Cammino un vostro fermo impegno \u00e8 stato di proclamare il Cristo Risorto, rispondere alle sue parole con generosit\u00e0, abbandonando spesso sicurezze personali e materiali, lasciando anche i propri Paesi, affrontando situazioni nuove e non sempre facili. Portare Cristo agli uomini e portare gli uomini a Cristo: questo \u00e8 ci\u00f2 che anima ogni opera evangelizzatrice. Voi lo realizzate in un cammino che aiuta a far riscoprire a chi ha gi\u00e0 ricevuto il Battesimo la bellezza della vita di fede, la gioia di essere cristiani. Il \u201cseguire Cristo\u201d esige l\u2019avventura personale della ricerca di Lui, dell\u2019andare con Lui, ma comporta sempre anche uscire dalla chiusura dell\u2019io, spezzare l\u2019individualismo che spesso caratterizza la societ\u00e0 del nostro tempo, per sostituire l\u2019egoismo con la comunit\u00e0 dell\u2019uomo nuovo in Ges\u00f9 Cristo. E questo avviene in un profondo rapporto personale con Lui, nell\u2019ascolto della sua parola, nel percorrere il cammino che ci ha indicato, ma avviene anche inseparabilmente nel credere con la sua Chiesa, con i santi, nei quali si fa sempre e nuovamente conoscere il vero volto della Sposa di Cristo.<\/p>\n\n<p>\u00c8 un impegno &#8211; lo sappiamo &#8211; non sempre facile. A volte siete presenti in luoghi in cui vi \u00e8 bisogno di un primo annuncio del Vangelo, la missio ad gentes; spesso, invece, in aree, che, pur avendo conosciuto Cristo, sono diventate indifferenti alla fede: il secolarismo vi ha eclissato il senso di Dio e oscurato i valori cristiani. Qui il vostro impegno e la vostra testimonianza siano come il lievito che, con pazienza, rispettando i tempi, con sensus Ecclesiae, fa crescere tutta la massa. La Chiesa ha riconosciuto nel Cammino un particolare dono che lo Spirito Santo ha dato ai nostri tempi e l\u2019approvazione degli Statuti e del \u201cDirettorio Catechetico\u201d ne sono un segno. Vi incoraggio ad offrire il vostro originale contributo alla causa del Vangelo. Nella vostra preziosa opera ricercate sempre una profonda comunione con la Sede Apostolica e con i Pastori delle Chiese particolari, nelle quali siete inseriti: l\u2019unit\u00e0 e l\u2019armonia del Corpo ecclesiale sono una importante testimonianza a Cristo e al suo Vangelo nel mondo in cui viviamo.  Care famiglie, la Chiesa vi ringrazia; ha bisogno di voi per la nuova evangelizzazione. La famiglia \u00e8 una cellula importante per la comunit\u00e0 ecclesiale, dove ci si forma alla vita umana e cristiana. Con grande gioia vedo i vostri figli, tanti bambini che guardano a voi, cari genitori, al vostro esempio. Un centinaio di famiglie sono in partenza per 12 Missioni ad gentes. Vi invito a non avere timore: chi porta il Vangelo non \u00e8 mai solo. Saluto con affetto i sacerdoti e i seminaristi: amate Cristo e la Chiesa, comunicate la gioia di averLo incontrato e la bellezza di avere donato a Lui tutto. Saluto anche gli itineranti, i responsabili e tutte le comunit\u00e0 del Cammino. Continuate ad essere generosi con il Signore: non vi far\u00e0 mancare la sua consolazione!<\/p>\n\n<p>Poco fa vi \u00e8 stato letto il Decreto con cui vengono approvate le celebrazioni presenti nel \u201cDirettorio Catechetico del Cammino Neocatecumenale\u201d, che non sono strettamente liturgiche, ma fanno parte dell\u2019itinerario di crescita nella fede. E\u2019 un altro elemento che vi mostra come la Chiesa vi accompagni con attenzione in un paziente discernimento, che comprende la vostra ricchezza, ma guarda anche alla comunione e all\u2019armonia dell\u2019intero Corpus Ecclesiae.<\/p>\n\n<p>Questo fatto mi offre l\u2019occasione per un breve pensiero sul valore della Liturgia. Il Concilio Vaticano II la definisce come l\u2019opera di Cristo sacerdote e del suo corpo che \u00e8 la Chiesa (cfr <i> <a href=\"http:\/\/www.vatican.va\/archive\/hist_councils\/ii_vatican_council\/documents\/vat-ii_const_19631204_sacrosanctum-concilium_it.html\">Sacrosanctum Concilium<\/a><\/i>, 7). A prima vista ci\u00f2 potrebbe apparire strano, perch\u00e9 sembra che l\u2019opera di Cristo designi le azioni redentrici <i>storiche<\/i> di Ges\u00f9, la sua Passione, Morte e Risurrezione. In che senso allora la Liturgia \u00e8 opera di Cristo? La Passione, Morte e Risurrezione di Ges\u00f9 non sono solo avvenimenti storici; raggiungono e penetrano la storia, ma la trascendono e rimangono sempre presenti nel cuore di Cristo. Nell\u2019azione liturgica della Chiesa c\u2019\u00e8 la presenza attiva di Cristo Risorto che rende presente ed efficace per noi oggi lo stesso Mistero pasquale, per la nostra salvezza; ci attira in questo atto di dono di S\u00e9 che nel suo cuore \u00e8 sempre presente e ci fa partecipare a questa presenza del Mistero pasquale. Questa opera del Signore Ges\u00f9, che \u00e8 il vero contenuto della Liturgia, l\u2019entrare nella presenza del Mistero pasquale, \u00e8 anche opera della Chiesa, che, essendo suo corpo, \u00e8 un unico soggetto con Cristo \u2013 <i>Christus totus caput et corpus<\/i> \u2013 dice sant\u2019Agostino. Nella celebrazione dei Sacramenti Cristo ci immerge nel Mistero pasquale per farci passare dalla morte alla vita, dal peccato all\u2019esistenza nuova in Cristo.&#13;\n&#13;\nCi\u00f2 vale in modo specialissimo per la celebrazione dell\u2019Eucaristia, che, essendo il culmine della vita cristiana, \u00e8 anche il cardine della sua riscoperta, alla quale il neocatecumenato tende. Come recitano i vostri Statuti, \u201cL\u2019Eucaristia \u00e8 essenziale al Neocatecumenato, in quanto catecumenato post-battesimale, vissuto in piccola comunit\u00e0\u201d (art. 13 \u00a71). Proprio al fine di favorire il riavvicinamento alla ricchezza della vita sacramentale da parte di persone che si sono allontanate dalla Chiesa, o non hanno ricevuto una formazione adeguata, i neocatecumenali possono celebrare l\u2019Eucaristia domenicale nella piccola comunit\u00e0, dopo i primi Vespri della domenica, secondo le disposizioni del Vescovo diocesano (cfr <i>Statuti<\/i>, art. 13 \u00a72). Ma ogni celebrazione eucaristica \u00e8 un\u2019azione dell\u2019unico Cristo insieme con la sua unica Chiesa e perci\u00f2 essenzialmente aperta a tutti coloro che appartengono a questa sua Chiesa. Questo carattere pubblico della Santa Eucaristia si esprime nel fatto che ogni celebrazione della Santa Messa \u00e8 ultimamente diretta dal Vescovo come membro del Collegio Episcopale, responsabile per una determinata Chiesa locale (cfr Conc. Ecum. Vat. II, Cost. dogm. <i> <a href=\"http:\/\/www.vatican.va\/archive\/hist_councils\/ii_vatican_council\/documents\/vat-ii_const_19641121_lumen-gentium_it.html\">Lumen gentium<\/a><\/i>, 26). La celebrazione nelle piccole comunit\u00e0, regolata dai Libri liturgici, che vanno seguiti fedelmente, e con le particolarit\u00e0 approvate negli Statuti del Cammino, ha il compito di aiutare quanti percorrono l\u2019itinerario neocatecumenale a percepire la grazia dell\u2019essere inseriti nel mistero salvifico di Cristo, che rende possibile una testimonianza cristiana capace di assumere anche i tratti della radicalit\u00e0. Al tempo stesso, la progressiva maturazione nella fede del singolo e della piccola comunit\u00e0 deve favorire il loro inserimento nella vita della grande comunit\u00e0 ecclesiale, che trova nella celebrazione liturgica della parrocchia, nella quale e per la quale si attua il Neocatecumenato (cfr <i> Statuti<\/i>, art. 6), la sua forma ordinaria. Ma anche durante il cammino \u00e8 importante non separarsi dalla comunit\u00e0 parrocchiale, proprio nella celebrazione dell\u2019Eucaristia che \u00e8 il vero luogo dell\u2019unit\u00e0 di tutti, dove il Signore ci abbraccia nei diversi stati della nostra maturit\u00e0 spirituale e ci unisce nell\u2019unico pane che ci rende un unico corpo (cfr 1 <i>Cor <\/i>10, 16s).&#13;\n&#13;\nCoraggio! Il Signore non manca di accompagnarvi e anch\u2019io vi assicuro la mia preghiera e vi ringrazio per i tanti segni di vicinanza. Vi chiedo di ricordarvi anche di me nelle vostre preghiere. La Santa Vergine Maria vi assista con il suo sguardo materno e vi sostenga la mia Benedizione Apostolica, che estendo a tutti i membri del Cammino. Grazie!<\/p>\n\n<p><em>(*) Cfr. \u00abL\u2019Osservatore Romano\u00bb, 21 gennaio 2012.<\/em><\/p>\n","protected":false},"excerpt":{"rendered":"<p>Udienza ed invio di 15 \u00abMissio Ad Gentes\u00bb 20-I-2012 Benedetto XVI Citt\u00e0 del Vaticano &#8211; Aula Paolo VI, 20 gennaio 2012 * Il 20 gennaio 2012, in occasione della pubblicazione del \u201cDecreto\u201d con cui vengono approvate le celebrazione presenti nel Direttorio Catechetico del Cammino Neocatecumenale, il Santo Padre Benedetto XVI ha rivolto ai presenti il discorso che qui di seguito riportiamo.&#13; &#13; All\u2019importante atto, con cui si conclude l\u2019iter di<\/p>\n<div class=\"read-more\"><a class=\"btn read-more-btn\" href=\"https:\/\/neocatechumenaleiter.org\/it\/discorsi-dei-papi\/benedetto-xvi\/udienza-ed-invio-di-15-missio-ad-gentes-20-i-2012\/\">Leggi tutto<\/a><\/div>\n","protected":false},"author":2,"featured_media":0,"parent":3174,"menu_order":11,"comment_status":"closed","ping_status":"closed","template":"","meta":{"footnotes":""},"class_list":["post-4709","page","type-page","status-publish","hentry"],"_links":{"self":[{"href":"https:\/\/neocatechumenaleiter.org\/it\/wp-json\/wp\/v2\/pages\/4709","targetHints":{"allow":["GET"]}}],"collection":[{"href":"https:\/\/neocatechumenaleiter.org\/it\/wp-json\/wp\/v2\/pages"}],"about":[{"href":"https:\/\/neocatechumenaleiter.org\/it\/wp-json\/wp\/v2\/types\/page"}],"author":[{"embeddable":true,"href":"https:\/\/neocatechumenaleiter.org\/it\/wp-json\/wp\/v2\/users\/2"}],"replies":[{"embeddable":true,"href":"https:\/\/neocatechumenaleiter.org\/it\/wp-json\/wp\/v2\/comments?post=4709"}],"version-history":[{"count":6,"href":"https:\/\/neocatechumenaleiter.org\/it\/wp-json\/wp\/v2\/pages\/4709\/revisions"}],"predecessor-version":[{"id":14605,"href":"https:\/\/neocatechumenaleiter.org\/it\/wp-json\/wp\/v2\/pages\/4709\/revisions\/14605"}],"up":[{"embeddable":true,"href":"https:\/\/neocatechumenaleiter.org\/it\/wp-json\/wp\/v2\/pages\/3174"}],"wp:attachment":[{"href":"https:\/\/neocatechumenaleiter.org\/it\/wp-json\/wp\/v2\/media?parent=4709"}],"curies":[{"name":"wp","href":"https:\/\/api.w.org\/{rel}","templated":true}]}}