{"id":4717,"date":"2020-03-02T02:02:53","date_gmt":"2020-03-02T01:02:53","guid":{"rendered":"https:\/\/neocatechumenaleiter.org\/discorsi-dei-papi\/s-giovanni-paolo-ii\/visita-del-papa-giovanni-paolo-ii-alla-parrocchia-di-san-timoteo-10-ii-1980\/"},"modified":"2021-08-10T11:00:38","modified_gmt":"2021-08-10T10:00:38","slug":"visita-del-papa-giovanni-paolo-ii-alla-parrocchia-di-san-timoteo-10-ii-1980","status":"publish","type":"page","link":"https:\/\/neocatechumenaleiter.org\/it\/discorsi-dei-papi\/s-giovanni-paolo-ii\/visita-del-papa-giovanni-paolo-ii-alla-parrocchia-di-san-timoteo-10-ii-1980\/","title":{"rendered":"Visita del Papa Giovanni Paolo II alla parrocchia di San Timoteo 10-II-1980"},"content":{"rendered":"\n<h1 class=\"has-text-align-center wp-block-heading\">Visita del Papa Giovanni Paolo II alla parrocchia di San Timoteo 10-II-1980<\/h1>\n\n<div style=\"height:20px\" aria-hidden=\"true\" class=\"wp-block-spacer\"><\/div>\n\n<h4 class=\"has-text-align-center wp-block-heading\">S. Giovanni Paolo II<\/h4>\n\n<div style=\"height:20px\" aria-hidden=\"true\" class=\"wp-block-spacer\"><\/div>\n\n<p><strong>Roma, 10 febbraio 1980 *<\/strong><\/p>\n\n<p><em>Accolto dal canto dei presenti, il Santo Padre \u00e8 entrato nella sala dove erano riunite le Comunit\u00e0 Neocatecumenali sorte nella parrocchia. Introdotte dalle parole del parroco, che ha sottolineato come egli stesso con l&#8217;aiuto di questi fratelli ha intrapreso un nuovo cammino di conversione, si sono ascoltate le testimonianze di alcuni neocatecumeni.<\/em>&#13;\n&#13;\n<em>Domenico, un uomo di mezza et\u00e0, ha ricordato come l\u2019esperienza neocatecumenale gli ha fatto scoprire la vera dimensione del cristianesimo, che \u00e8 vita vissuta e non soltanto adesione intellettuale, riuscendo con ci\u00f2 a superare gravi difficolt\u00e0 familiari. Elisabetta, 21 anni, ha raccontato la sua esperienza di contestatrice, maturata con la scoperta di Dio. Una signora sposata e madre di quattro figli ha confidato come una frase \u2013 \u00abci sar\u00e0 un cammino per i disperati\u00bb \u2013 ascoltata in una chiesa dove casualmente era entrata, l\u2019abbia salvata dall\u2019angoscia e dal suicidio. Francesco ha raccontato come il dono gratuito dell\u2019amore di Dio gli ha fatto scoprire la ricchezza della vita. Ha quindi parlato un catechista, Giampiero Donnini, che ha fatto presente come sia stata molto importante per la vita della parrocchia la costituzione di queste Comunit\u00e0 Neocatecumenali che si offrono come strutture permanenti in cui inserire tutti coloro che vogliono iniziare il cammino verso una fede pi\u00f9 adulta e matura.<\/em><\/p>\n\n<div class=\"wp-block-image\"><figure class=\"alignright size-medium\"><img loading=\"lazy\" decoding=\"async\" width=\"300\" height=\"241\" src=\"https:\/\/neocatechumenaleiter.org\/wp-content\/uploads\/2020\/03\/Camino_Neocatecumenal_Juan_Pablo_II_visita_parroquia_San_Timoteo-300x241.jpg\" alt=\"\" class=\"wp-image-1460\" srcset=\"https:\/\/neocatechumenaleiter.org\/wp-content\/uploads\/2020\/03\/Camino_Neocatecumenal_Juan_Pablo_II_visita_parroquia_San_Timoteo-300x241.jpg 300w, https:\/\/neocatechumenaleiter.org\/wp-content\/uploads\/2020\/03\/Camino_Neocatecumenal_Juan_Pablo_II_visita_parroquia_San_Timoteo.jpg 697w\" sizes=\"auto, (max-width: 300px) 100vw, 300px\" \/><\/figure><\/div>\n\n<p><em>Il Papa ha ringraziato per queste testimonianze profonde e semplici ricordando come tutti ben sappiamo cosa significhi la parola catecumeno:<\/em><\/p>\n\n<p>Dobbiamo dire che la parola Catecumeno \u00e8 quasi scomparsa. I Catecumeni, specialmente nei popoli tradizionalmente cattolici, sono i bambini piccoli, i neonati. Ma questi non sono Catecumeni perch\u00e9 non sono capaci di essere preparati al Battesimo. I Catecumeni dei primi secoli costituivano una realt\u00e0 molto importante nella Chiesa: io penso che quello che facevano loro per la fede in quell\u2019epoca lo fanno ora le Comunit\u00e0 Neocatecumenali.&#13;\nMa lo fanno perch\u00e9 sono stati battezzati da altri all\u2019inizio della vita. Il senso del Catecumenato \u00e8 di prepararsi al Battesimo; prepararsi, nel senso pieno della parola, vuol dire essere introdotti nel mistero del Dio vivente, perch\u00e9 nel Battesimo si riceve non solo il nome di cristiano, ma anche la partecipazione al Cristo stesso, al mistero del Dio vivente per l\u2019uomo. Le testimonianze che mi avete portato provano tutte che c\u2019\u00e8 un momento della grazia, un momento di illuminazione, un momento in cui si incontra il Dio vivente che cerca di vivere nella vostra vita, di vivere la vita. Questo \u00e8 tanto prezioso per la vostra esperienza personale di cristiani, ma \u00e8 prezioso soprattutto per la formazione apostolica. Al di sotto di ogni formazione apostolica \u2013 diciamo catechistica \u2013 ci deve essere questa esperienza: non solamente bisogna conoscere formule di fede e teologia, ma bisogna anche entrare in contatto con il mistero della vita divina aperta a tutti noi con Ges\u00f9 Cristo.<\/p>\n\n<p>Soltanto dopo l\u2019esperienza personale si pu\u00f2 dare testimonianza.&#13;\nVi auguro di approfondire sempre pi\u00f9 la vostra fede e di avere sempre con voi la gioia.&#13;\n<\/p>\n\n<p><em>(*) Cfr. \u00abL&#8217;Osservatore Romano\u00bb, 11-12 febbraio 1980.<\/em><\/p>\n","protected":false},"excerpt":{"rendered":"<p>Visita del Papa Giovanni Paolo II alla parrocchia di San Timoteo 10-II-1980 S. Giovanni Paolo II Roma, 10 febbraio 1980 * Accolto dal canto dei presenti, il Santo Padre \u00e8 entrato nella sala dove erano riunite le Comunit\u00e0 Neocatecumenali sorte nella parrocchia. Introdotte dalle parole del parroco, che ha sottolineato come egli stesso con l&#8217;aiuto di questi fratelli ha intrapreso un nuovo cammino di conversione, si sono ascoltate le testimonianze<\/p>\n<div class=\"read-more\"><a class=\"btn read-more-btn\" href=\"https:\/\/neocatechumenaleiter.org\/it\/discorsi-dei-papi\/s-giovanni-paolo-ii\/visita-del-papa-giovanni-paolo-ii-alla-parrocchia-di-san-timoteo-10-ii-1980\/\">Leggi tutto<\/a><\/div>\n","protected":false},"author":2,"featured_media":0,"parent":3717,"menu_order":5,"comment_status":"closed","ping_status":"closed","template":"","meta":{"footnotes":""},"class_list":["post-4717","page","type-page","status-publish","hentry"],"_links":{"self":[{"href":"https:\/\/neocatechumenaleiter.org\/it\/wp-json\/wp\/v2\/pages\/4717","targetHints":{"allow":["GET"]}}],"collection":[{"href":"https:\/\/neocatechumenaleiter.org\/it\/wp-json\/wp\/v2\/pages"}],"about":[{"href":"https:\/\/neocatechumenaleiter.org\/it\/wp-json\/wp\/v2\/types\/page"}],"author":[{"embeddable":true,"href":"https:\/\/neocatechumenaleiter.org\/it\/wp-json\/wp\/v2\/users\/2"}],"replies":[{"embeddable":true,"href":"https:\/\/neocatechumenaleiter.org\/it\/wp-json\/wp\/v2\/comments?post=4717"}],"version-history":[{"count":6,"href":"https:\/\/neocatechumenaleiter.org\/it\/wp-json\/wp\/v2\/pages\/4717\/revisions"}],"predecessor-version":[{"id":14669,"href":"https:\/\/neocatechumenaleiter.org\/it\/wp-json\/wp\/v2\/pages\/4717\/revisions\/14669"}],"up":[{"embeddable":true,"href":"https:\/\/neocatechumenaleiter.org\/it\/wp-json\/wp\/v2\/pages\/3717"}],"wp:attachment":[{"href":"https:\/\/neocatechumenaleiter.org\/it\/wp-json\/wp\/v2\/media?parent=4717"}],"curies":[{"name":"wp","href":"https:\/\/api.w.org\/{rel}","templated":true}]}}