{"id":4723,"date":"2020-03-02T02:08:50","date_gmt":"2020-03-02T01:08:50","guid":{"rendered":"https:\/\/neocatechumenaleiter.org\/discorsi-dei-papi\/s-giovanni-paolo-ii\/papa-giovanni-paolo-ii-ai-salmisti-delle-comunita-neocatecumenali-16-iii-1980\/"},"modified":"2021-08-10T11:00:44","modified_gmt":"2021-08-10T10:00:44","slug":"papa-giovanni-paolo-ii-ai-salmisti-delle-comunita-neocatecumenali-16-iii-1980","status":"publish","type":"page","link":"https:\/\/neocatechumenaleiter.org\/it\/discorsi-dei-papi\/s-giovanni-paolo-ii\/papa-giovanni-paolo-ii-ai-salmisti-delle-comunita-neocatecumenali-16-iii-1980\/","title":{"rendered":"Papa Giovanni Paolo II ai salmisti delle Comunit\u00e0 Neocatecumenali 16-III-1980"},"content":{"rendered":"\n<h1 class=\"has-text-align-center wp-block-heading\">Papa Giovanni Paolo II ai salmisti delle Comunit\u00e0 Neocatecumenali 16-III-1980<\/h1>\n\n<div style=\"height:20px\" aria-hidden=\"true\" class=\"wp-block-spacer\"><\/div>\n\n<h4 class=\"has-text-align-center wp-block-heading\">S. Giovanni Paolo II<\/h4>\n\n<div style=\"height:20px\" aria-hidden=\"true\" class=\"wp-block-spacer\"><\/div>\n\n<p><strong>Piazza S. Pietro, 16 marzo 1980 <\/strong><\/p>\n\n<p><em>Il Santo Padre, dopo la recita dell\u2019\u00abAngelus\u00bb domenicale, ha rivolto particolari saluti ai gruppi presenti.<\/em>&#13;\n&#13;\n<em>Il gruppo pi\u00f9 numeroso era quello formato da circa duemila cantori e salmisti delle Comunit\u00e0 Neocatecumenali di ogni parte d\u2019Italia giunti a Roma per un incontro in preparazione alla Pasqua che, animato da Kiko Arg\u00fcello, si propone di porre i salmisti in condizione di condurre nel modo pi\u00f9 appropriato la Veglia pasquale che le varie Comunit\u00e0 Neocatecumenali animeranno la notte di Pasqua.<\/em>&#13;\n&#13;\n<em>Queste le parole del Papa:<\/em><\/p>\n\n<div class=\"wp-block-image\"><figure class=\"aligncenter size-full\"><img loading=\"lazy\" decoding=\"async\" width=\"720\" height=\"557\" src=\"https:\/\/neocatechumenaleiter.org\/wp-content\/uploads\/2020\/03\/Camino_Neocatecumenal_Juan_Pablo_II_encuentro_salmistas_1980.jpg\" alt=\"\" class=\"wp-image-1474\" srcset=\"https:\/\/neocatechumenaleiter.org\/wp-content\/uploads\/2020\/03\/Camino_Neocatecumenal_Juan_Pablo_II_encuentro_salmistas_1980.jpg 720w, https:\/\/neocatechumenaleiter.org\/wp-content\/uploads\/2020\/03\/Camino_Neocatecumenal_Juan_Pablo_II_encuentro_salmistas_1980-300x232.jpg 300w\" sizes=\"auto, (max-width: 720px) 100vw, 720px\" \/><\/figure><\/div>\n\n<p>Rivolgo un particolare saluto ai numerosi aderenti alle Comunit\u00e0 Neocatecumenali, che si propongono di aiutare i battezzati a capire, apprezzare e assecondare l\u2019inestimabile fortuna del sacramento del Battesimo, mediante un itinerario di evangelizzazione, di catechesi e di partecipazione alla vita liturgica, graduale ed intensivo, che in qualche modo si richiama all\u2019antico Catecumenato.<\/p>\n\n<p>Carissimi vi esorto ad impegnarvi con sempre maggiore generosit\u00e0 <strong>nel vostro sforzo di concorrere all\u2019edificazione del Corpo mistico di Cristo ed all\u2019azione di apostolato della Chiesa<\/strong>, obbedendo al comando del Signore: \u00abAndate e ammaestrate tutte le nazioni, battezzandole nel nome del Padre, del Figlio e dello Spirito Santo\u00bb (Mt 28,19). Vi sorregga e vi guidi la costante fedelt\u00e0 all\u2019insegnamento del Magistero e all\u2019obbedienza ai Pastori della Chiesa.<\/p>\n\n<p>Vi auguro di cuore di vivere con dedizione ed entusiasmo i vostri propositi, alla luce dell\u2019Esortazione Apostolica <em>Evangelii Nuntiandi<\/em>, del mio venerato predecessore Paolo VI, e della <em>Catechesi Tradendae <\/em>da me emanata sulla base delle indicazioni del Sinodo dei Vescovi sulla catechesi.&#13;\n&#13;\nVi accompagni la mia benedizione che volentieri estendo ai vostri cari.&#13;\n&#13;\n<em>(*) Cfr. \u00abL&#8217;Osservatore Romano\u00bb, 17-18 marzo 1980.<\/em><\/p>\n","protected":false},"excerpt":{"rendered":"<p>Papa Giovanni Paolo II ai salmisti delle Comunit\u00e0 Neocatecumenali 16-III-1980 S. Giovanni Paolo II Piazza S. Pietro, 16 marzo 1980 Il Santo Padre, dopo la recita dell\u2019\u00abAngelus\u00bb domenicale, ha rivolto particolari saluti ai gruppi presenti.&#13; &#13; Il gruppo pi\u00f9 numeroso era quello formato da circa duemila cantori e salmisti delle Comunit\u00e0 Neocatecumenali di ogni parte d\u2019Italia giunti a Roma per un incontro in preparazione alla Pasqua che, animato da Kiko<\/p>\n<div class=\"read-more\"><a class=\"btn read-more-btn\" href=\"https:\/\/neocatechumenaleiter.org\/it\/discorsi-dei-papi\/s-giovanni-paolo-ii\/papa-giovanni-paolo-ii-ai-salmisti-delle-comunita-neocatecumenali-16-iii-1980\/\">Leggi tutto<\/a><\/div>\n","protected":false},"author":2,"featured_media":0,"parent":3717,"menu_order":6,"comment_status":"closed","ping_status":"closed","template":"","meta":{"footnotes":""},"class_list":["post-4723","page","type-page","status-publish","hentry"],"_links":{"self":[{"href":"https:\/\/neocatechumenaleiter.org\/it\/wp-json\/wp\/v2\/pages\/4723","targetHints":{"allow":["GET"]}}],"collection":[{"href":"https:\/\/neocatechumenaleiter.org\/it\/wp-json\/wp\/v2\/pages"}],"about":[{"href":"https:\/\/neocatechumenaleiter.org\/it\/wp-json\/wp\/v2\/types\/page"}],"author":[{"embeddable":true,"href":"https:\/\/neocatechumenaleiter.org\/it\/wp-json\/wp\/v2\/users\/2"}],"replies":[{"embeddable":true,"href":"https:\/\/neocatechumenaleiter.org\/it\/wp-json\/wp\/v2\/comments?post=4723"}],"version-history":[{"count":5,"href":"https:\/\/neocatechumenaleiter.org\/it\/wp-json\/wp\/v2\/pages\/4723\/revisions"}],"predecessor-version":[{"id":4730,"href":"https:\/\/neocatechumenaleiter.org\/it\/wp-json\/wp\/v2\/pages\/4723\/revisions\/4730"}],"up":[{"embeddable":true,"href":"https:\/\/neocatechumenaleiter.org\/it\/wp-json\/wp\/v2\/pages\/3717"}],"wp:attachment":[{"href":"https:\/\/neocatechumenaleiter.org\/it\/wp-json\/wp\/v2\/media?parent=4723"}],"curies":[{"name":"wp","href":"https:\/\/api.w.org\/{rel}","templated":true}]}}