{"id":4739,"date":"2020-03-02T02:22:10","date_gmt":"2020-03-02T01:22:10","guid":{"rendered":"https:\/\/neocatechumenaleiter.org\/discorsi-dei-papi\/s-giovanni-paolo-ii\/visita-del-papa-giovanni-paolo-ii-alla-parrocchia-della-nativita-di-nostro-signore-gesu-cristo-14-12-1980\/"},"modified":"2021-08-10T11:01:01","modified_gmt":"2021-08-10T10:01:01","slug":"visita-del-papa-giovanni-paolo-ii-alla-parrocchia-della-nativita-di-nostro-signore-gesu-cristo-14-12-1980","status":"publish","type":"page","link":"https:\/\/neocatechumenaleiter.org\/it\/discorsi-dei-papi\/s-giovanni-paolo-ii\/visita-del-papa-giovanni-paolo-ii-alla-parrocchia-della-nativita-di-nostro-signore-gesu-cristo-14-12-1980\/","title":{"rendered":"Visita del Papa Giovanni Paolo II alla parrocchia della Nativit\u00e0 di Nostro Signore Ges\u00f9 Cristo 14-12-1980"},"content":{"rendered":"\n<h1 class=\"has-text-align-center wp-block-heading\">Visita del Papa Giovanni Paolo II alla parrocchia della Nativit\u00e0 di Nostro Signore Ges\u00f9 Cristo 14-12-1980<\/h1>\n\n<div style=\"height:20px\" aria-hidden=\"true\" class=\"wp-block-spacer\"><\/div>\n\n<h4 class=\"has-text-align-center wp-block-heading\">S. Giovanni Paolo II<\/h4>\n\n<div style=\"height:20px\" aria-hidden=\"true\" class=\"wp-block-spacer\"><\/div>\n\n<p><strong>Roma, 14 dicembre 1980 <\/strong><\/p>\n\n<p><em>Uscito dalla sala dove erano riuniti i catechisti, il Santo Padre \u00e8 disceso per una ripida scala che sfociava in una cappella sotterranea tutta ridipinta in bianco ed ornata da una grande croce di ferro scuro. \u00c8 il luogo di raccolta delle quattro Comunit\u00e0 Neocatecumenali che stanno percorrendo quello che essi chiamano \u00abil Cammino\u00bb nell\u2019ambito della parrocchia della Nativit\u00e0. Hanno accolto il Papa cantando e battendo ritmicamente le mani. Kiko (l\u2019ispiratore di que- ste comunit\u00e0) ha salutato il Papa per tutti.<\/em>&#13;\n&#13;\n<em>\u00a0<\/em><em>Terminati i canti il Santo Padre ha voluto ricordare i numerosi incontri con queste comunit\u00e0 avvenuti in quasi tutte le parrocchie da lui visitate. Queste le parole del Papa:<\/em><\/p>\n\n<div class=\"wp-block-image\"><figure class=\"alignright size-large\"><img loading=\"lazy\" decoding=\"async\" width=\"273\" height=\"404\" src=\"https:\/\/neocatechumenaleiter.org\/wp-content\/uploads\/2020\/03\/Camino_Neocatecumenal_Juan_Pablo_II_visita_parroquia_Natividad_1980.jpg\" alt=\"\" class=\"wp-image-1506\" srcset=\"https:\/\/neocatechumenaleiter.org\/wp-content\/uploads\/2020\/03\/Camino_Neocatecumenal_Juan_Pablo_II_visita_parroquia_Natividad_1980.jpg 273w, https:\/\/neocatechumenaleiter.org\/wp-content\/uploads\/2020\/03\/Camino_Neocatecumenal_Juan_Pablo_II_visita_parroquia_Natividad_1980-203x300.jpg 203w\" sizes=\"auto, (max-width: 273px) 100vw, 273px\" \/><\/figure><\/div>\n\n<p>Molte volte ci siamo incontrati nelle diverse parrocchie di Roma, l\u2019ultima volta \u00e8 stata la parrocchia dei Martiri Canadesi. Venendo qui ho incontrato tanti bambini e li ho abbracciati e questo mi ha fatto subito riflettere sulle parole del Signore che una volta ha detto che dobbiamo diventare tutti come i bambini; anche se abbiamo cinquanta o sessanta anni come me, o pi\u00f9, dobbiamo essere come i bambini. Si tratta appunto della figliolanza soprannaturale, di quella che viene radicata, iniziata in noi nel momento del Battesimo. <strong>Voi che siete, come neocatecumeni, centrati nella vostra spiritualit\u00e0 sul mistero del Battesimo, dovete vivere profondamente il mistero della figliolanza divina, di essere figli di Dio <\/strong>e tutto ci\u00f2 che proviene da questa realt\u00e0 che costituisce il vero dinamismo della figliolanza divina.<\/p>\n\n<p>Questo \u00e8 quello che essenzialmente volevo dirvi; ma lo dico a voi in modo particolare perch\u00e9 siete parrocchiani della parrocchia della Nativit\u00e0 dove il mistero del Figlio di Dio fatto uomo \u00e8 al centro della vita comunitaria e anche perch\u00e9 \u00e8 ormai prossima la festa del Natale. Vi auguro di camminare sempre e di progredire sempre in quella realt\u00e0 interna e soprannaturale che \u00e8 la realt\u00e0 della Grazia, della Grazia dei figli adottivi di Dio, fatti simili al suo unigenito Figlio che si \u00e8 fatto uomo per avvicinarci e per farci simili a Lui.<br\/><br\/><em>Kiko ha successivamente presentato al Papa alcuni catechisti itineranti che, formatisi nella parrocchia della Nativit\u00e0, stanno ora portando la loro testimonianza in vari Paesi del mondo. Tra questi un giovane sacerdote di ritorno, proprio in questi giorni, dall\u2019America Latina ha voluto illustrare al Papa la drammaticit\u00e0 della situazione con la quale missionari e catechisti devono confrontarsi specialmente nel Centro America e <\/em><em>nell\u2019America del Sud.<\/em><br\/><br\/>&#13;\n&#13;\nAbbiamo bisogno \u2013 <em>ha detto il sacerdote <\/em>\u2013 di essere incoraggiati, Santo Padre, perch\u00e9\u00a0 \u00e8 molto difficile la situazione che sta vivendo il Centro America. Siamo tornati qui come San Paolo chiedendoci se corriamo invano, perch\u00e9 ci troviamo in una situazione in cui non sappiamo se la Chiesa sia quella della rivoluzione, come l\u00ec ci dicono in molti, o \u00e8 annunciare Ges\u00f9 Cristo.<\/p>\n\n<p><em>Il Santo Padre ha dato al sacerdote, con voce forte e chiara, la seguente risposta:<\/em><\/p>\n\n<p><strong><\/strong><\/p>\n\n<p>Ti do subito la risposta: <strong>annunciate Cristo! E Cristo solamente<\/strong>. (Un fragoroso applauso ha sottolineato le parole del Papa). Posso aggiungere \u2013 ha poi continuato il Santo Padre \u2013 che non c\u2019\u00e8 nessun giorno che passi senza che io abbia pregato per questi Paesi, soprattutto per quelli pi\u00f9 tormentati e che io seguo con amore e con fiducia. Dovete sapere \u2013 ha poi concluso il Papa dopo un breve attimo di pausa \u2013 che l\u00e0 c\u2019\u00e8 anche una Madre molto forte!<br\/><br\/><em>(*) Cfr. \u00abL&#8217;Osservatore Romano\u00bb, 15-16 dicembre 1980.<\/em><\/p>\n","protected":false},"excerpt":{"rendered":"<p>Visita del Papa Giovanni Paolo II alla parrocchia della Nativit\u00e0 di Nostro Signore Ges\u00f9 Cristo 14-12-1980 S. Giovanni Paolo II Roma, 14 dicembre 1980 Uscito dalla sala dove erano riuniti i catechisti, il Santo Padre \u00e8 disceso per una ripida scala che sfociava in una cappella sotterranea tutta ridipinta in bianco ed ornata da una grande croce di ferro scuro. \u00c8 il luogo di raccolta delle quattro Comunit\u00e0 Neocatecumenali che<\/p>\n<div class=\"read-more\"><a class=\"btn read-more-btn\" href=\"https:\/\/neocatechumenaleiter.org\/it\/discorsi-dei-papi\/s-giovanni-paolo-ii\/visita-del-papa-giovanni-paolo-ii-alla-parrocchia-della-nativita-di-nostro-signore-gesu-cristo-14-12-1980\/\">Leggi tutto<\/a><\/div>\n","protected":false},"author":2,"featured_media":0,"parent":3717,"menu_order":8,"comment_status":"closed","ping_status":"closed","template":"","meta":{"footnotes":""},"class_list":["post-4739","page","type-page","status-publish","hentry"],"_links":{"self":[{"href":"https:\/\/neocatechumenaleiter.org\/it\/wp-json\/wp\/v2\/pages\/4739","targetHints":{"allow":["GET"]}}],"collection":[{"href":"https:\/\/neocatechumenaleiter.org\/it\/wp-json\/wp\/v2\/pages"}],"about":[{"href":"https:\/\/neocatechumenaleiter.org\/it\/wp-json\/wp\/v2\/types\/page"}],"author":[{"embeddable":true,"href":"https:\/\/neocatechumenaleiter.org\/it\/wp-json\/wp\/v2\/users\/2"}],"replies":[{"embeddable":true,"href":"https:\/\/neocatechumenaleiter.org\/it\/wp-json\/wp\/v2\/comments?post=4739"}],"version-history":[{"count":13,"href":"https:\/\/neocatechumenaleiter.org\/it\/wp-json\/wp\/v2\/pages\/4739\/revisions"}],"predecessor-version":[{"id":14175,"href":"https:\/\/neocatechumenaleiter.org\/it\/wp-json\/wp\/v2\/pages\/4739\/revisions\/14175"}],"up":[{"embeddable":true,"href":"https:\/\/neocatechumenaleiter.org\/it\/wp-json\/wp\/v2\/pages\/3717"}],"wp:attachment":[{"href":"https:\/\/neocatechumenaleiter.org\/it\/wp-json\/wp\/v2\/media?parent=4739"}],"curies":[{"name":"wp","href":"https:\/\/api.w.org\/{rel}","templated":true}]}}