{"id":48169,"date":"2025-12-10T03:10:12","date_gmt":"2025-12-10T02:10:12","guid":{"rendered":"https:\/\/neocatechumenaleiter.org\/discorsi-dei-papi\/leone-xiv\/"},"modified":"2026-03-16T14:32:14","modified_gmt":"2026-03-16T13:32:14","slug":"leone-xiv","status":"publish","type":"page","link":"https:\/\/neocatechumenaleiter.org\/it\/discorsi-dei-papi\/leone-xiv\/","title":{"rendered":"Leone XIV"},"content":{"rendered":"\n<h1 class=\"wp-block-heading has-text-align-center\">Leone XIV<\/h1>\n\n<div style=\"height:20px\" aria-hidden=\"true\" class=\"wp-block-spacer\"><\/div>\n\n<h4 class=\"wp-block-heading has-text-align-center\">Biografia<\/h4>\n\n<div style=\"height:20px\" aria-hidden=\"true\" class=\"wp-block-spacer\"><\/div>\n<div class=\"wp-block-image is-style-default\">\n<figure data-wp-context=\"{&quot;imageId&quot;:&quot;69d18df7320d2&quot;}\" data-wp-interactive=\"core\/image\" data-wp-key=\"69d18df7320d2\" class=\"alignleft size-medium wp-lightbox-container\"><img loading=\"lazy\" decoding=\"async\" width=\"250\" height=\"300\" data-wp-class--hide=\"state.isContentHidden\" data-wp-class--show=\"state.isContentVisible\" data-wp-init=\"callbacks.setButtonStyles\" data-wp-on--click=\"actions.showLightbox\" data-wp-on--load=\"callbacks.setButtonStyles\" data-wp-on-window--resize=\"callbacks.setButtonStyles\" src=\"https:\/\/neocatechumenaleiter.org\/wp-content\/uploads\/2025\/12\/Papa-Leone-XIV-foto-ufficiale_Copyright-VATICAN-MEDIA-500x600-2-250x300.jpg\" alt=\"Papa Leone XIV\" class=\"wp-image-46111\" srcset=\"https:\/\/neocatechumenaleiter.org\/wp-content\/uploads\/2025\/12\/Papa-Leone-XIV-foto-ufficiale_Copyright-VATICAN-MEDIA-500x600-2-250x300.jpg 250w, https:\/\/neocatechumenaleiter.org\/wp-content\/uploads\/2025\/12\/Papa-Leone-XIV-foto-ufficiale_Copyright-VATICAN-MEDIA-500x600-2.jpg 500w\" sizes=\"auto, (max-width: 250px) 100vw, 250px\" \/><button\n\t\t\tclass=\"lightbox-trigger\"\n\t\t\ttype=\"button\"\n\t\t\taria-haspopup=\"dialog\"\n\t\t\taria-label=\"Ingrandisci\"\n\t\t\tdata-wp-init=\"callbacks.initTriggerButton\"\n\t\t\tdata-wp-on--click=\"actions.showLightbox\"\n\t\t\tdata-wp-style--right=\"state.imageButtonRight\"\n\t\t\tdata-wp-style--top=\"state.imageButtonTop\"\n\t\t>\n\t\t\t<svg xmlns=\"http:\/\/www.w3.org\/2000\/svg\" width=\"12\" height=\"12\" fill=\"none\" viewBox=\"0 0 12 12\">\n\t\t\t\t<path fill=\"#fff\" d=\"M2 0a2 2 0 0 0-2 2v2h1.5V2a.5.5 0 0 1 .5-.5h2V0H2Zm2 10.5H2a.5.5 0 0 1-.5-.5V8H0v2a2 2 0 0 0 2 2h2v-1.5ZM8 12v-1.5h2a.5.5 0 0 0 .5-.5V8H12v2a2 2 0 0 1-2 2H8Zm2-12a2 2 0 0 1 2 2v2h-1.5V2a.5.5 0 0 0-.5-.5H8V0h2Z\" \/>\n\t\t\t<\/svg>\n\t\t<\/button><figcaption class=\"wp-element-caption\"><strong>\u00a9<\/strong>Vatican media<\/figcaption><\/figure><\/div>\n<p>Robert Francis Prevost nasce il <strong>14 settembre 1955<\/strong> a <strong>Chicago, Illinois, Stati Uniti<\/strong>.<\/p>\n\n<p>Fin da giovane entra <strong>nell&#8217;ordine di Sant&#8217;Agostino (OSA)<\/strong>, dove professa i voti solenni il 29 agosto 1981 ed \u00e9 ordinato sacerdote il 19 giugno 1982.<\/p>\n\n<p>Completa gli studi superiori in vari istituti: <strong>specializzazione Magistrale in Teologia<\/strong> presso la Catholic Theological Uni\u00f3n di Chicago e <strong>dottore in Diritto Canonico<\/strong> presso la Pontificia Universit\u00e0 di San Tommaso d&#8217;Aquino a Roma (Angelicum).<\/p>\n\n<p>Nel 1985 \u00e9 inviato come missionario agostiniano in Per\u00f9, a Chulucanas, e in seguito a Trujillo nel 1988, dove svolse il compito di priore di comunit\u00e0 (1988-1992). Nel 1999 viene eletto priore provinciale della provincia &#8220;Mother of Good Counsel&#8221; a Chicago.<\/p>\n\n<p>Dal 2001 al 2013 svolge l&#8217;incarico di priore generale <strong>dell&#8217;Ordine di Sant&#8217;Agostino<\/strong>.<\/p>\n\n<p>Nel 2014 \u00e9 nominato amministratore apostolico della diocesi di Chiclayo e <strong>ordinato vescovo<\/strong> il 12 dicembre, festa di Nostra Signora di Guadalupe. Vescovo di Chiclayo dal 26 novembre 2025. Vicepresidente della Conferenza Episcopale Peruviana dal 2018 al 2023.<\/p>\n\n<p>Membro della Congregazione del Clero nel 2019 e membro della Congregazione dei Vescovi nel 2020. Il 15 aprile di questo stesso anno, il Papa lo nomina amministratore apostolico della diocesi del Callao.<\/p>\n\n<p>Il 20 gennaio 2023 il Papa lo nomina <strong>prefetto del Dicastero per i Vescovi<\/strong>. Questo stesso anno viene <strong>creato e proclamato cardinale<\/strong> e presidente della <strong>Pontificia Commissione per l&#8217;America Latina<\/strong>.<\/p>\n\n<p>Dopo la morte di Papa Francesco, il conclave riunito a Roma elegge Robert Prevost come nuovo <strong>Pontefice l&#8217;8 maggio 2025<\/strong>, festa della Madonna di Pompei.<\/p>\n\n<p>Il motto del Papa Leone XIV \u00e9 &#8220;<strong><em>in Illo uno unum<\/em><\/strong>&#8220;, che si traduce con <strong>&#8220;nell&#8217;Uno, siamo uno&#8221;<\/strong> o &#8220;in Lui, uno solo&#8221;. Questa frase, presa da una esposizione di Sant&#8217;Agostino sul Salmo 127, manifesta il suo pensiero sull&#8217;unit\u00e0 e la comunione dei cristiani in Cristo.<\/p>\n\n<div style=\"height:20px\" aria-hidden=\"true\" class=\"wp-block-spacer\"><\/div>\n\n<hr class=\"wp-block-separator aligncenter has-alpha-channel-opacity is-style-wide\"\/>\n\n<div style=\"height:20px\" aria-hidden=\"true\" class=\"wp-block-spacer\"><\/div>\n\n<h3 class=\"wp-block-heading has-text-align-center\">Documentazione<\/h3>\n\n<div style=\"height:40px\" aria-hidden=\"true\" class=\"wp-block-spacer\"><\/div>\n\n<section id=\"search-2\" class=\"widget widget_search\"><form role=\"search\" method=\"get\" class=\"search-form\" action=\"https:\/\/neocatechumenaleiter.org\/it\">\r\n\t<label for=\"search-form-5e59be1dc1b02\">\r\n\t\t<span class=\"screen-reader-text\">Cercare:<\/span>\r\n        <input type=\"search\" id=\"search-form-5e59be1dc1b02\" class=\"search-field\" placeholder=\"Cercare \u2026\" value=\"\" name=\"s\"\/><\/label>\r\n\t<button type=\"submit\" class=\"search-submit\">\r\n    \t<span class=\"screen-reader-text\">Cercare<\/span>\r\n        <i class=\"icon-magnifier\"><\/i>\r\n    <\/button>\r\n<\/form>\r\n<\/section>\n<div style=\"height:40px\" aria-hidden=\"true\" class=\"wp-block-spacer\"><\/div>\n\n<div class=\"wp-block-columns are-vertically-aligned-center is-layout-flex wp-container-core-columns-is-layout-9d6595d7 wp-block-columns-is-layout-flex\">\n<div class=\"wp-block-column is-vertically-aligned-center is-layout-flow wp-block-column-is-layout-flow\">\n<h4 class=\"wp-block-heading has-text-align-center\">Anno 2025<\/h4>\n\n\n\n<div style=\"height:20px\" aria-hidden=\"true\" class=\"wp-block-spacer\"><\/div>\n\n\n\n<figure class=\"wp-block-embed aligncenter is-type-wp-embed is-provider-camino-neocatecumenal wp-block-embed-camino-neocatecumenal\"><div class=\"wp-block-embed__wrapper\">\r\n<blockquote class=\"wp-embedded-content\" data-secret=\"Z2HXVp6mni\"><a href=\"https:\/\/neocatechumenaleiter.org\/it\/papa-leone-xiv-riceve-kiko-arguello-iniziatore-del-cammino-neocatecumenale\/\">El Papa Le\u00f3n XIV recibe a Kiko Arguello, iniciador del Camino\u00a0Neocatecumenal<\/a><\/blockquote><iframe loading=\"lazy\" class=\"wp-embedded-content\" sandbox=\"allow-scripts\" security=\"restricted\" style=\"position: absolute; visibility: hidden;\" title=\"&#8220;El Papa Le\u00f3n XIV recibe a Kiko Arguello, iniciador del Camino\u00a0Neocatecumenal&#8221; &#8212; Cammino Neocatecumenale\" src=\"https:\/\/neocatechumenaleiter.org\/it\/papa-leone-xiv-riceve-kiko-arguello-iniziatore-del-cammino-neocatecumenale\/embed\/#?secret=hEhcqro4bA#?secret=Z2HXVp6mni\" data-secret=\"Z2HXVp6mni\" width=\"600\" height=\"338\" frameborder=\"0\" marginwidth=\"0\" marginheight=\"0\" scrolling=\"no\"><\/iframe>\r\n<\/div><\/figure><br>\n<\/div>\n\n\n\n<div class=\"wp-block-column is-vertically-aligned-center is-layout-flow wp-block-column-is-layout-flow\">\n<h4 class=\"wp-block-heading has-text-align-center\">Anno 2026<\/h4>\n\n\n\n<div style=\"height:20px\" aria-hidden=\"true\" class=\"wp-block-spacer\"><\/div>\n\n\n\n<figure class=\"wp-block-embed aligncenter is-type-wp-embed is-provider-camino-neocatecumenal wp-block-embed-camino-neocatecumenal\"><div class=\"wp-block-embed__wrapper\">\r\n<blockquote class=\"wp-embedded-content\" data-secret=\"Gc6HsJggyo\"><a href=\"https:\/\/neocatechumenaleiter.org\/it\/il-cammino-neocatecumenale-un-prezioso-contributo-per-la-vita-della-chiesa\/\">El Camino Neocatecumenal: &#8220;Una preciosa contribuci\u00f3n para la vida de la Iglesia&#8221;<\/a><\/blockquote><iframe loading=\"lazy\" class=\"wp-embedded-content\" sandbox=\"allow-scripts\" security=\"restricted\" style=\"position: absolute; visibility: hidden;\" title=\"&#8220;El Camino Neocatecumenal: &#8220;Una preciosa contribuci\u00f3n para la vida de la Iglesia&#8221;&#8221; &#8212; Cammino Neocatecumenale\" src=\"https:\/\/neocatechumenaleiter.org\/it\/il-cammino-neocatecumenale-un-prezioso-contributo-per-la-vita-della-chiesa\/embed\/#?secret=w5LSVReRPW#?secret=Gc6HsJggyo\" data-secret=\"Gc6HsJggyo\" width=\"600\" height=\"338\" frameborder=\"0\" marginwidth=\"0\" marginheight=\"0\" scrolling=\"no\"><\/iframe>\r\n<\/div><\/figure><br>\n<\/div>\n<\/div>\n\n<div style=\"height:40px\" aria-hidden=\"true\" class=\"wp-block-spacer\"><\/div>\n","protected":false},"excerpt":{"rendered":"<p>Leone XIV Biografia Robert Francis Prevost nasce il 14 settembre 1955 a Chicago, Illinois, Stati Uniti. Fin da giovane entra nell&#8217;ordine di Sant&#8217;Agostino (OSA), dove professa i voti solenni il 29 agosto 1981 ed \u00e9 ordinato sacerdote il 19 giugno 1982. Completa gli studi superiori in vari istituti: specializzazione Magistrale in Teologia presso la Catholic Theological Uni\u00f3n di Chicago e dottore in Diritto Canonico presso la Pontificia Universit\u00e0 di San<\/p>\n<div class=\"read-more\"><a class=\"btn read-more-btn\" href=\"https:\/\/neocatechumenaleiter.org\/it\/discorsi-dei-papi\/leone-xiv\/\">Leggi tutto<\/a><\/div>\n","protected":false},"author":2,"featured_media":0,"parent":3523,"menu_order":0,"comment_status":"closed","ping_status":"closed","template":"","meta":{"footnotes":""},"class_list":["post-48169","page","type-page","status-publish","hentry"],"_links":{"self":[{"href":"https:\/\/neocatechumenaleiter.org\/it\/wp-json\/wp\/v2\/pages\/48169","targetHints":{"allow":["GET"]}}],"collection":[{"href":"https:\/\/neocatechumenaleiter.org\/it\/wp-json\/wp\/v2\/pages"}],"about":[{"href":"https:\/\/neocatechumenaleiter.org\/it\/wp-json\/wp\/v2\/types\/page"}],"author":[{"embeddable":true,"href":"https:\/\/neocatechumenaleiter.org\/it\/wp-json\/wp\/v2\/users\/2"}],"replies":[{"embeddable":true,"href":"https:\/\/neocatechumenaleiter.org\/it\/wp-json\/wp\/v2\/comments?post=48169"}],"version-history":[{"count":4,"href":"https:\/\/neocatechumenaleiter.org\/it\/wp-json\/wp\/v2\/pages\/48169\/revisions"}],"predecessor-version":[{"id":48184,"href":"https:\/\/neocatechumenaleiter.org\/it\/wp-json\/wp\/v2\/pages\/48169\/revisions\/48184"}],"up":[{"embeddable":true,"href":"https:\/\/neocatechumenaleiter.org\/it\/wp-json\/wp\/v2\/pages\/3523"}],"wp:attachment":[{"href":"https:\/\/neocatechumenaleiter.org\/it\/wp-json\/wp\/v2\/media?parent=48169"}],"curies":[{"name":"wp","href":"https:\/\/api.w.org\/{rel}","templated":true}]}}