{"id":4881,"date":"2020-03-24T00:49:38","date_gmt":"2020-03-23T23:49:38","guid":{"rendered":"https:\/\/neocatechumenaleiter.org\/discorsi-dei-papi\/s-giovanni-paolo-ii\/lettera-di-giovanni-paolo-ii-a-mons-paul-josef-cordes-30-iii-1990\/"},"modified":"2020-06-08T23:30:36","modified_gmt":"2020-06-08T22:30:36","slug":"lettera-di-giovanni-paolo-ii-a-mons-paul-josef-cordes-30-iii-1990","status":"publish","type":"page","link":"https:\/\/neocatechumenaleiter.org\/it\/discorsi-dei-papi\/s-giovanni-paolo-ii\/lettera-di-giovanni-paolo-ii-a-mons-paul-josef-cordes-30-iii-1990\/","title":{"rendered":"Lettera di Giovanni Paolo II a Mons. Paul Josef Cordes 30-VIII-1990"},"content":{"rendered":"\n<h1 class=\"has-text-align-center wp-block-heading\">Lettera di Giovanni Paolo II a Mons. Paul Josef Cordes 30-VIII-1990<\/h1>\n\n<div style=\"height:20px\" aria-hidden=\"true\" class=\"wp-block-spacer\"><\/div>\n\n<h4 class=\"has-text-align-center wp-block-heading\">S. Giovanni Paolo II<\/h4>\n\n<div style=\"height:20px\" aria-hidden=\"true\" class=\"wp-block-spacer\"><\/div>\n\n<p><strong>\u00abOGNI QUALVOLTA\u00bb<\/strong><\/p>\n\n<p><em>Al venerato fratello monsignor Paul Josef Cordes<br\/>&#13;\nIncaricato \u00abAd personam\u00bb per L&#8217;Apostolato<br\/>&#13;\ndelle Comuni\u00e0 Neocatecumenali,<br\/>&#13;\nVice presidente del Pontificio Consiglio per i Laici<\/em><\/p>\n\n<p>Ogniqualvolta lo Spirito Santo fa germinare nella Chiesa impulsi di una maggiore fedelt\u00e0 al Vangelo, fioriscono nuovi carismi che manifestano tali realt\u00e0 e nuove istituzioni che le mettono in pratica. \u00c8 stato cos\u00ec dopo il Concilio di Trento e dopo il Concilio Vaticano II. <\/p>\n\n<p>Tra le realt\u00e0 generate dallo Spirito ai nostri giorni figurano le Comunit\u00e0 Neocatecumenali, iniziate dal Signor K. Arg\u00fcello e dalla Signora C. Hernandez (Madrid, Spagna), la cui efficacia per il rinnovamento della vita cristiana veniva salutata dal mio predecessore Paolo VI come frutto del Concilio : \u00ab Quanta gioia e quanta speranza ci date con la vostra presenza e con la vostra attivit\u00e0 . . . Vivere e promuovere questo risveglio \u00e8 quanto voi chiamate una forma di &#8220;dopo il Battesimo&#8221; che potr\u00e0 rinnovare nelle odierne comunit\u00e0 cristiane quegli effetti di maturit\u00e0 e di approfondimento che nella Chiesa primitiva erano realizzati dal periodo di preparazione al Battesimo \u00bb (Paolo VI alle Comunit\u00e0 Neocatecumenali, Udienza Generale, 8 maggio 1974, in <i>Notitiae<\/i> 96-96, 1974, 230).&#13;\n&#13;\nAnch&#8217;io, nei tanti incontri avuti come Vescovo di Roma, nelle parrocchie romane, con le Comunit\u00e0 Neocatecumenali e con i loro Pastori e nei miei viaggi apostolici in molte nazioni, ho potuto costatare copiosi frutti di conversione personale e fecondo impulso missionario.<\/p>\n\n<p><span style=\"font-family: Times New Roman; font-size: medium;\">Tali Comunit\u00e0 rendono visibile, nelle parrocchie, il segno della Chiesa missionaria e \u00ab si sforzano di aprire la strada all&#8217;evangelizzazione di coloro che hanno quasi abbandonato la vita cristiana, offrendo loro un itinerario di tipo catecumenale, che percorre tutte quelle fasi che nella Chiesa primitive i catecumeni percorrevano prima di ricevere il sacramento del Battesimo ; li riavvicina alla Chiesa ed a Cristo \u00bb (cf. Catecumenato postbattesimale in <i> Notitiae<\/i> 96-96, 1974, 229). Sono l&#8217;annuncio del Vangelo, la testimonianza in piccole comunit\u00e0 e la celebrazione eucaristica in gruppi (cf. Notificazione sulle celebrazioni nei gruppi del \u00ab Cammino Neocatecumenale \u00bb in <i> L&#8217;Osservatore Romano<\/i>, 24 dicembre 1988) che permettono ai membri di porsi al servizio del rinnovamento della Chiesa. <\/span><\/p>\n\n<p>Vari Fratelli nell&#8217;episcopato hanno riconosciuto i frutti di questo Cammino. Voglio limitarmi a ricordare l&#8217;allora Vescovo di Madrid, Mons. Casimiro Morcillo, nella cui diocesi e sotto il cui governo sono nate, nell&#8217;anno 1964, le Comunit\u00e0 Neocatecumenali che egli accolse con tanto amore.&#13;\n&#13;\nDopo oltre vent&#8217;anni di vita delle Comunit\u00e0, diffuse nei Cinque continenti, <\/p>\n\n<p>\u2014 tenendo conto della nuova vitalit\u00e0 che anima le parrocchie, dell&#8217;impulso missionario e dei frutti di conversione che sbocciano dall&#8217;impegno degli itineranti e, ultimamente, dall&#8217;opera delle famiglie che evangelizzano in zone scristianizzate d&#8217;Europa e del mondo intero ; <\/p>\n\n<p>\u2014 in considerazione delle vocazioni, sorte da codesto Cammino, alla vita religiosa e al presbiterato, e della nascita di Collegi diocesani di formazione al presbiterato per la nuova evangelizzazione, quale il Redemptoris Mater di Roma ; <\/p>\n\n<p>\u2014 avendo preso visione della documentazione da Lei presentata : <\/p>\n\n<p>accogliendo la richiesta rivoltami, riconosco il Cammino Neocatecumenale come un itinerario di formazione cattolica, valida per la societ\u00e0 e per i tempi odierni. <\/p>\n\n<p>Auspico, pertanto, che i Fratelli nell&#8217;episcopato valorizzino e aiutino \u2014 insieme con i loro presbiteri \u2014 quest&#8217;opera per la nuova evangelizzazione, perch\u00e9 essa si realizzi secondo le linee proposte dagli iniziatori, nello spirito di servizio all&#8217;Ordinario del luogo e di comunione con lui e nel contesto dell&#8217;unit\u00e0 della Chiesa particolare con la Chiesa universale.<\/p>\n\n<p>In pegno di tale voto, imparto a Lei e a tutti gli appartenenti alle Comunit\u00e0 Neocatecumenali la mia Benedizione Apostolica. <\/p>\n\n<p>Dal Vaticano, il 30 agosto del 1990, XII di Pontificato.<\/p>\n\n<p><b>IOANNES PAULUS PP. II<\/b>&#13;\n&#13;\n<span style=\"font-family: Times New Roman; font-size: medium;\">*A.A.S., vol. LXXXII (1990), n. 13, pp. 1513-1515<\/span><\/p>\n","protected":false},"excerpt":{"rendered":"<p>Lettera di Giovanni Paolo II a Mons. Paul Josef Cordes 30-VIII-1990 S. Giovanni Paolo II \u00abOGNI QUALVOLTA\u00bb Al venerato fratello monsignor Paul Josef Cordes&#13; Incaricato \u00abAd personam\u00bb per L&#8217;Apostolato&#13; delle Comuni\u00e0 Neocatecumenali,&#13; Vice presidente del Pontificio Consiglio per i Laici Ogniqualvolta lo Spirito Santo fa germinare nella Chiesa impulsi di una maggiore fedelt\u00e0 al Vangelo, fioriscono nuovi carismi che manifestano tali realt\u00e0 e nuove istituzioni che le mettono in pratica.<\/p>\n<div class=\"read-more\"><a class=\"btn read-more-btn\" href=\"https:\/\/neocatechumenaleiter.org\/it\/discorsi-dei-papi\/s-giovanni-paolo-ii\/lettera-di-giovanni-paolo-ii-a-mons-paul-josef-cordes-30-iii-1990\/\">Leggi tutto<\/a><\/div>\n","protected":false},"author":2,"featured_media":0,"parent":3717,"menu_order":0,"comment_status":"closed","ping_status":"closed","template":"","meta":{"footnotes":""},"class_list":["post-4881","page","type-page","status-publish","hentry"],"_links":{"self":[{"href":"https:\/\/neocatechumenaleiter.org\/it\/wp-json\/wp\/v2\/pages\/4881","targetHints":{"allow":["GET"]}}],"collection":[{"href":"https:\/\/neocatechumenaleiter.org\/it\/wp-json\/wp\/v2\/pages"}],"about":[{"href":"https:\/\/neocatechumenaleiter.org\/it\/wp-json\/wp\/v2\/types\/page"}],"author":[{"embeddable":true,"href":"https:\/\/neocatechumenaleiter.org\/it\/wp-json\/wp\/v2\/users\/2"}],"replies":[{"embeddable":true,"href":"https:\/\/neocatechumenaleiter.org\/it\/wp-json\/wp\/v2\/comments?post=4881"}],"version-history":[{"count":5,"href":"https:\/\/neocatechumenaleiter.org\/it\/wp-json\/wp\/v2\/pages\/4881\/revisions"}],"predecessor-version":[{"id":14334,"href":"https:\/\/neocatechumenaleiter.org\/it\/wp-json\/wp\/v2\/pages\/4881\/revisions\/14334"}],"up":[{"embeddable":true,"href":"https:\/\/neocatechumenaleiter.org\/it\/wp-json\/wp\/v2\/pages\/3717"}],"wp:attachment":[{"href":"https:\/\/neocatechumenaleiter.org\/it\/wp-json\/wp\/v2\/media?parent=4881"}],"curies":[{"name":"wp","href":"https:\/\/api.w.org\/{rel}","templated":true}]}}