{"id":5229,"date":"2020-03-02T03:25:54","date_gmt":"2020-03-02T02:25:54","guid":{"rendered":"https:\/\/neocatechumenaleiter.org\/discorsi-dei-papi\/s-giovanni-paolo-ii\/visita-alla-parrocchia-di-nostra-signora-di-coromoto-15-iii-1981\/"},"modified":"2021-08-10T11:01:07","modified_gmt":"2021-08-10T10:01:07","slug":"visita-alla-parrocchia-di-nostra-signora-di-coromoto-15-iii-1981","status":"publish","type":"page","link":"https:\/\/neocatechumenaleiter.org\/it\/discorsi-dei-papi\/s-giovanni-paolo-ii\/visita-alla-parrocchia-di-nostra-signora-di-coromoto-15-iii-1981\/","title":{"rendered":"Visita alla parrocchia di Nostra Signora di Coromoto 15-III-1981"},"content":{"rendered":"\n<h1 class=\"has-text-align-center wp-block-heading\">Visita alla parrocchia di Nostra Signora di Coromoto 15-III-1981<\/h1>\n\n<div style=\"height:20px\" aria-hidden=\"true\" class=\"wp-block-spacer\"><\/div>\n\n<h4 class=\"has-text-align-center wp-block-heading\">S. Giovanni Paolo II<\/h4>\n\n<div style=\"height:20px\" aria-hidden=\"true\" class=\"wp-block-spacer\"><\/div>\n\n<p><strong>Roma, 15 marzo 1981 *<\/strong><\/p>\n\n<p><em>Giovanni Paolo II ha raggiunto la chiesa, dove il parroco gli ha presentato le Comunit\u00e0 Neocatecumenali che ormai da alcuni anni si sono inserite nella vita della parrocchia.<\/em><\/p>\n\n<div class=\"wp-block-image\"><figure class=\"alignleft size-large\"><img loading=\"lazy\" decoding=\"async\" width=\"694\" height=\"558\" src=\"https:\/\/neocatechumenaleiter.org\/wp-content\/uploads\/2020\/03\/Camino_Neocatecumenal_Juan_Pablo_II_visita_parroquia_Coromoto_1981.jpg\" alt=\"\" class=\"wp-image-1517\" srcset=\"https:\/\/neocatechumenaleiter.org\/wp-content\/uploads\/2020\/03\/Camino_Neocatecumenal_Juan_Pablo_II_visita_parroquia_Coromoto_1981.jpg 694w, https:\/\/neocatechumenaleiter.org\/wp-content\/uploads\/2020\/03\/Camino_Neocatecumenal_Juan_Pablo_II_visita_parroquia_Coromoto_1981-300x241.jpg 300w\" sizes=\"auto, (max-width: 694px) 100vw, 694px\" \/><\/figure><\/div>\n\n<p>Questo \u00e8 il gruppo dei fratelli del Cammino Neocatecumenale \u2013 ha detto Mons. Gulizia \u2013. Insieme con loro c\u2019\u00e8 l\u2019\u00e9quipe dei catechisti provenienti dalla parrocchia dei Martiri Canadesi che nel gennaio 1970 vennero nella nostra parrocchia per iniziare la catechesi per questo Cammino Neocatecumenale. Sono passati undici anni, Padre Santo, e possiamo dire che dopo varie vicende, sofferenze e gioie, questo Cammino si concretizza, fermo restando quello che \u00e8 la loro maturazione nel cammino di fede, nel servizio anche alle necessit\u00e0 della parrocchia. Sono presenti i sacerdoti itineranti ed anche un folto gruppo di catechisti che preparano i giovani alla Cresima, perch\u00e9 questo settore insieme a quello della preparazione al Battesimo e alla catechesi per i fidanzati \u00e8 affidato a questi fratelli. Padre Santo questa \u00e8 la realt\u00e0 della nostra comunit\u00e0 parrocchiale, \u00e8 uno dei segni di comunione ecclesiale per costruire il Regno di Dio nella nostra parrocchia.<\/p>\n\n<p><em>La gioia e la riconoscenza di poter incontrare ancora una volta il Papa, che gi\u00e0 durante le altre visite pastorali aveva avuto modo di conoscere le Comunit\u00e0 Neocatecumenali, sono state espresse a nome di tutti i presenti da Giampiero Donnini, catechista nella parrocchia di Nostra Signora di Coromoto, il quale cos\u00ec si \u00e8 espresso:<\/em><\/p>\n\n<p>\u00c8 una grande gioia per noi vederLa qui, soprattutto dopo l\u2019omelia che ha tenuto oggi. Lei ha terminato con una domanda: dove sono i collaboratori del Vescovo per l\u2019evangelizzazione? Ecco noi siamo qui per dirLe che siamo pronti a rispondere alla Sua chiamata. In particolare, vogliamo presentarLe la prima comunit\u00e0 che fra poco comincer\u00e0 ad andare per le case a due a due per annunciare con semplicit\u00e0 e umilt\u00e0 il Regno di Dio: Ges\u00f9 Cristo a tutti gli abitanti del quartiere.<\/p>\n\n<p>\u00c8 fondamentale annunciare all\u2019uomo di oggi la buona notizia del Vangelo, l\u2019amore di Dio che si manifesta nella Croce di Ges\u00f9 Cristo, mostrandosi come colui che ama i peccatori. Il mondo di oggi non crede pi\u00f9 che \u00e8 Dio che prende l\u2019iniziativa come con Abramo. L&#8217;uomo di oggi non lo crede pi\u00f9, pensa di essere lui a fare il primo passo. Quindi \u2013 <em>ha detto concludendo il catechista <\/em>\u2013 bisogna riannunciare a questo mondo l\u2019amore di Dio. Questo \u00e8 fondamentale annunciarlo, altrimenti tutto il Vangelo perde se si rinuncia ad annunciare l\u2019amore ai peccatori. Ma come si pu\u00f2 annunciare questo? Come si pu\u00f2 essere testimoni se non si \u00e8 inviati, come si pu\u00f2 essere inviati se non si \u00e8 compiuta prima l\u2019esperienza di Ges\u00f9 Cristo? Allora \u00e8 importante all\u2019interno della parrocchia aprire un cammino dove ognuno possa essere gestato progressivamente alla fede e la sua fede finalmente possa divenire missionaria, testimonianza nei confronti del mondo.&#13;\n&#13;\n<em>Dopo Giampiero, altri due catechisti hanno raccontato al Papa la loro esperienza di apostolato verso le famiglie, indicando le difficolt\u00e0 che si frappongono all\u2019annuncio del messaggio cristiano in questa nuova forma, ma dimostrando anche l\u2019entusiasmo che li anima.<\/em><\/p>\n\n<p><em>Il Santo Padre rispondendo ha detto:<\/em><\/p>\n\n<p>Le vostre testimonianze sono sempre molto interessanti perch\u00e9 provengono da una esperienza vissuta, vissuta interiormente, personalmente, da una esperienza puramente religiosa, evangelica. Voglio benedire i vostri gruppi e il vostro Cammino Neocatecumenale che \u00e8 cammino vostro, ma anche cammino verso gli altri. Benedicendo tutti voi qui presenti voglio benedire anche tutti quelli alle porte dei quali voi cercherete accoglienza; accoglienza per la vostra parola, per la vostra missione catechetica. Vi benedico di cuore e vi auguro di crescere in questa fede, in questa esperienza vissuta del vostro Battesimo. Noi, come ci dice anche San Pietro, dobbiamo comportarci un poco come neonati, bambini, e dobbiamo comportarci in questo modo durante tutta la vita perch\u00e9 il Battesimo determina tutta la nostra vita con un dono, un dono incomprensibile: il dono della figliolanza divina, il dono di essere somiglianti al Figlio di Dio, figli di Dio, figli nel Figlio. Questa \u00e8 la buona novella, il Vangelo. <strong>Vivere questo e farlo vivere agli altri \u00e8 diffondere il Vangelo<\/strong>.<\/p>\n\n<p><em>(*) Cfr. \u00abL\u2019Osservatore Romano\u00bb, 16-17 marzo 1981.<\/em><\/p>\n","protected":false},"excerpt":{"rendered":"<p>Visita alla parrocchia di Nostra Signora di Coromoto 15-III-1981 S. Giovanni Paolo II Roma, 15 marzo 1981 * Giovanni Paolo II ha raggiunto la chiesa, dove il parroco gli ha presentato le Comunit\u00e0 Neocatecumenali che ormai da alcuni anni si sono inserite nella vita della parrocchia. Questo \u00e8 il gruppo dei fratelli del Cammino Neocatecumenale \u2013 ha detto Mons. Gulizia \u2013. Insieme con loro c\u2019\u00e8 l\u2019\u00e9quipe dei catechisti provenienti dalla<\/p>\n<div class=\"read-more\"><a class=\"btn read-more-btn\" href=\"https:\/\/neocatechumenaleiter.org\/it\/discorsi-dei-papi\/s-giovanni-paolo-ii\/visita-alla-parrocchia-di-nostra-signora-di-coromoto-15-iii-1981\/\">Leggi tutto<\/a><\/div>\n","protected":false},"author":2,"featured_media":0,"parent":3717,"menu_order":8,"comment_status":"closed","ping_status":"closed","template":"","meta":{"footnotes":""},"class_list":["post-5229","page","type-page","status-publish","hentry"],"_links":{"self":[{"href":"https:\/\/neocatechumenaleiter.org\/it\/wp-json\/wp\/v2\/pages\/5229","targetHints":{"allow":["GET"]}}],"collection":[{"href":"https:\/\/neocatechumenaleiter.org\/it\/wp-json\/wp\/v2\/pages"}],"about":[{"href":"https:\/\/neocatechumenaleiter.org\/it\/wp-json\/wp\/v2\/types\/page"}],"author":[{"embeddable":true,"href":"https:\/\/neocatechumenaleiter.org\/it\/wp-json\/wp\/v2\/users\/2"}],"replies":[{"embeddable":true,"href":"https:\/\/neocatechumenaleiter.org\/it\/wp-json\/wp\/v2\/comments?post=5229"}],"version-history":[{"count":4,"href":"https:\/\/neocatechumenaleiter.org\/it\/wp-json\/wp\/v2\/pages\/5229\/revisions"}],"predecessor-version":[{"id":14544,"href":"https:\/\/neocatechumenaleiter.org\/it\/wp-json\/wp\/v2\/pages\/5229\/revisions\/14544"}],"up":[{"embeddable":true,"href":"https:\/\/neocatechumenaleiter.org\/it\/wp-json\/wp\/v2\/pages\/3717"}],"wp:attachment":[{"href":"https:\/\/neocatechumenaleiter.org\/it\/wp-json\/wp\/v2\/media?parent=5229"}],"curies":[{"name":"wp","href":"https:\/\/api.w.org\/{rel}","templated":true}]}}