{"id":5233,"date":"2020-03-02T03:30:33","date_gmt":"2020-03-02T02:30:33","guid":{"rendered":"https:\/\/neocatechumenaleiter.org\/discorsi-dei-papi\/s-giovanni-paolo-ii\/il-papa-giovanni-paolo-ii-ai-salmisti-delle-comunita-neocatecumenali-san-damaso-1981\/"},"modified":"2021-08-10T11:01:12","modified_gmt":"2021-08-10T10:01:12","slug":"il-papa-giovanni-paolo-ii-ai-salmisti-delle-comunita-neocatecumenali-san-damaso-1981","status":"publish","type":"page","link":"https:\/\/neocatechumenaleiter.org\/it\/discorsi-dei-papi\/s-giovanni-paolo-ii\/il-papa-giovanni-paolo-ii-ai-salmisti-delle-comunita-neocatecumenali-san-damaso-1981\/","title":{"rendered":"Il Papa Giovanni Paolo II ai salmisti delle Comunit\u00e0 Neocatecumenali San Damaso 1981"},"content":{"rendered":"\n<h1 class=\"has-text-align-center wp-block-heading\">Il Papa Giovanni Paolo II ai salmisti delle Comunit\u00e0 Neocatecumenali San Damaso 1981<\/h1>\n\n<div style=\"height:20px\" aria-hidden=\"true\" class=\"wp-block-spacer\"><\/div>\n\n<h4 class=\"has-text-align-center wp-block-heading\">S. Giovanni Paolo II<\/h4>\n\n<div style=\"height:20px\" aria-hidden=\"true\" class=\"wp-block-spacer\"><\/div>\n\n<p><strong>Citt\u00e0 del Vaticano \u2013 Cortile di San Damaso, 31 marzo 1981 <\/strong><\/p>\n\n<p><em>Oltre tremila cantori-salmisti di numerose Comunit\u00e0 Neocatecumenali italiane hanno concluso ieri sera, nel cortile di San Damaso alla presenza del Santo Padre, la giornata di raduno nazionale indetta per preparare i canti per la Veglia Pasquale.<\/em><\/p>\n\n<div class=\"wp-block-image\"><figure class=\"alignright size-large\"><img loading=\"lazy\" decoding=\"async\" width=\"690\" height=\"553\" src=\"https:\/\/neocatechumenaleiter.org\/wp-content\/uploads\/2020\/03\/Camino_Neocatecumenal_Juan_Pablo_II_encuentro_salmistas_1981.jpg\" alt=\"\" class=\"wp-image-1528\" srcset=\"https:\/\/neocatechumenaleiter.org\/wp-content\/uploads\/2020\/03\/Camino_Neocatecumenal_Juan_Pablo_II_encuentro_salmistas_1981.jpg 690w, https:\/\/neocatechumenaleiter.org\/wp-content\/uploads\/2020\/03\/Camino_Neocatecumenal_Juan_Pablo_II_encuentro_salmistas_1981-300x240.jpg 300w\" sizes=\"auto, (max-width: 690px) 100vw, 690px\" \/><\/figure><\/div>\n\n<p>I cantori-salmisti, riuniti per tutta la giornata di ieri in un teatro-tenda romano, hanno voluto l\u2019incontro con il Papa per offrirgli, tramite il canto, il segno di una testimonianza cristiana ed il senso del loro impegno. Nelle Comunit\u00e0 Neocatecumenali, oltre duemila in tutta Italia, il cantore-salmista \u00e8 colui il quale, pur se non ha spiccate doti canore o una marcata sensibilit\u00e0 musicale, riesce tuttavia ad interpretare il canto come preghiera e riesce a trasmettere agli altri il senso della canzone-preghiera. Ieri sera, guidati da Kiko Arg\u00fcello, l\u2019animatore delle Comunit\u00e0 Neocatecumenali, hanno offerto al Santo Padre il frutto del loro intenso lavoro di preparazione eseguendo alcuni salmi riadattati in uno stile pi\u00f9 moderno e alcune significative canzoni attraverso l\u2019esecuzione delle quali si ripropongono di far vivere, durante la Veglia pasquale, ai propri fratelli la vera attesa della Resurrezione. Estremamente significativa in proposito la canzone interpretata ieri sera per il Papa da un gruppo di bambini appartenenti a quattro Comunit\u00e0 Neocatecumenali di Roma.<\/p>\n\n<p>\u00abPerch\u00e9 \u2013 si sono chiesti questi bambini la cui et\u00e0 oscillava tra i quattro ed i sei anni \u2013 questa notte \u00e8 diversa?\u00bb. \u00abPerch\u00e9 tutte le sere andiamo a letto presto, dopo aver cenato, e questa sera stiamo alzati fino a tardi e non abbiamo neppure cenato?\u00bb. \u00abPerch\u00e9 le altre notti non aspettiamo nessuno e questa sera stiamo aspettando qualcuno?\u00bb. \u00abIn cosa questa notte \u00e8 diversa dalle altre?\u00bb. Per loro \u00e8 tutta la comunit\u00e0 a rispondere cantando la gioia della Resurrezione.<\/p>\n\n<p>\u00abCos\u00ec \u2013 ha spiegato Kiko al Santo Padre \u2013 vivremo la nostra Pasqua accanto ai nostri fratelli e accanto ai nostri figli\u00bb.<\/p>\n\n<p><em>Il Santo Padre, terminati i canti, ha voluto ringraziare per l\u2019incontro cos\u00ec fortemente voluto, e per la testimonianza che, con le loro canzoni, erano venuti a rendergli.<\/em><\/p>\n\n<p>La Chiesa \u2013 <em>ha poi detto tra l\u2019altro il Santo Padre <\/em>\u2013 si prepara a\u00a0 celebrare la notte pasquale del Signore, della sua Resurrezione, durante tutto questo periodo della Quaresima. Lo fa perch\u00e9 il Signore trovi i nostri cuori preparati, maturi, maturi al suo mistero, maturi al suo amore. \u00c8 certamente con la <strong>testimonianza della Parola di Dio e con gesti d\u2019amore che dobbiamo maturare per questa notte e per questo amore definitivo che si \u00e8 rivelato nella notte pasquale<\/strong>. Cos\u00ec io vi auguro di prepararvi bene a questo grande mistero che sta nel centro della nostra fede, e sta anche al centro della storia dell\u2019uomo e del cosmo.&#13;\n&#13;\nIo vi ho incontrati gi\u00e0 pi\u00f9 volte in diverse parrocchie romane e spero che in queste parrocchie voi collaboriate con i sacerdoti e anche con i vescovi nei settori della diocesi di Roma, con il cardinale Vicario, perch\u00e9 \u00e8 cos\u00ec che voi confermate anche il vostro entusiasmo pasquale. <strong>La Pasqua \u00e8 il giorno della Chiesa<\/strong>. Nella Chiesa, nel suo insieme, nella sua vita dobbiamo cercare uno spazio, uno spazio autentico per il nostro entusiasmo religioso e per il nostro apostolato.&#13;\n&#13;\nVorrei ringraziarvi per la vostra visita, per tutti questi canti religiosi molto belli, e cantati con grande forza, con grande entusiasmo. Io vi ringrazio per questa visita e benedico voi tutti, benedico le vostre famiglie e i vostri bambini, questi che hanno avuto anche una parte speciale e molto bella in questa serata.<\/p>\n\n<p>Vorrei dire ancora una parola speciale per tutti i sofferenti che vi sono vicini: trasmettete questa parola e questa memoria, questo ricordo del Papa a tutti loro, perch\u00e9 spiritualmente mi sono sempre molto vicini, poich\u00e9 essi partecipano in modo speciale alla passione del nostro Signore Ges\u00f9 Cristo, e cos\u00ec partecipando al mistero della sua passione, ci preparano alla sua Pasqua.&#13;\n&#13;\nVoglio benedirvi alla fine benedicendo anche tutte le persone a voi care, a Roma e anche in tutte le citt\u00e0 d\u2019Italia e fuori d\u2019Italia.&#13;\n&#13;\n<em>(*) Cfr. \u00abL&#8217;Osservatore Romano\u00bb, 2 aprile 1981.<\/em><\/p>\n","protected":false},"excerpt":{"rendered":"<p>Il Papa Giovanni Paolo II ai salmisti delle Comunit\u00e0 Neocatecumenali San Damaso 1981 S. Giovanni Paolo II Citt\u00e0 del Vaticano \u2013 Cortile di San Damaso, 31 marzo 1981 Oltre tremila cantori-salmisti di numerose Comunit\u00e0 Neocatecumenali italiane hanno concluso ieri sera, nel cortile di San Damaso alla presenza del Santo Padre, la giornata di raduno nazionale indetta per preparare i canti per la Veglia Pasquale. I cantori-salmisti, riuniti per tutta la<\/p>\n<div class=\"read-more\"><a class=\"btn read-more-btn\" href=\"https:\/\/neocatechumenaleiter.org\/it\/discorsi-dei-papi\/s-giovanni-paolo-ii\/il-papa-giovanni-paolo-ii-ai-salmisti-delle-comunita-neocatecumenali-san-damaso-1981\/\">Leggi tutto<\/a><\/div>\n","protected":false},"author":2,"featured_media":0,"parent":3717,"menu_order":9,"comment_status":"closed","ping_status":"closed","template":"","meta":{"footnotes":""},"class_list":["post-5233","page","type-page","status-publish","hentry"],"_links":{"self":[{"href":"https:\/\/neocatechumenaleiter.org\/it\/wp-json\/wp\/v2\/pages\/5233","targetHints":{"allow":["GET"]}}],"collection":[{"href":"https:\/\/neocatechumenaleiter.org\/it\/wp-json\/wp\/v2\/pages"}],"about":[{"href":"https:\/\/neocatechumenaleiter.org\/it\/wp-json\/wp\/v2\/types\/page"}],"author":[{"embeddable":true,"href":"https:\/\/neocatechumenaleiter.org\/it\/wp-json\/wp\/v2\/users\/2"}],"replies":[{"embeddable":true,"href":"https:\/\/neocatechumenaleiter.org\/it\/wp-json\/wp\/v2\/comments?post=5233"}],"version-history":[{"count":3,"href":"https:\/\/neocatechumenaleiter.org\/it\/wp-json\/wp\/v2\/pages\/5233\/revisions"}],"predecessor-version":[{"id":14201,"href":"https:\/\/neocatechumenaleiter.org\/it\/wp-json\/wp\/v2\/pages\/5233\/revisions\/14201"}],"up":[{"embeddable":true,"href":"https:\/\/neocatechumenaleiter.org\/it\/wp-json\/wp\/v2\/pages\/3717"}],"wp:attachment":[{"href":"https:\/\/neocatechumenaleiter.org\/it\/wp-json\/wp\/v2\/media?parent=5233"}],"curies":[{"name":"wp","href":"https:\/\/api.w.org\/{rel}","templated":true}]}}