{"id":5241,"date":"2020-03-02T19:43:56","date_gmt":"2020-03-02T18:43:56","guid":{"rendered":"https:\/\/neocatechumenaleiter.org\/discorsi-dei-papi\/s-giovanni-paolo-ii\/udienza-privata-ai-catechisti-itineranti-delle-comunita-neocatecumenali-7-i-1982\/"},"modified":"2021-08-10T11:01:23","modified_gmt":"2021-08-10T10:01:23","slug":"udienza-privata-ai-catechisti-itineranti-delle-comunita-neocatecumenali-7-i-1982","status":"publish","type":"page","link":"https:\/\/neocatechumenaleiter.org\/it\/discorsi-dei-papi\/s-giovanni-paolo-ii\/udienza-privata-ai-catechisti-itineranti-delle-comunita-neocatecumenali-7-i-1982\/","title":{"rendered":"Udienza privata ai catechisti itineranti delle Comunit\u00e0 Neocatecumenali 7-I-1982"},"content":{"rendered":"\n<h1 class=\"has-text-align-center wp-block-heading\">Udienza privata ai catechisti itineranti delle Comunit\u00e0 Neocatecumenali 7-I-1982<\/h1>\n\n<div style=\"height:20px\" aria-hidden=\"true\" class=\"wp-block-spacer\"><\/div>\n\n<h4 class=\"has-text-align-center wp-block-heading\">S. Giovanni Paolo II<\/h4>\n\n<div style=\"height:20px\" aria-hidden=\"true\" class=\"wp-block-spacer\"><\/div>\n\n<p><strong>Roma, 7 gennaio 1982 *<\/strong><\/p>\n\n<p><em>Il Santo Padre ha ricevuto in udienza oltre trecento catechisti itineranti delle Comunit\u00e0 Neocatecumenali arrivati da settanta nazioni.<\/em>&#13;\n<br\/><br\/><em>Dopo l\u2019accoglienza con un canto, Kiko ha rivolto al Papa le seguenti parole:<\/em><\/p>\n\n<p>Carissimo Padre, sono qui presenti trecento catechisti delle Comunit\u00e0 Neocatecumenali che hanno fondato il Cammino Neocatecumenale in settanta nazioni; formano piccole <em>\u00e9quipes <\/em>di evangelizzazione composte da un sacerdote e due laici, come una piccola comunit\u00e0, immagine della Sacra Famiglia di Nazareth, che aiutano nella parrocchia a portare avanti il rinnovamento del Concilio Vaticano II.&#13;\n&#13;\nIo, Padre, vorrei presentare in una forma molto breve i presbiteri itineranti che sono venuti da tutte le nazioni, dall\u2019Australia, dall\u2019Africa, ecc&#8230; Mettetevi in piedi i presbiteri, perch\u00e9 vi veda il Santo Padre. (<em>Si alzano i presbiteri<\/em>).&#13;\n&#13;\nLe coppie, le famiglie che hanno venduto tutti i loro beni e partono con i loro figli per annunziare il Vangelo, per aiutare nelle missioni di tutto il mondo. Mettetevi in piedi le famiglie e i bambini. (<em>Si alzano le famiglie con i loro figli<\/em>).&#13;\n&#13;\nSono anche presenti le ragazze nubili che hanno offerto la loro vita per l\u2019annunzio del Vangelo. <em>(Mettetevi in piedi le ragazze).<\/em>&#13;\n&#13;\nInfine i ragazzi, i giovani che hanno offerto anch\u2019essi la loro vita per annunziare il Vangelo: cinque di loro hanno deciso ultimamente di entrare in Seminario.<\/p>\n\n<p>Siamo stati riuniti 20 giorni vicino al Santuario di Loreto, riflettendo su quello che Dio sta facendo nelle diverse nazioni dove stiamo portando avanti il nostro ministero di evangelizzazione. Siamo andati a metterci ai piedi della Vergine Maria per affidarLe la nostra missione e chiederLe, nella piccola casa di Loreto, che, essendo la nostra missione quella di fondare nella parrocchia piccole comunit\u00e0 come la Sacra Famiglia di Nazareth che vivano in umilt\u00e0, semplicit\u00e0 e lode, ci aiuti Lei a portarla avanti.&#13;\n&#13;\nIl nostro pi\u00f9 grande desiderio, che noi abbiamo chiesto alla Vergine come un segreto, \u00e8 stato sempre di poter un giorno portare questi fratelli qui, dove sta Pietro, la \u00abpietra\u00bb sulla quale Cristo ha voluto fondare la sua Chiesa.&#13;\n&#13;\nDato che questi fratelli devono parlare con tanti Vescovi in tante nazioni, che sono montati sulla <em>Merkab\u00e0 <\/em>di Dio dell\u2019evangelizzazione, ecco che noi vogliamo mostrare la nostra adesione pi\u00f9 profonda facendo con Lei una specie di <em>gesto di adesione<\/em>.Io ho chiesto loro prima: \u00abRiconoscete voi che il Vescovo di Roma, Pietro, \u00e8 la pietra sopra la quale Cristo ha edificato la sua Chiesa?\u00bb, e tutti hanno risposto che lo riconoscono.<\/p>\n\n<p>Dopo ho chiesto loro: \u00abPromettete obbedienza e fedelt\u00e0 a Pietro e a tutti i vescovi della Chiesa che sono in comunione con Lui?\u00bb e lo hanno promesso. Ho chiesto poi se sono disposti a offrire la loro vita per servire la Chiesa aiutando a portare avanti il rinnovamento del Concilio Vaticano II attraverso questo Cammino Neocatecumenale, che vuole rinnovare il Battesimo nei cristiani. E tutti hanno detto di s\u00ec. Per questo, Padre, io vorrei in nome di tutti loro \u2013 se me lo permette \u2013 inginocchiarmi davanti a Lei, e tutti questi fratelli con me, come un piccolo gesto di adesione completa a Pietro. Perch\u00e9 io, Padre, ho detto loro una cosa: attraverso la mia esperienza in tante nazioni e le sofferenze che ho avuto, ho capito che Dio obbedisce ai suoi vescovi, Dio stesso obbedisce loro. Questo mi ha impressionato tanto che ho pensato: Se Dio stesso obbedisce loro, come non gli ubbidir\u00f2 io e tutti noi?<\/p>\n\n<p>Allora, Padre, io vorrei mettermi in ginocchio davanti a Lei&#8230;<\/p>\n\n<p><em>(Kiko si avvicina al trono del Papa e si mette in ginocchio, mentre tutti gli itineranti si inginocchiano; il Papa gli offre la sua mano perch\u00e9 gliela baci e alzandosi gli appoggia l\u2019altra mano sulla spalla; dopo invita tutti ad alzarsi).<\/em>&#13;\n&#13;\n<em>Riportiamo nelle pagine seguenti il discorso del Papa:<\/em><\/p>\n\n<div class=\"wp-block-image\"><figure class=\"alignleft size-medium\"><img loading=\"lazy\" decoding=\"async\" width=\"300\" height=\"242\" src=\"https:\/\/neocatechumenaleiter.org\/wp-content\/uploads\/2020\/03\/Camino_Neocatecumenal_Juan_Pablo_II_audiencia_catequistas_itinerantes_1982-300x242.jpg\" alt=\"\" class=\"wp-image-1634\" srcset=\"https:\/\/neocatechumenaleiter.org\/wp-content\/uploads\/2020\/03\/Camino_Neocatecumenal_Juan_Pablo_II_audiencia_catequistas_itinerantes_1982-300x242.jpg 300w, https:\/\/neocatechumenaleiter.org\/wp-content\/uploads\/2020\/03\/Camino_Neocatecumenal_Juan_Pablo_II_audiencia_catequistas_itinerantes_1982.jpg 695w\" sizes=\"auto, (max-width: 300px) 100vw, 300px\" \/><\/figure><\/div>\n\n<p>Carissimi!<br\/><br\/>&#13;\n&#13;\n1. Sono sinceramente lieto di potermi incontrare oggi con voi, catechisti itineranti provenienti da numerose Comunit\u00e0 Neocatecumenali e desidero esprimervi la mia compiacenza insieme con una parola di incoraggiamento per il vostro impegno catechistico, cos\u00ec prezioso per la comunit\u00e0 ecclesiale.&#13;\n&#13;\nVoi intendete vivere in pienezza <strong>l\u2019annuncio fondamentale della fede<\/strong>, la lieta notizia cio\u00e8 che Ges\u00f9 Cristo di Nazareth \u00e8 Figlio eterno di Dio, incarnato e risorto per la vostra salvezza; volete accogliere in profondit\u00e0 il legame inscindibile che esiste tra l\u2019adesione a questo annuncio di vita e di resurrezione con la <strong>continua conversione interiore<\/strong>, il che comporta un mutamento di mentalit\u00e0, di atteggiamenti, di comportamenti di egoismo, di chiusura, di autosufficienza, in modo da acquistare una nuova prospettiva e una nuova visione \u2013 quella fondata precisamente sul messaggio di Ges\u00f9 Cristo \u2013 che esige umile apertura nei confronti di Dio e di tutti i fratelli.&#13;\n&#13;\nIn questo <strong>cammino di fede<\/strong>, che presenta certamente le sue tappe faticose e le sue inevitabili difficolt\u00e0, vi \u00e8 di sostegno, conforto, illuminazione ed orientamento la <strong>Parola di Dio<\/strong>, la Sacra Scrittura che deve essere approfondita, letta, meditata, studiata, con la consapevolezza che essa non \u00e8 un semplice libro, ma \u00e8 Dio stesso che parla, agisce, interpella, coinvolge, invita ad un attento ascolto, che porti all\u2019adesione totale nei confronti della Sua Volont\u00e0. E la Parola di Dio, sia quella dell\u2019Antico che del Nuovo Testamento, vi fa incontrare con Colui, di cui \u00e8 piena la Scrittura, cio\u00e8 con Ges\u00f9 Cristo, il quale con l\u2019incarnazione \u00absi \u00e8 unito in certo modo ad ogni uomo\u00bb (cfr <em>Gaudium et Spes<\/em>, 22).<\/p>\n\n<div class=\"wp-block-image\"><figure class=\"alignright size-medium\"><img loading=\"lazy\" decoding=\"async\" width=\"300\" height=\"242\" src=\"https:\/\/neocatechumenaleiter.org\/wp-content\/uploads\/2020\/03\/Camino_Neocatecumenal_Juan_Pablo_II_audiencia_catequistas_itinerantes_19822-300x242.jpg\" alt=\"\" class=\"wp-image-1641\" srcset=\"https:\/\/neocatechumenaleiter.org\/wp-content\/uploads\/2020\/03\/Camino_Neocatecumenal_Juan_Pablo_II_audiencia_catequistas_itinerantes_19822-300x242.jpg 300w, https:\/\/neocatechumenaleiter.org\/wp-content\/uploads\/2020\/03\/Camino_Neocatecumenal_Juan_Pablo_II_audiencia_catequistas_itinerantes_19822.jpg 694w\" sizes=\"auto, (max-width: 300px) 100vw, 300px\" \/><\/figure><\/div>\n\n<p>2. Nelle vostre riflessioni comunitarie voi avete voluto meditare sul valore basilare del <strong>sacramento del Battesimo <\/strong>nell\u2019itinerario spirituale cristiano, e desiderate rivivere, nella vostra vita di cristiani, la complessa e ricca esperienza, che la Chiesa nei primi secoli faceva ripercorrere ai suoi nuovi figli. Senza cadere in un facile archeologismo di maniera, siate consapevoli che realizzare la <strong>dimensione battesimale <\/strong>significa, anzitutto, cercare di cogliere alla sua scaturigine <strong>l\u2019identit\u00e0 autentica dell\u2019essere cristiani<\/strong>; vivere cio\u00e8 la profonda mutazione che \u00e8 avvenuta nella nostra realt\u00e0 umana con l\u2019irruzione della grazia divina\u2013 l\u2019essere diventati templi viventi della Santissima Trinit\u00e0, tralci della vite, che \u00e8 Cristo, membra del Corpo Mistico, del Cristo totale, cio\u00e8 della Chiesa. Scrivendo dei meravigliosi effetti soprannaturali del Battesimo cos\u00ec si esprime san Fulberto di Chartres, vescovo: \u00abSappiamo con certezza che, peccatori nella prima nascita, siamo mondati nella seconda; schiavi nella prima, siamo liberi per la seconda; terreni nella prima, siamo celesti per la seconda; carnali per colpa della prima nascita, diventiamo spirituali per la grazia della seconda; per quella figli d\u2019ira, per questa figli della grazia. Chi, pertanto, offende la dignit\u00e0 del Battesimo, sappia che offende Dio stesso&#8230; \u00c8 dunque una grazia della dottrina di salvezza conoscere la profondit\u00e0 del mistero del Battesimo\u00bb (<em>Ep. <\/em>5: PL 141, 198 s.).&#13;\n&#13;\nRealizzare la dimensione battesimale significa unirsi intimamente a Cristo nell&#8217;<strong>Eucaristia<\/strong>, fonte e culmine della vita cristiana e di tutta l\u2019evangelizzazione (cfr. <em>Lumen Gentium<\/em>, 11; <em>Presbyterorum Ordinis<\/em>, 5). Significa amare generosamente, concretamente, fattivamente tutti gli uomini, specialmente coloro che sono spiritualmente o materialmente poveri e bisognosi; significa ristrutturare tutta la propria <strong>vita morale <\/strong>in coerenza ed in conformit\u00e0 con le <strong>promesse battesimali<\/strong>.&#13;\n&#13;\n\u00abQuesto cammino, cammino della fede, cammino del Battesimo riscoperto, \u2013 dicevo ai vostri amici della parrocchia dei Santi Martiri Canadesi in Roma \u2013 deve essere un cammino dell\u2019uomo nuovo; questi vede qual \u00e8 la vera proporzione, o meglio, la sproporzione della sua entit\u00e0 creata, della sua creaturalit\u00e0 rispetto al Creatore, alla Sua maest\u00e0 infinita, al Dio redentore, al Dio santo e santificante, e cerca di realizzarsi in quella prospettiva\u00bb (<em>Insegnamenti di Giovanni Paolo II<\/em>, III\/2 [1980], p. 1044).<\/p>\n\n<p>3. In questo periodo liturgico del Natale i Vangeli di Matteo e di Luca ci presentano alcune persone, il cui comportamento nei confronti del neonato Ges\u00f9 \u00e8 stato particolarmente esemplare per noi: i misteriosi Magi, con la ricchezza della loro cultura, attenta e sensibile ai segni della Trascendenza; i poveri pastori, vigili sul gregge, pronti e obbedienti ai richiami degli Angeli; Giuseppe, l\u2019uomo giusto, che nel sonno estatico \u00e8 in continuo ascolto della volont\u00e0 dell\u2019Eterno; e, soprattutto Maria, la Vergine Madre, che a Dio si affida completamente, pronuncia il \u00abfiat\u00bb e concepisce nel suo grembo il Figlio dell\u2019Altissimo per presentarlo e donarlo agli uomini.&#13;\n&#13;\nA Lei in modo particolare, carissimi fratelli e sorelle, affido voi, il vostro impegno generoso, perch\u00e9 in perfetta e concorde adesione alla Chiesa e sempre sotto la direzione pastorale dei Vescovi, diate un personale contributo all\u2019opera fondamentale della catechesi, facendo in modo da non trasmettere la vostra dottrina o quella di un altro maestro, ma, \u00abl\u2019insegnamento di Ges\u00f9 Cristo, la verit\u00e0 che comunica; pi\u00f9 esattamente, la verit\u00e0 che egli \u00e8\u00bb (Esortazione Apostolica <em>Catechesi Tra- dendae<\/em>, 6).<\/p>\n\n<p>Con questi voti e come segno del mio affetto vi imparto di cuore la benedizione apostolica.<br\/><br\/><\/p>\n\n<p><em>(*) Cfr. \u00abL&#8217;Osservatore Romano\u00bb, 7-8 gennaio 1982, con integrazioni dalla registrazione.<\/em><\/p>\n","protected":false},"excerpt":{"rendered":"<p>Udienza privata ai catechisti itineranti delle Comunit\u00e0 Neocatecumenali 7-I-1982 S. Giovanni Paolo II Roma, 7 gennaio 1982 * Il Santo Padre ha ricevuto in udienza oltre trecento catechisti itineranti delle Comunit\u00e0 Neocatecumenali arrivati da settanta nazioni.&#13; Dopo l\u2019accoglienza con un canto, Kiko ha rivolto al Papa le seguenti parole: Carissimo Padre, sono qui presenti trecento catechisti delle Comunit\u00e0 Neocatecumenali che hanno fondato il Cammino Neocatecumenale in settanta nazioni; formano piccole<\/p>\n<div class=\"read-more\"><a class=\"btn read-more-btn\" href=\"https:\/\/neocatechumenaleiter.org\/it\/discorsi-dei-papi\/s-giovanni-paolo-ii\/udienza-privata-ai-catechisti-itineranti-delle-comunita-neocatecumenali-7-i-1982\/\">Leggi tutto<\/a><\/div>\n","protected":false},"author":2,"featured_media":0,"parent":3717,"menu_order":12,"comment_status":"closed","ping_status":"closed","template":"","meta":{"footnotes":""},"class_list":["post-5241","page","type-page","status-publish","hentry"],"_links":{"self":[{"href":"https:\/\/neocatechumenaleiter.org\/it\/wp-json\/wp\/v2\/pages\/5241","targetHints":{"allow":["GET"]}}],"collection":[{"href":"https:\/\/neocatechumenaleiter.org\/it\/wp-json\/wp\/v2\/pages"}],"about":[{"href":"https:\/\/neocatechumenaleiter.org\/it\/wp-json\/wp\/v2\/types\/page"}],"author":[{"embeddable":true,"href":"https:\/\/neocatechumenaleiter.org\/it\/wp-json\/wp\/v2\/users\/2"}],"replies":[{"embeddable":true,"href":"https:\/\/neocatechumenaleiter.org\/it\/wp-json\/wp\/v2\/comments?post=5241"}],"version-history":[{"count":8,"href":"https:\/\/neocatechumenaleiter.org\/it\/wp-json\/wp\/v2\/pages\/5241\/revisions"}],"predecessor-version":[{"id":14567,"href":"https:\/\/neocatechumenaleiter.org\/it\/wp-json\/wp\/v2\/pages\/5241\/revisions\/14567"}],"up":[{"embeddable":true,"href":"https:\/\/neocatechumenaleiter.org\/it\/wp-json\/wp\/v2\/pages\/3717"}],"wp:attachment":[{"href":"https:\/\/neocatechumenaleiter.org\/it\/wp-json\/wp\/v2\/media?parent=5241"}],"curies":[{"name":"wp","href":"https:\/\/api.w.org\/{rel}","templated":true}]}}