{"id":5432,"date":"2020-03-26T23:17:58","date_gmt":"2020-03-26T22:17:58","guid":{"rendered":"https:\/\/neocatechumenaleiter.org\/discorsi-dei-papi\/s-giovanni-paolo-ii\/udienza-speciale-al-convegno-su-penitenza-e-riconciliazione-promosso-dal-cammino-neocatecumenale-10-ii-1983\/"},"modified":"2020-06-08T21:49:36","modified_gmt":"2020-06-08T20:49:36","slug":"udienza-speciale-al-convegno-su-penitenza-e-riconciliazione-promosso-dal-cammino-neocatecumenale-10-ii-1983","status":"publish","type":"page","link":"https:\/\/neocatechumenaleiter.org\/it\/discorsi-dei-papi\/s-giovanni-paolo-ii\/udienza-speciale-al-convegno-su-penitenza-e-riconciliazione-promosso-dal-cammino-neocatecumenale-10-ii-1983\/","title":{"rendered":"Udienza speciale al convegno su \u00abPenitenza e Riconciliazione\u00bb promosso dal Cammino Neocatecumenale 10-II-1983"},"content":{"rendered":"\n<h1 class=\"has-text-align-center wp-block-heading\">Udienza speciale al convegno su \u00abPenitenza e Riconciliazione\u00bb promosso dal Cammino Neocatecumenale 10-II-1983<\/h1>\n\n<div style=\"height:20px\" aria-hidden=\"true\" class=\"wp-block-spacer\"><\/div>\n\n<h4 class=\"has-text-align-center wp-block-heading\">S. Giovanni Paolo II<\/h4>\n\n<div style=\"height:20px\" aria-hidden=\"true\" class=\"wp-block-spacer\"><\/div>\n\n<p><strong>Citt\u00e0 del Vaticano &#8211; Aula Paolo VI, 10 febbraio 1983 <\/strong><\/p>\n\n<p><em>Circa duemila parroci provenienti dai cinque continenti <\/em><em>e una sessantina di Vescovi, anch\u2019essi provenienti da ogni parte del mondo, si sono incontrati nella mattinata di oggi, gioved\u00ec 10 febbraio, con il Papa nell\u2019Aula Paolo VI. I sacerdoti e i Vescovi stanno partecipando da luned\u00ec 7 a Roma ad un convegno organizzato dalle Comunit\u00e0 Neocatecumenali su un tema di particolare attualit\u00e0 nella vita della Chiesa: \u00abLa riconciliazione e la penitenza nella missione della Chiesa\u00bb. Alcune delle riflessioni compiute nel corso del convegno, che si concluder\u00e0 questa sera con una solenne concelebrazione, sono state riferite al Papa, ad inizio udienza, da un Vescovo e da alcuni sacerdoti.<\/em>&#13;\n&#13;\n<em>\u00a0<\/em><em>Alla folta assemblea che gli era stata presentata nelle sue diverse <\/em><em>componenti da Kiko Arg\u00fcello, il Santo Padre ha rivolto il seguente discorso:<\/em><\/p>\n\n<p>Fratelli carissimi!<br\/><br\/>&#13;\n&#13;\n1. Sono lieto di avere oggi la possibilit\u00e0 di incontrare un gruppo di aderenti alle Comunit\u00e0 Neocatecumenali, riuniti a Roma per meditare insieme su \u00abLa riconciliazione e la penitenza nella missione della Chiesa\u00bb, che \u00e8 il tema del prossimo Sinodo dei Vescovi.&#13;\n&#13;\nSaluto i Vescovi, i Parroci e i sacerdoti qui presenti, che per l\u2019occasione sono venuti da tutti i continenti.&#13;\n&#13;\nLa mia desidera essere una parola di riflessione sull\u2019esperienza spirituale ed ecclesiale che intendete compiere, perch\u00e9 vi sia di sprone a un impegno sempre pi\u00f9 grande nell&#8217;offrire, entro il contesto del mondo contemporaneo, un esempio limpido e schietto di profonda fede cristiana, vissuta costantemente in intima, docile e lieta unione con i Pastori della Chiesa.<\/p>\n\n<p>La vostra vuole essere fondamentalmente una testimonianza di annuncio del messaggio evangelico, che ha come centro la proclamazione che Ges\u00f9 di Nazareth \u00e8 il Messia, il Signore, il Figlio di Dio, incarnato, morto e risorto per la nostra salvezza. \u00abL\u2019evangelizzazione \u2013 ha detto Paolo VI \u2013 conterr\u00e0 sempre &#8230; \u2013 come base, centro e insieme vertice del suo dinamismo \u2013, una chiara proclamazione che, <strong>in Ges\u00f9 Cristo<\/strong>,\u00a0Figlio\u00a0di Dio fatto uomo, morto e risuscitato, <strong>la salvezza \u00e8 offerta ad ogni uomo<\/strong>, come dono di grazia e misericordia di Dio stesso\u00bb&#13;\n&#13;\n(Esortazione Apostolica di Paolo VI, <em>Evangelii Nuntiandi<\/em>, 27).&#13;\n&#13;\nUna delle tipiche manifestazioni della vostra comunit\u00e0 \u00e8 proprio l\u2019evangelizzazione svolta in Paesi ed ambienti che o non hanno mai sentito l\u2019annuncio cristiano o sono diventati quasi sordi ed opachi a tale annuncio, per il prevalere di ideologie, concezioni, comportamenti di rifiuto o di indifferenza nei confronti dello stesso \u00abproblema di Dio\u00bb. Ecco perch\u00e9 voi intendete preparare e formare dei catechisti, i quali dovranno cercare anzitutto di approfondire e vivere personalmente, per poi farne partecipi gli altri, il mistero di Cristo. \u00abCatechizzare \u2013 ho scritto nella Esortazione Apostolica circa la catechesi nel nostro tempo&#13;\n&#13;\n\u2013 \u00e8, in un certo modo, condurre qualcuno a scrutare questo mistero in tutte le sue dimensioni&#8230; <strong>svelare nella persona di Cristo l\u2019intero disegno eterno di Dio, che in essa si compie&#8230; <\/strong>Lo scopo definitivo della catechesi \u00e8 di mettere qualcuno non solo in contatto, ma in comunione, <strong>in intimit\u00e0 con Ges\u00f9 Cristo: egli solo pu\u00f2 condurre all\u2019amore del Padre nello Spirito e pu\u00f2 farci partecipare alla vita della Santa Trinit\u00e0\u00bb <\/strong>(Giovanni Paolo II, <em>Catechesi Tradendae<\/em>, 5).<\/p>\n\n<p>Mi \u00e8 noto l\u2019impegno delle vostre comunit\u00e0 nell\u2019opera meritoria della catechesi. In questi anni le Conferenze Episcopali hanno intensificato i loro sforzi in questo campo di eccezionale importanza per la vita stessa del Popolo di Dio. Seguire i metodi, le indicazioni, gli itinerari, i testi offerti dagli Episcopati, come pure esercitare il ministero della catechesi nella comunione e nella disciplina ecclesiale, con riguardo al ministero fondante del Vescovo e dei Presbiteri a lui associati, sar\u00e0 un prezioso aiuto per la vostra catechesi a tutti i livelli e procurer\u00e0 certamente grandi frutti spirituali fra i fedeli. Fine specifico di ogni opera e forma di catechesi sar\u00e0 quello di far germinare, crescere, sviluppare il seme della fede, deposto dallo Spirito Santo col primo annuncio, ed efficacemente trasmesso col Battesimo.<\/p>\n\n<div class=\"wp-block-image\"><figure class=\"alignright size-medium\"><img loading=\"lazy\" decoding=\"async\" width=\"300\" height=\"240\" src=\"https:\/\/neocatechumenaleiter.org\/wp-content\/uploads\/2020\/03\/Camino_Neocatecumenal_Juan_Pablo_II_audiencia_especial_penitencia_reconciliacion_1983-300x240.jpg\" alt=\"\" class=\"wp-image-1693\" srcset=\"https:\/\/neocatechumenaleiter.org\/wp-content\/uploads\/2020\/03\/Camino_Neocatecumenal_Juan_Pablo_II_audiencia_especial_penitencia_reconciliacion_1983-300x240.jpg 300w, https:\/\/neocatechumenaleiter.org\/wp-content\/uploads\/2020\/03\/Camino_Neocatecumenal_Juan_Pablo_II_audiencia_especial_penitencia_reconciliacion_1983.jpg 706w\" sizes=\"auto, (max-width: 300px) 100vw, 300px\" \/><\/figure><\/div>\n\n<p>2. Nelle vostre comunit\u00e0 voi volete approfondire, non solo a livello teoretico, ma, in modo del tutto speciale, a dimensione vitale, il significato, il valore, la ricchezza, le esigenze del Battesimo, il Sacramento che \u00e8 condizione necessaria alla salvezza; che unisce alla morte, alla sepoltura ed alla Risurrezione del Salvatore; che fa vivere la vita stessa di Cristo, che trasforma il battezzato in tempio dello Spirito, in figlio adottivo del Padre celeste, in fratello ed erede del Cristo, in membro del Corpo di Cristo, che \u00e8 la Chiesa. Tale approfondimento \u00e8 volto alla riscoperta ed alla valorizzazione delle ricchezze proprie del Battesimo, ricevuto di norma nell\u2019infanzia, ed al quale, pertanto, \u00e8 necessario far riferimento non come ad un fatto puramente giuridico, ma come al vero momento fondante di tutta la vita cristiana. Coltivando quella che potremmo chiamare una \u00abspiritualit\u00e0 battesimale\u00bb, voi intendete animare, indirizzare, fecondare, il vostro itinerario di fede, quale logico sviluppo delle esigenze intrinseche del Sacramento, cos\u00ec che la vostra testimonianza sia sempre pi\u00f9 autentica, sincera, coerente, operosa, e perch\u00e9 possiate essere sempre pi\u00f9 disponibili a rispondere prontamente all\u2019appello divino. <\/p>\n\n<p>Tale disponibilit\u00e0 si deve manifestare nella continua meditazione e nel religioso ascolto della Sacra Tradizione e della Sacra Scrittura, che costituiscono \u00abun solo e sacro deposito della Parola di Dio affidata alla Chiesa\u00bb (Costituzione Dogmatica <em>Dei Verbum<\/em>, 10). Ne consegue l\u2019esigenza di un costante e serio lavoro di approfondimento personale e comunitario della Parola di Dio e dell\u2019insegnamento del Magistero della Chiesa, anche mediante la partecipazione a seri corsi biblici e teologici. Tale impegno di studio e di riflessione si manifesta quanto mai necessario per chi, dovendo svolgere il compito di catechista, ha il dovere di alimentare i propri fratelli con un solido cibo spirituale.&#13;\n&#13;\nTenete sempre presente la solenne e vigorosa affermazione del Concilio Ecumenico Vaticano II: \u00ab<strong>La Chiesa ha sempre venerato le divine Scritture come ha fatto per il Corpo stesso di Cristo<\/strong>, non mancando mai, soprattutto nella Sacra Liturgia, di nutrirsi del Pane della vita dalla mensa sia della Parola di Dio che del Corpo di Cristo, e di porgerlo ai fedeli\u00bb (Costituzione Dogmatica <em>Dei Verbum<\/em>, 21).<\/p>\n\n<p>Da Cristo Parola a Cristo Eucaristia, perch\u00e9 il Sacrificio eucaristico \u00e8 la fonte, il centro e il culmine di tutta la vita cristiana. Celebrate l\u2019Eucaristia e, soprattutto, la Pasqua, con vera piet\u00e0, con grande dignit\u00e0, con amore per i riti liturgici della Chiesa, con esatta osservanza delle norme stabilite dalla competente autorit\u00e0, con volont\u00e0 di comunione con tutti i fratelli.<\/p>\n\n<p>3. La vostra disponibilit\u00e0 all\u2019appello divino si deve manifestare altres\u00ec nella continua, quotidiana, instancabile preghiera, espressione anzitutto dell\u2019adorazione, che l\u2019uomo fragile, debole, consapevole della propria contingenza e della propria creaturalit\u00e0, offre a Dio, il Trascendente, l\u2019Infinito, l\u2019Onnipotente, il Creatore, ma anche il Padre amorevole e misericordioso; preghiera che, pertanto, diventa anche dialogo intimo ed affettuoso tra il figlio ed il Padre. <strong>Preghiera che diviene coro supplichevole <\/strong>nel \u00abPater noster\u00bb, insegnatoci da Ges\u00f9 stesso; preghiera che diviene solenne e cosciente professione di fede cristiana nel Credo o Simbolo Apostolico; preghiera che trova nei Salmi le varie e complesse sfumature interiori con cui l\u2019orante \u2013 il Popolo della Promessa, il nuovo Popolo eletto cio\u00e8 la Chiesa, il cristiano nelle varie situazioni spirituali \u2013 pu\u00f2 rivolgersi a Dio, sua speranza, sua roccia, sua salvezza: \u00abSe il Salmo prega \u2013 ci suggerisce Sant\u2019Agostino \u2013 pregate; se geme, gemete; se esulta, esultate; se spera, sperate; se teme, temete. Tutte le cose che sono scritte qui, sono il nostro specchio\u00bb (S. Agostino, <em>Enarr. in Ps. <\/em>XXX, II, s. III, 1: CCL 38, 213).<\/p>\n\n<p>4. La vostra disponibilit\u00e0 all\u2019appello divino si manifesta nel realizzare, giorno dopo giorno, la parola esigente di Ges\u00f9: \u00ab<strong>Convertitevi<\/strong><strong> e credete al Vangelo!<\/strong>\u00bb (Mc 1,15). Questa conversione, questo \u00abcambiamento di mentalit\u00e0\u00bb \u00e8 anzitutto rifiuto del vero male, il peccato, che ci allontana da Dio. <strong>Questa conversione \u00e8 un continuo cammino di ritorno alla casa del Padre, <\/strong>come quello del figlio prodigo (cfr. Lc 15,11-32). Questa conversione trova il suo segno salvifico nel Sacramento della Penitenza o della Riconciliazione. \u00abLa libert\u00e0 dal peccato \u2013 ho scritto nella Bolla di indizione del Giubileo per il 1950\u00b0 anniversario della Redenzione \u2013 \u00e8&#8230; frutto ed esigenza primaria della fede in Cristo Redentore e nella sua Chiesa&#8230; A servizio di questa libert\u00e0 il Signore Ges\u00f9 ha istituito nella sua Chiesa il Sacramento della Penitenza, perch\u00e9 coloro che hanno commesso peccato dopo il Battesimo siano riconciliati con Dio, che hanno offeso, e con la Chiesa stessa, che hanno ferito\u00bb (Giovanni Paolo II, Aperite portas Re- demptori, 5).<\/p>\n\n<div class=\"wp-block-image\"><figure class=\"alignleft size-medium\"><img loading=\"lazy\" decoding=\"async\" width=\"300\" height=\"200\" src=\"https:\/\/neocatechumenaleiter.org\/wp-content\/uploads\/2020\/03\/Camino_Neocatecumenal_Juan_Pablo_II_audiencia_especial_penitencia_reconciliacion_19832-300x200.jpg\" alt=\"\" class=\"wp-image-1700\" srcset=\"https:\/\/neocatechumenaleiter.org\/wp-content\/uploads\/2020\/03\/Camino_Neocatecumenal_Juan_Pablo_II_audiencia_especial_penitencia_reconciliacion_19832-300x200.jpg 300w, https:\/\/neocatechumenaleiter.org\/wp-content\/uploads\/2020\/03\/Camino_Neocatecumenal_Juan_Pablo_II_audiencia_especial_penitencia_reconciliacion_19832.jpg 768w\" sizes=\"auto, (max-width: 300px) 100vw, 300px\" \/><\/figure><\/div>\n\n<p>Il ministero della Riconciliazione \u2013 questo dono mirabile della infinita misericordia di Dio \u2013 \u00e8 affidato a voi, sacerdoti. Siatene ministri sempre degni, pronti, zelanti, disponibili, pazienti, sereni, attenendovi con fedele diligenza alle norme stabilite in materia dall\u2019autorit\u00e0 ecclesiastica. I fedeli potranno cosi trovare in tale Sacramento un autentico segno e strumento di rinascita spirituale e di letificante libert\u00e0 interiore.&#13;\n&#13;\nE voi, fratelli tutti, celebrate il Sacramento della Riconciliazione con grande fiducia nella misericordia di Dio, in piena adesione al ministero e alla disciplina della Chiesa, con la confessione individuale, come ripetutamente raccomanda il nuovo Codice di Diritto Canonico, per il perdono e la pace dei discepoli del Signore e come annuncio efficace della bont\u00e0 del Signore per tutti.<\/p>\n\n<p>5. Lungo il vostro itinerario spirituale cercate di armonizzare le esigenze \u00abcatecumenali\u00bb con l\u2019impegno della necessaria dedizione ai fratelli, alla famiglia, ai doveri professionali e sociali. Soprattutto non cedete alla tentazione di chiudervi in voi stessi, isolandovi dalla vita della Comunit\u00e0 parrocchiale o diocesana, giacch\u00e9 soltanto da un effettivo inserimento in quegli organismi pi\u00f9 vasti possono derivare autenticit\u00e0 ed efficacia al vostro impegno apostolico.&#13;\n&#13;\nNon voglio chiudere queste mie riflessioni senza ricordare a voi e alle Comunit\u00e0 che rappresentate quanto ho detto di recente in occasione della presentazione ufficiale del nuovo Codice di Diritto Canonico: il cristiano deve disporre il proprio animo ad accoglierlo e a metterlo in pratica. <strong>Le leggi sono munifico dono di Dio e la loro osservanza \u00e8 vera sapienza. <\/strong>Il diritto della Chiesa \u00e8 un mezzo, un ausilio e anche un presidio per mantenersi in comunione col Signore. Pertanto le norme giuridiche, come anche quelle liturgiche, vanno osservate senza negligenze e senza omissioni.&#13;\n&#13;\nSono sicuro che le vostre Comunit\u00e0 animate dal fervore di distinguersi nella celebrazione del Battesimo, dell\u2019Eucaristia e della Penitenza, vogliano anche distinguersi, sotto la guida della Chiesa, in questo impegno di fedelt\u00e0 alla disciplina comune.<\/p>\n\n<div class=\"wp-block-image\"><figure class=\"alignright size-large\"><img loading=\"lazy\" decoding=\"async\" width=\"768\" height=\"529\" src=\"https:\/\/neocatechumenaleiter.org\/wp-content\/uploads\/2020\/03\/Camino_Neocatecumenal_Juan_Pablo_II_audiencia_especial_penitencia_reconciliacion_19833.jpg\" alt=\"\" class=\"wp-image-1710\" srcset=\"https:\/\/neocatechumenaleiter.org\/wp-content\/uploads\/2020\/03\/Camino_Neocatecumenal_Juan_Pablo_II_audiencia_especial_penitencia_reconciliacion_19833.jpg 768w, https:\/\/neocatechumenaleiter.org\/wp-content\/uploads\/2020\/03\/Camino_Neocatecumenal_Juan_Pablo_II_audiencia_especial_penitencia_reconciliacion_19833-300x207.jpg 300w\" sizes=\"auto, (max-width: 768px) 100vw, 768px\" \/><\/figure><\/div>\n\n<p>Carissimi fratelli!,<\/p>\n\n<p>mentre presento questi miei pensieri alla vostra riflessione, invoco l\u2019abbondanza della grazia divina su voi qui presenti e su tutte le comunit\u00e0 che rappresentate. Affido tutti a Maria Santissima, esempio incomparabile di fede ardente e di docile accoglienza della volont\u00e0 di Dio.&#13;\n&#13;\nEssa, che \u00abavanz\u00f2 nella peregrinazione della fede e serb\u00f2 fedelmente la sua unione al Figlio sino alla croce\u00bb (<em>Lumen Gentium<\/em>, 58) vi conforti col suo materno sorriso nel quotidiano cammino della sequela di Cristo.&#13;\n&#13;\nCon la mia benedizione apostolica.&#13;\n&#13;\n<em>(*) Cfr. \u00abL&#8217;Osservatore Romano\u00bb, 11 febbraio 1983.<\/em><\/p>\n","protected":false},"excerpt":{"rendered":"<p>Udienza speciale al convegno su \u00abPenitenza e Riconciliazione\u00bb promosso dal Cammino Neocatecumenale 10-II-1983 S. Giovanni Paolo II Citt\u00e0 del Vaticano &#8211; Aula Paolo VI, 10 febbraio 1983 Circa duemila parroci provenienti dai cinque continenti e una sessantina di Vescovi, anch\u2019essi provenienti da ogni parte del mondo, si sono incontrati nella mattinata di oggi, gioved\u00ec 10 febbraio, con il Papa nell\u2019Aula Paolo VI. I sacerdoti e i Vescovi stanno partecipando da<\/p>\n<div class=\"read-more\"><a class=\"btn read-more-btn\" href=\"https:\/\/neocatechumenaleiter.org\/it\/discorsi-dei-papi\/s-giovanni-paolo-ii\/udienza-speciale-al-convegno-su-penitenza-e-riconciliazione-promosso-dal-cammino-neocatecumenale-10-ii-1983\/\">Leggi tutto<\/a><\/div>\n","protected":false},"author":2,"featured_media":0,"parent":3717,"menu_order":16,"comment_status":"closed","ping_status":"closed","template":"","meta":{"footnotes":""},"class_list":["post-5432","page","type-page","status-publish","hentry"],"_links":{"self":[{"href":"https:\/\/neocatechumenaleiter.org\/it\/wp-json\/wp\/v2\/pages\/5432","targetHints":{"allow":["GET"]}}],"collection":[{"href":"https:\/\/neocatechumenaleiter.org\/it\/wp-json\/wp\/v2\/pages"}],"about":[{"href":"https:\/\/neocatechumenaleiter.org\/it\/wp-json\/wp\/v2\/types\/page"}],"author":[{"embeddable":true,"href":"https:\/\/neocatechumenaleiter.org\/it\/wp-json\/wp\/v2\/users\/2"}],"replies":[{"embeddable":true,"href":"https:\/\/neocatechumenaleiter.org\/it\/wp-json\/wp\/v2\/comments?post=5432"}],"version-history":[{"count":11,"href":"https:\/\/neocatechumenaleiter.org\/it\/wp-json\/wp\/v2\/pages\/5432\/revisions"}],"predecessor-version":[{"id":14232,"href":"https:\/\/neocatechumenaleiter.org\/it\/wp-json\/wp\/v2\/pages\/5432\/revisions\/14232"}],"up":[{"embeddable":true,"href":"https:\/\/neocatechumenaleiter.org\/it\/wp-json\/wp\/v2\/pages\/3717"}],"wp:attachment":[{"href":"https:\/\/neocatechumenaleiter.org\/it\/wp-json\/wp\/v2\/media?parent=5432"}],"curies":[{"name":"wp","href":"https:\/\/api.w.org\/{rel}","templated":true}]}}