{"id":5447,"date":"2020-03-27T00:19:39","date_gmt":"2020-03-26T23:19:39","guid":{"rendered":"https:\/\/neocatechumenaleiter.org\/discorsi-dei-papi\/s-giovanni-paolo-ii\/visita-alla-parrocchia-di-nostra-signora-di-lourdes-a-tor-marancia-13-ii-1983\/"},"modified":"2020-04-04T17:20:02","modified_gmt":"2020-04-04T16:20:02","slug":"visita-alla-parrocchia-di-nostra-signora-di-lourdes-a-tor-marancia-13-ii-1983","status":"publish","type":"page","link":"https:\/\/neocatechumenaleiter.org\/it\/discorsi-dei-papi\/s-giovanni-paolo-ii\/visita-alla-parrocchia-di-nostra-signora-di-lourdes-a-tor-marancia-13-ii-1983\/","title":{"rendered":"Visita alla parrocchia di Nostra Signora di Lourdes a Tor Marancia 13-II-1983"},"content":{"rendered":"\n<h1 class=\"has-text-align-center wp-block-heading\">Visita alla parrocchia di Nostra Signora di Lourdes a Tor Marancia 13-II-1983<\/h1>\n\n<div style=\"height:20px\" aria-hidden=\"true\" class=\"wp-block-spacer\"><\/div>\n\n<h4 class=\"has-text-align-center wp-block-heading\">S. Giovanni Paolo II<\/h4>\n\n<div style=\"height:20px\" aria-hidden=\"true\" class=\"wp-block-spacer\"><\/div>\n\n<p><strong>Roma, 13 febbraio 1983<\/strong><\/p>\n\n<p><em>Dopo essersi intrattenuto ancora alcuni momenti con i giovani, il Santo Padre \u00e8 tornato nuovamente nella chiesa, dove lo attendevano i membri delle quattro Comunit\u00e0 Neocatecumenali, che compiono il loro cammino nella parrocchia. Il parroco li ha presentati; Giampiero Donnini, catechista della comunit\u00e0, ha spiegato poi al Papa come queste comunit\u00e0 sono nate a Nostra Signora di Lourdes e gli ha presentato alcuni sacerdoti itineranti che, partiti dalla parrocchia, hanno portato la Parola del Signore in varie nazioni del mondo.<\/em>&#013;\n&#013;\n<em>Successivamente ognuno di questi sacerdoti ha voluto raccontare in brevi parole la propria storia al Papa, cominciando dal loro ingresso nelle Comunit\u00e0 Neocatecumenali per testimoniare poi la felicit\u00e0 della loro condizione di itineranti.<\/em>&#013;\n&#013;\n<em>Il Santo Padre, rispondendo alle parole di saluto rivoltegli e volendo lasciare ai neocatecumeni una sua parola, dopo aver ricordato l\u2019incontro di pochi giorni fa con i presbiteri delle Comunit\u00e0 Neocatecumenali ha detto:<\/em><\/p>\n\n<div class=\"wp-block-image\"><figure class=\"alignleft size-large\"><img loading=\"lazy\" decoding=\"async\" width=\"708\" height=\"558\" src=\"https:\/\/neocatechumenaleiter.org\/wp-content\/uploads\/2020\/03\/Camino_Neocatecumenal_Juan_Pablo_II_visita_parroquia_Lourdes_1983.jpg\" alt=\"\" class=\"wp-image-1724\" srcset=\"https:\/\/neocatechumenaleiter.org\/wp-content\/uploads\/2020\/03\/Camino_Neocatecumenal_Juan_Pablo_II_visita_parroquia_Lourdes_1983.jpg 708w, https:\/\/neocatechumenaleiter.org\/wp-content\/uploads\/2020\/03\/Camino_Neocatecumenal_Juan_Pablo_II_visita_parroquia_Lourdes_1983-300x236.jpg 300w\" sizes=\"auto, (max-width: 708px) 100vw, 708px\" \/><\/figure><\/div>\n\n<p>Mi preme in questo momento attirare la vostra attenzione sulle parole delle canzoni che avete cantato accogliendomi. Si tratta di parole commoventi, \u00ab&#8230; Maria, hai creduto alla Parola del Signore!\u00bb. Si tratta delle parole centrali, nelle quali si esprime tutto il mistero di Maria; il Mistero di Maria, cos\u00ec in queste parole, dette dalla cugina Elisabetta. In queste parole veramente c\u2019\u00e8 Maria. Colei che ha creduto nelle Parole del Signore con una fede unica. Il Mistero che le veniva rivelato era anche unico: ci voleva una fede grandissima, una fede mariana per accettare queste parole, per credere in queste parole e per accettare il loro contenuto. Io penso che Maria, colei che ha creduto nelle parole del Signore, \u00e8 colei che offre un modello, mostra una strada a tutti noi, specialmente a tutti voi; perch\u00e9: cosa vuol dire membro di una Comunit\u00e0 Neocatecumenale, cosa vuol dire catechista? Vuol dire colui che ha creduto alla Parola del Signore; che ha fatto di quella Parola il contenuto, possiamo dire la carne della sua vita, la sostanza della sua vita e cos\u00ec profondamente ha assimilato questa Parola del Signore; possiamo dire che la Parola lavora in lui e vuole essere espressa come se fosse un bambino che vuole nascere; cos\u00ec questa Parola vuole essere espressa, data, trasmessa. E allora come facevano gli Apostoli anche questi Catechisti itineranti ed altri apostoli dei nostri tempi lasciano le loro case, i loro paesi, la loro patria, le loro parrocchie e vanno cercando gli altri mondi, gli altri Paesi, gli altri popoli, imparano altre lingue per avvicinare altre persone, altre comunit\u00e0 alla Parola del Signore, a quanto cio\u00e8 personalmente hanno creduto. Io vi auguro carissimi di camminare bene su questa strada, di camminare bene su questa strada nella parrocchia, anche nella parrocchia di Nostra Signora di Lourdes e come ho fatto per i giovani cos\u00ec anche per voi voglio ripetere l\u2019affidamento alla Madre di Cristo e della Chiesa.<\/p>\n\n<p>Affido a lei specialmente le vostre persone, le vostre famiglie, le vostre comunit\u00e0 e poi la vostra missione di catechisti, il vostro impegno catechistico. Vi affido a Maria, Colei che ha creduto nella Parola del Signore: che porti la sua fede nella vostra fede, i suoi frutti abbondanti. (*) Cfr. \u00abL&#8217;Osservatore Romano\u00bb, 14-15 febbraio 1983.<\/p>\n","protected":false},"excerpt":{"rendered":"<p>Visita alla parrocchia di Nostra Signora di Lourdes a Tor Marancia 13-II-1983 S. Giovanni Paolo II Roma, 13 febbraio 1983 Dopo essersi intrattenuto ancora alcuni momenti con i giovani, il Santo Padre \u00e8 tornato nuovamente nella chiesa, dove lo attendevano i membri delle quattro Comunit\u00e0 Neocatecumenali, che compiono il loro cammino nella parrocchia. Il parroco li ha presentati; Giampiero Donnini, catechista della comunit\u00e0, ha spiegato poi al Papa come queste<\/p>\n<div class=\"read-more\"><a class=\"btn read-more-btn\" href=\"https:\/\/neocatechumenaleiter.org\/it\/discorsi-dei-papi\/s-giovanni-paolo-ii\/visita-alla-parrocchia-di-nostra-signora-di-lourdes-a-tor-marancia-13-ii-1983\/\">Leggi tutto<\/a><\/div>\n","protected":false},"author":2,"featured_media":0,"parent":3717,"menu_order":18,"comment_status":"closed","ping_status":"closed","template":"","meta":{"footnotes":""},"class_list":["post-5447","page","type-page","status-publish","hentry"],"_links":{"self":[{"href":"https:\/\/neocatechumenaleiter.org\/it\/wp-json\/wp\/v2\/pages\/5447","targetHints":{"allow":["GET"]}}],"collection":[{"href":"https:\/\/neocatechumenaleiter.org\/it\/wp-json\/wp\/v2\/pages"}],"about":[{"href":"https:\/\/neocatechumenaleiter.org\/it\/wp-json\/wp\/v2\/types\/page"}],"author":[{"embeddable":true,"href":"https:\/\/neocatechumenaleiter.org\/it\/wp-json\/wp\/v2\/users\/2"}],"replies":[{"embeddable":true,"href":"https:\/\/neocatechumenaleiter.org\/it\/wp-json\/wp\/v2\/comments?post=5447"}],"version-history":[{"count":5,"href":"https:\/\/neocatechumenaleiter.org\/it\/wp-json\/wp\/v2\/pages\/5447\/revisions"}],"predecessor-version":[{"id":6548,"href":"https:\/\/neocatechumenaleiter.org\/it\/wp-json\/wp\/v2\/pages\/5447\/revisions\/6548"}],"up":[{"embeddable":true,"href":"https:\/\/neocatechumenaleiter.org\/it\/wp-json\/wp\/v2\/pages\/3717"}],"wp:attachment":[{"href":"https:\/\/neocatechumenaleiter.org\/it\/wp-json\/wp\/v2\/media?parent=5447"}],"curies":[{"name":"wp","href":"https:\/\/api.w.org\/{rel}","templated":true}]}}