{"id":5461,"date":"2020-03-27T00:33:33","date_gmt":"2020-03-26T23:33:33","guid":{"rendered":"https:\/\/neocatechumenaleiter.org\/discorsi-dei-papi\/s-giovanni-paolo-ii\/visita-alla-parrocchia-di-s-maria-della-misericordia-1-v-1983\/"},"modified":"2020-04-04T17:22:37","modified_gmt":"2020-04-04T16:22:37","slug":"visita-alla-parrocchia-di-s-maria-della-misericordia-1-v-1983","status":"publish","type":"page","link":"https:\/\/neocatechumenaleiter.org\/it\/discorsi-dei-papi\/s-giovanni-paolo-ii\/visita-alla-parrocchia-di-s-maria-della-misericordia-1-v-1983\/","title":{"rendered":"Visita alla parrocchia di S. Maria della Misericordia 1-V-1983"},"content":{"rendered":"\n<h1 class=\"has-text-align-center wp-block-heading\">Visita alla parrocchia di S. Maria della Misericordia 1-V-1983<\/h1>\n\n<div style=\"height:20px\" aria-hidden=\"true\" class=\"wp-block-spacer\"><\/div>\n\n<h4 class=\"has-text-align-center wp-block-heading\">S. Giovanni Paolo II<\/h4>\n\n<div style=\"height:20px\" aria-hidden=\"true\" class=\"wp-block-spacer\"><\/div>\n\n<p><strong>Roma, 1 maggio 1983<\/strong><\/p>\n\n<p><em>Lasciata <\/em><em>la sala del consiglio pastorale il Santo Padre, passando dalla chiesa ed attraversando il cortile interno, laddove avrebbe dovuto svolgersi la celebrazione qualora le condizioni del tempo lo avessero consentito, ha raggiunto il piccolo asilo parrocchiale dove, nel refettorio, erano ad attenderlo i membri delle Comunit\u00e0 Neocatecumenali della parrocchia. Il canto osanna a Maria che per prima ha creduto nel Signore, l&#8217;inno tipico delle Comunit\u00e0 Neocatecumenali, ha salutato Giovanni Paolo II al suo apparire nel locale.<\/em>&#013;\n&#013;\n<em>Dopo <\/em><em>una breve presentazione \u00abpersonale\u00bb di ciascuno con il Santo Padre, uno degli anziani della comunit\u00e0 ha rivolto al Papa il seguente discorso:<\/em><\/p>\n\n<p>Santit\u00e0, da circa quattro anni in questa parrocchia \u00e8 iniziato il cammino di fede della Comunit\u00e0 Neocatecumenale per riscoprire la ricchezza del Battesimo che abbiamo ricevuto da bambini. II Signore ci ha mandato delle persone come noi, i nostri catechisti, a portarci l\u2019annuncio di Ges\u00f9 Cristo Risorto che ci ha messo in cammino e ancora ci tiene uniti: poveri e ricchi, operai e professionisti, donne e uomini, giovani e vecchi, sposati e non sposati, famiglie intere, ed abbiamo visto come \u00e8 possibile vivere insieme, in comunione e nella gioia, alimentandoci con la Parola di Dio e con l&#8217;Eucaristia. Stiamo vedendo anche come il Signore sta cambiando la nostra vita e ci dona la pace e l&#8217;allegria ogni giorno in ogni situazione e riempie di doni la nostra comunit\u00e0 parrocchiale, primo fra tutti la Sua visita tra noi oggi che ci fa stare nella festa, poi una comunit\u00e0 nuova di 40 fratelli che si \u00e8 formata un mese fa e che ci ha permesso di vedere come lo Spirito Santo pu\u00f2 agire attraverso delle persone povere come noi. Questi fratelli stanno cominciando quella esperienza che noi abbiamo iniziato 4 anni fa. Io personalmente dopo essere stato per 15 anni lontano dalla Chiesa mi ero riavvicinato alla ricerca di un senso alla mia vita. In questo cammino ho scoperto che questo senso me lo pu\u00f2 dare solo Ges\u00f9 Cristo.<\/p>\n\n<p><em>\u00c8 stata quindi la volta di un rappresentante dei catechisti a rivolgersi al Papa:<\/em>&#013;\n&#013;\nBeatissimo Padre, \u00e8 con immensa gioia che le presento il gruppo dei catechisti di questa parrocchia.&#013;\n&#013;\nDa diversi anni obbedendo agli insegnamenti della CEI e seguendo i suoi indirizzi stiamo portando avanti un cammino di catechesi permanente articolata nelle catechesi sacramentali della Comunione e della Cresima e nelle intermedie post Comunione e post Cresima.&#013;\n&#013;\nLe difficolt\u00e0 dovute alla scarsa partecipazione delle famiglie dei ragazzi unite allo scarso numero di laici impegnati nella catechesi a volte tendono a scoraggiarci, ma proprio in questo sperimentiamo quanto l&#8217;amore di Dio per noi sia grande e quanto ci\u00f2 tuttora ci aiuti nel camminare con i nostri ragazzi.&#013;\n&#013;\nLa gioia di averLa oggi in mezzo a noi \u00e8 grandissima e ancora di pi\u00f9 \u00e8 perch\u00e9 siamo certi di ricevere una parola che ci aiuter\u00e0 sicuramente a continuare il nostro servizio verso i ragazzi.<\/p>\n\n<p><em>Dopo aver ascoltato le parole dei suoi ospiti il Santo Padre ha affidato ai presenti i seguenti pensieri:<\/em><\/p>\n\n<p>Vi ringrazio per le vostre parole. La realt\u00e0 catecumenale e neocatecumenale e la catechesi vanno insieme. Si deve ricevere prima la catechesi, si deve diventare un catecumeno per prepararsi al Battesimo e, poi, gi\u00e0 battezzato, gi\u00e0 confermato si riceve la forza dello Spirito Santo per trasmettere la fede in cui si \u00e8 stati battezzati. Ci\u00f2 vuol dire fare la catechesi. Ma giustamente il primo relatore ha sottolineato il carattere neocatecumenale del gruppo, perch\u00e9 la realt\u00e0 catecumenale tradizionale, nei primi tempi della Chiesa, si \u00e8 poi sostituita con il Battesimo dei bambini; e questi bambini non possono fare il Cammino Neocatecumenale, sono troppo piccoli, non hanno la consapevolezza, l&#8217;intelligenza, la conoscenza. Dopo, essendo gi\u00e0 adulti, gi\u00e0 giovani, possono iniziare il cammino per scoprire il tesoro del nostro Battesimo. Ci\u00f2 fate voi Neocatecumenali. Lo fate con grande impegno, con grande entusiasmo e lo fate in diverse parrocchie di Roma, ma non soltanto a Roma, bens\u00ec in tutte le parrocchie del mondo. Vi auguro di continuare in questo cammino, di essere fedeli allo Spirito Santo, di essere portatori dei suoi doni e delle sue luci agli altri. Ai catechisti voglio dire che loro hanno preso un impegno che emerge dal nostro Battesimo e dalla nostra Cresima. Quando diventiamo maturi cristiani dobbiamo portare i frutti e questi frutti della fede si portano dando la fede agli altri, illuminando la fede agli altri. Questo compito, \u00e8 chiaro, \u00e8 il compito principale dei genitori, della famiglia. La trasmissione della fede nella famiglia \u00e8 sempre fondamentale. Si dice che la famiglia sia la chiesa domestica, perch\u00e9 l\u00e0 si trasmette la fede dai genitori ai bambini, ai giovani. Naturalmente lo devono fare anche i catechisti nella Chiesa e non solo i genitori e la famiglia. La parrocchia deve avere i suoi catechisti. Sono catechisti nella parrocchia i sacerdoti, lo sono le suore se sono state preparate a questo compito, ma lo sono anche tanti laici che prima si preparano e poi s&#8217;impegnano in questa strada dell&#8217;apostolato; apostolato della Parola di Dio. Voi avete tanto cantato la fede di Maria, che ha creduto nella Parola del Signore. Maria, in verit\u00e0, \u00e8 l&#8217;esempio pi\u00f9 pieno della fede; \u00e8 pienezza della fede e Maria \u00e8 anche la prima catechista. Se noi guardiamo alla sua opera catechistica che svolge nel mondo di oggi, di tutte le epoche, ci accorgiamo che \u00e8 immensa. Vi auguro di guardare alla Madre di Cristo, la prima catechista, per imitarla svolgendo il vostro compito di catechisti. (*) Cfr. \u00abL&#8217;Osservatore Romano\u00bb, 2-3 maggio 1983.<\/p>\n","protected":false},"excerpt":{"rendered":"<p>Visita alla parrocchia di S. Maria della Misericordia 1-V-1983 S. Giovanni Paolo II Roma, 1 maggio 1983 Lasciata la sala del consiglio pastorale il Santo Padre, passando dalla chiesa ed attraversando il cortile interno, laddove avrebbe dovuto svolgersi la celebrazione qualora le condizioni del tempo lo avessero consentito, ha raggiunto il piccolo asilo parrocchiale dove, nel refettorio, erano ad attenderlo i membri delle Comunit\u00e0 Neocatecumenali della parrocchia. Il canto osanna<\/p>\n<div class=\"read-more\"><a class=\"btn read-more-btn\" href=\"https:\/\/neocatechumenaleiter.org\/it\/discorsi-dei-papi\/s-giovanni-paolo-ii\/visita-alla-parrocchia-di-s-maria-della-misericordia-1-v-1983\/\">Leggi tutto<\/a><\/div>\n","protected":false},"author":2,"featured_media":0,"parent":3717,"menu_order":21,"comment_status":"closed","ping_status":"closed","template":"","meta":{"footnotes":""},"class_list":["post-5461","page","type-page","status-publish","hentry"],"_links":{"self":[{"href":"https:\/\/neocatechumenaleiter.org\/it\/wp-json\/wp\/v2\/pages\/5461","targetHints":{"allow":["GET"]}}],"collection":[{"href":"https:\/\/neocatechumenaleiter.org\/it\/wp-json\/wp\/v2\/pages"}],"about":[{"href":"https:\/\/neocatechumenaleiter.org\/it\/wp-json\/wp\/v2\/types\/page"}],"author":[{"embeddable":true,"href":"https:\/\/neocatechumenaleiter.org\/it\/wp-json\/wp\/v2\/users\/2"}],"replies":[{"embeddable":true,"href":"https:\/\/neocatechumenaleiter.org\/it\/wp-json\/wp\/v2\/comments?post=5461"}],"version-history":[{"count":5,"href":"https:\/\/neocatechumenaleiter.org\/it\/wp-json\/wp\/v2\/pages\/5461\/revisions"}],"predecessor-version":[{"id":6550,"href":"https:\/\/neocatechumenaleiter.org\/it\/wp-json\/wp\/v2\/pages\/5461\/revisions\/6550"}],"up":[{"embeddable":true,"href":"https:\/\/neocatechumenaleiter.org\/it\/wp-json\/wp\/v2\/pages\/3717"}],"wp:attachment":[{"href":"https:\/\/neocatechumenaleiter.org\/it\/wp-json\/wp\/v2\/media?parent=5461"}],"curies":[{"name":"wp","href":"https:\/\/api.w.org\/{rel}","templated":true}]}}