{"id":5465,"date":"2020-03-27T00:46:09","date_gmt":"2020-03-26T23:46:09","guid":{"rendered":"https:\/\/neocatechumenaleiter.org\/discorsi-dei-papi\/s-giovanni-paolo-ii\/eucaristia-per-un-gruppo-di-giovani-delle-comunita-neocatecumenali-che-si-stanno-preparando-ad-entrare-in-seminario-3-vii-1983\/"},"modified":"2020-03-27T00:46:09","modified_gmt":"2020-03-26T23:46:09","slug":"eucaristia-per-un-gruppo-di-giovani-delle-comunita-neocatecumenali-che-si-stanno-preparando-ad-entrare-in-seminario-3-vii-1983","status":"publish","type":"page","link":"https:\/\/neocatechumenaleiter.org\/it\/discorsi-dei-papi\/s-giovanni-paolo-ii\/eucaristia-per-un-gruppo-di-giovani-delle-comunita-neocatecumenali-che-si-stanno-preparando-ad-entrare-in-seminario-3-vii-1983\/","title":{"rendered":"Eucaristia per un gruppo di giovani delle Comunit\u00e0 Neocatecumenali che si stanno preparando ad entrare in seminario 3-VII-1983"},"content":{"rendered":"\n<h1 class=\"has-text-align-center wp-block-heading\">Eucaristia per un gruppo di giovani delle Comunit\u00e0 Neocatecumenali che si stanno preparando ad entrare in seminario 3-VII-1983<\/h1>\n\n<div style=\"height:20px\" aria-hidden=\"true\" class=\"wp-block-spacer\"><\/div>\n\n<h4 class=\"has-text-align-center wp-block-heading\">S. Giovanni Paolo II<\/h4>\n\n<div style=\"height:20px\" aria-hidden=\"true\" class=\"wp-block-spacer\"><\/div>\n\n<p><strong>Giardini Vaticani, 3 luglio 1983<\/strong><\/p>\n\n<p><em>\u00abLa messe \u00e8 molta ma gli operai sono pochi. Pregate dunque il padrone della messe perch\u00e9 mandi operai per la sua messe\u00bb. Questo celebre passo del Vangelo di Luca proposto dalla liturgia del giorno \u00e8 stato al centro della meditazione e della preghiera compiute ieri, domenica 3 luglio, dal Santo Padre insieme con circa quattrocento giovani che a Porto S. Giorgio (Ascoli Piceno) hanno vissuto la scorsa settimana un ritiro spirituale di tre giorni sul tema della vocazione. La celebrazione eucaristica con la quale il Papa ha voluto manifestare a quei giovani impegnati in un serio e responsabile cammino vocazionale la sua paterna simpatia e il suo incoraggiamento si \u00e8 svolta di primo mattino davanti all\u2019altare della grotta della Madonna di Lourdes, nei Giardini Vaticani. Tra i giovani \u2013 tutti avviati alla riflessione vocazionale dal Cammino Neocatecumenale<\/em>&#13;\n&#13;\n<em>\u2013 c\u2019erano gi\u00e0 una cinquantina di seminaristi dei centocinquanta che le Comunit\u00e0 Neocatecumenali hanno sinora offerto alla Chiesa in Italia. Ma tra quei giovani che ieri hanno pregato con il Papa molti altri, gi\u00e0 pi\u00f9 di sessanta, sono pronti per rispondere alla chiamata che anche il ritiro spirituale appena concluso ha decisamente contribuito a mettere in chiaro.<\/em>&#13;\n&#13;\n<em>Intorno alla grande mensa apparecchiata <\/em><em>al centro dell\u2019assemblea, una trentina di sacerdoti hanno concelebrato con il Papa. Kiko Arg\u00fcello \u2013 che con Carmen Hern\u00e1ndez, anch\u2019essa presente, \u00e8 il promotore e l\u2019animatore del Cammino Neocatecumenale \u2013 ha condotto il canto dell\u2019assemblea.<\/em><\/p>\n\n<div class=\"wp-block-image\"><figure class=\"alignright size-medium\"><img loading=\"lazy\" decoding=\"async\" width=\"300\" height=\"242\" src=\"https:\/\/neocatechumenaleiter.org\/wp-content\/uploads\/2020\/03\/Camino_Neocatecumenal_Juan_Pablo_II_eucaristia_jardines_vaticano_1983-300x242.jpg\" alt=\"\" class=\"wp-image-1763\" srcset=\"https:\/\/neocatechumenaleiter.org\/wp-content\/uploads\/2020\/03\/Camino_Neocatecumenal_Juan_Pablo_II_eucaristia_jardines_vaticano_1983-300x242.jpg 300w, https:\/\/neocatechumenaleiter.org\/wp-content\/uploads\/2020\/03\/Camino_Neocatecumenal_Juan_Pablo_II_eucaristia_jardines_vaticano_1983.jpg 701w\" sizes=\"auto, (max-width: 300px) 100vw, 300px\" \/><\/figure><\/div>\n\n<p><em>All\u2019omelia il Santo Padre ha rivolto all\u2019assemblea le seguenti parole:<\/em><\/p>\n\n<p>1. \u00abLa messe \u00e8 molta, ma gli operai sono pochi. Pregate dunque il padrone della messe perch\u00e9 mandi operai per la sua messe\u00bb (Lc 10,2). Questa affermazione, pervasa da trepidazione ed aperta alla speranza, cari seminaristi e cari giovani, riecheggia oggi per noi qui riuniti davanti a questa Grotta di Lourdes, all\u2019inizio di una celebrazione eucaristica che si svolge in una cornice tanto suggestiva.&#13;\n&#13;\n<strong>Gli operai sono pochi<\/strong>: il problema si presentava a Ges\u00f9 nell\u2019affidare ai suoi discepoli l\u2019incarico di predicare il Vangelo al popolo; lo stesso problema emerge anche ai giorni nostri, attualissimo e sempre assillante. Genti innumerevoli, sparse nel mondo intero, attendono la parola di salvezza. Problema dunque di ieri, di oggi, di sempre. <strong>I popoli della terra sono in continua crescita numerica ed anelano in modo pi\u00f9 o meno consapevole a scoprire i valori fondamentali che danno senso alla vita umana. <\/strong>Quanti poi hanno gi\u00e0 accolto il Vangelo corrono il rischio di dimenticare, assediati come sono da ogni parte da prospettive allettanti ma spesso fallaci; essi hanno quindi bisogno di chi li aiuti a rivivere la parola di Ges\u00f9. Inoltre, la verit\u00e0 da comunicare \u00e8 tanto ricca e vasta che necessita di un continuo approfondimento per sviscerarne tutta la preziosit\u00e0 ed assaporarne tutta la dolcezza. Questi brevi cenni, ispirati al Vangelo di oggi, sono sufficienti a farci intravedere come sia necessario invocare incessantemente \u00abil padrone della messe perch\u00e9 mandi operai per la sua messe\u00bb (Lc 10,2).<\/p>\n\n<p>2. Il messaggio da annunciare \u00e8 anzitutto un messaggio di salvezza per l\u2019uomo: \u00ab<strong>Dite loro: \u00e8 vicino il Regno di Dio<\/strong>\u00bb (Lc 10,9). Il Regno di Dio, che \u00e8 vittoria del suo amore su ogni peccato e miseria umana, \u00e8 gi\u00e0 in mezzo a \u00c8 un messaggio, inoltre, di speranza e di consolazione, come aveva preannunciato il Profeta Isaia: \u00abRallegratevi con Gerusalemme&#8230; Come una madre consola il figlio, cos\u00ec io consoler\u00f2 voi&#8230; Voi vedrete e gioir\u00e0 il vostro cuore\u00bb (Is 66,13-14). L\u2019uomo, infatti, \u00e8 destinato a realizzare in Cristo Redentore la pienezza della propria vocazione divina. \u00c8 un messaggio, altres\u00ec, di pace e di carit\u00e0: \u00abPrima dite pace a questa casa&#8230; Curate i malati che vi si trovano\u00bb (Lc 10,59). Il Regno di Dio va costruendosi nella storia, offrendo gi\u00e0 su questa terra i suoi frutti di conversione, di unificazione, di amore tra gli uomini.<\/p>\n\n<div class=\"wp-block-image\"><figure class=\"alignleft size-large\"><img loading=\"lazy\" decoding=\"async\" width=\"701\" height=\"569\" src=\"https:\/\/neocatechumenaleiter.org\/wp-content\/uploads\/2020\/03\/Camino_Neocatecumenal_Juan_Pablo_II_eucaristia_jardines_vaticano_19832.jpg\" alt=\"\" class=\"wp-image-1759\" srcset=\"https:\/\/neocatechumenaleiter.org\/wp-content\/uploads\/2020\/03\/Camino_Neocatecumenal_Juan_Pablo_II_eucaristia_jardines_vaticano_19832.jpg 701w, https:\/\/neocatechumenaleiter.org\/wp-content\/uploads\/2020\/03\/Camino_Neocatecumenal_Juan_Pablo_II_eucaristia_jardines_vaticano_19832-300x244.jpg 300w\" sizes=\"auto, (max-width: 701px) 100vw, 701px\" \/><\/figure><\/div>\n\n<p>3. Come dovr\u00e0 essere <strong>l\u2019apostolo<\/strong>, con quale spirito egli svolger\u00e0 la sua missione? Egli dovr\u00e0 essere anzitutto consapevole della realt\u00e0 difficile e talvolta ostile che lo attende: \u00abIo vi mando come agnelli in mezzo ai lupi\u00bb (Lc 10,3); questa realt\u00e0 \u00e8 resa avversa dall\u2019opera del maligno.&#13;\n&#13;\nPer questo, l\u2019apostolo si sforzer\u00e0 di essere libero da condizionamenti umani di ogni genere: \u00abNon portate n\u00e9 borsa, n\u00e9 bisaccia, n\u00e9 sandali\u00bb (Lc 10,4), per fare assegnamento soltanto sulla <strong>Croce di Cristo <\/strong>da cui proviene la nostra redenzione, come dice San Paolo nella seconda lettura. <strong>Gloriarsi della Croce <\/strong>significa abbandonare ogni motivo di vanto personale, per non vivere che di fede e nel rendimento di grazie per la salvezza operata dal sacrificio di Ges\u00f9. Ci\u00f2 che viene crocifisso \u00e8 il mondo dell\u2019egoismo personale, dell\u2019autosufficienza, della sicurezza del proprio merito.<\/p>\n\n<p>Cari seminaristi e cari giovani, la missione dell\u2019apostolo \u00e8 una <strong>mis<\/strong><strong>sione sublime<\/strong>, entusiasmante e rivolta al bene del mondo intero; essa richiede tanta generosit\u00e0, la quale supera di molto le capacit\u00e0 dell\u2019uomo. \u00c8 necessario perci\u00f2 rivolgere il nostro spirito in alto, invocando l\u2019aiuto divino che voi impetrerete fiduciosi mediante l\u2019intercessione della Madre di Ges\u00f9 e Madre nostra. Vi auguro di essere degli apostoli lieti nell\u2019esercizio della propria missione, perch\u00e9 consapevoli, perch\u00e9 fiduciosi, perch\u00e9 spiritualmente liberi.&#13;\n&#13;\nI discepoli inviati da Ges\u00f9 \u00abtornarono pieni di gioia\u00bb (Lc 10,17). Anche voi, in questi anni di preparazione al Sacerdozio, imparate l\u2019arte di <strong>essere gioiosi<\/strong>, non per motivi umani, ma basandovi sulla certezza che \u00ab<strong>i vostri nomi sono scritti nei cieli<\/strong>\u00bb (Lc 10,20), che cio\u00e8 siete dei predestinati dell\u2019amore di Cristo Ges\u00f9. Egli vi ha chiamati dalle vostre famiglie, in seno alle vostre comunit\u00e0 ecclesiali per farvi suoi collaboratori, suoi sacerdoti, suoi dispensatori dei divini misteri.<\/p>\n\n<p><strong>La gioia \u00e8 opera in noi dello Spirito Santo <\/strong>(cfr. Gal 5,22). Alla sua guida interiore, al suo sostegno vigoroso e indefettibile affidate la vostra vocazione, perch\u00e9 possa maturare \u00abin pace et gaudio\u00bb e recare cos\u00ec frutti abbondanti di vita eterna.<\/p>\n","protected":false},"excerpt":{"rendered":"<p>Eucaristia per un gruppo di giovani delle Comunit\u00e0 Neocatecumenali che si stanno preparando ad entrare in seminario 3-VII-1983 S. Giovanni Paolo II Giardini Vaticani, 3 luglio 1983 \u00abLa messe \u00e8 molta ma gli operai sono pochi. Pregate dunque il padrone della messe perch\u00e9 mandi operai per la sua messe\u00bb. Questo celebre passo del Vangelo di Luca proposto dalla liturgia del giorno \u00e8 stato al centro della meditazione e della preghiera<\/p>\n<div class=\"read-more\"><a class=\"btn read-more-btn\" href=\"https:\/\/neocatechumenaleiter.org\/it\/discorsi-dei-papi\/s-giovanni-paolo-ii\/eucaristia-per-un-gruppo-di-giovani-delle-comunita-neocatecumenali-che-si-stanno-preparando-ad-entrare-in-seminario-3-vii-1983\/\">Leggi tutto<\/a><\/div>\n","protected":false},"author":2,"featured_media":0,"parent":3717,"menu_order":22,"comment_status":"closed","ping_status":"closed","template":"","meta":{"footnotes":""},"class_list":["post-5465","page","type-page","status-publish","hentry"],"_links":{"self":[{"href":"https:\/\/neocatechumenaleiter.org\/it\/wp-json\/wp\/v2\/pages\/5465","targetHints":{"allow":["GET"]}}],"collection":[{"href":"https:\/\/neocatechumenaleiter.org\/it\/wp-json\/wp\/v2\/pages"}],"about":[{"href":"https:\/\/neocatechumenaleiter.org\/it\/wp-json\/wp\/v2\/types\/page"}],"author":[{"embeddable":true,"href":"https:\/\/neocatechumenaleiter.org\/it\/wp-json\/wp\/v2\/users\/2"}],"replies":[{"embeddable":true,"href":"https:\/\/neocatechumenaleiter.org\/it\/wp-json\/wp\/v2\/comments?post=5465"}],"version-history":[{"count":1,"href":"https:\/\/neocatechumenaleiter.org\/it\/wp-json\/wp\/v2\/pages\/5465\/revisions"}],"predecessor-version":[{"id":5466,"href":"https:\/\/neocatechumenaleiter.org\/it\/wp-json\/wp\/v2\/pages\/5465\/revisions\/5466"}],"up":[{"embeddable":true,"href":"https:\/\/neocatechumenaleiter.org\/it\/wp-json\/wp\/v2\/pages\/3717"}],"wp:attachment":[{"href":"https:\/\/neocatechumenaleiter.org\/it\/wp-json\/wp\/v2\/media?parent=5465"}],"curies":[{"name":"wp","href":"https:\/\/api.w.org\/{rel}","templated":true}]}}