{"id":5486,"date":"2020-03-27T04:47:27","date_gmt":"2020-03-27T03:47:27","guid":{"rendered":"https:\/\/neocatechumenaleiter.org\/discorsi-dei-papi\/s-giovanni-paolo-ii\/visita-alla-parrocchia-di-santa-rita-a-tor-bella-monaca-22-i-1984\/"},"modified":"2020-03-27T04:47:27","modified_gmt":"2020-03-27T03:47:27","slug":"visita-alla-parrocchia-di-santa-rita-a-tor-bella-monaca-22-i-1984","status":"publish","type":"page","link":"https:\/\/neocatechumenaleiter.org\/it\/discorsi-dei-papi\/s-giovanni-paolo-ii\/visita-alla-parrocchia-di-santa-rita-a-tor-bella-monaca-22-i-1984\/","title":{"rendered":"Visita alla parrocchia di Santa Rita a Tor Bella Monaca 22-I-1984"},"content":{"rendered":"\n<h1 class=\"has-text-align-center wp-block-heading\">Visita alla parrocchia di Santa Rita a Tor Bella Monaca 22-I-1984<\/h1>\n\n<div style=\"height:20px\" aria-hidden=\"true\" class=\"wp-block-spacer\"><\/div>\n\n<h4 class=\"has-text-align-center wp-block-heading\">S. Giovanni Paolo II<\/h4>\n\n<div style=\"height:20px\" aria-hidden=\"true\" class=\"wp-block-spacer\"><\/div>\n\n<div class=\"wp-block-image\"><figure class=\"alignleft size-large\"><img loading=\"lazy\" decoding=\"async\" width=\"700\" height=\"558\" src=\"https:\/\/neocatechumenaleiter.org\/wp-content\/uploads\/2020\/03\/Camino_Neocatecumenal_Juan_Pablo_II_visita_parroquia_Santa_Rita_1984.jpg\" alt=\"\" class=\"wp-image-1786\" srcset=\"https:\/\/neocatechumenaleiter.org\/wp-content\/uploads\/2020\/03\/Camino_Neocatecumenal_Juan_Pablo_II_visita_parroquia_Santa_Rita_1984.jpg 700w, https:\/\/neocatechumenaleiter.org\/wp-content\/uploads\/2020\/03\/Camino_Neocatecumenal_Juan_Pablo_II_visita_parroquia_Santa_Rita_1984-300x239.jpg 300w\" sizes=\"auto, (max-width: 700px) 100vw, 700px\" \/><\/figure><\/div>\n\n<p><strong>Roma, 22 gennaio 1984<\/strong><\/p>\n\n<p><em>Il Padre Giuseppe ha presentato al Santo Padre la storia della Comunit\u00e0: una vita di preghiera, di catechesi, di apprendimento della Sacra Scrittura finalizzato ad una pi\u00f9 precisa missione di evangelizzazione.<\/em>&#13;\n&#13;\n<em>Un giovane rappresentante della Comunit\u00e0 Neocatecumenale, sposato e con tre bambini, ha voluto poi testimoniare come per egli stesso la scoperta della Chiesa-madre abbia coinciso con la sua conversione personale: \u00abVivevo prima \u2013 ha detto \u2013 in un forte indifferentismo religioso e relativismo morale. Poi il Signore ha avuto misericordia di me\u00bb.<\/em>&#13;\n&#13;\n<em>\u00a0<\/em><em>Giovanni Paolo II ha voluto sottolineare nel suo discorso come:<\/em><\/p>\n\n<p>\u2026 il cammino della fede non si pu\u00f2 mai fermare. Non pu\u00f2 arrestarsi col Battesimo, n\u00e9 con la Prima Comunione, non pu\u00f2 fermarsi con la Cresima, neanche col Sacramento del Matrimonio. La fede deve essere sempre un cammino. Deve essere sempre una riscoperta. Tramite essa e le sue meraviglie noi, in un certo senso, attingiamo alla realt\u00e0 di Dio. I Neocatecumenali sono guidati da questa idea e si sforzano di camminare, pi\u00f9 onestamente, nella fede personale, nella fede comunitaria, nella fede della Chiesa.&#13;\n&#13;\n(*) Cfr. \u00abL&#8217;Osservatore Romano\u00bb, 23-24 gennaio 1984.<\/p>\n","protected":false},"excerpt":{"rendered":"<p>Visita alla parrocchia di Santa Rita a Tor Bella Monaca 22-I-1984 S. Giovanni Paolo II Roma, 22 gennaio 1984 Il Padre Giuseppe ha presentato al Santo Padre la storia della Comunit\u00e0: una vita di preghiera, di catechesi, di apprendimento della Sacra Scrittura finalizzato ad una pi\u00f9 precisa missione di evangelizzazione.&#13; &#13; Un giovane rappresentante della Comunit\u00e0 Neocatecumenale, sposato e con tre bambini, ha voluto poi testimoniare come per egli stesso<\/p>\n<div class=\"read-more\"><a class=\"btn read-more-btn\" href=\"https:\/\/neocatechumenaleiter.org\/it\/discorsi-dei-papi\/s-giovanni-paolo-ii\/visita-alla-parrocchia-di-santa-rita-a-tor-bella-monaca-22-i-1984\/\">Leggi tutto<\/a><\/div>\n","protected":false},"author":2,"featured_media":0,"parent":3717,"menu_order":24,"comment_status":"closed","ping_status":"closed","template":"","meta":{"footnotes":""},"class_list":["post-5486","page","type-page","status-publish","hentry"],"_links":{"self":[{"href":"https:\/\/neocatechumenaleiter.org\/it\/wp-json\/wp\/v2\/pages\/5486","targetHints":{"allow":["GET"]}}],"collection":[{"href":"https:\/\/neocatechumenaleiter.org\/it\/wp-json\/wp\/v2\/pages"}],"about":[{"href":"https:\/\/neocatechumenaleiter.org\/it\/wp-json\/wp\/v2\/types\/page"}],"author":[{"embeddable":true,"href":"https:\/\/neocatechumenaleiter.org\/it\/wp-json\/wp\/v2\/users\/2"}],"replies":[{"embeddable":true,"href":"https:\/\/neocatechumenaleiter.org\/it\/wp-json\/wp\/v2\/comments?post=5486"}],"version-history":[{"count":1,"href":"https:\/\/neocatechumenaleiter.org\/it\/wp-json\/wp\/v2\/pages\/5486\/revisions"}],"predecessor-version":[{"id":5489,"href":"https:\/\/neocatechumenaleiter.org\/it\/wp-json\/wp\/v2\/pages\/5486\/revisions\/5489"}],"up":[{"embeddable":true,"href":"https:\/\/neocatechumenaleiter.org\/it\/wp-json\/wp\/v2\/pages\/3717"}],"wp:attachment":[{"href":"https:\/\/neocatechumenaleiter.org\/it\/wp-json\/wp\/v2\/media?parent=5486"}],"curies":[{"name":"wp","href":"https:\/\/api.w.org\/{rel}","templated":true}]}}