{"id":5490,"date":"2020-03-27T04:53:47","date_gmt":"2020-03-27T03:53:47","guid":{"rendered":"https:\/\/neocatechumenaleiter.org\/discorsi-dei-papi\/s-giovanni-paolo-ii\/visita-alla-parrocchia-di-santippolito-12-ii-1984\/"},"modified":"2020-03-27T04:54:17","modified_gmt":"2020-03-27T03:54:17","slug":"visita-alla-parrocchia-di-santippolito-12-ii-1984","status":"publish","type":"page","link":"https:\/\/neocatechumenaleiter.org\/it\/discorsi-dei-papi\/s-giovanni-paolo-ii\/visita-alla-parrocchia-di-santippolito-12-ii-1984\/","title":{"rendered":"Visita alla parrocchia di Sant\u2019ippolito 12-II-1984"},"content":{"rendered":"\n<h1 class=\"has-text-align-center wp-block-heading\">Visita alla parrocchia di Sant\u2019ippolito 12-II-1984<\/h1>\n\n<div style=\"height:20px\" aria-hidden=\"true\" class=\"wp-block-spacer\"><\/div>\n\n<h4 class=\"has-text-align-center wp-block-heading\">S. Giovanni Paolo II<\/h4>\n\n<div style=\"height:20px\" aria-hidden=\"true\" class=\"wp-block-spacer\"><\/div>\n\n<div class=\"wp-block-image\"><figure class=\"alignleft size-medium\"><img loading=\"lazy\" decoding=\"async\" width=\"243\" height=\"300\" src=\"https:\/\/neocatechumenaleiter.org\/wp-content\/uploads\/2020\/03\/Camino_Neocatecumenal_Juan_Pablo_II_visita_parroquia_San_Hipolito_2984-243x300.jpg\" alt=\"\" class=\"wp-image-1794\" srcset=\"https:\/\/neocatechumenaleiter.org\/wp-content\/uploads\/2020\/03\/Camino_Neocatecumenal_Juan_Pablo_II_visita_parroquia_San_Hipolito_2984-243x300.jpg 243w, https:\/\/neocatechumenaleiter.org\/wp-content\/uploads\/2020\/03\/Camino_Neocatecumenal_Juan_Pablo_II_visita_parroquia_San_Hipolito_2984.jpg 573w\" sizes=\"auto, (max-width: 243px) 100vw, 243px\" \/><\/figure><\/div>\n\n<p><strong>Roma, 12 febbraio 1984<\/strong><\/p>\n\n<p><em>Significativo \u00e8 stato l\u2019incontro finale con le Comunit\u00e0 Neocatecumenali che hanno chiesto al Papa di benedire tre catechisti itineranti in partenza per la Turchia&#8230; il Padre Maurilio Beltramo ha presentato al Papa i gruppi di adulti impegnati nella vita della parrocchia, sottolineando le caratteristiche di ciascun gruppo, soffermandosi in particolare sui gruppi scout&#8230; e le Comunit\u00e0 Neocatecumenali che gi\u00e0 dal 1973 rappresentano una concreta proposta di catechizzazione permanente per gli adulti e che hanno avuto il privilegio di ottenere per tre loro catechisti itineranti in partenza per la Turchia (un sacerdote ed una coppia di sposi) la benedizione del Papa.<\/em>&#13;\n&#13;\n<em>Proprio riferendosi al compito che i catechisti si assumono nel voler essere lievito che fermenta la comunit\u00e0, il Papa ha detto:<\/em><\/p>\n\n<p>Io voglio ringraziare per quest\u2019incontro che conclude la visita alla vostra parrocchia di Sant\u2019Ippolito. Saluto tutti i gruppi, cos\u00ec come il parroco vi ha presentati. Saluto e auguro a ciascuno di trovar sempre pi\u00f9 la propria identit\u00e0 cristiana, il carisma proprio. Perch\u00e9 come hanno il loro carisma le famiglie religiose, per esempio la famiglia Francescana, i Cappuccini della Famiglia Francescana, cos\u00ec anche i diversi gruppi dell\u2019Apostolato dei Laici hanno il loro carisma specifico. Vi auguro di trovare sempre pi\u00f9 questa vostra identit\u00e0 e questo carisma di gruppi apostolici laici.Questa di Sant\u2019Ippolito \u00e8 una grande parrocchia, numerosa. Una massa di uomini, ma anche una massa di cristiani perch\u00e9 penso che la gran parte dei suoi abitanti siano battezzati.&#13;\nGes\u00f9 ci ha detto che la Chiesa, il regno di Dio \u00e8 simile al pane: per fare il pane ci vuole la massa della pasta, ma ci vuole anche il lievito.&#13;\n<\/p>\n\n<p>Ecco, io sono convinto che tutti questi gruppi, quello Carismatico, quello Neocatecumenale, siano il lievito che deve far crescere, umanamente e cristianamente, la massa della parrocchia. Il lievito deve penetrare sempre pi\u00f9 perch\u00e9 la massa sia sempre pi\u00f9 cristiana; sia sempre pi\u00f9 cosciente di essere cristiana, pi\u00f9 responsabile del suo carattere cristiano, pi\u00f9 responsabile della sua identit\u00e0 cristiana.&#13;\nIl vostro Patrono, Sant\u2019Ippolito, fu martire. Martire vuol dire testimone. E i cristiani devono essere testimoni di Cristo, della sua Croce, della sua Resurrezione, della sua fede, della sua speranza, della sua carit\u00e0.&#13;\nEcco questo \u00e8 il lievito. Ed \u00e8 una bella cosa se questo lievito vuole espandersi, oltre i limiti della propria parrocchia e arrivare fino in Turchia, come mi dicevate, per portare il fermento del Vangelo anche ai non cristiani, in luoghi anche un po\u2019 intransigenti, che si chiudono dinanzi al messaggio evangelico. Vogliono andare l\u00e0 alcuni vostri fratelli, per essere lievito in quelle masse, affinch\u00e9 tutta l\u2019umanit\u00e0 sia raggiunta dal lievito evangelico per diventare regno di Dio.<\/p>\n\n<p>Auguro a tutti voi, specialmente a voi Neocatecumenali, di percorrere questo cammino con grande gioia e con grande responsabilit\u00e0, cercando sempre di aumentare e ampliare gli spazi della carit\u00e0 di Cristo Nostro Signore e Redentore; allargare gli spazi del regno di Dio, che in questo mondo ha le sue radici, verso l\u2019eternit\u00e0, verso la casa del Padre; e auguro a tutti di crescere nel regno di Dio, che nello stesso tempo si trova dentro di noi, nel cuore di ciascuno di noi e in quello di Cristo, e che ha la sua dimensione esterna nella dimensione della famiglia. Voi siete una porzione del regno di Dio, poi parrocchia di Sant\u2019Ippolito. Vi auguro di vivere la gioia cristiana, la responsabilit\u00e0 cristiana, la fede, la speranza, la carit\u00e0 che in questo mondo anticipano la vita divina.&#13;\n&#13;\n(*) Cfr. \u00abL&#8217;Osservatore Romano\u00bb, 13-14 febbraio 1984.<\/p>\n","protected":false},"excerpt":{"rendered":"<p>Visita alla parrocchia di Sant\u2019ippolito 12-II-1984 S. Giovanni Paolo II Roma, 12 febbraio 1984 Significativo \u00e8 stato l\u2019incontro finale con le Comunit\u00e0 Neocatecumenali che hanno chiesto al Papa di benedire tre catechisti itineranti in partenza per la Turchia&#8230; il Padre Maurilio Beltramo ha presentato al Papa i gruppi di adulti impegnati nella vita della parrocchia, sottolineando le caratteristiche di ciascun gruppo, soffermandosi in particolare sui gruppi scout&#8230; e le Comunit\u00e0<\/p>\n<div class=\"read-more\"><a class=\"btn read-more-btn\" href=\"https:\/\/neocatechumenaleiter.org\/it\/discorsi-dei-papi\/s-giovanni-paolo-ii\/visita-alla-parrocchia-di-santippolito-12-ii-1984\/\">Leggi tutto<\/a><\/div>\n","protected":false},"author":2,"featured_media":0,"parent":3717,"menu_order":25,"comment_status":"closed","ping_status":"closed","template":"","meta":{"footnotes":""},"class_list":["post-5490","page","type-page","status-publish","hentry"],"_links":{"self":[{"href":"https:\/\/neocatechumenaleiter.org\/it\/wp-json\/wp\/v2\/pages\/5490","targetHints":{"allow":["GET"]}}],"collection":[{"href":"https:\/\/neocatechumenaleiter.org\/it\/wp-json\/wp\/v2\/pages"}],"about":[{"href":"https:\/\/neocatechumenaleiter.org\/it\/wp-json\/wp\/v2\/types\/page"}],"author":[{"embeddable":true,"href":"https:\/\/neocatechumenaleiter.org\/it\/wp-json\/wp\/v2\/users\/2"}],"replies":[{"embeddable":true,"href":"https:\/\/neocatechumenaleiter.org\/it\/wp-json\/wp\/v2\/comments?post=5490"}],"version-history":[{"count":3,"href":"https:\/\/neocatechumenaleiter.org\/it\/wp-json\/wp\/v2\/pages\/5490\/revisions"}],"predecessor-version":[{"id":5495,"href":"https:\/\/neocatechumenaleiter.org\/it\/wp-json\/wp\/v2\/pages\/5490\/revisions\/5495"}],"up":[{"embeddable":true,"href":"https:\/\/neocatechumenaleiter.org\/it\/wp-json\/wp\/v2\/pages\/3717"}],"wp:attachment":[{"href":"https:\/\/neocatechumenaleiter.org\/it\/wp-json\/wp\/v2\/media?parent=5490"}],"curies":[{"name":"wp","href":"https:\/\/api.w.org\/{rel}","templated":true}]}}