{"id":5500,"date":"2020-03-27T05:05:06","date_gmt":"2020-03-27T04:05:06","guid":{"rendered":"https:\/\/neocatechumenaleiter.org\/discorsi-dei-papi\/s-giovanni-paolo-ii\/veglia-pasquale-in-piazza-s-pietro-solenne-rinnovazione-delle-promesse-battesimali-della-prima-comunita-di-s-francesca-cabrini-alla-fine-dellitinerario-neocatecumenale-21-iv-1984\/"},"modified":"2020-03-27T05:05:06","modified_gmt":"2020-03-27T04:05:06","slug":"veglia-pasquale-in-piazza-s-pietro-solenne-rinnovazione-delle-promesse-battesimali-della-prima-comunita-di-s-francesca-cabrini-alla-fine-dellitinerario-neocatecumenale-21-iv-1984","status":"publish","type":"page","link":"https:\/\/neocatechumenaleiter.org\/it\/discorsi-dei-papi\/s-giovanni-paolo-ii\/veglia-pasquale-in-piazza-s-pietro-solenne-rinnovazione-delle-promesse-battesimali-della-prima-comunita-di-s-francesca-cabrini-alla-fine-dellitinerario-neocatecumenale-21-iv-1984\/","title":{"rendered":"Veglia Pasquale in Piazza S. Pietro: Solenne Rinnovazione delle Promesse Battesimali della prima Comunit\u00e0 di S. Francesca Cabrini alla fine dell\u2019Itinerario Neocatecumenale 21-IV-1984"},"content":{"rendered":"\n<h1 class=\"has-text-align-center wp-block-heading\">Veglia Pasquale in Piazza S. Pietro: Solenne Rinnovazione delle Promesse Battesimali della prima Comunit\u00e0 di S. Francesca Cabrini alla fine dell\u2019Itinerario Neocatecumenale 21-IV-1984<\/h1>\n\n<div style=\"height:20px\" aria-hidden=\"true\" class=\"wp-block-spacer\"><\/div>\n\n<h4 class=\"has-text-align-center wp-block-heading\">S. Giovanni Paolo II<\/h4>\n\n<div style=\"height:20px\" aria-hidden=\"true\" class=\"wp-block-spacer\"><\/div>\n\n<p><strong>Piazza San Pietro, 21 aprile 1984<\/strong><\/p>\n\n<p><em>Subito dopo le letture e l\u2019omelia pronunciata dal Papa ha avuto luogo il rito della benedizione dell\u2019acqua e del battesimo per 29 catecumeni di numerosi Paesi diversi. <\/em><em>L\u2019intera<\/em> <em>comu<\/em><em>nit\u00e0 <\/em><em>dei fedeli \u00e8 stata chiamata a rinnovare e riconfermare anch\u2019essa la propria fede nel momento in cui nuovi fratelli si avviavano all\u2019altare per ricevere i sacramenti dell\u2019iniziazione cristiana.<\/em>&#13;\n&#13;\n<em>In prima fila sul sagrato per rinnovare le proprie promesse battesimali, erano anche 100 membri delle Comunit\u00e0 Neocatecumenali della parrocchia di Santa Francesca Cabrini con le loro vesti bianche accompagnati da Kiko Arg\u00fcello e Carmen Hern\u00e1ndez.<\/em>&#13;\n&#13;\n<em>(*) Cfr. \u00abL&#8217;Osservatore Romano\u00bb, 24-25 aprile 1984.<\/em><\/p>\n\n<figure class=\"wp-block-gallery aligncenter columns-2 is-cropped wp-block-gallery-1 is-layout-flex wp-block-gallery-is-layout-flex\"><ul class=\"blocks-gallery-grid\"><li class=\"blocks-gallery-item\"><figure><img loading=\"lazy\" decoding=\"async\" width=\"366\" height=\"157\" src=\"https:\/\/neocatechumenaleiter.org\/wp-content\/uploads\/2020\/03\/Camino_Neocatecumenal_Juan_Pablo_II_vigilia_pascual_hermanos_vestidura_blanca_19842.jpg\" alt=\"\" data-id=\"1815\" data-full-url=\"https:\/\/neocatechumenaleiter.org\/wp-content\/uploads\/2020\/03\/Camino_Neocatecumenal_Juan_Pablo_II_vigilia_pascual_hermanos_vestidura_blanca_19842.jpg\" data-link=\"https:\/\/neocatechumenaleiter.org\/?attachment_id=1815\" class=\"wp-image-1818\" srcset=\"https:\/\/neocatechumenaleiter.org\/wp-content\/uploads\/2020\/03\/Camino_Neocatecumenal_Juan_Pablo_II_vigilia_pascual_hermanos_vestidura_blanca_19842.jpg 366w, https:\/\/neocatechumenaleiter.org\/wp-content\/uploads\/2020\/03\/Camino_Neocatecumenal_Juan_Pablo_II_vigilia_pascual_hermanos_vestidura_blanca_19842-300x129.jpg 300w\" sizes=\"auto, (max-width: 366px) 100vw, 366px\" \/><\/figure><\/li><li class=\"blocks-gallery-item\"><figure><img loading=\"lazy\" decoding=\"async\" width=\"362\" height=\"158\" src=\"https:\/\/neocatechumenaleiter.org\/wp-content\/uploads\/2020\/03\/Camino_Neocatecumenal_Juan_Pablo_II_vigilia_pascual_hermanos_vestidura_blanca_1984.jpg\" alt=\"\" data-id=\"1822\" data-full-url=\"https:\/\/neocatechumenaleiter.org\/wp-content\/uploads\/2020\/03\/Camino_Neocatecumenal_Juan_Pablo_II_vigilia_pascual_hermanos_vestidura_blanca_1984.jpg\" data-link=\"https:\/\/neocatechumenaleiter.org\/?attachment_id=1822\" class=\"wp-image-1825\" srcset=\"https:\/\/neocatechumenaleiter.org\/wp-content\/uploads\/2020\/03\/Camino_Neocatecumenal_Juan_Pablo_II_vigilia_pascual_hermanos_vestidura_blanca_1984.jpg 362w, https:\/\/neocatechumenaleiter.org\/wp-content\/uploads\/2020\/03\/Camino_Neocatecumenal_Juan_Pablo_II_vigilia_pascual_hermanos_vestidura_blanca_1984-300x131.jpg 300w\" sizes=\"auto, (max-width: 362px) 100vw, 362px\" \/><\/figure><\/li><\/ul><\/figure>\n","protected":false},"excerpt":{"rendered":"<p>Veglia Pasquale in Piazza S. Pietro: Solenne Rinnovazione delle Promesse Battesimali della prima Comunit\u00e0 di S. Francesca Cabrini alla fine dell\u2019Itinerario Neocatecumenale 21-IV-1984 S. Giovanni Paolo II Piazza San Pietro, 21 aprile 1984 Subito dopo le letture e l\u2019omelia pronunciata dal Papa ha avuto luogo il rito della benedizione dell\u2019acqua e del battesimo per 29 catecumeni di numerosi Paesi diversi. L\u2019intera comunit\u00e0 dei fedeli \u00e8 stata chiamata a rinnovare e<\/p>\n<div class=\"read-more\"><a class=\"btn read-more-btn\" href=\"https:\/\/neocatechumenaleiter.org\/it\/discorsi-dei-papi\/s-giovanni-paolo-ii\/veglia-pasquale-in-piazza-s-pietro-solenne-rinnovazione-delle-promesse-battesimali-della-prima-comunita-di-s-francesca-cabrini-alla-fine-dellitinerario-neocatecumenale-21-iv-1984\/\">Leggi tutto<\/a><\/div>\n","protected":false},"author":2,"featured_media":0,"parent":3717,"menu_order":27,"comment_status":"closed","ping_status":"closed","template":"","meta":{"footnotes":""},"class_list":["post-5500","page","type-page","status-publish","hentry"],"_links":{"self":[{"href":"https:\/\/neocatechumenaleiter.org\/it\/wp-json\/wp\/v2\/pages\/5500","targetHints":{"allow":["GET"]}}],"collection":[{"href":"https:\/\/neocatechumenaleiter.org\/it\/wp-json\/wp\/v2\/pages"}],"about":[{"href":"https:\/\/neocatechumenaleiter.org\/it\/wp-json\/wp\/v2\/types\/page"}],"author":[{"embeddable":true,"href":"https:\/\/neocatechumenaleiter.org\/it\/wp-json\/wp\/v2\/users\/2"}],"replies":[{"embeddable":true,"href":"https:\/\/neocatechumenaleiter.org\/it\/wp-json\/wp\/v2\/comments?post=5500"}],"version-history":[{"count":1,"href":"https:\/\/neocatechumenaleiter.org\/it\/wp-json\/wp\/v2\/pages\/5500\/revisions"}],"predecessor-version":[{"id":5501,"href":"https:\/\/neocatechumenaleiter.org\/it\/wp-json\/wp\/v2\/pages\/5500\/revisions\/5501"}],"up":[{"embeddable":true,"href":"https:\/\/neocatechumenaleiter.org\/it\/wp-json\/wp\/v2\/pages\/3717"}],"wp:attachment":[{"href":"https:\/\/neocatechumenaleiter.org\/it\/wp-json\/wp\/v2\/media?parent=5500"}],"curies":[{"name":"wp","href":"https:\/\/api.w.org\/{rel}","templated":true}]}}