{"id":5502,"date":"2020-03-27T05:19:03","date_gmt":"2020-03-27T04:19:03","guid":{"rendered":"https:\/\/neocatechumenaleiter.org\/discorsi-dei-papi\/s-giovanni-paolo-ii\/udienza-agli-itineranti-dopo-aver-evangelizzato-a-due-a-due-per-tutto-il-mondo-25-ix-1984\/"},"modified":"2020-06-08T22:00:13","modified_gmt":"2020-06-08T21:00:13","slug":"udienza-agli-itineranti-dopo-aver-evangelizzato-a-due-a-due-per-tutto-il-mondo-25-ix-1984","status":"publish","type":"page","link":"https:\/\/neocatechumenaleiter.org\/it\/discorsi-dei-papi\/s-giovanni-paolo-ii\/udienza-agli-itineranti-dopo-aver-evangelizzato-a-due-a-due-per-tutto-il-mondo-25-ix-1984\/","title":{"rendered":"Udienza agli Itineranti dopo aver Evangelizzato a due a due per tutto il mondo 25-IX-1984"},"content":{"rendered":"\n<h1 class=\"has-text-align-center wp-block-heading\">Udienza agli Itineranti dopo aver Evangelizzato a due a due per tutto il mondo 25-IX-1984<\/h1>\n\n<div style=\"height:20px\" aria-hidden=\"true\" class=\"wp-block-spacer\"><\/div>\n\n<h4 class=\"has-text-align-center wp-block-heading\">S. Giovanni Paolo II<\/h4>\n\n<div style=\"height:20px\" aria-hidden=\"true\" class=\"wp-block-spacer\"><\/div>\n\n<div class=\"wp-block-image\"><figure class=\"alignleft size-large\"><img loading=\"lazy\" decoding=\"async\" width=\"277\" height=\"420\" src=\"https:\/\/neocatechumenaleiter.org\/wp-content\/uploads\/2020\/03\/Camino_Neocatecumenal_Juan_Pablo_II_audiencia_itinerantes_1984.jpg\" alt=\"\" class=\"wp-image-1835\" srcset=\"https:\/\/neocatechumenaleiter.org\/wp-content\/uploads\/2020\/03\/Camino_Neocatecumenal_Juan_Pablo_II_audiencia_itinerantes_1984.jpg 277w, https:\/\/neocatechumenaleiter.org\/wp-content\/uploads\/2020\/03\/Camino_Neocatecumenal_Juan_Pablo_II_audiencia_itinerantes_1984-198x300.jpg 198w\" sizes=\"auto, (max-width: 277px) 100vw, 277px\" \/><\/figure><\/div>\n\n<p><strong>Castel Gandolfo, 25 settembre 1984 <\/strong><\/p>\n\n<p>\u00abGES\u00d9 CRISTO \u00c8 ITINERANTE CON VOI PER ANDARE VERSO GLI ALTRI\u00bb&#13;\n&#13;\n<em>Il cortile del Palazzo Pontificio di Castel Gandolfo \u00e8 divenuto ieri sera, nel corso dell\u2019incontro del Papa con i catechisti itineranti delle Comunit\u00e0 Neocatecumenali, un presbiterio. C\u2019era la cattedra, il crocifisso appeso sulle robuste mura fresche di colore, il leggio con il libro dei Vangeli, la Croce, una icona della Vergine. E poi tappeti e fiori: gladioli di vari colori che davano al luogo una sacralit\u00e0 intercalata da preghiere, canti, silenzi.<\/em>&#13;\n&#13;\n<em>Quello di ieri sera, ultimo appuntamento del Santo Padre, prima del ritorno di oggi in Vaticano, \u00e8 stato ancora una volta un incontro di preghiera, di proclamazione della Parola, di ascolto, di riflessione, di proposta.<\/em>&#13;\n&#13;\n<em>Kiko Arg\u00fcello, iniziatore del Cammino Neocatecumenale insieme a Carmen Hern\u00e1ndez, ha presentato con toni pacati e a volte accesi, l\u2019ultima esperienza itinerante di quanti partecipavano all\u2019incontro. Per due settimane a due a due, questi \u00abultimi\u00bb, questi \u00abbambini del <\/em><em>Regno\u00bb \u2013 ha detto rivolgendosi al Santo Padre \u2013 sono andati a visitare le Nazioni del mondo <\/em><em>\u2013 senza nulla possedere se non Cristo povero e crocifisso \u2013 soffermandosi ad annunciare la <\/em><em>\u00ablieta notizia\u00bb ai poveri, agli emarginati, ai sacerdoti delle parrocchie delle grandi metropoli come dei territori sperduti dell\u2019Africa e dell\u2019Asia, per proclamare con fede che Ges\u00f9 Cristo \u00e8 il Signore e il Redentore dell\u2019uomo.<\/em><\/p>\n\n<p><em>Kiko ha trasmesso al Papa questa comunitaria esperienza itinerante, simile a quella degli apostoli del Vangelo, che dopo aver predicato l\u2019avvento del Regno, ritornavano lieti a casa e sperimentavano la forza della presenza del Signore. Nei vari Paesi dell\u2019Europa, dell\u2019America del Nord, del Centro e del Sud, dell\u2019Africa, dell\u2019Asia e dell\u2019Oceania (l\u2019iniziatore del cammino delle Comunit\u00e0 Neocatecumenali ha anche offerto al Santo Padre un quadro ben dettagliato di questa evangelizzazione attraverso l\u2019esperienza itinerante) questi nuovi messaggeri della buona novella hanno patito e gioito a causa del Vangelo.<\/em><\/p>\n\n<p><em>Una coppia di Roma, un giovane seminarista di Barcellona, una ragazza italiana, una polacca, uno spagnolo ed un giovane sacerdote italiano, hanno raccontato, tra la partecipazione e la commozione dei presenti, la loro \u00abesperienza di itineranti\u00bb. Era in fondo una confessione pubblica delle meraviglie che Dio opera attraverso i suoi \u00abfedeli\u00bb, che si immergono nel mondo per scuoterlo dalla sonnolenza e dall\u2019indifferenza religiosa.<\/em><\/p>\n\n<div class=\"wp-block-image\"><figure class=\"alignright size-large\"><img loading=\"lazy\" decoding=\"async\" width=\"710\" height=\"564\" src=\"https:\/\/neocatechumenaleiter.org\/wp-content\/uploads\/2020\/03\/Camino_Neocatecumenal_Juan_Pablo_II_audiencia_itinerantes_19842.jpg\" alt=\"\" class=\"wp-image-1842\" srcset=\"https:\/\/neocatechumenaleiter.org\/wp-content\/uploads\/2020\/03\/Camino_Neocatecumenal_Juan_Pablo_II_audiencia_itinerantes_19842.jpg 710w, https:\/\/neocatechumenaleiter.org\/wp-content\/uploads\/2020\/03\/Camino_Neocatecumenal_Juan_Pablo_II_audiencia_itinerantes_19842-300x238.jpg 300w\" sizes=\"auto, (max-width: 710px) 100vw, 710px\" \/><\/figure><\/div>\n\n<p><em>Dalla grande metropoli di New York alle <\/em>favelas <em>del Brasile, dall\u2019isola di Cuba alla Cina, dall\u2019Italia alla Scandinavia: queste le tappe di un racconto evangelico dei giorni nostri vissuto e testimoniato con la forza della fede e dell\u2019amore. \u00abCi prendevano anche per drogati \u2013 <\/em>ha affermato la giovane polacca nel raccontare la propria esperienza <em>\u2013 ma, poi hanno capito che noi avevamo un messaggio cristiano da porgere a tutti, con rispetto e amore\u00bb. Il racconto-testimonianza entrava anche in alcuni particolari che rivelavano la potenza di Dio che guida quanti si affidano a Lui con cuore sincero.<\/em><\/p>\n\n<p><em>Di seguito riportiamo quanto ha detto il Papa:<\/em><\/p>\n\n<p>\u2026Allora io vi dir\u00f2 una o due o forse tre conclusioni&#8230; vedremo. La prima \u00e8 quella che nelle vostre conclusioni, nei vostri racconti ho sentito lo spirito autentico dei discepoli di Cristo che si affidano totalmente al Signore. Si dice \u00abitineranti\u00bb e Voi siete itineranti, ma questo itinerare vuol dire che Ges\u00f9 fa il suo itinerario dentro di voi soprattutto e poi fa il suo itinerario insieme con voi verso gli altri. Che voi siete itineranti \u00e8 un fatto secondario. La cosa principale \u00e8 che Lui \u00e8 itinerante. Lui vuole essere itinerante. Lui vuole essere non soltanto presente nella Chiesa, ma anche itinerante nella Chiesa. La Chiesa deve essere itinerante e sempre camminare; non \u00e8 solamente una Chiesa gi\u00e0 sistemata, organizzata, strutturata, ma una Chiesa in cammino verso le persone, verso le comunit\u00e0, verso i popoli, verso i credenti, verso i non credenti; queste divisioni, queste distinzioni per Cristo esistono diversamente che per noi; e questa \u00e8 la prima conclusione.<\/p>\n\n<p>Poi questa fiducia veramente evangelica caratterizza la vostra itineranza: non portare niente, non avere niente, non fidarsi di se stessi, ma porre la fiducia assoluta nella Provvidenza e in tutto quello che far\u00e0 il Signore. Poi, una seconda caratteristica \u00e8 l\u2019umilt\u00e0: \u00abil Signore mi ha salvato, mi ha tirato fuori dai miei peccati, dalla mia incredulit\u00e0 e allora io ho vissuto una grande grazia, ho ricevuto una forza del Signore. Ho visuto personalmente questa forza del Signore e il suo potere e adesso devo camminare annunciando questo potere, anzi, trasferendo questo suo potere agli altri\u00bb. Il Signore \u00e8 potente \u2013 ha affermato a voce alta il Santo Padre \u2013. E voi vi fidate del potere del Signore e volete sperimentare questo potere in voi stessi e anche negli altri. Il Signore \u00e8 potente nella sua morte e nella sua risurrezione, potente nella sua grazia, \u00e8 potente nello Spirito Santo.<\/p>\n\n<p><em>Poi l\u2019ultima conclusione sarebbe quella che io, diventando vescovo di Roma e Papa, in questa epoca degli itineranti dovevo anch\u2019io diventare un po\u2019 itinerante. C\u2019\u00e8 un parallelismo, una coincidenza. Ma, devo dire, che questi itinerari che io faccio sono molto meno severi. S\u00ec, \u00e8 vero che ci domandano tanto e il programma di una giornata \u00e8 abbastanza esigente, ma fuori di quello non si cammina a piedi, si va con \u201cAlitalia\u201d o con \u201cAir Canada\u201d, poi con una papamobile, allora, non so, penso che questo modo di essere itinerante voi non potete accettarlo.&#13;\n&#8230; Allora, io mi domando: non posso far altro? Con tutta l\u2018umilt\u00e0 lo confesso davanti a voi che non posso far altro. Allora vi dico di lasciare il Papa di essere itinerante come \u00e8 e voi siate questi itineranti come siete.&#13;\n\u2026 Allora cantiamo! \u2026Dovete cantare qualche cosa: questo che voi cantate dappertutto e da cui si conosce che siete i Neocatecumenali: \u201cBenedetta Maria, tu che hai creduto\u201d.<\/em><br\/><br\/><em>(*) Cfr. \u00abL&#8217;Osservatore Romano\u00bb, 27 settembre 1984.<\/em><\/p>\n","protected":false},"excerpt":{"rendered":"<p>Udienza agli Itineranti dopo aver Evangelizzato a due a due per tutto il mondo 25-IX-1984 S. Giovanni Paolo II Castel Gandolfo, 25 settembre 1984 \u00abGES\u00d9 CRISTO \u00c8 ITINERANTE CON VOI PER ANDARE VERSO GLI ALTRI\u00bb&#13; &#13; Il cortile del Palazzo Pontificio di Castel Gandolfo \u00e8 divenuto ieri sera, nel corso dell\u2019incontro del Papa con i catechisti itineranti delle Comunit\u00e0 Neocatecumenali, un presbiterio. C\u2019era la cattedra, il crocifisso appeso sulle robuste<\/p>\n<div class=\"read-more\"><a class=\"btn read-more-btn\" href=\"https:\/\/neocatechumenaleiter.org\/it\/discorsi-dei-papi\/s-giovanni-paolo-ii\/udienza-agli-itineranti-dopo-aver-evangelizzato-a-due-a-due-per-tutto-il-mondo-25-ix-1984\/\">Leggi tutto<\/a><\/div>\n","protected":false},"author":2,"featured_media":0,"parent":3717,"menu_order":28,"comment_status":"closed","ping_status":"closed","template":"","meta":{"footnotes":""},"class_list":["post-5502","page","type-page","status-publish","hentry"],"_links":{"self":[{"href":"https:\/\/neocatechumenaleiter.org\/it\/wp-json\/wp\/v2\/pages\/5502","targetHints":{"allow":["GET"]}}],"collection":[{"href":"https:\/\/neocatechumenaleiter.org\/it\/wp-json\/wp\/v2\/pages"}],"about":[{"href":"https:\/\/neocatechumenaleiter.org\/it\/wp-json\/wp\/v2\/types\/page"}],"author":[{"embeddable":true,"href":"https:\/\/neocatechumenaleiter.org\/it\/wp-json\/wp\/v2\/users\/2"}],"replies":[{"embeddable":true,"href":"https:\/\/neocatechumenaleiter.org\/it\/wp-json\/wp\/v2\/comments?post=5502"}],"version-history":[{"count":3,"href":"https:\/\/neocatechumenaleiter.org\/it\/wp-json\/wp\/v2\/pages\/5502\/revisions"}],"predecessor-version":[{"id":14244,"href":"https:\/\/neocatechumenaleiter.org\/it\/wp-json\/wp\/v2\/pages\/5502\/revisions\/14244"}],"up":[{"embeddable":true,"href":"https:\/\/neocatechumenaleiter.org\/it\/wp-json\/wp\/v2\/pages\/3717"}],"wp:attachment":[{"href":"https:\/\/neocatechumenaleiter.org\/it\/wp-json\/wp\/v2\/media?parent=5502"}],"curies":[{"name":"wp","href":"https:\/\/api.w.org\/{rel}","templated":true}]}}