{"id":5508,"date":"2020-03-27T05:28:04","date_gmt":"2020-03-27T04:28:04","guid":{"rendered":"https:\/\/neocatechumenaleiter.org\/discorsi-dei-papi\/s-giovanni-paolo-ii\/visita-alla-parrocchia-di-santanna-a-casal-morena-2-xii-1984\/"},"modified":"2020-06-08T22:02:36","modified_gmt":"2020-06-08T21:02:36","slug":"visita-alla-parrocchia-di-santanna-a-casal-morena-2-xii-1984","status":"publish","type":"page","link":"https:\/\/neocatechumenaleiter.org\/it\/discorsi-dei-papi\/s-giovanni-paolo-ii\/visita-alla-parrocchia-di-santanna-a-casal-morena-2-xii-1984\/","title":{"rendered":"Visita alla parrocchia di Sant\u2019anna a Casal Morena 2-XII-1984"},"content":{"rendered":"\n<h1 class=\"has-text-align-center wp-block-heading\">Visita alla parrocchia di Sant\u2019anna a Casal Morena 2-XII-1984<\/h1>\n\n<div style=\"height:20px\" aria-hidden=\"true\" class=\"wp-block-spacer\"><\/div>\n\n<h4 class=\"has-text-align-center wp-block-heading\">S. Giovanni Paolo II<\/h4>\n\n<div style=\"height:20px\" aria-hidden=\"true\" class=\"wp-block-spacer\"><\/div>\n\n<p><strong>Roma, 2 dicembre 1984<\/strong><\/p>\n\n<p><em>I Neocatecumenali, che sono centodieci ma che erano presenti con tutte le loro famiglie, sono stati i primi ad incontrarsi con Giovanni Paolo II. Lo hanno accolto nella sala che di solito serve per celebrare la Messa, con il loro stile consueto, cantando e ritmando la voce con il battere delle mani.<\/em>&#13;\n&#13;\n<em>Una vera grazia per la nostra parrocchia, ha detto di loro Don Amedeo e lo ha ripetuto al Papa presentandogli coloro che, affiancandosi alla comunit\u00e0 fin dal primo momento, quando ancora <\/em><em>non c\u2019era che lo spazio di una cappellina dove entravano a malapena cento persone, hanno saputo trasmettere, soprattutto ai giovani che si preparavano per i sacramenti dell\u2019iniziazione cristiana, il loro spirito di ascolto e di confronto con la Parola di Dio.<\/em>&#13;\n&#13;\n<em>Con loro, ha detto Don Amedeo, abbiamo vissuto la prima povert\u00e0: quella di quando non avevamo nemmeno lo spazio per stare insieme; con loro abbiamo vissuto la seconda povert\u00e0: quella del nostro cuore cos\u00ec poco nutrito dello spirito di Cristo cos\u00ec come l\u2019abbiamo scoperto a tu per tu con la sua Parola; con loro viviamo questa terza povert\u00e0: quella che \u00e8 diventata il nostro atteggiamento di fronte alla Grazia che ogni giorno ci viene profusa e che vogliamo conservare come vera ricchezza del cuore.<\/em>&#13;\n&#13;\n<em>Il Papa, dopo che un rappresentante delle tre comunit\u00e0 gli aveva brevemente narrato le fasi del Cammino gi\u00e0 fatto, ha rivolto ai convenuti le seguenti parole:<\/em><\/p>\n\n<div class=\"wp-block-image\"><figure class=\"alignleft size-medium\"><img loading=\"lazy\" decoding=\"async\" width=\"300\" height=\"242\" src=\"https:\/\/neocatechumenaleiter.org\/wp-content\/uploads\/2020\/03\/Camino_Neocatecumenal_Juan_Pablo_II_visita_parroquia_Santa_Ana_1984-300x242.jpg\" alt=\"\" class=\"wp-image-1852\" srcset=\"https:\/\/neocatechumenaleiter.org\/wp-content\/uploads\/2020\/03\/Camino_Neocatecumenal_Juan_Pablo_II_visita_parroquia_Santa_Ana_1984-300x242.jpg 300w, https:\/\/neocatechumenaleiter.org\/wp-content\/uploads\/2020\/03\/Camino_Neocatecumenal_Juan_Pablo_II_visita_parroquia_Santa_Ana_1984.jpg 697w\" sizes=\"auto, (max-width: 300px) 100vw, 300px\" \/><\/figure><\/div>\n\n<p>Mi avete ben introdotto a ci\u00f2 che \u00e8 la vostra comunit\u00e0 in questa parrocchia. Lo ha fatto il parroco prima e poi voi per mezzo del vostro rappresentante. Vedo che questa parrocchia si sta costruendo nel senso anche di edificio, di complesso materiale, ma noi sappiamo bene che la parrocchia si costruisce soprattutto sulla fede, sul Battesimo che ci prepara all\u2019Eucaristia: questa \u00e8 la costruzione spirituale. Battesimo vuol dire anche Catecumenato e Neocatecumenato vuol dire che si deve sempre ritornare a quel Cammino che una volta ha preparato i nostri avi, i primi cristiani, al Battesimo, per diventare figli di Dio, per diventare coeredi di Cristo. Ecco, neocatecumenale, come realt\u00e0 temporale, vuol dire una comunit\u00e0 che ritrova nella parrocchia la novit\u00e0 della vita cristiana, la sua freschezza, la sua originalit\u00e0, perch\u00e9 questa \u00e8 la vita nel suo senso pieno, la vita divina. Questa \u00e8 la vita che si prospetta dinanzi a noi per tutta l\u2019eternit\u00e0, non solo la vita di questi anni qui sulla terra. Vita con Dio, vita come figli di Dio, animati dall\u2019unigenito Figlio di Dio che \u00e8 il Verbo, la Parola, incarnato e nato da Maria Vergine: Ges\u00f9 Cristo. Io vi auguro di essere un buon lievito della novit\u00e0 della vita cristiana in questa comunit\u00e0 di Sant\u2019Anna. <\/p>\n\n<p>Vi benedico di cuore.<br\/><br\/><em>(*) Cfr. \u00abL&#8217;Osservatore Romano\u00bb, 3-4 dicembre 1984.<\/em><\/p>\n","protected":false},"excerpt":{"rendered":"<p>Visita alla parrocchia di Sant\u2019anna a Casal Morena 2-XII-1984 S. Giovanni Paolo II Roma, 2 dicembre 1984 I Neocatecumenali, che sono centodieci ma che erano presenti con tutte le loro famiglie, sono stati i primi ad incontrarsi con Giovanni Paolo II. Lo hanno accolto nella sala che di solito serve per celebrare la Messa, con il loro stile consueto, cantando e ritmando la voce con il battere delle mani.&#13; &#13;<\/p>\n<div class=\"read-more\"><a class=\"btn read-more-btn\" href=\"https:\/\/neocatechumenaleiter.org\/it\/discorsi-dei-papi\/s-giovanni-paolo-ii\/visita-alla-parrocchia-di-santanna-a-casal-morena-2-xii-1984\/\">Leggi tutto<\/a><\/div>\n","protected":false},"author":2,"featured_media":0,"parent":3717,"menu_order":30,"comment_status":"closed","ping_status":"closed","template":"","meta":{"footnotes":""},"class_list":["post-5508","page","type-page","status-publish","hentry"],"_links":{"self":[{"href":"https:\/\/neocatechumenaleiter.org\/it\/wp-json\/wp\/v2\/pages\/5508","targetHints":{"allow":["GET"]}}],"collection":[{"href":"https:\/\/neocatechumenaleiter.org\/it\/wp-json\/wp\/v2\/pages"}],"about":[{"href":"https:\/\/neocatechumenaleiter.org\/it\/wp-json\/wp\/v2\/types\/page"}],"author":[{"embeddable":true,"href":"https:\/\/neocatechumenaleiter.org\/it\/wp-json\/wp\/v2\/users\/2"}],"replies":[{"embeddable":true,"href":"https:\/\/neocatechumenaleiter.org\/it\/wp-json\/wp\/v2\/comments?post=5508"}],"version-history":[{"count":3,"href":"https:\/\/neocatechumenaleiter.org\/it\/wp-json\/wp\/v2\/pages\/5508\/revisions"}],"predecessor-version":[{"id":14252,"href":"https:\/\/neocatechumenaleiter.org\/it\/wp-json\/wp\/v2\/pages\/5508\/revisions\/14252"}],"up":[{"embeddable":true,"href":"https:\/\/neocatechumenaleiter.org\/it\/wp-json\/wp\/v2\/pages\/3717"}],"wp:attachment":[{"href":"https:\/\/neocatechumenaleiter.org\/it\/wp-json\/wp\/v2\/media?parent=5508"}],"curies":[{"name":"wp","href":"https:\/\/api.w.org\/{rel}","templated":true}]}}