{"id":5593,"date":"2020-03-28T02:57:10","date_gmt":"2020-03-28T01:57:10","guid":{"rendered":"https:\/\/neocatechumenaleiter.org\/discorsi-dei-papi\/s-giovanni-paolo-ii\/visita-alla-parrocchia-di-san-tarcisio-3-iii-1985\/"},"modified":"2020-06-09T19:32:35","modified_gmt":"2020-06-09T18:32:35","slug":"visita-alla-parrocchia-di-san-tarcisio-3-iii-1985","status":"publish","type":"page","link":"https:\/\/neocatechumenaleiter.org\/it\/discorsi-dei-papi\/s-giovanni-paolo-ii\/visita-alla-parrocchia-di-san-tarcisio-3-iii-1985\/","title":{"rendered":"Visita alla parrocchia di San Tarcisio 3-III-1985"},"content":{"rendered":"\n<h1 class=\"has-text-align-center wp-block-heading\">Visita alla parrocchia di San Tarcisio 3-III-1985<\/h1>\n\n<div style=\"height:20px\" aria-hidden=\"true\" class=\"wp-block-spacer\"><\/div>\n\n<h4 class=\"has-text-align-center wp-block-heading\">S. Giovanni Paolo II<\/h4>\n\n<div style=\"height:20px\" aria-hidden=\"true\" class=\"wp-block-spacer\"><\/div>\n\n<p><strong>Roma, 3 marzo 1985 *<\/strong><\/p>\n\n<p><em>All\u2019interno della chiesa parrocchiale il parroco ha presentato al Papa le Comunit\u00e0 Neocatecumenali. I componenti della prima comunit\u00e0 tra pochi giorni inizieranno una nuova missione. Andranno nelle case del quartiere ad annunciare il Vangelo. \u00ab\u00c8 questo un momento importante e anche delicato per la Comunit\u00e0\u00bb \u2013 ha detto il parroco.<\/em><\/p>\n\n<p>Santit\u00e0 \u2013 ha poi detto un membro delle comunit\u00e0 \u2013 non \u00e8 un caso che la mia vita si sia fermata a Pio XII e l\u2019abbia ritrovata con voi sotto il suo pontificato, ignorando l\u2019esistenza di ben tre Pontefici. Infatti dopo un\u2019infanzia, vissuta in una rigida educazione cattolica, ho ritenuto a diciotto anni che l\u2019uomo adulto avesse un compito specifico: combattere la religione cristiana come una pericolosa superstizione. Consideravo Cristo e il cristianesimo un\u2019utopia ed un fallimento, riservando all\u2019uomo la facolt\u00e0 di essere artefice della propria esistenza. Tale distorta visione della vita mi ha condotto per circa venticinque anni ad un disordine interiore, intellettuale ed affettivo dal quale non riuscivo a venir fuori. Anche il suicidio di un amico mi aveva riproposto senza risposta interrogativi sull\u2019esistenza dell\u2019uomo, sul perch\u00e9 della vita. Circa sei anni fa il Signore \u00e8 venuto a riempire la mia vita; all\u2019improvviso, inaspettato \u00e8 venuto attraverso alcuni catechisti che stavano perdendo la loro vita per gli altri. Da quel giorno la mia vita \u00e8 cambiata, ho scoperto che il Signore mi amava come nessuno avrebbe potuto. Avevo perfino deformato l\u2019amore di Dio pensando che come non amava me, non amasse nessun altro. Mano a mano che la Parola scavava nella mia vita scoprivo sempre pi\u00f9 grande la misericordia di Dio. Quest\u2019amore mi ha rigenerato come sposo e come padre. Ho infatti riscoperto una nuova sposa: quella che non io, ma il Signore aveva scelto per me. Ho scoperto nuovi figli in quanto figli di Dio. Santit\u00e0, con questa mia breve testimonianza intendo restituire alla Chiesa quello che ho ricevuto, in segno di gratitudine e di amore filiale.<\/p>\n\n<div class=\"wp-block-image\"><figure class=\"alignright size-medium\"><img loading=\"lazy\" decoding=\"async\" width=\"300\" height=\"241\" src=\"https:\/\/neocatechumenaleiter.org\/wp-content\/uploads\/2020\/03\/Camino_Neocatecumenal_Juan_Pablo_II_visita_parroquia_San_Tarsicio_1985-300x241.jpg\" alt=\"\" class=\"wp-image-1863\" srcset=\"https:\/\/neocatechumenaleiter.org\/wp-content\/uploads\/2020\/03\/Camino_Neocatecumenal_Juan_Pablo_II_visita_parroquia_San_Tarsicio_1985-300x241.jpg 300w, https:\/\/neocatechumenaleiter.org\/wp-content\/uploads\/2020\/03\/Camino_Neocatecumenal_Juan_Pablo_II_visita_parroquia_San_Tarsicio_1985.jpg 698w\" sizes=\"auto, (max-width: 300px) 100vw, 300px\" \/><\/figure><\/div>\n\n<p><em>Il Papa ha poi rivolto ai presenti le seguenti parole:<\/em><br\/><br\/>Io vi conosco, vi incontro in diverse parrocchie di Roma, vi incontro anche in diversi Paesi del mondo. \u00c8 molto facile identificarvi, perch\u00e9 quando cominciano a suonare le chitarre e quando si ripete quel canto caratteristico dei neocatecumenali, in qualsiasi angolo del mondo il Papa sa subito chi sono e si rallegra. Si rallegra dappertutto e si rallegra anche in questa parrocchia. Io ho parlato pi\u00f9 volte alle diverse Comunit\u00e0 Neocatecumenali, in diverse parti di Roma, e ormai so benissimo che sono due gli elementi caratterizzanti il vostro carisma. Il primo \u00e8 un entusiasmo della fede. Entusiasmo della fede ritrovata. Della fede ritrovata anche in quelli che l\u2019avevano da sempre, forse anche la fede vissuta, la fede praticata; in quelli che erano onesti e bravi cristiani, pi\u00f9 o meno. Una volta ritrovata, \u2013 ritrovata nel suo significato pieno, nel suo mistero, nella sua soprannaturale grandezza \u2013 la fede crea l\u2019entusiasmo. Questo entusiasmo della fede \u00e8 tanto necessario per la nostra epoca. La nostra epoca fredda, indifferente, la nostra epoca che non vuole impegnarsi, che dice delle verit\u00e0 della fede, di Dio, di Cristo: \u201cchiss\u00e0, pu\u00f2 essere\u201d. Ci vuole questo entusiasmo, questa convinzione personale che solamente \u00e8 capace di convincere anche gli altri.<\/p>\n\n<p>Poi, la seconda cosa che penso appartenga al vostro carisma \u00e8 la conversione radicale. Io ho sentito le vostre due testimonianze, specialmente la prima, con una profonda commozione e ho pensato subito: cosa vogliamo ancora, abbiamo un\u2019altra testimonianza di Paolo di Tarso. Uno che era andato contro, che voleva addirittura uccidere Ges\u00f9, distruggere il cristianesimo. Poi, in un momento, ha ritrovato Ges\u00f9 risorto, \u00e8 diventato suo discepolo, il suo apostolo pi\u00f9 zelante, pi\u00f9 efficace. Allora io penso che la nostra epoca \u2013 in cui tante persone hanno perduto la fede e hanno intrapreso un\u2019altra via seguendo ideologie e sistemi filosofici, trovando anche associazioni e organizzazioni che offrono un programma antireligioso \u2013 la nostra epoca ha bisogno di conversioni radicali del tipo di quella di Paolo di Tarso. Io vi vedo con grande piacere e penso che siete tanto necessari nella Chiesa di oggi, nel mondo di oggi. Dovete solamente continuare e coltivare i vostri carismi e approfondire la vostra identit\u00e0 mantenendovi sempre molto vicini ai pastori della Chiesa e sempre seguendo quella grazia specifica che appartiene alla identit\u00e0 delle Comunit\u00e0 Neocatecumenali.<br\/><br\/>(*) Cfr. \u00abL&#8217;Osservatore Romano\u00bb, 4-5 marzo 1985.<\/p>\n","protected":false},"excerpt":{"rendered":"<p>Visita alla parrocchia di San Tarcisio 3-III-1985 S. Giovanni Paolo II Roma, 3 marzo 1985 * All\u2019interno della chiesa parrocchiale il parroco ha presentato al Papa le Comunit\u00e0 Neocatecumenali. I componenti della prima comunit\u00e0 tra pochi giorni inizieranno una nuova missione. Andranno nelle case del quartiere ad annunciare il Vangelo. \u00ab\u00c8 questo un momento importante e anche delicato per la Comunit\u00e0\u00bb \u2013 ha detto il parroco. Santit\u00e0 \u2013 ha poi<\/p>\n<div class=\"read-more\"><a class=\"btn read-more-btn\" href=\"https:\/\/neocatechumenaleiter.org\/it\/discorsi-dei-papi\/s-giovanni-paolo-ii\/visita-alla-parrocchia-di-san-tarcisio-3-iii-1985\/\">Leggi tutto<\/a><\/div>\n","protected":false},"author":2,"featured_media":0,"parent":3717,"menu_order":31,"comment_status":"closed","ping_status":"closed","template":"","meta":{"footnotes":""},"class_list":["post-5593","page","type-page","status-publish","hentry"],"_links":{"self":[{"href":"https:\/\/neocatechumenaleiter.org\/it\/wp-json\/wp\/v2\/pages\/5593","targetHints":{"allow":["GET"]}}],"collection":[{"href":"https:\/\/neocatechumenaleiter.org\/it\/wp-json\/wp\/v2\/pages"}],"about":[{"href":"https:\/\/neocatechumenaleiter.org\/it\/wp-json\/wp\/v2\/types\/page"}],"author":[{"embeddable":true,"href":"https:\/\/neocatechumenaleiter.org\/it\/wp-json\/wp\/v2\/users\/2"}],"replies":[{"embeddable":true,"href":"https:\/\/neocatechumenaleiter.org\/it\/wp-json\/wp\/v2\/comments?post=5593"}],"version-history":[{"count":7,"href":"https:\/\/neocatechumenaleiter.org\/it\/wp-json\/wp\/v2\/pages\/5593\/revisions"}],"predecessor-version":[{"id":14576,"href":"https:\/\/neocatechumenaleiter.org\/it\/wp-json\/wp\/v2\/pages\/5593\/revisions\/14576"}],"up":[{"embeddable":true,"href":"https:\/\/neocatechumenaleiter.org\/it\/wp-json\/wp\/v2\/pages\/3717"}],"wp:attachment":[{"href":"https:\/\/neocatechumenaleiter.org\/it\/wp-json\/wp\/v2\/media?parent=5593"}],"curies":[{"name":"wp","href":"https:\/\/api.w.org\/{rel}","templated":true}]}}