{"id":5760,"date":"2020-03-03T05:05:52","date_gmt":"2020-03-03T04:05:52","guid":{"rendered":"https:\/\/neocatechumenaleiter.org\/discorsi-dei-papi\/s-giovanni-paolo-ii\/visita-alla-parrocchia-di-santireneo-a-centocelle-9-iii-1986\/"},"modified":"2021-08-10T11:05:29","modified_gmt":"2021-08-10T10:05:29","slug":"visita-alla-parrocchia-di-santireneo-a-centocelle-9-iii-1986","status":"publish","type":"page","link":"https:\/\/neocatechumenaleiter.org\/it\/discorsi-dei-papi\/s-giovanni-paolo-ii\/visita-alla-parrocchia-di-santireneo-a-centocelle-9-iii-1986\/","title":{"rendered":"Visita alla parrocchia di Sant&#8217;Ireneo a Centocelle 9-III-1986"},"content":{"rendered":"\n<h1 class=\"has-text-align-center wp-block-heading\">Visita alla parrocchia di Sant&#8217;Ireneo a Centocelle 9-III-1986<\/h1>\n\n<div style=\"height:20px\" aria-hidden=\"true\" class=\"wp-block-spacer\"><\/div>\n\n<h4 class=\"has-text-align-center wp-block-heading\">Giovanni Paolo II<\/h4>\n\n<div style=\"height:20px\" aria-hidden=\"true\" class=\"wp-block-spacer\"><\/div>\n\n<div class=\"wp-block-image\"><figure class=\"alignright size-large\"><img loading=\"lazy\" decoding=\"async\" width=\"700\" height=\"563\" src=\"https:\/\/neocatechumenaleiter.org\/wp-content\/uploads\/2020\/03\/Camino_Neocatecumenal_Juan_Pablo_II_visita_parroquia_San_Irineo_1986.jpg\" alt=\"\" class=\"wp-image-1930\" srcset=\"https:\/\/neocatechumenaleiter.org\/wp-content\/uploads\/2020\/03\/Camino_Neocatecumenal_Juan_Pablo_II_visita_parroquia_San_Irineo_1986.jpg 700w, https:\/\/neocatechumenaleiter.org\/wp-content\/uploads\/2020\/03\/Camino_Neocatecumenal_Juan_Pablo_II_visita_parroquia_San_Irineo_1986-300x241.jpg 300w\" sizes=\"auto, (max-width: 700px) 100vw, 700px\" \/><\/figure><\/div>\n\n<p><strong>Roma, 9 marzo 1986<\/strong><\/p>\n\n<p><em>Tredici <\/em><em>anni fa nasceva a Sant\u2019Ireneo la prima Comunit\u00e0 Neocatecumenale. Da allora il Cammino si \u00e8 sviluppato, coinvolgendo un numero sempre maggiore di persone, tanto che oggi le comunit\u00e0 presenti in parrocchia sono cinque e per alcuni fedeli \u00e8 giunto il momento della <\/em><em>\u00abredditio\u00bb, della pubblica professione di fede dopo che per alcuni anni si sono fatti missionari nel quartiere.<\/em>&#13;\n&#13;\n<em>Con la vivace realt\u00e0 delle Comunit\u00e0 Neocatecumenali Giovanni Paolo II si \u00e8 incontrato nella chiesa parrocchiale. \u00c8 stato un incontro lungo e festoso, durante il quale, per\u00f2, non sono mancati momenti di profonda commozione, soprattutto quando due giovani hanno proclamato il \u00abCredo\u00bb ricordando il cammino della loro conversione e della scoperta dell\u2019amore di Dio.<\/em>&#13;\n&#13;\n<em>Accolto dal canto \u00abMaria tu hai creduto alla Parola del Signore\u00bb, il Santo Padre si \u00e8 soffermato a lungo a salutare i presenti ed in particolare i numerosi bambini.<\/em>&#13;\n&#13;\n<em>Dopo una breve presentazione del parroco, il catechista Edoardo Magri ha rivolto al Papa un indirizzo di omaggio, nel quale ha illustrato l\u2019attivit\u00e0 svolta dalle comunit\u00e0 ed i traguardi raggiunti. Ha spiegato il significato della fase della \u00abtraditio\u00bb, durante la quale i fratelli sono inviati casa per casa ad annunciare il Vangelo, e quella della \u00abredditio\u00bb, che culmina con la consegna nella Domenica delle Palme del ramo di palma, simbolo della chiamata del cristiano a dare testimonianza della propria fede sino al martirio.<\/em>&#13;\n&#13;\n<em>\u00abDopo la \u201credditio\u201d \u2013 <\/em>ha detto il catechista Edoardo Magri <em>\u2013 noi chiediamo ai fratelli di mettersi a disposizione del parroco, proprio perch\u00e9 il Cammino Neocatecumenale non vuole essere un movimento che porta avanti qualcosa di suo, ma vuol essere nella Chiesa al servizio della Chiesa\u00bb.<\/em>&#13;\n&#13;\n<em>Ai membri delle Comunit\u00e0 Neocatecumenali Giovanni Paolo II ha rivolto queste parole:<\/em><\/p>\n\n<p>Ecco, carissimi, quando io sento questo canto, questo canto a Maria:&#13;\n\u00abMaria hai creduto alla parola del Signore\u00bb, io subito sono consapevole che si trova un gruppo neocatecumenale. Dovunque, dovunque sento questo canto, lo sento in diversi Paesi e in diversi continenti, come anche recentemente ho sentito in India questi canti, lo stesso tono, la stessa melodia, le stesse parole: questa invocazione di Maria, che ha creduto, e cos\u00ec \u00e8 diventata la prima credente, possiamo dire una corifea di tutti i credenti. Ha creduto, nel senso pi\u00f9 pieno e pi\u00f9 fruttuoso. \u00abMaria hai creduto alla parola del Signore\u00bb: cos\u00ec l\u2019ha benedetta la sua parente Elisabetta, la sua cugina ha benedetto Maria con queste parole. E con queste parole la benediciamo noi, la benedice la Chiesa, tutta la Chiesa e la benedite specialmente voi Neocatecumenali. Perch\u00e9 per voi il cammino della fede \u00e8 la cosa essenziale, cammino della fede, quel cammino che ha il suo inizio sacramentale nel Battesimo, quel cammino che ha la sua dimensione lungo la vita dell\u2019uomo, di ciascuno di noi.&#13;\n&#13;\nQuesto cammino, come avete bene detto, nella prima relazione soprattutto, quel cammino ha anche il suo ritmo. Questo ritmo si esprime con queste due parole: Traditio e Redditio. La fede deve essere \u00abtradita\u00bb, trasmessa e recepita, ricevuta e questo si fa col Battesimo e questo si fa poi nell\u2019educazione cristiana. Questo si fa tramite le diverse persone, i diversi messaggeri di Dio, come per Maria si faceva tramite questo messaggero angelico: Gabriele. Questo si faceva tramite Ges\u00f9 Cristo che \u00e8 il primo, assoluto messaggero di Dio per l\u2019umanit\u00e0 intera. Questo si faceva tramite gli apostoli e si fa tramite la Chiesa. Questo primo ritmo, questa prima tappa, \u00e8 ricevere la Traditio, \u00e8 tradizione: la fede viene \u00abtradita\u00bb e viene ricevuta; questo poi deve essere proseguito e continuato con un\u2019altra tappa: questa \u00e8 la Redditio: la fede una volta ricevuta deve essere trasmessa, perch\u00e9 \u00e8 un bene, un tesoro, \u00e8 un tesoro gratuito offertoci da Dio, non solamente per nasconderlo dentro di noi per viverlo in senso intimistico, privatistico, ma ci \u00e8 dato, ci \u00e8 \u00abtradito\u00bb per essere trasmesso agli altri. Ma si deve avere un grande entusiasmo, una grande convinzione della fede per portarla agli altri, per trasmetterla agli altri.&#13;\nE cos\u00ec i Neocatecumenali si fanno catechisti itineranti, portano il vangelo di Cristo, portano la testimonianza della fede; non solamente parole sante in senso astratto, ma parole testimoniate, Parola di Dio testimoniata dalla fede di ciascuno. Questa \u00e8 una forza.&#13;\nEcco, carissimi vi auguro che questo doppio ritmo della fede: Traditio e Redditio, costituisca sempre il ritmo della vostra vita, quando siete in cammino o quando anche, terminato il Cammino, ritornate, ma ritornate come cristiani specialmente maturi, nella comunit\u00e0 della Chiesa, nella comunit\u00e0 della parrocchia.<\/p>\n\n<p>Vi vedo sempre molto volentieri, gli incontri con voi sono molto gioiosi a causa di due elementi: uno \u00e8 il canto, \u00e8 un canto molto energico, che suona, che suona; e l\u2019altro sono i bambini, i piccoli che fanno, diciamo, il loro Cammino Neocatecumenale, grazie a Dio! E ci portano tanta gioia, sempre, a noi tutti, e a me una grande gioia quando li vedo. Vorrei abbracciarvi tutti con questa benedizione e augurarvi anche una buona Pasqua nel vostro Cammino Neocatecumenale. Vi benedica Dio onnipotente, Padre Figlio e Spirito Santo.<\/p>\n\n<p>Buona Pasqua!<br\/><br\/>(*) Cfr. \u00abL&#8217;Osservatore Romano\u00bb, 10-11 marzo 1986, con integrazioni dalla registrazione.<\/p>\n","protected":false},"excerpt":{"rendered":"<p>Visita alla parrocchia di Sant&#8217;Ireneo a Centocelle 9-III-1986 Giovanni Paolo II Roma, 9 marzo 1986 Tredici anni fa nasceva a Sant\u2019Ireneo la prima Comunit\u00e0 Neocatecumenale. Da allora il Cammino si \u00e8 sviluppato, coinvolgendo un numero sempre maggiore di persone, tanto che oggi le comunit\u00e0 presenti in parrocchia sono cinque e per alcuni fedeli \u00e8 giunto il momento della \u00abredditio\u00bb, della pubblica professione di fede dopo che per alcuni anni si<\/p>\n<div class=\"read-more\"><a class=\"btn read-more-btn\" href=\"https:\/\/neocatechumenaleiter.org\/it\/discorsi-dei-papi\/s-giovanni-paolo-ii\/visita-alla-parrocchia-di-santireneo-a-centocelle-9-iii-1986\/\">Leggi tutto<\/a><\/div>\n","protected":false},"author":2,"featured_media":0,"parent":3717,"menu_order":35,"comment_status":"closed","ping_status":"closed","template":"","meta":{"footnotes":""},"class_list":["post-5760","page","type-page","status-publish","hentry"],"_links":{"self":[{"href":"https:\/\/neocatechumenaleiter.org\/it\/wp-json\/wp\/v2\/pages\/5760","targetHints":{"allow":["GET"]}}],"collection":[{"href":"https:\/\/neocatechumenaleiter.org\/it\/wp-json\/wp\/v2\/pages"}],"about":[{"href":"https:\/\/neocatechumenaleiter.org\/it\/wp-json\/wp\/v2\/types\/page"}],"author":[{"embeddable":true,"href":"https:\/\/neocatechumenaleiter.org\/it\/wp-json\/wp\/v2\/users\/2"}],"replies":[{"embeddable":true,"href":"https:\/\/neocatechumenaleiter.org\/it\/wp-json\/wp\/v2\/comments?post=5760"}],"version-history":[{"count":9,"href":"https:\/\/neocatechumenaleiter.org\/it\/wp-json\/wp\/v2\/pages\/5760\/revisions"}],"predecessor-version":[{"id":14215,"href":"https:\/\/neocatechumenaleiter.org\/it\/wp-json\/wp\/v2\/pages\/5760\/revisions\/14215"}],"up":[{"embeddable":true,"href":"https:\/\/neocatechumenaleiter.org\/it\/wp-json\/wp\/v2\/pages\/3717"}],"wp:attachment":[{"href":"https:\/\/neocatechumenaleiter.org\/it\/wp-json\/wp\/v2\/media?parent=5760"}],"curies":[{"name":"wp","href":"https:\/\/api.w.org\/{rel}","templated":true}]}}