{"id":5766,"date":"2020-03-29T03:01:17","date_gmt":"2020-03-29T02:01:17","guid":{"rendered":"https:\/\/neocatechumenaleiter.org\/discorsi-dei-papi\/s-giovanni-paolo-ii\/visita-alla-parrocchia-di-san-felice-da-cantalice-4-v-1986\/"},"modified":"2020-06-06T19:36:27","modified_gmt":"2020-06-06T18:36:27","slug":"visita-alla-parrocchia-di-san-felice-da-cantalice-4-v-1986","status":"publish","type":"page","link":"https:\/\/neocatechumenaleiter.org\/it\/discorsi-dei-papi\/s-giovanni-paolo-ii\/visita-alla-parrocchia-di-san-felice-da-cantalice-4-v-1986\/","title":{"rendered":"Visita alla parrocchia di San Felice da Cantalice 4-V-1986"},"content":{"rendered":"\n<h1 class=\"has-text-align-center wp-block-heading\">Visita alla parrocchia di San Felice da Cantalice 4-V-1986<\/h1>\n\n<div style=\"height:20px\" aria-hidden=\"true\" class=\"wp-block-spacer\"><\/div>\n\n<h4 class=\"has-text-align-center wp-block-heading\">S. Giovanni Paolo II<\/h4>\n\n<div style=\"height:20px\" aria-hidden=\"true\" class=\"wp-block-spacer\"><\/div>\n\n<div class=\"wp-block-image\"><figure class=\"alignleft size-large\"><img loading=\"lazy\" decoding=\"async\" width=\"495\" height=\"396\" src=\"https:\/\/neocatechumenaleiter.org\/wp-content\/uploads\/2020\/06\/Camino-Neocatecumenal-Visita-parroquia-San-Felice-Cantalice.jpg\" alt=\"\" class=\"wp-image-13919\" srcset=\"https:\/\/neocatechumenaleiter.org\/wp-content\/uploads\/2020\/06\/Camino-Neocatecumenal-Visita-parroquia-San-Felice-Cantalice.jpg 495w, https:\/\/neocatechumenaleiter.org\/wp-content\/uploads\/2020\/06\/Camino-Neocatecumenal-Visita-parroquia-San-Felice-Cantalice-300x240.jpg 300w\" sizes=\"auto, (max-width: 495px) 100vw, 495px\" \/><\/figure><\/div>\n\n<p><strong>Roma, 4 maggio 1986 *<\/strong><\/p>\n\n<p><em>Nutrita, nella parrocchia, \u00e8 la rappresentanza dei gruppi neocatecumenali. Il Papa ha avuto con loro un incontro particolare nel corso del quale, dopo aver ascoltato la testimonianza di uno dei catechisti della comunit\u00e0, ha voluto ricordare i numerosi incontri che in tutte le parrocchie romane e nel corso delle visite che compie in altre citt\u00e0 d\u2019Italia e del mondo ha con i gruppi dei Neocatecumenali. Gruppi che, ha ricordato il Papa, hanno qualcosa che permette subito di distinguerli tra gli altri.<\/em><\/p>\n\n<p><em>Presentazione del catechista della parrocchia (Giacomo):<\/em>&#13;\n&#13;\nSantit\u00e0, parlo io perch\u00e9 sono il catechista di questi fratelli. Per prima cosa sono molto contento di stare con Lei, nelle grazie che la Chiesa ci dona con pienezza, con dolcezza. Questo lo dico perch\u00e9 io per natura sono un violento e ho passato un\u2019infanzia molto sofferta, molto tribolata; e siccome non stavo nella Chiesa, questo ha creato in me un\u2019immagine di un Dio giustiziere che dovesse in qualche modo ripagarmi di quanto io avevo sub\u00ecto. Tutto questo mi ha portato a soffrire molto, a crescere in una maniera completamente sbagliata, ad essere uno di quei cristiani che sono scandalo perch\u00e9 predicano cose che non mettono in pratica. Quando mi sono accorto di questa realt\u00e0, che ero scandalo per gli altri perch\u00e9 avevo fatto della violenza il mio credo, ormai ero sposato e avevo due figli piccoli. Ho avuto paura di me stesso, Padre, e ho pensato anche di mettere fine alla vita mia; ho chiesto alla Vergine Maria, di cui ero devoto, che mi aiutasse, che desse un senso a quello che facevo perch\u00e9 ero completamente smarrito. Una domenica, andando a messa, ho trovato un laico, un barbone come me, che ha annunciato il perdono e la misericordia di Ges\u00f9 Cristo per la gente violenta come me. Anche per i violenti come me il Signore aveva un cammino per tornare all\u2019amore e al perdono. Ecco, Padre, sono quindici anni che sto in questo Cammino e la Chiesa mi manda nel mondo ad annunciare il perdono e la misericordia.<\/p>\n\n<p><em>Il Papa ha rivolto queste parole alle Comunit\u00e0 Neocatecumenali presenti:<\/em><\/p>\n\n<p>Grazie per questa testimonianza. Non \u00e8 la prima volta che sento la testimonianza di un neocatecumenale e sempre rimango molto commosso. Ma soprattutto quando mi sono avvicinato e ho sentito il canto \u00abMaria, beata Maria\u00bb, allora ho saputo subito chi sono quelli che cantano, perch\u00e9 con questo canto vi riconosco dappertutto: nel mezzo del continente africano o in India, in qualsiasi posto del mondo vi distinguete con questo canto \u00abMaria, beata Maria, tu hai creduto alla Parola del Signore\u00bb.&#13;\n&#13;\nQuesto caratterizza il vostro cammino, caratterizza il cammino di tutta la Comunit\u00e0 Neocatecumenale, di ciascuno di voi perch\u00e9 questo cammino \u00e8 cammino della fede; della fede qualche volta quasi totalmente ritrovata, ritrovata nella conversione profonda, come si sente nelle diverse testimonianze. Qualche volta una fede ritrovata di nuovo nel senso che \u00e8 approfondita, ritrovata nella sua profondit\u00e0, perch\u00e9 la fede ha una profondit\u00e0 stupenda, immensa, di cui noi credenti non sempre siamo consapevoli. Profondit\u00e0 della fede! La fede \u00e8 la partecipazione alla stessa conoscenza di Dio. Dio ci fa conoscere s\u00e9 stesso, quasi con la sua propria conoscenza. La fede ci prepara alla visione di Dio e porta con s\u00e9 gi\u00e0 i germi di questa visione di Dio, visione beatifica del cielo. Ecco, la fede deve essere sempre ritrovata durante la nostra vita, e questa realt\u00e0 della fede, questa profondit\u00e0 della fede molte volte \u00e8 trascurata anche dai credenti, dai cristiani; non sanno cosa \u00e8, cosa portano dentro di s\u00e9 essendo credenti, avendo la fede!&#13;\n&#13;\nAllora il vostro Cammino consiste in quello: ritrovare la fede o quasi totalmente o nel senso di un approfondimento di quello che gi\u00e0 avete avuto prima. E qui entra molto bene questo canto \u00abMaria, beata Maria, tu hai creduto alla Parola del Signore\u00bb.<\/p>\n\n<p>Non si pu\u00f2 immaginare una fede pi\u00f9 piena, pi\u00f9 perfetta della fede di Maria. Questo \u00e8 <strong>il vertice della fede che ogni creatura umana ha avuto mai: la fede di Maria<\/strong>, questa fede che si \u00e8 mostrata soprattutto nel momento dell\u2019Annunciazione. Possiamo dire che \u00e8 una fede incredibile, perch\u00e9 ci vuole un paradosso per esprimere questa fede di Maria. E quando la Vergine \u00e8 andata da Elisabetta, Elisabetta ha espresso questo dicendo \u00abBeata colei che ha creduto alla Parola del Signore\u00bb. <strong>La fede di Maria \u00e8 certamente esempio della fede di tutti i credenti<\/strong>, di tutti quelli che ritrovano la fede, che approfondiscono la fede e specialmente di tutti voi che avete questo cammino della fede come compito, direi come carisma proprio del vostro essere Neocatecumenali.&#13;\n&#13;\nCos\u00ec mi d\u00e0 sempre gioia incontrare i vostri gruppi, perch\u00e9 trovo insieme ai genitori, agli adulti, trovo tanti bambini. Si dice che <strong>i Neocatecumenali hanno famiglie numerose, hanno figli, anzi molti figli: quella \u00e8 anche una prova della fede, della fede in Dio. <\/strong>Per dare vita all\u2019uomo ci vuole la fede in Dio. Se oggi noi viviamo questa grande crisi cosiddetta demografica, crisi della famiglia, crisi della paternit\u00e0, della maternit\u00e0, crisi grande e profonda, questa \u00e8 una conseguenza della mancanza della fede in Dio.<\/p>\n\n<p>Non si pu\u00f2 cambiare, trasformare, migliorare questo se non con una fede profonda. Ci vuole una fede in Dio per dare la vita all\u2019uomo.&#13;\n&#13;\nQuesto volevo aggiungere a quello che ho detto prima per confermare anche questo aspetto del vostro cammino. Vi benedica Dio Onnipotente, Padre, Figlio e Spirito Santo: benedica le vostre famiglie.<\/p>\n\n<p>(*) Cfr. \u00abL\u2019Osservatore Romano\u00bb, 5-6 maggio 1986, con integrazioni dalla registrazione diretta.<\/p>\n","protected":false},"excerpt":{"rendered":"<p>Visita alla parrocchia di San Felice da Cantalice 4-V-1986 S. Giovanni Paolo II Roma, 4 maggio 1986 * Nutrita, nella parrocchia, \u00e8 la rappresentanza dei gruppi neocatecumenali. Il Papa ha avuto con loro un incontro particolare nel corso del quale, dopo aver ascoltato la testimonianza di uno dei catechisti della comunit\u00e0, ha voluto ricordare i numerosi incontri che in tutte le parrocchie romane e nel corso delle visite che compie<\/p>\n<div class=\"read-more\"><a class=\"btn read-more-btn\" href=\"https:\/\/neocatechumenaleiter.org\/it\/discorsi-dei-papi\/s-giovanni-paolo-ii\/visita-alla-parrocchia-di-san-felice-da-cantalice-4-v-1986\/\">Leggi tutto<\/a><\/div>\n","protected":false},"author":2,"featured_media":0,"parent":3717,"menu_order":37,"comment_status":"closed","ping_status":"closed","template":"","meta":{"footnotes":""},"class_list":["post-5766","page","type-page","status-publish","hentry"],"_links":{"self":[{"href":"https:\/\/neocatechumenaleiter.org\/it\/wp-json\/wp\/v2\/pages\/5766","targetHints":{"allow":["GET"]}}],"collection":[{"href":"https:\/\/neocatechumenaleiter.org\/it\/wp-json\/wp\/v2\/pages"}],"about":[{"href":"https:\/\/neocatechumenaleiter.org\/it\/wp-json\/wp\/v2\/types\/page"}],"author":[{"embeddable":true,"href":"https:\/\/neocatechumenaleiter.org\/it\/wp-json\/wp\/v2\/users\/2"}],"replies":[{"embeddable":true,"href":"https:\/\/neocatechumenaleiter.org\/it\/wp-json\/wp\/v2\/comments?post=5766"}],"version-history":[{"count":4,"href":"https:\/\/neocatechumenaleiter.org\/it\/wp-json\/wp\/v2\/pages\/5766\/revisions"}],"predecessor-version":[{"id":13945,"href":"https:\/\/neocatechumenaleiter.org\/it\/wp-json\/wp\/v2\/pages\/5766\/revisions\/13945"}],"up":[{"embeddable":true,"href":"https:\/\/neocatechumenaleiter.org\/it\/wp-json\/wp\/v2\/pages\/3717"}],"wp:attachment":[{"href":"https:\/\/neocatechumenaleiter.org\/it\/wp-json\/wp\/v2\/media?parent=5766"}],"curies":[{"name":"wp","href":"https:\/\/api.w.org\/{rel}","templated":true}]}}