{"id":5768,"date":"2020-03-29T03:04:28","date_gmt":"2020-03-29T02:04:28","guid":{"rendered":"https:\/\/neocatechumenaleiter.org\/discorsi-dei-papi\/s-giovanni-paolo-ii\/udienza-privata-alle-comunita-neocatecumenali-di-spagna-e-di-ivrea-7-xii-1986\/"},"modified":"2020-06-06T16:12:23","modified_gmt":"2020-06-06T15:12:23","slug":"udienza-privata-alle-comunita-neocatecumenali-di-spagna-e-di-ivrea-7-xii-1986","status":"publish","type":"page","link":"https:\/\/neocatechumenaleiter.org\/it\/discorsi-dei-papi\/s-giovanni-paolo-ii\/udienza-privata-alle-comunita-neocatecumenali-di-spagna-e-di-ivrea-7-xii-1986\/","title":{"rendered":"Udienza privata alle Comunit\u00e0 Neocatecumenali di Spagna e di Ivrea 7-XII-1986"},"content":{"rendered":"\n<h1 class=\"has-text-align-center wp-block-heading\">Udienza privata alle Comunit\u00e0 Neocatecumenali di Spagna e di Ivrea 7-XII-1986<\/h1>\n\n<div style=\"height:20px\" aria-hidden=\"true\" class=\"wp-block-spacer\"><\/div>\n\n<h4 class=\"has-text-align-center wp-block-heading\">S. Giovanni Paolo II<\/h4>\n\n<div style=\"height:20px\" aria-hidden=\"true\" class=\"wp-block-spacer\"><\/div>\n\n<p><strong>Citt\u00e0 del Vaticano &#8211; Sala Clementina, 7 dicembre 1986 *<\/strong><\/p>\n\n<p><em>Il Papa ha ricevuto questa mattina in udienza privata i membri delle Comunit\u00e0 Neocatecumenali di cinque Parrocchie della Spagna ed una di Ivrea, in pellegrinaggio alla Tomba di San Pietro ed alla Santa Casa di Loreto.<\/em>&#13;\n&#13;\n<em>Questo il discorso pronunziato dal Santo Padre (una nostra traduzione dallo spagnolo):<\/em><\/p>\n\n<p>\u00c8 motivo di particolare allegria l\u2019incontro con voi, fratelli e sorelle delle Comunit\u00e0 Neocatecumenali, che siete venuti a confessare la vostra fede cristiana, a proclamare la fede, e che con la vostra visita a Roma fate professione di cattolicit\u00e0, di universalit\u00e0 davanti al Successore di Pietro in questa tappa importante del vostro Cammino Neocatecumenale: pellegrinaggio al centro della cristianit\u00e0 nel secolo XX; della vostra volont\u00e0 di unione e fedelt\u00e0 alla Chiesa di Cristo.&#13;\n&#13;\nNon poteva mancare nel vostro itinerario la visita alla Madre; perci\u00f2 metterete ai piedi della SS.ma Vergine le vostre attese e i vostri desideri apostolici, affinch\u00e9 per la sua intercessione il Suo Divino Figlio renda veramente feconda la vostra testimonianza di preghiera, di sacrificio, di carit\u00e0, di servizio ai fratelli.&#13;\n&#13;\nNel vostro camminare annunciando la Buona Novella del Regno desidero incoraggiarvi perch\u00e9 siate portatori del messaggio della speranza. Vi ripeto l\u2019esortazione di S. Pietro: &#8220;<strong>Siate sempre pronti a dare ragione della vostra speranza a tutti coloro che ve lo chiedono<\/strong>&#8220;.&#13;\n&#13;\nChe questo periodo liturgico che stiamo vivendo sia di grande attesa per la venuta del Redentore, Colui che \u00e8 il portatore della pace che il mondo non pu\u00f2 dare.&#13;\n&#13;\nNelle mie preghiere vi affido a Maria, modello di speranza, affinch\u00e9 il vostro generoso servizio evangelico, in piena comunione con i Pastori della Chiesa, produca grandi frutti di vita cristiana.&#13;\n&#13;\n<br\/><br\/>Benedico voi tutti di cuore: nonni e bambini, fratelli e sorelle, voi tutti.&#13;\n&#13;\n<br\/><br\/>Nel nome del Padre, del Figlio e dello Spirito Santo.<\/p>\n\n<p><em>(*) Cfr. \u00abL\u2019Osservatore Romano\u00bb, 9-10 dicembre 1986.<\/em><\/p>\n\n<figure class=\"wp-block-gallery aligncenter columns-2 is-cropped wp-block-gallery-1 is-layout-flex wp-block-gallery-is-layout-flex\"><ul class=\"blocks-gallery-grid\"><li class=\"blocks-gallery-item\"><figure><img loading=\"lazy\" decoding=\"async\" width=\"690\" height=\"560\" src=\"https:\/\/neocatechumenaleiter.org\/wp-content\/uploads\/2020\/03\/Camino_Neocatecumenal_Juan_Pablo_II_visita_parroquia_San_Felice_1986.jpg\" alt=\"S. Giovanni Paolo II Udienza privata alle Comunit&#xE0; Neocatecumenali di Spagna e di Ivrea \" data-id=\"1947\" data-full-url=\"https:\/\/neocatechumenaleiter.org\/wp-content\/uploads\/2020\/03\/Camino_Neocatecumenal_Juan_Pablo_II_visita_parroquia_San_Felice_1986.jpg\" data-link=\"https:\/\/neocatechumenaleiter.org\/palabras-de-los-papas\/s-juan-pablo-ii\/visita-a-la-parroquia-de-san-felice-da-cantalice-4-5-1986\/camino_neocatecumenal_juan_pablo_ii_visita_parroquia_san_felice_1986\/\" class=\"wp-image-1950\" srcset=\"https:\/\/neocatechumenaleiter.org\/wp-content\/uploads\/2020\/03\/Camino_Neocatecumenal_Juan_Pablo_II_visita_parroquia_San_Felice_1986.jpg 690w, https:\/\/neocatechumenaleiter.org\/wp-content\/uploads\/2020\/03\/Camino_Neocatecumenal_Juan_Pablo_II_visita_parroquia_San_Felice_1986-300x243.jpg 300w\" sizes=\"auto, (max-width: 690px) 100vw, 690px\" \/><figcaption class=\"blocks-gallery-item__caption\">Iniciadores del Camino Neocatecumenal saludan al Papa Juan Pablo II<\/figcaption><\/figure><\/li><li class=\"blocks-gallery-item\"><figure><img loading=\"lazy\" decoding=\"async\" width=\"689\" height=\"560\" src=\"https:\/\/neocatechumenaleiter.org\/wp-content\/uploads\/2020\/03\/Camino_Neocatecumenal_Juan_Pablo_II_visita_parroquia_San_Felice_19862.jpg\" alt=\"S. Giovanni Paolo II Udienza privata alle Comunit&#xE0; Neocatecumenali di Spagna e di Ivrea \" data-id=\"1954\" data-full-url=\"https:\/\/neocatechumenaleiter.org\/wp-content\/uploads\/2020\/03\/Camino_Neocatecumenal_Juan_Pablo_II_visita_parroquia_San_Felice_19862.jpg\" data-link=\"https:\/\/neocatechumenaleiter.org\/palabras-de-los-papas\/s-juan-pablo-ii\/visita-a-la-parroquia-de-san-felice-da-cantalice-4-5-1986\/camino_neocatecumenal_juan_pablo_ii_visita_parroquia_san_felice_19862\/\" class=\"wp-image-1957\" srcset=\"https:\/\/neocatechumenaleiter.org\/wp-content\/uploads\/2020\/03\/Camino_Neocatecumenal_Juan_Pablo_II_visita_parroquia_San_Felice_19862.jpg 689w, https:\/\/neocatechumenaleiter.org\/wp-content\/uploads\/2020\/03\/Camino_Neocatecumenal_Juan_Pablo_II_visita_parroquia_San_Felice_19862-300x244.jpg 300w\" sizes=\"auto, (max-width: 689px) 100vw, 689px\" \/><figcaption class=\"blocks-gallery-item__caption\">Le comunit\u00e0 della Spagna e di Ivrea proclamano davanti al Papa la professione di fede.<\/figcaption><\/figure><\/li><\/ul><\/figure>","protected":false},"excerpt":{"rendered":"<p>Udienza privata alle Comunit\u00e0 Neocatecumenali di Spagna e di Ivrea 7-XII-1986 S. Giovanni Paolo II Citt\u00e0 del Vaticano &#8211; Sala Clementina, 7 dicembre 1986 * Il Papa ha ricevuto questa mattina in udienza privata i membri delle Comunit\u00e0 Neocatecumenali di cinque Parrocchie della Spagna ed una di Ivrea, in pellegrinaggio alla Tomba di San Pietro ed alla Santa Casa di Loreto.&#13; &#13; Questo il discorso pronunziato dal Santo Padre (una<\/p>\n<div class=\"read-more\"><a class=\"btn read-more-btn\" href=\"https:\/\/neocatechumenaleiter.org\/it\/discorsi-dei-papi\/s-giovanni-paolo-ii\/udienza-privata-alle-comunita-neocatecumenali-di-spagna-e-di-ivrea-7-xii-1986\/\">Leggi tutto<\/a><\/div>\n","protected":false},"author":2,"featured_media":0,"parent":3717,"menu_order":38,"comment_status":"closed","ping_status":"closed","template":"","meta":{"footnotes":""},"class_list":["post-5768","page","type-page","status-publish","hentry"],"_links":{"self":[{"href":"https:\/\/neocatechumenaleiter.org\/it\/wp-json\/wp\/v2\/pages\/5768","targetHints":{"allow":["GET"]}}],"collection":[{"href":"https:\/\/neocatechumenaleiter.org\/it\/wp-json\/wp\/v2\/pages"}],"about":[{"href":"https:\/\/neocatechumenaleiter.org\/it\/wp-json\/wp\/v2\/types\/page"}],"author":[{"embeddable":true,"href":"https:\/\/neocatechumenaleiter.org\/it\/wp-json\/wp\/v2\/users\/2"}],"replies":[{"embeddable":true,"href":"https:\/\/neocatechumenaleiter.org\/it\/wp-json\/wp\/v2\/comments?post=5768"}],"version-history":[{"count":2,"href":"https:\/\/neocatechumenaleiter.org\/it\/wp-json\/wp\/v2\/pages\/5768\/revisions"}],"predecessor-version":[{"id":13899,"href":"https:\/\/neocatechumenaleiter.org\/it\/wp-json\/wp\/v2\/pages\/5768\/revisions\/13899"}],"up":[{"embeddable":true,"href":"https:\/\/neocatechumenaleiter.org\/it\/wp-json\/wp\/v2\/pages\/3717"}],"wp:attachment":[{"href":"https:\/\/neocatechumenaleiter.org\/it\/wp-json\/wp\/v2\/media?parent=5768"}],"curies":[{"name":"wp","href":"https:\/\/api.w.org\/{rel}","templated":true}]}}