{"id":5770,"date":"2020-03-29T03:12:33","date_gmt":"2020-03-29T02:12:33","guid":{"rendered":"https:\/\/neocatechumenaleiter.org\/discorsi-dei-papi\/s-giovanni-paolo-ii\/visita-la-parrocchia-di-santa-maria-regina-mundi-a-torre-spaccata-14-xii-1986\/"},"modified":"2020-06-08T22:09:07","modified_gmt":"2020-06-08T21:09:07","slug":"visita-la-parrocchia-di-santa-maria-regina-mundi-a-torre-spaccata-14-xii-1986","status":"publish","type":"page","link":"https:\/\/neocatechumenaleiter.org\/it\/discorsi-dei-papi\/s-giovanni-paolo-ii\/visita-la-parrocchia-di-santa-maria-regina-mundi-a-torre-spaccata-14-xii-1986\/","title":{"rendered":"Visita alla parrocchia di Santa Maria Regina Mundi a Torre Spaccata 14-XII-1986"},"content":{"rendered":"\n<h1 class=\"has-text-align-center wp-block-heading\">Visita alla parrocchia di Santa Maria Regina Mundi a Torre Spaccata 14-XII-1986<\/h1>\n\n<div style=\"height:20px\" aria-hidden=\"true\" class=\"wp-block-spacer\"><\/div>\n\n<h4 class=\"has-text-align-center wp-block-heading\">S. Giovanni Paolo II<\/h4>\n\n<div style=\"height:20px\" aria-hidden=\"true\" class=\"wp-block-spacer\"><\/div>\n\n<p><strong>Roma, 14 dicembre 1986<\/strong><\/p>\n\n<p><em>Concluso l\u2019incontro con il Consiglio pastorale, in un\u2019altra sala il Papa si \u00e8 incontrato con i rappresentanti di tutti i gruppi e le associazioni, che gli sono stati presentati dal parroco. Tra i fedeli erano anche presenti alcuni nomadi.<\/em>&#13;\n&#13;\n<em>A tutti il Papa ha rivolto queste parole:<\/em><\/p>\n\n<p>Saluto tutti i presenti e, tramite voi, tutti i gruppi di apostolato dei laici, gruppi diversi, caratterizzati, da un certo programma, da una certa spiritualit\u00e0. Ad esempio, c\u2019\u00e8 la spiritualit\u00e0 carmelitana che ha il suo segno visibile nello scapolare carmelitano, che io porto da tanti anni. Poi c\u2019\u00e8 una spiritualit\u00e0 Neocatecumenale e di altri gruppi. Altri programmi, altre spiritualit\u00e0. Tutti contribuiscono al bene comune della Chiesa. Ci\u00f2 che dico corrisponde alle parole di San Paolo: la Chiesa Corpo di Cristo. Molti organi, molti membri, molte cellule contribuiscono alla vita del corpo, di un organismo. Noi siamo anche un organismo spirituale, un organismo mistico, che si chiama corpo di Cristo. Molti organi, molti membri, molte cellule contribuiscono alla vita del corpo, di un organismo. Noi siamo anche un organismo mistico, che si chiama corpo di Cristo e tutti riceviamo da questo organismo i diversi impulsi dello Spirito Santo, le diverse grazie, grazie speciali, i diversi carismi. Poi, con questi impulsi, con queste grazie cerchiamo di contribuire al bene del corpo, all\u2019insieme del corpo mistico di Cristo, della parrocchia che \u00e8, nell\u2019analogia paolina, Corpo di Cristo. Voglio esprimere la mia grande gioia per il modo con il quale avete celebrato oggi il 25\u00b0 della vostra parrocchia, un modo molto degno, molto bello, con tanta partecipazione, con una celebrazione durante la quale si \u00e8 ben pregato e ben cantato. E poi per l\u2019incoronazione della Madonna, Regina del Mondo. Auguro ogni bene a ciascuno di voi, alle vostre associazioni. Che esse siano una sorgente di bene per gli altri e per voi stessi. Vi auguro anche un buon Natale. (*) Cfr. \u00abL&#8217;Osservatore Romano\u00bb, 15-16 dicembre 1986.<\/p>\n","protected":false},"excerpt":{"rendered":"<p>Visita alla parrocchia di Santa Maria Regina Mundi a Torre Spaccata 14-XII-1986 S. Giovanni Paolo II Roma, 14 dicembre 1986 Concluso l\u2019incontro con il Consiglio pastorale, in un\u2019altra sala il Papa si \u00e8 incontrato con i rappresentanti di tutti i gruppi e le associazioni, che gli sono stati presentati dal parroco. Tra i fedeli erano anche presenti alcuni nomadi.&#13; &#13; A tutti il Papa ha rivolto queste parole: Saluto tutti<\/p>\n<div class=\"read-more\"><a class=\"btn read-more-btn\" href=\"https:\/\/neocatechumenaleiter.org\/it\/discorsi-dei-papi\/s-giovanni-paolo-ii\/visita-la-parrocchia-di-santa-maria-regina-mundi-a-torre-spaccata-14-xii-1986\/\">Leggi tutto<\/a><\/div>\n","protected":false},"author":2,"featured_media":0,"parent":3717,"menu_order":39,"comment_status":"closed","ping_status":"closed","template":"","meta":{"footnotes":""},"class_list":["post-5770","page","type-page","status-publish","hentry"],"_links":{"self":[{"href":"https:\/\/neocatechumenaleiter.org\/it\/wp-json\/wp\/v2\/pages\/5770","targetHints":{"allow":["GET"]}}],"collection":[{"href":"https:\/\/neocatechumenaleiter.org\/it\/wp-json\/wp\/v2\/pages"}],"about":[{"href":"https:\/\/neocatechumenaleiter.org\/it\/wp-json\/wp\/v2\/types\/page"}],"author":[{"embeddable":true,"href":"https:\/\/neocatechumenaleiter.org\/it\/wp-json\/wp\/v2\/users\/2"}],"replies":[{"embeddable":true,"href":"https:\/\/neocatechumenaleiter.org\/it\/wp-json\/wp\/v2\/comments?post=5770"}],"version-history":[{"count":7,"href":"https:\/\/neocatechumenaleiter.org\/it\/wp-json\/wp\/v2\/pages\/5770\/revisions"}],"predecessor-version":[{"id":14274,"href":"https:\/\/neocatechumenaleiter.org\/it\/wp-json\/wp\/v2\/pages\/5770\/revisions\/14274"}],"up":[{"embeddable":true,"href":"https:\/\/neocatechumenaleiter.org\/it\/wp-json\/wp\/v2\/pages\/3717"}],"wp:attachment":[{"href":"https:\/\/neocatechumenaleiter.org\/it\/wp-json\/wp\/v2\/media?parent=5770"}],"curies":[{"name":"wp","href":"https:\/\/api.w.org\/{rel}","templated":true}]}}