{"id":5776,"date":"2020-03-29T05:15:48","date_gmt":"2020-03-29T04:15:48","guid":{"rendered":"https:\/\/neocatechumenaleiter.org\/discorsi-dei-papi\/s-giovanni-paolo-ii\/visita-alla-parrocchia-di-santa-lucia-a-piazza-darmi-18-i-1987\/"},"modified":"2020-06-08T21:29:27","modified_gmt":"2020-06-08T20:29:27","slug":"visita-alla-parrocchia-di-santa-lucia-a-piazza-darmi-18-i-1987","status":"publish","type":"page","link":"https:\/\/neocatechumenaleiter.org\/it\/discorsi-dei-papi\/s-giovanni-paolo-ii\/visita-alla-parrocchia-di-santa-lucia-a-piazza-darmi-18-i-1987\/","title":{"rendered":"Visita alla parrocchia di Santa Lucia a piazza d\u2019Armi 18-I-1987"},"content":{"rendered":"\n<h1 class=\"has-text-align-center wp-block-heading\">Visita alla parrocchia di Santa Lucia a piazza d\u2019Armi 18-I-1987<\/h1>\n\n<div style=\"height:20px\" aria-hidden=\"true\" class=\"wp-block-spacer\"><\/div>\n\n<h4 class=\"has-text-align-center wp-block-heading\">S. Giovanni Paolo II<\/h4>\n\n<div style=\"height:20px\" aria-hidden=\"true\" class=\"wp-block-spacer\"><\/div>\n\n<p><strong>Roma, 18 gennaio 1987<\/strong><\/p>\n\n<p><em>In un territorio come quello della parrocchia di Santa Lucia, abitato prevalentemente da persone appartenenti a un ceto medio alto, uno dei problemi pi\u00f9 impellenti \u00e8 quello di evangelizzare o rievangelizzare i tanti lontani e di rivitalizzare una fede che spesso \u00e8 solo formale o superficiale. Proprio per provvedere a queste esigenze da un paio d\u2019anni \u00e8 stato avviato in parrocchia un Cammino Neocatecumenale. \u00c8 sorta una prima comunit\u00e0 di venticinque persone e quest\u2019anno \u00e8 stata riproposta una catechesi ed \u00e8 nata una nuova comunit\u00e0.<\/em>&#13;\n&#13;\n<em>Il Papa ha incontrato le Comunit\u00e0 Neocatecumenali in un\u2019altra saletta. Un giovane gli ha illustrato il significato del Cammino intrapreso, ha detto che si tratta di un piccolo seme che dovr\u00e0 crescere, ma che vuole essere fin d\u2019ora un punto di riferimento per i lontani perch\u00e9 possano tornare alla Casa del Padre.<\/em>&#13;\n&#13;\n<em>\u00a0<\/em><em>Ai rappresentanti delle Comunit\u00e0 Neocatecumenali il Papa si \u00e8 cos\u00ec rivolto:<\/em><\/p>\n\n<p>Allora, cosa voglio dirvi. Io vorrei dirvi che a noi tutti ci mancava e ci manca sempre un vero Catecumenato, un vero Catecumenato come lo avevano i cristiani delle prime generazioni, un Catecumenato come il vostro, un Neocatecumenato. Perch\u00e9 non basta essere gi\u00e0 battezzati, bisogna diventare di nuovo catecumeni. E poi essendo gi\u00e0 battezzati possiamo cominciare un cammino. E questo cammino si incomincia subito diventando, entrando in questo Neocatecumenato. E poi con questa preparazione neocatecumenale si diventa anche itineranti perch\u00e9 Ges\u00f9 ha fatto i suoi pi\u00f9 vicini discepoli apostoli, vuol dire inviati, vuol dire itineranti. Anche io cerco un po\u2019 di imitare il vostro esempio, ma la mia itineranza \u00e8 molto meno dura. Cos\u00ec penso.&#13;\n<\/p>\n\n<p>Allora vi auguro di camminare bene in questo Cammino scelto da voi e in questa itineranza, dovunque siete; siete qui in questa parrocchia, va bene o andate in altre parrocchie di Roma, andate in altre citt\u00e0, in altre comunit\u00e0 italiane o fuori d\u2019Italia, in tutto il mondo.<\/p>\n\n<div class=\"wp-block-image\"><figure class=\"alignright size-large\"><img loading=\"lazy\" decoding=\"async\" width=\"679\" height=\"492\" src=\"https:\/\/neocatechumenaleiter.org\/wp-content\/uploads\/2020\/03\/Camino_Neocatecumenal_Juan_Pablo_II_visita_parroquia_Santa_Lucia_1987.jpg\" alt=\"\" class=\"wp-image-1996\" srcset=\"https:\/\/neocatechumenaleiter.org\/wp-content\/uploads\/2020\/03\/Camino_Neocatecumenal_Juan_Pablo_II_visita_parroquia_Santa_Lucia_1987.jpg 679w, https:\/\/neocatechumenaleiter.org\/wp-content\/uploads\/2020\/03\/Camino_Neocatecumenal_Juan_Pablo_II_visita_parroquia_Santa_Lucia_1987-300x217.jpg 300w\" sizes=\"auto, (max-width: 679px) 100vw, 679px\" \/><\/figure><\/div>\n\n<p>Vi auguro di portare con voi una testimonianza di una fede matura. \u00c8 per questo che voi invocate sempre la Vergine, &#8220;Tu hai creduto alla parola dei Signore&#8221;. La sua fede \u00e8 veramente l\u2019ottimo, il massimo di questo che vuol dire credere, &#8220;hai creduto&#8221;. Ma come ha creduto Maria? <\/p>\n\n<p>Questa \u00e8 una cosa direi stupenda, questa parola non basta. Allora con questa fede matura a immagine di Maria che ha creduto alla parola del Signore voi cercate d\u2019incontrare il mondo contemporaneo, i nostri fratelli e sorelle di questo mondo e di questa epoca difficile, lontana dalla fede. Perch\u00e9 solamente da una fede matura, da una fede fervente si pu\u00f2 accendere anche la luce della fede negli altri, specialmente in quelli che sono lontani.<\/p>\n\n<p>Allora vi benedico di cuore tutti, la vostra famiglia, i vostri bambini e il vostro Cammino. (*) Cfr. \u00abL&#8217;Osservatore Romano\u00bb, 18-19 gennaio 1987, con integrazioni dalla registrazione diretta.<\/p>\n","protected":false},"excerpt":{"rendered":"<p>Visita alla parrocchia di Santa Lucia a piazza d\u2019Armi 18-I-1987 S. Giovanni Paolo II Roma, 18 gennaio 1987 In un territorio come quello della parrocchia di Santa Lucia, abitato prevalentemente da persone appartenenti a un ceto medio alto, uno dei problemi pi\u00f9 impellenti \u00e8 quello di evangelizzare o rievangelizzare i tanti lontani e di rivitalizzare una fede che spesso \u00e8 solo formale o superficiale. Proprio per provvedere a queste esigenze<\/p>\n<div class=\"read-more\"><a class=\"btn read-more-btn\" href=\"https:\/\/neocatechumenaleiter.org\/it\/discorsi-dei-papi\/s-giovanni-paolo-ii\/visita-alla-parrocchia-di-santa-lucia-a-piazza-darmi-18-i-1987\/\">Leggi tutto<\/a><\/div>\n","protected":false},"author":2,"featured_media":0,"parent":3717,"menu_order":41,"comment_status":"closed","ping_status":"closed","template":"","meta":{"footnotes":""},"class_list":["post-5776","page","type-page","status-publish","hentry"],"_links":{"self":[{"href":"https:\/\/neocatechumenaleiter.org\/it\/wp-json\/wp\/v2\/pages\/5776","targetHints":{"allow":["GET"]}}],"collection":[{"href":"https:\/\/neocatechumenaleiter.org\/it\/wp-json\/wp\/v2\/pages"}],"about":[{"href":"https:\/\/neocatechumenaleiter.org\/it\/wp-json\/wp\/v2\/types\/page"}],"author":[{"embeddable":true,"href":"https:\/\/neocatechumenaleiter.org\/it\/wp-json\/wp\/v2\/users\/2"}],"replies":[{"embeddable":true,"href":"https:\/\/neocatechumenaleiter.org\/it\/wp-json\/wp\/v2\/comments?post=5776"}],"version-history":[{"count":3,"href":"https:\/\/neocatechumenaleiter.org\/it\/wp-json\/wp\/v2\/pages\/5776\/revisions"}],"predecessor-version":[{"id":14217,"href":"https:\/\/neocatechumenaleiter.org\/it\/wp-json\/wp\/v2\/pages\/5776\/revisions\/14217"}],"up":[{"embeddable":true,"href":"https:\/\/neocatechumenaleiter.org\/it\/wp-json\/wp\/v2\/pages\/3717"}],"wp:attachment":[{"href":"https:\/\/neocatechumenaleiter.org\/it\/wp-json\/wp\/v2\/media?parent=5776"}],"curies":[{"name":"wp","href":"https:\/\/api.w.org\/{rel}","templated":true}]}}