{"id":5778,"date":"2020-03-29T05:19:12","date_gmt":"2020-03-29T04:19:12","guid":{"rendered":"https:\/\/neocatechumenaleiter.org\/discorsi-dei-papi\/s-giovanni-paolo-ii\/udienza-privata-invio-di-tre-famiglie-in-america-latina-per-la-nuova-evangelizzazione-26-iv-1987\/"},"modified":"2020-03-29T05:19:12","modified_gmt":"2020-03-29T04:19:12","slug":"udienza-privata-invio-di-tre-famiglie-in-america-latina-per-la-nuova-evangelizzazione-26-iv-1987","status":"publish","type":"page","link":"https:\/\/neocatechumenaleiter.org\/it\/discorsi-dei-papi\/s-giovanni-paolo-ii\/udienza-privata-invio-di-tre-famiglie-in-america-latina-per-la-nuova-evangelizzazione-26-iv-1987\/","title":{"rendered":"Udienza privata invio di tre famiglie in america latina per la \u201cNuova Evangelizzazione&#8221; 26-IV-1987"},"content":{"rendered":"\n<h1 class=\"has-text-align-center wp-block-heading\">Udienza privata invio di tre famiglie in america latina per la \u201cNuova Evangelizzazione&#8221; 26-IV-1987<\/h1>\n\n<div style=\"height:20px\" aria-hidden=\"true\" class=\"wp-block-spacer\"><\/div>\n\n<h4 class=\"has-text-align-center wp-block-heading\">S. Giovanni Paolo II<\/h4>\n\n<div style=\"height:20px\" aria-hidden=\"true\" class=\"wp-block-spacer\"><\/div>\n\n<p><strong>Citt\u00e0 del Vaticano, 26 aprile 1987&#13;\n<\/strong><\/p>\n\n<p><em>Tre <\/em><em>famiglie spagnole che hanno terminato l\u2019itinerario neocatecumenale hanno ricevuto dal Santo Padre il crocifisso come segno di invio, prima di partire per i \u201cpueblos jovenes&#8221; della citt\u00e0 di Lima in Per\u00f9.<\/em>&#13;\n&#13;\n<em>In questi agglomerati urbani privi di ogni tipo di struttura sociale, costituiti da capanne di stuoie rizzate sulla sabbia dai contadini che si riversano a migliaia nella citt\u00e0, il Cardinale Land\u00e1zuri ha affidato a queste famiglie delle intere aree in cui la presenza della Chiesa \u00e8 quasi inesistente.<\/em><\/p>\n\n<div class=\"wp-block-image\"><figure class=\"aligncenter size-large\"><img loading=\"lazy\" decoding=\"async\" width=\"358\" height=\"293\" src=\"https:\/\/neocatechumenaleiter.org\/wp-content\/uploads\/2020\/03\/Camino_Neocatecumenal_Juan_Pablo_II_audiencia_privada_envio_familias_mision_1987.jpg\" alt=\"\" class=\"wp-image-2006\" srcset=\"https:\/\/neocatechumenaleiter.org\/wp-content\/uploads\/2020\/03\/Camino_Neocatecumenal_Juan_Pablo_II_audiencia_privada_envio_familias_mision_1987.jpg 358w, https:\/\/neocatechumenaleiter.org\/wp-content\/uploads\/2020\/03\/Camino_Neocatecumenal_Juan_Pablo_II_audiencia_privada_envio_familias_mision_1987-300x246.jpg 300w\" sizes=\"auto, (max-width: 358px) 100vw, 358px\" \/><\/figure><\/div>\n","protected":false},"excerpt":{"rendered":"<p>Udienza privata invio di tre famiglie in america latina per la \u201cNuova Evangelizzazione&#8221; 26-IV-1987 S. Giovanni Paolo II Citt\u00e0 del Vaticano, 26 aprile 1987&#13; Tre famiglie spagnole che hanno terminato l\u2019itinerario neocatecumenale hanno ricevuto dal Santo Padre il crocifisso come segno di invio, prima di partire per i \u201cpueblos jovenes&#8221; della citt\u00e0 di Lima in Per\u00f9.&#13; &#13; In questi agglomerati urbani privi di ogni tipo di struttura sociale, costituiti da<\/p>\n<div class=\"read-more\"><a class=\"btn read-more-btn\" href=\"https:\/\/neocatechumenaleiter.org\/it\/discorsi-dei-papi\/s-giovanni-paolo-ii\/udienza-privata-invio-di-tre-famiglie-in-america-latina-per-la-nuova-evangelizzazione-26-iv-1987\/\">Leggi tutto<\/a><\/div>\n","protected":false},"author":2,"featured_media":0,"parent":3717,"menu_order":42,"comment_status":"closed","ping_status":"closed","template":"","meta":{"footnotes":""},"class_list":["post-5778","page","type-page","status-publish","hentry"],"_links":{"self":[{"href":"https:\/\/neocatechumenaleiter.org\/it\/wp-json\/wp\/v2\/pages\/5778","targetHints":{"allow":["GET"]}}],"collection":[{"href":"https:\/\/neocatechumenaleiter.org\/it\/wp-json\/wp\/v2\/pages"}],"about":[{"href":"https:\/\/neocatechumenaleiter.org\/it\/wp-json\/wp\/v2\/types\/page"}],"author":[{"embeddable":true,"href":"https:\/\/neocatechumenaleiter.org\/it\/wp-json\/wp\/v2\/users\/2"}],"replies":[{"embeddable":true,"href":"https:\/\/neocatechumenaleiter.org\/it\/wp-json\/wp\/v2\/comments?post=5778"}],"version-history":[{"count":1,"href":"https:\/\/neocatechumenaleiter.org\/it\/wp-json\/wp\/v2\/pages\/5778\/revisions"}],"predecessor-version":[{"id":5779,"href":"https:\/\/neocatechumenaleiter.org\/it\/wp-json\/wp\/v2\/pages\/5778\/revisions\/5779"}],"up":[{"embeddable":true,"href":"https:\/\/neocatechumenaleiter.org\/it\/wp-json\/wp\/v2\/pages\/3717"}],"wp:attachment":[{"href":"https:\/\/neocatechumenaleiter.org\/it\/wp-json\/wp\/v2\/media?parent=5778"}],"curies":[{"name":"wp","href":"https:\/\/api.w.org\/{rel}","templated":true}]}}