{"id":5780,"date":"2020-03-29T05:26:09","date_gmt":"2020-03-29T04:26:09","guid":{"rendered":"https:\/\/neocatechumenaleiter.org\/discorsi-dei-papi\/s-giovanni-paolo-ii\/visita-alla-parrocchia-di-s-eligio-26-iv-1987\/"},"modified":"2020-04-25T18:30:57","modified_gmt":"2020-04-25T17:30:57","slug":"visita-alla-parrocchia-di-s-eligio-26-iv-1987","status":"publish","type":"page","link":"https:\/\/neocatechumenaleiter.org\/it\/discorsi-dei-papi\/s-giovanni-paolo-ii\/visita-alla-parrocchia-di-s-eligio-26-iv-1987\/","title":{"rendered":"Visita alla parrocchia di S. Eligio 26-IV-1987"},"content":{"rendered":"\n<h1 class=\"has-text-align-center wp-block-heading\">Visita alla parrocchia di S. Eligio 26-IV-1987<\/h1>\n\n<div style=\"height:20px\" aria-hidden=\"true\" class=\"wp-block-spacer\"><\/div>\n\n<h4 class=\"has-text-align-center wp-block-heading\">S. Giovanni Paolo II<\/h4>\n\n<div style=\"height:20px\" aria-hidden=\"true\" class=\"wp-block-spacer\"><\/div>\n\n<p><strong>Roma, 26 aprile 1987<\/strong><\/p>\n\n<p><em>Una importante testimonianza cristiana \u00e8 offerta nella parrocchia di S. Eligio dai laici riuniti nella Comunit\u00e0 Neocatecumenale. \u00c8 anzitutto una comunit\u00e0 aperta, non chiusa in s\u00e9 stessa, bene integrata nella vita della parrocchia. Questa presenza ha portato ovunque, e in particolare nelle famiglie, un significativo messaggio di libert\u00e0 e di amore grazie anche al modo di essere dei membri della comunit\u00e0: diretto, semplice, umile.<\/em>&#013;\n&#013;\n<em>Giovanni Paolo II si \u00e8 incontrato con i rappresentanti della Comunit\u00e0 Neocatecumenale in un altro locale della parrocchia. Al suo ingresso \u00e8 stato accolto dalle belle e sempre commoventi parole della canzone dedicata a Maria: \u00abMaria, Beata Maria, Tu hai creduto alla Parola del Signore&#8230;\u00bb.<\/em>&#013;\n&#013;\n<em>Quindi un esponente del gruppo ha tracciato brevemente la storia della Comunit\u00e0 Neocatecumenale nella parrocchia di S. Eligio. Ha raccontato delle difficolt\u00e0 iniziali, ha parlato dei momenti forti che si vivono insieme in parrocchia e ha detto di come la Comunit\u00e0 sia aperta alla realt\u00e0 circostante. \u00abDalla Sua visita \u2212 <\/em>ha concluso <em>\u2212 cercheremo di trarre forza e stimoli per continuare con rinnovato impegno nel nostro cammino di fede\u00bb.<\/em><\/p>\n\n<p><em>Rispondendo all\u2019indirizzo di saluto il Papa ha detto:<\/em><\/p>\n\n<p>Soprattutto forse avrei anche il diritto di salutarvi da parte di tante Comunit\u00e0 Neocatecumenali che ho incontrato, almeno ho visto con gli occhi, ho incontrato in America Latina, in diversi luoghi del mio trascorso, del mio itinerario. Cominciando da Montevideo poi per quel lunghissimo paese che \u00e8 il Cile e poi per quell\u2019altro grande paese, l\u2019Argentina. Ho visto tante volte quella iscrizione \u201cComunit\u00e0 Neocatecumenali\u201d, naturalmente in spagnolo. Allora tutti quelli che salutavano il Papa, accoglievano il Papa, anzi lo accoglievano con lo stesso spirito come lo accolgono qui a Roma i neocatecumenali in diverse parrocchie. Gli stessi canti, almeno con le stesse melodie che vengono cantate qui, con gli stessi temi. Io penso che dovrei approfittare del nostro incontro e almeno riferire questo, perch\u00e9 veramente il vostro movimento \u00e8 molto dinamico e va in diverse zone del mondo. Sente la sua vocazione, la chiamata del Signore di essere presente nella Chiesa, dove la Chiesa \u00e8 gi\u00e0 costituita, dove la Chiesa vive il suo cammino cristiano, battesimale, ma anche dove la Chiesa qualche volta \u00e8 molto debole, molto ridotta, nei Paesi con maggioranza non cattolica, come per esempio nei Paesi Scandinavi.<\/p>\n\n<p>Questa \u00e8 la prima cosa che voglio dirvi. Poi voglio sottolineare la caratteristica di questo incontro di oggi che avviene nella seconda domenica di Pasqua, voglio dire alla fine dell\u2019ottava pasquale. Per tutti i cristiani, i cattolici, ancora forse con maggiore rilievo per gli Ortodossi, per tutti i cristiani \u00e8 veramente la pi\u00f9 grande solennit\u00e0, \u00absollemnitas sollemnitatum\u00bb. Ma non solamente solennit\u00e0: <strong>\u00e8 il mistero pi\u00f9 grande. <\/strong>Mistero in cui comincia il nostro cammino spirituale, e con cui termina, verso cui viene orientato il nostro cammino spirituale.&#013;\n&#013;\nVoi, come Neocatecumenali, siete specialmente orientati verso questo mistero pasquale, tramite la realt\u00e0 sacramentale del Battesimo. E ancora noi viviamo insieme a Pasqua il Battesimo. Basta vedere la liturgia della Vigilia pasquale, tutta questa liturgia come era celebrata da secoli, specialmente nelle prime generazioni cristiane e come \u00e8 celebrata anche oggi in S. Pietro. Unisce queste due dimensioni: <strong>dimensione pasquale <\/strong><strong>e dimensione battesimale.<\/strong>&#013;\n&#013;\nPerch\u00e9 quello che corrisponde alla realt\u00e0 pasquale \u00e8 la nostra vita, \u00e8 soprattutto, non direi soprattutto ma primo, il Battesimo. E la vostra vocazione \u00e8 di vivere pi\u00f9 profondamente il Battesimo, di approfondire il mistero battesimale che costituisce punto di partenza, fondamento della nostra vita cristiana, del nostro essere cristiani.&#013;\n&#013;\nAllora io vi auguro di continuare nel vostro cammino che \u00e8 Cammino Neocatecumenale, vuol dire nello stesso tempo anche cammino dell\u2019intensit\u00e0 della Parola di Dio. Vanno insieme: <strong>Sacramento, Battesimo e Parola di Dio<\/strong>.<\/p>\n\n<p>Possiamo dire che il Movimento Neocatecumenale ha ricevuto questa grande sfida della Parola di Dio. Contemplare questa Parola, approfondire \u2013 leggere nel senso profondo della parola \u00ableggere\u00bb \u2013 leggere vuol dire appunto approfondire, vuol dire andare fino al fondo dei significati, nell\u2019essenza delle cose significate. Ecco, <strong>la vostra vocazione neocatecumenale \u00e8 molto legata, profondamente legata, alla Parola di Dio. <\/strong>Vivere la Parola di Dio \u00e8 far vivere la Parola di Dio agli altri.&#013;\n&#013;\nCos\u00ec voi siete molte volte insieme catecumenali e catechisti e questo \u00e8 giusto. Si pu\u00f2 dire che una buona formazione per essere catechisti \u00e8 essere anche Neocatecumenali, vivere questo Cammino Neocatecumenale. Perch\u00e9 le verit\u00e0 della fede non possono essere solamente interpretate intellettualmente, con le nozioni speculative. S\u00ec, anche con quelle, ma <strong>soprattutto devono essere vissute con la grazia di Dio, con la luce dello Spirito Santo.<\/strong>&#013;\n&#013;\nEcco, basta, per non entrare troppo nelle materie che sono proprie delle vostre riunioni specifiche di Neocatecumenali.&#013;\n&#013;\nVi auguro una buona Pasqua, questo \u201cChrist\u00f3s An\u00e9sti\u201d, come si dice in greco, o \u201c<strong>Christ\u00f3s Vascr\u00e9s<\/strong>\u201d, come si dice in russo. Questo esprime il centro, il nucleo del nostro cristianesimo.<\/p>\n\n<p>Vi auguro di essere sempre pi\u00f9 vicini a questo nucleo del nostro cristianesimo e di fare avvicinare gli altri, anche i pi\u00f9 lontani, a questo nucleo centrale del nostro cristianesimo.<\/p>\n\n<p>Il Signore benedica voi e le vostre famiglie: famiglie, sposi, giovani, bambini, tutti. (*) Cfr. \u00abL&#8217;Osservatore Romano\u00bb, 27-28 aprile 1987, con integrazioni dalla registrazione diretta.<\/p>\n","protected":false},"excerpt":{"rendered":"<p>Visita alla parrocchia di S. Eligio 26-IV-1987 S. Giovanni Paolo II Roma, 26 aprile 1987 Una importante testimonianza cristiana \u00e8 offerta nella parrocchia di S. Eligio dai laici riuniti nella Comunit\u00e0 Neocatecumenale. \u00c8 anzitutto una comunit\u00e0 aperta, non chiusa in s\u00e9 stessa, bene integrata nella vita della parrocchia. Questa presenza ha portato ovunque, e in particolare nelle famiglie, un significativo messaggio di libert\u00e0 e di amore grazie anche al modo<\/p>\n<div class=\"read-more\"><a class=\"btn read-more-btn\" href=\"https:\/\/neocatechumenaleiter.org\/it\/discorsi-dei-papi\/s-giovanni-paolo-ii\/visita-alla-parrocchia-di-s-eligio-26-iv-1987\/\">Leggi tutto<\/a><\/div>\n","protected":false},"author":2,"featured_media":0,"parent":3717,"menu_order":43,"comment_status":"closed","ping_status":"closed","template":"","meta":{"footnotes":""},"class_list":["post-5780","page","type-page","status-publish","hentry"],"_links":{"self":[{"href":"https:\/\/neocatechumenaleiter.org\/it\/wp-json\/wp\/v2\/pages\/5780","targetHints":{"allow":["GET"]}}],"collection":[{"href":"https:\/\/neocatechumenaleiter.org\/it\/wp-json\/wp\/v2\/pages"}],"about":[{"href":"https:\/\/neocatechumenaleiter.org\/it\/wp-json\/wp\/v2\/types\/page"}],"author":[{"embeddable":true,"href":"https:\/\/neocatechumenaleiter.org\/it\/wp-json\/wp\/v2\/users\/2"}],"replies":[{"embeddable":true,"href":"https:\/\/neocatechumenaleiter.org\/it\/wp-json\/wp\/v2\/comments?post=5780"}],"version-history":[{"count":5,"href":"https:\/\/neocatechumenaleiter.org\/it\/wp-json\/wp\/v2\/pages\/5780\/revisions"}],"predecessor-version":[{"id":8523,"href":"https:\/\/neocatechumenaleiter.org\/it\/wp-json\/wp\/v2\/pages\/5780\/revisions\/8523"}],"up":[{"embeddable":true,"href":"https:\/\/neocatechumenaleiter.org\/it\/wp-json\/wp\/v2\/pages\/3717"}],"wp:attachment":[{"href":"https:\/\/neocatechumenaleiter.org\/it\/wp-json\/wp\/v2\/media?parent=5780"}],"curies":[{"name":"wp","href":"https:\/\/api.w.org\/{rel}","templated":true}]}}