{"id":5784,"date":"2020-03-29T05:39:01","date_gmt":"2020-03-29T04:39:01","guid":{"rendered":"https:\/\/neocatechumenaleiter.org\/discorsi-dei-papi\/s-giovanni-paolo-ii\/udienza-ad-alcune-comunita-neocatecumenali-spagnole-5-xii-1987\/"},"modified":"2020-03-29T05:39:02","modified_gmt":"2020-03-29T04:39:02","slug":"udienza-ad-alcune-comunita-neocatecumenali-spagnole-5-xii-1987","status":"publish","type":"page","link":"https:\/\/neocatechumenaleiter.org\/it\/discorsi-dei-papi\/s-giovanni-paolo-ii\/udienza-ad-alcune-comunita-neocatecumenali-spagnole-5-xii-1987\/","title":{"rendered":"Udienza ad alcune Comunit\u00e0 Neocatecumenali spagnole 5-XII-1987"},"content":{"rendered":"\n<h1 class=\"has-text-align-center wp-block-heading\">Udienza ad alcune Comunit\u00e0 Neocatecumenali spagnole 5-XII-1987<\/h1>\n\n<div style=\"height:20px\" aria-hidden=\"true\" class=\"wp-block-spacer\"><\/div>\n\n<h4 class=\"has-text-align-center wp-block-heading\">S. Giovanni Paolo II<\/h4>\n\n<div style=\"height:20px\" aria-hidden=\"true\" class=\"wp-block-spacer\"><\/div>\n\n<div class=\"wp-block-image\"><figure class=\"alignright size-medium\"><img loading=\"lazy\" decoding=\"async\" width=\"400\" height=\"330\" src=\"https:\/\/neocatechumenaleiter.org\/wp-content\/uploads\/2020\/03\/Camino_Neocatecumenal_Juan_Pablo_II_audiencia_comunidades_de_espa\u00f1a_1987.jpg\" alt=\"\" class=\"wp-image-2036\" srcset=\"https:\/\/neocatechumenaleiter.org\/wp-content\/uploads\/2020\/03\/Camino_Neocatecumenal_Juan_Pablo_II_audiencia_comunidades_de_espa\u00f1a_1987.jpg 400w, https:\/\/neocatechumenaleiter.org\/wp-content\/uploads\/2020\/03\/Camino_Neocatecumenal_Juan_Pablo_II_audiencia_comunidades_de_espa\u00f1a_1987-300x248.jpg 300w\" sizes=\"auto, (max-width: 400px) 100vw, 400px\" \/><\/figure><\/div>\n\n<p><strong>Citt\u00e0 del Vaticano &#8211; Cappella Matilde, 5 dicembre 1987<\/strong><\/p>\n\n<p><em>Poco dopo mezzogiorno di oggi sabato 5 dicembre, nella Cappella Matilde, il Santo Padre ha ricevuto in udienza i membri di alcune Comunit\u00e0 Neocatecumenali di Madrid.<\/em>&#13;\n&#13;\n<em>Qui sotto il testo delle parole pronunciate dal Papa. (Una nostra traduzione dallo spagnolo):<\/em><\/p>\n\n<p>Amatissimi fratelli e sorelle: \u00e8 per me motivo di viva soddisfazione ricevere questa mattina le Comunit\u00e0 Neocatecumenali delle parrocchie di Madrid: S. Roque, Santa Catalina Labour\u00e9, Nuestra Senora de la Paloma e il gruppo dei catechisti itineranti.<\/p>\n\n<p>A tutti e a ognuno di voi desidero riservare un cordiale saluto di benvenuto. So che siete venuti a Roma con il proposito principale di fare di nuovo la vostra professione di fede davanti alla tomba dell\u2019Apostolo.<\/p>\n\n<p>Il Cammino Neocatecumenale vi porta alla meditazione e all\u2019esperienza profonda delle verit\u00e0 del Credo come forza vitale del vostro essere cristiani e come esigenza di testimoniare le grandezze battesimali.<\/p>\n\n<div class=\"wp-block-image\"><figure class=\"alignleft size-medium\"><img loading=\"lazy\" decoding=\"async\" width=\"400\" height=\"329\" src=\"https:\/\/neocatechumenaleiter.org\/wp-content\/uploads\/2020\/03\/Camino_Neocatecumenal_Juan_Pablo_II_audiencia_comunidades_de_espa\u00f1a_19872.jpg\" alt=\"\" class=\"wp-image-2043\" srcset=\"https:\/\/neocatechumenaleiter.org\/wp-content\/uploads\/2020\/03\/Camino_Neocatecumenal_Juan_Pablo_II_audiencia_comunidades_de_espa\u00f1a_19872.jpg 400w, https:\/\/neocatechumenaleiter.org\/wp-content\/uploads\/2020\/03\/Camino_Neocatecumenal_Juan_Pablo_II_audiencia_comunidades_de_espa\u00f1a_19872-300x247.jpg 300w\" sizes=\"auto, (max-width: 400px) 100vw, 400px\" \/><\/figure><\/div>\n\n<p>Sentire e far diventare vita le verit\u00e0 della nostra fede \u00e8 elemento essenziale per irrobustire la nostra comunione nel seno della Chiesa, nostra madre.<\/p>\n\n<p>Per questo chiedo a Dio che il vostro pellegrinaggio a Roma, centro della cattolicit\u00e0, vi radichi nella universalit\u00e0 del vostro impegno cristiano e vi incoraggi nel vostro camminare come itineranti al servizio del Vangelo.<\/p>\n\n<p>Ritornando alle vostre comunit\u00e0 in Spagna e nel mondo portate a tutti il saluto del Papa, che pensa a tutti e prega per tutti con grande affetto e viva speranza. Vi affido, in questo Anno Mariano, alla protezione della Vergine Santissima, modello di santit\u00e0 e docile all&#8217;azione dello Spirito. Lei vi accompagni nel vostro cammino.<\/p>\n\n<p>Vi impartisco come segno di benevolenza la benedizione apostolica. (*) Cfr. \u00abL&#8217;Osservatore Romano\u00bb, 6 dicembre 1987.<\/p>\n","protected":false},"excerpt":{"rendered":"<p>Udienza ad alcune Comunit\u00e0 Neocatecumenali spagnole 5-XII-1987 S. Giovanni Paolo II Citt\u00e0 del Vaticano &#8211; Cappella Matilde, 5 dicembre 1987 Poco dopo mezzogiorno di oggi sabato 5 dicembre, nella Cappella Matilde, il Santo Padre ha ricevuto in udienza i membri di alcune Comunit\u00e0 Neocatecumenali di Madrid.&#13; &#13; Qui sotto il testo delle parole pronunciate dal Papa. (Una nostra traduzione dallo spagnolo): Amatissimi fratelli e sorelle: \u00e8 per me motivo di<\/p>\n<div class=\"read-more\"><a class=\"btn read-more-btn\" href=\"https:\/\/neocatechumenaleiter.org\/it\/discorsi-dei-papi\/s-giovanni-paolo-ii\/udienza-ad-alcune-comunita-neocatecumenali-spagnole-5-xii-1987\/\">Leggi tutto<\/a><\/div>\n","protected":false},"author":2,"featured_media":0,"parent":3717,"menu_order":45,"comment_status":"closed","ping_status":"closed","template":"","meta":{"footnotes":""},"class_list":["post-5784","page","type-page","status-publish","hentry"],"_links":{"self":[{"href":"https:\/\/neocatechumenaleiter.org\/it\/wp-json\/wp\/v2\/pages\/5784","targetHints":{"allow":["GET"]}}],"collection":[{"href":"https:\/\/neocatechumenaleiter.org\/it\/wp-json\/wp\/v2\/pages"}],"about":[{"href":"https:\/\/neocatechumenaleiter.org\/it\/wp-json\/wp\/v2\/types\/page"}],"author":[{"embeddable":true,"href":"https:\/\/neocatechumenaleiter.org\/it\/wp-json\/wp\/v2\/users\/2"}],"replies":[{"embeddable":true,"href":"https:\/\/neocatechumenaleiter.org\/it\/wp-json\/wp\/v2\/comments?post=5784"}],"version-history":[{"count":1,"href":"https:\/\/neocatechumenaleiter.org\/it\/wp-json\/wp\/v2\/pages\/5784\/revisions"}],"predecessor-version":[{"id":5785,"href":"https:\/\/neocatechumenaleiter.org\/it\/wp-json\/wp\/v2\/pages\/5784\/revisions\/5785"}],"up":[{"embeddable":true,"href":"https:\/\/neocatechumenaleiter.org\/it\/wp-json\/wp\/v2\/pages\/3717"}],"wp:attachment":[{"href":"https:\/\/neocatechumenaleiter.org\/it\/wp-json\/wp\/v2\/media?parent=5784"}],"curies":[{"name":"wp","href":"https:\/\/api.w.org\/{rel}","templated":true}]}}