{"id":5788,"date":"2020-03-29T05:52:04","date_gmt":"2020-03-29T04:52:04","guid":{"rendered":"https:\/\/neocatechumenaleiter.org\/discorsi-dei-papi\/s-giovanni-paolo-ii\/udienza-privata-invio-di-trentasei-famiglie-per-la-nuova-evangelizzazione-27-xii-1987\/"},"modified":"2020-06-09T18:38:04","modified_gmt":"2020-06-09T17:38:04","slug":"udienza-privata-invio-di-trentasei-famiglie-per-la-nuova-evangelizzazione-27-xii-1987","status":"publish","type":"page","link":"https:\/\/neocatechumenaleiter.org\/it\/discorsi-dei-papi\/s-giovanni-paolo-ii\/udienza-privata-invio-di-trentasei-famiglie-per-la-nuova-evangelizzazione-27-xii-1987\/","title":{"rendered":"Udienza privata invio di trentasei famiglie per la &#8220;Nuova Evangelizzazione&#8221; 27-XII-1987"},"content":{"rendered":"\n<h1 class=\"has-text-align-center wp-block-heading\">Udienza privata invio di trentasei famiglie per la &#8220;Nuova Evangelizzazione&#8221; 27-XII-1987<\/h1>\n\n<div style=\"height:20px\" aria-hidden=\"true\" class=\"wp-block-spacer\"><\/div>\n\n<h4 class=\"has-text-align-center wp-block-heading\">S. Giovanni Paolo II<\/h4>\n\n<div style=\"height:20px\" aria-hidden=\"true\" class=\"wp-block-spacer\"><\/div>\n\n<p><strong>Castel Gandolfo: Festa della Sacra Famiglia, 27 dicembre 1987<\/strong><\/p>\n\n<p><em>Trentasei<\/em> <em>famiglie appartenenti a diverse Comunit\u00e0 Neocatecumenali hanno ricevuto dalle mani del Papa il crocifisso che le accompagner\u00e0 nei luoghi di missione, verso i quali si accingono a partire. La semplice cerimonia della consegna \u00e8 avvenuta domenica mattina, 27 dicembre, nel Salone degli Svizzeri del Palazzo Pontificio di Castel Gandolfo, dopo il consueto appuntamento mariano del Papa con i fedeli per la recita dell\u2019<\/em>Angelus<em>.<\/em><\/p>\n\n<p><em>Alle famiglie presenti, il Papa ha rivolto le seguenti parole, che riportiamo qui di seguito:<\/em><\/p>\n\n<p>Carissimi amici, vi ringrazio per questa vostra visita oggi a Castel Gandolfo, in un giorno tanto significativo durante le feste natalizie. Il Santo Natale si celebra con grande solennit\u00e0 liturgica, anche con grande gioia e partecipazione popolare; ma forse non ci rendiamo sufficientemente conto di quello che \u00e8 il Santo Natale.<\/p>\n\n<p>Il Santo Natale \u00e8 l\u2019inizio di una missione, missione divina tra gli uomini: Dio, che nasce come figlio dell\u2019uomo, dalla donna, \u00e8 un inviato del Padre, del Padre celeste, e nasce per compiere questa missione. E allora subito dopo il Santo Natale viene la celebrazione della festa odierna: della Sacra Famiglia. E questo \u00e8 molto significativo, vuol dire che questa missione divina, diventata umana con la incarnazione del Verbo di Dio, questa missione viene affidata in primo luogo alla famiglia.<\/p>\n\n<p>Io vedo in questo incontro, e nell\u2019evolversi del vostro Cammino Neocatecumenale e nel progetto missionario affidato a diverse famiglie \u2013 non a singole persone, ma alle famiglie intere \u2013 vedo un\u2019attuazione, una realizzazione di questo significativo evento che appartiene alla Storia della Salvezza, alla storia della missione divina fra tutta la famiglia umana, tra gli uomini, tra il genere umano. E vi auguro di partecipare a questa missione divina affidata alla Sacra Famiglia con le vostre famiglie, soprattutto con la vita di queste famiglie, vita fedele a quello che Dio stesso vuole che sia la famiglia umana e che ha mostrato nella Sacra Famiglia di Nazareth.<\/p>\n\n<p>Poi la missione vi chiama \u201cad extra\u201d, <strong>la missione vuol dire andare, ammaestrare, <\/strong>fare quello che Ges\u00f9 ha detto agli apostoli alla fine della sua missione messianica su questa terra. Ma dice molto bene il Concilio Vaticano II che quei Dodici erano rappresentanti di tutto il nuovo Israele, naturalmente inclusa la famiglia, che \u00e8 la cellula base di ogni po- polo, del vecchio e del nuovo Israele. Allora la loro missione deve coinvolgere le famiglie: e questo cerchiamo di riscoprirlo, perch\u00e9 forse era un po\u2019 nascosto, non era sufficientemente valutato, non era sufficientemente attuato bench\u00e9 ci siano nella Chiesa molte buone tradizioni della famiglia cristiana; ma quella caratteristica missionaria \u00e8 una certa novit\u00e0.&#13;\n&#13;\nIl vento del vostro movimento, o meglio del vostro Cammino, cerca appunto di riscoprire questa <strong>novit\u00e0 missionaria della famiglia: la Chiesa in \u201cstatu missionis\u201d, la Chiesa missionaria tutta intera, la famiglia in &#8220;status missionis&#8221;.<\/strong><\/p>\n\n<p>Vi auguro di camminare \u2013 camminare vuol dire anche muoversi \u2013 camminare bene in questa strada che avete trovato nel Cammino Neocatecumenale. <\/p>\n\n<p>E voglio dare una benedizione a tutti voi qui presenti, a quelli che si preparano a una missione nei paesi lontani, forse non tanto, non sempre geograficamente, ma molto spesso spiritualmente lontani dalla fede, dalla visione cristiana della vita.<\/p>\n\n<p>Ecco, questa \u00e8 la missione delle famiglie: per avvicinare una famiglia lontana, che si \u00e8 allontanata dalla fede, ci vuole la presenza delle famiglie, la testimonianza delle famiglie, l\u2019apostolato delle famiglie.<br\/><br\/><em>(*) Cfr. \u00abL&#8217;Osservatore Romano\u00bb, 30 dicembre 1987.<\/em><\/p>\n\n<figure class=\"wp-block-gallery columns-3 is-cropped wp-block-gallery-1 is-layout-flex wp-block-gallery-is-layout-flex\"><ul class=\"blocks-gallery-grid\"><li class=\"blocks-gallery-item\"><figure><img loading=\"lazy\" decoding=\"async\" width=\"703\" height=\"536\" src=\"https:\/\/neocatechumenaleiter.org\/wp-content\/uploads\/2020\/03\/Camino_Neocatecumenal_Juan_Pablo_II_audiencia_privada_envio_36_familias_mision_1987.jpg\" alt=\"\" data-id=\"2075\" data-full-url=\"https:\/\/neocatechumenaleiter.org\/wp-content\/uploads\/2020\/03\/Camino_Neocatecumenal_Juan_Pablo_II_audiencia_privada_envio_36_familias_mision_1987.jpg\" data-link=\"https:\/\/neocatechumenaleiter.org\/?attachment_id=2075\" class=\"wp-image-2078\" srcset=\"https:\/\/neocatechumenaleiter.org\/wp-content\/uploads\/2020\/03\/Camino_Neocatecumenal_Juan_Pablo_II_audiencia_privada_envio_36_familias_mision_1987.jpg 703w, https:\/\/neocatechumenaleiter.org\/wp-content\/uploads\/2020\/03\/Camino_Neocatecumenal_Juan_Pablo_II_audiencia_privada_envio_36_familias_mision_1987-300x229.jpg 300w\" sizes=\"auto, (max-width: 703px) 100vw, 703px\" \/><\/figure><\/li><li class=\"blocks-gallery-item\"><figure><img loading=\"lazy\" decoding=\"async\" width=\"701\" height=\"569\" src=\"https:\/\/neocatechumenaleiter.org\/wp-content\/uploads\/2020\/03\/Camino_Neocatecumenal_Juan_Pablo_II_audiencia_privada_envio_36_familias_mision_19873.jpg\" alt=\"\" data-id=\"2068\" data-full-url=\"https:\/\/neocatechumenaleiter.org\/wp-content\/uploads\/2020\/03\/Camino_Neocatecumenal_Juan_Pablo_II_audiencia_privada_envio_36_familias_mision_19873.jpg\" data-link=\"https:\/\/neocatechumenaleiter.org\/?attachment_id=2068\" class=\"wp-image-2071\" srcset=\"https:\/\/neocatechumenaleiter.org\/wp-content\/uploads\/2020\/03\/Camino_Neocatecumenal_Juan_Pablo_II_audiencia_privada_envio_36_familias_mision_19873.jpg 701w, https:\/\/neocatechumenaleiter.org\/wp-content\/uploads\/2020\/03\/Camino_Neocatecumenal_Juan_Pablo_II_audiencia_privada_envio_36_familias_mision_19873-300x244.jpg 300w\" sizes=\"auto, (max-width: 701px) 100vw, 701px\" \/><\/figure><\/li><li class=\"blocks-gallery-item\"><figure><img loading=\"lazy\" decoding=\"async\" width=\"768\" height=\"535\" src=\"https:\/\/neocatechumenaleiter.org\/wp-content\/uploads\/2020\/03\/Camino_Neocatecumenal_Juan_Pablo_II_audiencia_privada_envio_36_familias_mision_19872.jpg\" alt=\"\" data-id=\"2061\" data-full-url=\"https:\/\/neocatechumenaleiter.org\/wp-content\/uploads\/2020\/03\/Camino_Neocatecumenal_Juan_Pablo_II_audiencia_privada_envio_36_familias_mision_19872.jpg\" data-link=\"https:\/\/neocatechumenaleiter.org\/?attachment_id=2061\" class=\"wp-image-2064\" srcset=\"https:\/\/neocatechumenaleiter.org\/wp-content\/uploads\/2020\/03\/Camino_Neocatecumenal_Juan_Pablo_II_audiencia_privada_envio_36_familias_mision_19872.jpg 768w, https:\/\/neocatechumenaleiter.org\/wp-content\/uploads\/2020\/03\/Camino_Neocatecumenal_Juan_Pablo_II_audiencia_privada_envio_36_familias_mision_19872-300x209.jpg 300w\" sizes=\"auto, (max-width: 768px) 100vw, 768px\" \/><\/figure><\/li><\/ul><\/figure>","protected":false},"excerpt":{"rendered":"<p>Udienza privata invio di trentasei famiglie per la &#8220;Nuova Evangelizzazione&#8221; 27-XII-1987 S. Giovanni Paolo II Castel Gandolfo: Festa della Sacra Famiglia, 27 dicembre 1987 Trentasei famiglie appartenenti a diverse Comunit\u00e0 Neocatecumenali hanno ricevuto dalle mani del Papa il crocifisso che le accompagner\u00e0 nei luoghi di missione, verso i quali si accingono a partire. La semplice cerimonia della consegna \u00e8 avvenuta domenica mattina, 27 dicembre, nel Salone degli Svizzeri del Palazzo<\/p>\n<div class=\"read-more\"><a class=\"btn read-more-btn\" href=\"https:\/\/neocatechumenaleiter.org\/it\/discorsi-dei-papi\/s-giovanni-paolo-ii\/udienza-privata-invio-di-trentasei-famiglie-per-la-nuova-evangelizzazione-27-xii-1987\/\">Leggi tutto<\/a><\/div>\n","protected":false},"author":2,"featured_media":0,"parent":3717,"menu_order":47,"comment_status":"closed","ping_status":"closed","template":"","meta":{"footnotes":""},"class_list":["post-5788","page","type-page","status-publish","hentry"],"_links":{"self":[{"href":"https:\/\/neocatechumenaleiter.org\/it\/wp-json\/wp\/v2\/pages\/5788","targetHints":{"allow":["GET"]}}],"collection":[{"href":"https:\/\/neocatechumenaleiter.org\/it\/wp-json\/wp\/v2\/pages"}],"about":[{"href":"https:\/\/neocatechumenaleiter.org\/it\/wp-json\/wp\/v2\/types\/page"}],"author":[{"embeddable":true,"href":"https:\/\/neocatechumenaleiter.org\/it\/wp-json\/wp\/v2\/users\/2"}],"replies":[{"embeddable":true,"href":"https:\/\/neocatechumenaleiter.org\/it\/wp-json\/wp\/v2\/comments?post=5788"}],"version-history":[{"count":9,"href":"https:\/\/neocatechumenaleiter.org\/it\/wp-json\/wp\/v2\/pages\/5788\/revisions"}],"predecessor-version":[{"id":14555,"href":"https:\/\/neocatechumenaleiter.org\/it\/wp-json\/wp\/v2\/pages\/5788\/revisions\/14555"}],"up":[{"embeddable":true,"href":"https:\/\/neocatechumenaleiter.org\/it\/wp-json\/wp\/v2\/pages\/3717"}],"wp:attachment":[{"href":"https:\/\/neocatechumenaleiter.org\/it\/wp-json\/wp\/v2\/media?parent=5788"}],"curies":[{"name":"wp","href":"https:\/\/api.w.org\/{rel}","templated":true}]}}